{"id":56118,"date":"2025-04-15T08:32:11","date_gmt":"2025-04-15T08:32:11","guid":{"rendered":"https:\/\/dk-fixiersysteme.de\/product\/uncategorized\/articulations-de-serrage-3d-turnstopline\/"},"modified":"2025-11-13T07:04:42","modified_gmt":"2025-11-13T07:04:42","slug":"articulations-de-serrage-3d-turnstopline","status":"publish","type":"product","link":"https:\/\/dk-fixiersysteme.de\/fr\/product\/dk\/systemes-de-fixation\/systemes-de-montage-pour-la-vision-industrielle-systemes-de-fixation\/elements-de-montage-systemes-de-montage-pour-la-vision-industrielle-systemes-de-fixation\/varioline-et-turnstopline-elements-de-montage-systemes-de-montage-pour-la-vision-industrielle-systemes-de-fixation\/articulations-de-serrage-3d-turnstopline\/","title":{"rendered":"Articulations de serrage 3D TurnStopLine"},"content":{"rendered":"<p>La gamme TurnStopLine se caract\u00e9rise par deux points forts techniques : le verrouillage positif de l\u2019articulation centrale \u00e0 l\u2019aide d\u2019une paire de rondelles \u00e0 pas fin et l\u2019\u00e9largissement logique de la sph\u00e8re de base de la grande articulation de serrage. Cette fixation parfaitement rigide est n\u00e9cessaire lorsque la salet\u00e9 ou les lubrifiants r\u00e9duisent l\u2019adh\u00e9rence dans l\u2019environnement de production. Les applications sp\u00e9ciales, telles que la fixation \u00e0 long terme d\u2019\u00e9l\u00e9ments de vision ou de capteurs ainsi que les applications de fixation de mesure exigeantes, requi\u00e8rent \u00e9galement cette technologie.<br \/>\n Nota : Rayon d\u2019action : toujours mesur\u00e9 de bille \u00e0 bille<\/p>\n","protected":false},"excerpt":{"rendered":"<p>La gamme TurnStopLine se caract\u00e9rise par deux points forts techniques : le verrouillage positif de l\u2019articulation centrale \u00e0 l\u2019aide d\u2019une paire de rondelles \u00e0 pas fin et l\u2019\u00e9largissement logique de la sph\u00e8re de base de la grande articulation de serrage. Cette fixation parfaitement rigide est n\u00e9cessaire lorsque la salet\u00e9 ou les lubrifiants r\u00e9duisent l\u2019adh\u00e9rence dans [&hellip;]<\/p>\n","protected":false},"featured_media":31982,"comment_status":"open","ping_status":"closed","template":"","meta":{"_acf_changed":false},"product_brand":[],"product_cat":[4578,4582,4586],"product_tag":[],"class_list":{"0":"post-56118","1":"product","2":"type-product","3":"status-publish","4":"has-post-thumbnail","6":"product_cat-elements-de-montage","7":"product_cat-varioline-et-turnstopline","8":"product_cat-varioline-et-turnstopline-elements-de-montage-systemes-de-montage-pour-la-vision-industrielle-systemes-de-fixation","10":"first","11":"instock","12":"taxable","13":"shipping-taxable","14":"purchasable","15":"product-type-variable"},"acf":[],"yoast_head":"<!-- This site is optimized with the Yoast SEO plugin v27.2 - https:\/\/yoast.com\/product\/yoast-seo-wordpress\/ -->\n<title>Articulations de serrage 3D TurnStopLine | dk Fixiersysteme<\/title>\n<meta name=\"description\" content=\"Articulations de serrage 3D TurnStopLine | pour le g\u00e9nie m\u00e9canique, la m\u00e9tallurgie et les applications industrielles. Qualit\u00e9 et fiabilit\u00e9 garanties par dk Fixiersysteme, votre partenaire expert.\" \/>\n<meta name=\"robots\" content=\"index, follow, max-snippet:-1, max-image-preview:large, max-video-preview:-1\" \/>\n<link rel=\"canonical\" href=\"https:\/\/dk-fixiersysteme.de\/fr\/product\/dk\/systemes-de-fixation\/systemes-de-montage-pour-la-vision-industrielle-systemes-de-fixation\/elements-de-montage-systemes-de-montage-pour-la-vision-industrielle-systemes-de-fixation\/varioline-et-turnstopline-elements-de-montage-systemes-de-montage-pour-la-vision-industrielle-systemes-de-fixation\/articulations-de-serrage-3d-turnstopline\/\" \/>\n<meta property=\"og:locale\" content=\"fr_FR\" \/>\n<meta property=\"og:type\" content=\"article\" \/>\n<meta property=\"og:title\" content=\"Articulations de serrage 3D TurnStopLine | dk Fixiersysteme\" \/>\n<meta property=\"og:description\" content=\"Articulations de serrage 3D TurnStopLine | pour le g\u00e9nie m\u00e9canique, la m\u00e9tallurgie et les applications industrielles. Qualit\u00e9 et fiabilit\u00e9 garanties par dk Fixiersysteme, votre partenaire expert.\" \/>\n<meta property=\"og:url\" content=\"https:\/\/dk-fixiersysteme.de\/fr\/product\/dk\/systemes-de-fixation\/systemes-de-montage-pour-la-vision-industrielle-systemes-de-fixation\/elements-de-montage-systemes-de-montage-pour-la-vision-industrielle-systemes-de-fixation\/varioline-et-turnstopline-elements-de-montage-systemes-de-montage-pour-la-vision-industrielle-systemes-de-fixation\/articulations-de-serrage-3d-turnstopline\/\" \/>\n<meta property=\"og:site_name\" content=\"dk Fixiersysteme\" \/>\n<meta property=\"article:modified_time\" content=\"2025-11-13T07:04:42+00:00\" \/>\n<meta property=\"og:image\" content=\"https:\/\/dk-fixiersysteme.de\/wp-content\/uploads\/2025\/04\/dk-34882-PP_3D-Spanngelenke_TurnStopLine.jpg\" \/>\n\t<meta property=\"og:image:width\" content=\"1068\" \/>\n\t<meta property=\"og:image:height\" content=\"1200\" \/>\n\t<meta property=\"og:image:type\" content=\"image\/jpeg\" \/>\n<meta name=\"twitter:card\" content=\"summary_large_image\" \/>\n<meta name=\"twitter:label1\" content=\"Dur\u00e9e de lecture estim\u00e9e\" \/>\n\t<meta name=\"twitter:data1\" content=\"1 minute\" \/>\n<script type=\"application\/ld+json\" class=\"yoast-schema-graph\">{\"@context\":\"https:\/\/schema.org\",\"@graph\":[{\"@type\":\"WebPage\",\"@id\":\"https:\/\/dk-fixiersysteme.de\/fr\/product\/dk\/systemes-de-fixation\/systemes-de-montage-pour-la-vision-industrielle-systemes-de-fixation\/elements-de-montage-systemes-de-montage-pour-la-vision-industrielle-systemes-de-fixation\/varioline-et-turnstopline-elements-de-montage-systemes-de-montage-pour-la-vision-industrielle-systemes-de-fixation\/articulations-de-serrage-3d-turnstopline\/\",\"url\":\"https:\/\/dk-fixiersysteme.de\/fr\/product\/dk\/systemes-de-fixation\/systemes-de-montage-pour-la-vision-industrielle-systemes-de-fixation\/elements-de-montage-systemes-de-montage-pour-la-vision-industrielle-systemes-de-fixation\/varioline-et-turnstopline-elements-de-montage-systemes-de-montage-pour-la-vision-industrielle-systemes-de-fixation\/articulations-de-serrage-3d-turnstopline\/\",\"name\":\"Articulations de serrage 3D TurnStopLine | dk Fixiersysteme\",\"isPartOf\":{\"@id\":\"https:\/\/dk-fixiersysteme.de\/fr\/#website\"},\"primaryImageOfPage\":{\"@id\":\"https:\/\/dk-fixiersysteme.de\/fr\/product\/dk\/systemes-de-fixation\/systemes-de-montage-pour-la-vision-industrielle-systemes-de-fixation\/elements-de-montage-systemes-de-montage-pour-la-vision-industrielle-systemes-de-fixation\/varioline-et-turnstopline-elements-de-montage-systemes-de-montage-pour-la-vision-industrielle-systemes-de-fixation\/articulations-de-serrage-3d-turnstopline\/#primaryimage\"},\"image\":{\"@id\":\"https:\/\/dk-fixiersysteme.de\/fr\/product\/dk\/systemes-de-fixation\/systemes-de-montage-pour-la-vision-industrielle-systemes-de-fixation\/elements-de-montage-systemes-de-montage-pour-la-vision-industrielle-systemes-de-fixation\/varioline-et-turnstopline-elements-de-montage-systemes-de-montage-pour-la-vision-industrielle-systemes-de-fixation\/articulations-de-serrage-3d-turnstopline\/#primaryimage\"},\"thumbnailUrl\":\"https:\/\/dk-fixiersysteme.de\/wp-content\/uploads\/2025\/04\/dk-34882-PP_3D-Spanngelenke_TurnStopLine.jpg\",\"datePublished\":\"2025-04-15T08:32:11+00:00\",\"dateModified\":\"2025-11-13T07:04:42+00:00\",\"description\":\"Articulations de serrage 3D TurnStopLine | pour le g\u00e9nie m\u00e9canique, la m\u00e9tallurgie et les applications industrielles. Qualit\u00e9 et fiabilit\u00e9 garanties par dk Fixiersysteme, votre partenaire expert.\",\"breadcrumb\":{\"@id\":\"https:\/\/dk-fixiersysteme.de\/fr\/product\/dk\/systemes-de-fixation\/systemes-de-montage-pour-la-vision-industrielle-systemes-de-fixation\/elements-de-montage-systemes-de-montage-pour-la-vision-industrielle-systemes-de-fixation\/varioline-et-turnstopline-elements-de-montage-systemes-de-montage-pour-la-vision-industrielle-systemes-de-fixation\/articulations-de-serrage-3d-turnstopline\/#breadcrumb\"},\"inLanguage\":\"fr-FR\",\"potentialAction\":[{\"@type\":\"ReadAction\",\"target\":[\"https:\/\/dk-fixiersysteme.de\/fr\/product\/dk\/systemes-de-fixation\/systemes-de-montage-pour-la-vision-industrielle-systemes-de-fixation\/elements-de-montage-systemes-de-montage-pour-la-vision-industrielle-systemes-de-fixation\/varioline-et-turnstopline-elements-de-montage-systemes-de-montage-pour-la-vision-industrielle-systemes-de-fixation\/articulations-de-serrage-3d-turnstopline\/\"]}]},{\"@type\":\"ImageObject\",\"inLanguage\":\"fr-FR\",\"@id\":\"https:\/\/dk-fixiersysteme.de\/fr\/product\/dk\/systemes-de-fixation\/systemes-de-montage-pour-la-vision-industrielle-systemes-de-fixation\/elements-de-montage-systemes-de-montage-pour-la-vision-industrielle-systemes-de-fixation\/varioline-et-turnstopline-elements-de-montage-systemes-de-montage-pour-la-vision-industrielle-systemes-de-fixation\/articulations-de-serrage-3d-turnstopline\/#primaryimage\",\"url\":\"https:\/\/dk-fixiersysteme.de\/wp-content\/uploads\/2025\/04\/dk-34882-PP_3D-Spanngelenke_TurnStopLine.jpg\",\"contentUrl\":\"https:\/\/dk-fixiersysteme.de\/wp-content\/uploads\/2025\/04\/dk-34882-PP_3D-Spanngelenke_TurnStopLine.jpg\",\"width\":1068,\"height\":1200},{\"@type\":\"BreadcrumbList\",\"@id\":\"https:\/\/dk-fixiersysteme.de\/fr\/product\/dk\/systemes-de-fixation\/systemes-de-montage-pour-la-vision-industrielle-systemes-de-fixation\/elements-de-montage-systemes-de-montage-pour-la-vision-industrielle-systemes-de-fixation\/varioline-et-turnstopline-elements-de-montage-systemes-de-montage-pour-la-vision-industrielle-systemes-de-fixation\/articulations-de-serrage-3d-turnstopline\/#breadcrumb\",\"itemListElement\":[{\"@type\":\"ListItem\",\"position\":1,\"name\":\"Boutique\",\"item\":\"https:\/\/dk-fixiersysteme.de\/fr\/boutique\/\"},{\"@type\":\"ListItem\",\"position\":2,\"name\":\"dk\",\"item\":\"https:\/\/dk-fixiersysteme.de\/fr\/produits\/dk\/\"},{\"@type\":\"ListItem\",\"position\":3,\"name\":\"Noix de serrage, supports de mesure, contr\u00f4le de la concentricit\u00e9\",\"item\":\"https:\/\/dk-fixiersysteme.de\/fr\/produits\/dk\/noix-de-serrage-supports-de-mesure-controle-de-la-concentricite\/\"},{\"@type\":\"ListItem\",\"position\":4,\"name\":\"Syst\u00e8mes de montage pour la vision industrielle\",\"item\":\"https:\/\/dk-fixiersysteme.de\/fr\/produits\/dk\/noix-de-serrage-supports-de-mesure-controle-de-la-concentricite\/systemes-de-montage-pour-la-vision-industrielle\/\"},{\"@type\":\"ListItem\",\"position\":5,\"name\":\"\u00c9l\u00e9ments de montage\",\"item\":\"https:\/\/dk-fixiersysteme.de\/fr\/produits\/dk\/noix-de-serrage-supports-de-mesure-controle-de-la-concentricite\/systemes-de-montage-pour-la-vision-industrielle\/elements-de-montage-systemes-de-montage-pour-la-vision-industrielle\/\"},{\"@type\":\"ListItem\",\"position\":6,\"name\":\"VarioLine et TurnStopLine\",\"item\":\"https:\/\/dk-fixiersysteme.de\/fr\/produits\/dk\/noix-de-serrage-supports-de-mesure-controle-de-la-concentricite\/systemes-de-montage-pour-la-vision-industrielle\/elements-de-montage-systemes-de-montage-pour-la-vision-industrielle\/varioline-et-turnstopline\/\"},{\"@type\":\"ListItem\",\"position\":7,\"name\":\"Articulations de serrage 3D TurnStopLine\"}]},{\"@type\":\"WebSite\",\"@id\":\"https:\/\/dk-fixiersysteme.de\/fr\/#website\",\"url\":\"https:\/\/dk-fixiersysteme.de\/fr\/\",\"name\":\"dk FIXIERSYSTEME\",\"description\":\"\",\"publisher\":{\"@id\":\"https:\/\/dk-fixiersysteme.de\/fr\/#organization\"},\"potentialAction\":[{\"@type\":\"SearchAction\",\"target\":{\"@type\":\"EntryPoint\",\"urlTemplate\":\"https:\/\/dk-fixiersysteme.de\/fr\/?s={search_term_string}\"},\"query-input\":{\"@type\":\"PropertyValueSpecification\",\"valueRequired\":true,\"valueName\":\"search_term_string\"}}],\"inLanguage\":\"fr-FR\"},{\"@type\":\"Organization\",\"@id\":\"https:\/\/dk-fixiersysteme.de\/fr\/#organization\",\"name\":\"dk Fixiersysteme\",\"url\":\"https:\/\/dk-fixiersysteme.de\/fr\/\",\"logo\":{\"@type\":\"ImageObject\",\"inLanguage\":\"fr-FR\",\"@id\":\"https:\/\/dk-fixiersysteme.de\/fr\/#\/schema\/logo\/image\/\",\"url\":\"https:\/\/dk-fixiersysteme.de\/wp-content\/uploads\/2024\/07\/dk-logo-kreis-blau.svg\",\"contentUrl\":\"https:\/\/dk-fixiersysteme.de\/wp-content\/uploads\/2024\/07\/dk-logo-kreis-blau.svg\",\"caption\":\"dk Fixiersysteme\"},\"image\":{\"@id\":\"https:\/\/dk-fixiersysteme.de\/fr\/#\/schema\/logo\/image\/\"}}]}<\/script>\n<!-- \/ Yoast SEO plugin. -->","yoast_head_json":{"title":"Articulations de serrage 3D TurnStopLine | dk Fixiersysteme","description":"Articulations de serrage 3D TurnStopLine | pour le g\u00e9nie m\u00e9canique, la m\u00e9tallurgie et les applications industrielles. Qualit\u00e9 et fiabilit\u00e9 garanties par dk Fixiersysteme, votre partenaire expert.","robots":{"index":"index","follow":"follow","max-snippet":"max-snippet:-1","max-image-preview":"max-image-preview:large","max-video-preview":"max-video-preview:-1"},"canonical":"https:\/\/dk-fixiersysteme.de\/fr\/product\/dk\/systemes-de-fixation\/systemes-de-montage-pour-la-vision-industrielle-systemes-de-fixation\/elements-de-montage-systemes-de-montage-pour-la-vision-industrielle-systemes-de-fixation\/varioline-et-turnstopline-elements-de-montage-systemes-de-montage-pour-la-vision-industrielle-systemes-de-fixation\/articulations-de-serrage-3d-turnstopline\/","og_locale":"fr_FR","og_type":"article","og_title":"Articulations de serrage 3D TurnStopLine | dk Fixiersysteme","og_description":"Articulations de serrage 3D TurnStopLine | pour le g\u00e9nie m\u00e9canique, la m\u00e9tallurgie et les applications industrielles. Qualit\u00e9 et fiabilit\u00e9 garanties par dk Fixiersysteme, votre partenaire expert.","og_url":"https:\/\/dk-fixiersysteme.de\/fr\/product\/dk\/systemes-de-fixation\/systemes-de-montage-pour-la-vision-industrielle-systemes-de-fixation\/elements-de-montage-systemes-de-montage-pour-la-vision-industrielle-systemes-de-fixation\/varioline-et-turnstopline-elements-de-montage-systemes-de-montage-pour-la-vision-industrielle-systemes-de-fixation\/articulations-de-serrage-3d-turnstopline\/","og_site_name":"dk Fixiersysteme","article_modified_time":"2025-11-13T07:04:42+00:00","og_image":[{"width":1068,"height":1200,"url":"https:\/\/dk-fixiersysteme.de\/wp-content\/uploads\/2025\/04\/dk-34882-PP_3D-Spanngelenke_TurnStopLine.jpg","type":"image\/jpeg"}],"twitter_card":"summary_large_image","twitter_misc":{"Dur\u00e9e de lecture estim\u00e9e":"1 minute"},"schema":{"@context":"https:\/\/schema.org","@graph":[{"@type":"WebPage","@id":"https:\/\/dk-fixiersysteme.de\/fr\/product\/dk\/systemes-de-fixation\/systemes-de-montage-pour-la-vision-industrielle-systemes-de-fixation\/elements-de-montage-systemes-de-montage-pour-la-vision-industrielle-systemes-de-fixation\/varioline-et-turnstopline-elements-de-montage-systemes-de-montage-pour-la-vision-industrielle-systemes-de-fixation\/articulations-de-serrage-3d-turnstopline\/","url":"https:\/\/dk-fixiersysteme.de\/fr\/product\/dk\/systemes-de-fixation\/systemes-de-montage-pour-la-vision-industrielle-systemes-de-fixation\/elements-de-montage-systemes-de-montage-pour-la-vision-industrielle-systemes-de-fixation\/varioline-et-turnstopline-elements-de-montage-systemes-de-montage-pour-la-vision-industrielle-systemes-de-fixation\/articulations-de-serrage-3d-turnstopline\/","name":"Articulations de serrage 3D TurnStopLine | dk Fixiersysteme","isPartOf":{"@id":"https:\/\/dk-fixiersysteme.de\/fr\/#website"},"primaryImageOfPage":{"@id":"https:\/\/dk-fixiersysteme.de\/fr\/product\/dk\/systemes-de-fixation\/systemes-de-montage-pour-la-vision-industrielle-systemes-de-fixation\/elements-de-montage-systemes-de-montage-pour-la-vision-industrielle-systemes-de-fixation\/varioline-et-turnstopline-elements-de-montage-systemes-de-montage-pour-la-vision-industrielle-systemes-de-fixation\/articulations-de-serrage-3d-turnstopline\/#primaryimage"},"image":{"@id":"https:\/\/dk-fixiersysteme.de\/fr\/product\/dk\/systemes-de-fixation\/systemes-de-montage-pour-la-vision-industrielle-systemes-de-fixation\/elements-de-montage-systemes-de-montage-pour-la-vision-industrielle-systemes-de-fixation\/varioline-et-turnstopline-elements-de-montage-systemes-de-montage-pour-la-vision-industrielle-systemes-de-fixation\/articulations-de-serrage-3d-turnstopline\/#primaryimage"},"thumbnailUrl":"https:\/\/dk-fixiersysteme.de\/wp-content\/uploads\/2025\/04\/dk-34882-PP_3D-Spanngelenke_TurnStopLine.jpg","datePublished":"2025-04-15T08:32:11+00:00","dateModified":"2025-11-13T07:04:42+00:00","description":"Articulations de serrage 3D TurnStopLine | pour le g\u00e9nie m\u00e9canique, la m\u00e9tallurgie et les applications industrielles. Qualit\u00e9 et fiabilit\u00e9 garanties par dk Fixiersysteme, votre partenaire expert.","breadcrumb":{"@id":"https:\/\/dk-fixiersysteme.de\/fr\/product\/dk\/systemes-de-fixation\/systemes-de-montage-pour-la-vision-industrielle-systemes-de-fixation\/elements-de-montage-systemes-de-montage-pour-la-vision-industrielle-systemes-de-fixation\/varioline-et-turnstopline-elements-de-montage-systemes-de-montage-pour-la-vision-industrielle-systemes-de-fixation\/articulations-de-serrage-3d-turnstopline\/#breadcrumb"},"inLanguage":"fr-FR","potentialAction":[{"@type":"ReadAction","target":["https:\/\/dk-fixiersysteme.de\/fr\/product\/dk\/systemes-de-fixation\/systemes-de-montage-pour-la-vision-industrielle-systemes-de-fixation\/elements-de-montage-systemes-de-montage-pour-la-vision-industrielle-systemes-de-fixation\/varioline-et-turnstopline-elements-de-montage-systemes-de-montage-pour-la-vision-industrielle-systemes-de-fixation\/articulations-de-serrage-3d-turnstopline\/"]}]},{"@type":"ImageObject","inLanguage":"fr-FR","@id":"https:\/\/dk-fixiersysteme.de\/fr\/product\/dk\/systemes-de-fixation\/systemes-de-montage-pour-la-vision-industrielle-systemes-de-fixation\/elements-de-montage-systemes-de-montage-pour-la-vision-industrielle-systemes-de-fixation\/varioline-et-turnstopline-elements-de-montage-systemes-de-montage-pour-la-vision-industrielle-systemes-de-fixation\/articulations-de-serrage-3d-turnstopline\/#primaryimage","url":"https:\/\/dk-fixiersysteme.de\/wp-content\/uploads\/2025\/04\/dk-34882-PP_3D-Spanngelenke_TurnStopLine.jpg","contentUrl":"https:\/\/dk-fixiersysteme.de\/wp-content\/uploads\/2025\/04\/dk-34882-PP_3D-Spanngelenke_TurnStopLine.jpg","width":1068,"height":1200},{"@type":"BreadcrumbList","@id":"https:\/\/dk-fixiersysteme.de\/fr\/product\/dk\/systemes-de-fixation\/systemes-de-montage-pour-la-vision-industrielle-systemes-de-fixation\/elements-de-montage-systemes-de-montage-pour-la-vision-industrielle-systemes-de-fixation\/varioline-et-turnstopline-elements-de-montage-systemes-de-montage-pour-la-vision-industrielle-systemes-de-fixation\/articulations-de-serrage-3d-turnstopline\/#breadcrumb","itemListElement":[{"@type":"ListItem","position":1,"name":"Boutique","item":"https:\/\/dk-fixiersysteme.de\/fr\/boutique\/"},{"@type":"ListItem","position":2,"name":"dk","item":"https:\/\/dk-fixiersysteme.de\/fr\/produits\/dk\/"},{"@type":"ListItem","position":3,"name":"Noix de serrage, supports de mesure, contr\u00f4le de la concentricit\u00e9","item":"https:\/\/dk-fixiersysteme.de\/fr\/produits\/dk\/noix-de-serrage-supports-de-mesure-controle-de-la-concentricite\/"},{"@type":"ListItem","position":4,"name":"Syst\u00e8mes de montage pour la vision industrielle","item":"https:\/\/dk-fixiersysteme.de\/fr\/produits\/dk\/noix-de-serrage-supports-de-mesure-controle-de-la-concentricite\/systemes-de-montage-pour-la-vision-industrielle\/"},{"@type":"ListItem","position":5,"name":"\u00c9l\u00e9ments de montage","item":"https:\/\/dk-fixiersysteme.de\/fr\/produits\/dk\/noix-de-serrage-supports-de-mesure-controle-de-la-concentricite\/systemes-de-montage-pour-la-vision-industrielle\/elements-de-montage-systemes-de-montage-pour-la-vision-industrielle\/"},{"@type":"ListItem","position":6,"name":"VarioLine et TurnStopLine","item":"https:\/\/dk-fixiersysteme.de\/fr\/produits\/dk\/noix-de-serrage-supports-de-mesure-controle-de-la-concentricite\/systemes-de-montage-pour-la-vision-industrielle\/elements-de-montage-systemes-de-montage-pour-la-vision-industrielle\/varioline-et-turnstopline\/"},{"@type":"ListItem","position":7,"name":"Articulations de serrage 3D TurnStopLine"}]},{"@type":"WebSite","@id":"https:\/\/dk-fixiersysteme.de\/fr\/#website","url":"https:\/\/dk-fixiersysteme.de\/fr\/","name":"dk FIXIERSYSTEME","description":"","publisher":{"@id":"https:\/\/dk-fixiersysteme.de\/fr\/#organization"},"potentialAction":[{"@type":"SearchAction","target":{"@type":"EntryPoint","urlTemplate":"https:\/\/dk-fixiersysteme.de\/fr\/?s={search_term_string}"},"query-input":{"@type":"PropertyValueSpecification","valueRequired":true,"valueName":"search_term_string"}}],"inLanguage":"fr-FR"},{"@type":"Organization","@id":"https:\/\/dk-fixiersysteme.de\/fr\/#organization","name":"dk Fixiersysteme","url":"https:\/\/dk-fixiersysteme.de\/fr\/","logo":{"@type":"ImageObject","inLanguage":"fr-FR","@id":"https:\/\/dk-fixiersysteme.de\/fr\/#\/schema\/logo\/image\/","url":"https:\/\/dk-fixiersysteme.de\/wp-content\/uploads\/2024\/07\/dk-logo-kreis-blau.svg","contentUrl":"https:\/\/dk-fixiersysteme.de\/wp-content\/uploads\/2024\/07\/dk-logo-kreis-blau.svg","caption":"dk Fixiersysteme"},"image":{"@id":"https:\/\/dk-fixiersysteme.de\/fr\/#\/schema\/logo\/image\/"}}]}},"_links":{"self":[{"href":"https:\/\/dk-fixiersysteme.de\/fr\/wp-json\/wp\/v2\/product\/56118","targetHints":{"allow":["GET"]}}],"collection":[{"href":"https:\/\/dk-fixiersysteme.de\/fr\/wp-json\/wp\/v2\/product"}],"about":[{"href":"https:\/\/dk-fixiersysteme.de\/fr\/wp-json\/wp\/v2\/types\/product"}],"replies":[{"embeddable":true,"href":"https:\/\/dk-fixiersysteme.de\/fr\/wp-json\/wp\/v2\/comments?post=56118"}],"version-history":[{"count":0,"href":"https:\/\/dk-fixiersysteme.de\/fr\/wp-json\/wp\/v2\/product\/56118\/revisions"}],"wp:featuredmedia":[{"embeddable":true,"href":"https:\/\/dk-fixiersysteme.de\/fr\/wp-json\/wp\/v2\/media\/31982"}],"wp:attachment":[{"href":"https:\/\/dk-fixiersysteme.de\/fr\/wp-json\/wp\/v2\/media?parent=56118"}],"wp:term":[{"taxonomy":"product_brand","embeddable":true,"href":"https:\/\/dk-fixiersysteme.de\/fr\/wp-json\/wp\/v2\/product_brand?post=56118"},{"taxonomy":"product_cat","embeddable":true,"href":"https:\/\/dk-fixiersysteme.de\/fr\/wp-json\/wp\/v2\/product_cat?post=56118"},{"taxonomy":"product_tag","embeddable":true,"href":"https:\/\/dk-fixiersysteme.de\/fr\/wp-json\/wp\/v2\/product_tag?post=56118"}],"curies":[{"name":"wp","href":"https:\/\/api.w.org\/{rel}","templated":true}]}}