{"id":56127,"date":"2025-04-15T08:32:15","date_gmt":"2025-04-15T08:32:15","guid":{"rendered":"https:\/\/dk-fixiersysteme.de\/product\/uncategorized\/trepieds-de-mesure-chromline\/"},"modified":"2025-11-13T07:04:55","modified_gmt":"2025-11-13T07:04:55","slug":"trepieds-de-mesure-chromline","status":"publish","type":"product","link":"https:\/\/dk-fixiersysteme.de\/fr\/product\/dk\/noix-de-serrage-supports-de-mesure-controle-de-la-concentricite\/supports-de-mesure-dk\/kits\/trepieds-de-mesure-chromline\/","title":{"rendered":"Tr\u00e9pieds de mesure ChromLine"},"content":{"rendered":"<p>Des articulations sph\u00e9riques massives et des bras en acier longs et robustes pour les applications avec des rayons d\u2019action particuli\u00e8rement importants viennent compl\u00e9ter la gamme dk des articulations de serrage 3D et \u00e9tablir un standard industriel \u00e9lev\u00e9. Qu\u2019ils soient utilis\u00e9s comme supports de comparateurs avec aimant de commutation extra fort ou qu\u2019ils soient \u00e9quip\u00e9s d\u2019autres pieds de montage et de porte-instruments ou porte-pi\u00e8ces pour les op\u00e9rations de positionnement les plus diverses, les produits de la gamme ChromLine assurent les t\u00e2ches de maintien de mani\u00e8re fiable, rapide et sans jeu avec une port\u00e9e extr\u00eamement \u00e9lev\u00e9e et une pr\u00e9contrainte r\u00e9glable individuellement.<br \/>\n Nota : Plage standard \u00ab F \u00bb : 1,4 mm\/tr pour les t\u00e2ches simples ; en 2 parties avec axePlage fine \u00ab FS \u00bb : 0,6 mm\/tr pour des mesures de 0,01 mm ; en 1 partie, donc sans jeu permanentPlage micro \u00ab MS \u00bb : 0,1 mm\/tr pour des mesures de 0,001 mm ; en 1 partie, donc sans jeu permanentRayon d\u2019action : de la bille au support de comparateur<\/p>\n","protected":false},"excerpt":{"rendered":"<p>Des articulations sph\u00e9riques massives et des bras en acier longs et robustes pour les applications avec des rayons d\u2019action particuli\u00e8rement importants viennent compl\u00e9ter la gamme dk des articulations de serrage 3D et \u00e9tablir un standard industriel \u00e9lev\u00e9. Qu\u2019ils soient utilis\u00e9s comme supports de comparateurs avec aimant de commutation extra fort ou qu\u2019ils soient \u00e9quip\u00e9s d\u2019autres [&hellip;]<\/p>\n","protected":false},"featured_media":40426,"comment_status":"open","ping_status":"closed","template":"","meta":{"_acf_changed":false},"product_brand":[],"product_cat":[4579],"product_tag":[],"class_list":{"0":"post-56127","1":"product","2":"type-product","3":"status-publish","4":"has-post-thumbnail","6":"product_cat-kits","8":"first","9":"instock","10":"taxable","11":"shipping-taxable","12":"purchasable","13":"product-type-variable"},"acf":[],"yoast_head":"<!-- This site is optimized with the Yoast SEO plugin v27.2 - https:\/\/yoast.com\/product\/yoast-seo-wordpress\/ -->\n<title>Tr\u00e9pieds de mesure ChromLine | dk Fixiersysteme<\/title>\n<meta name=\"description\" content=\"Tr\u00e9pieds de mesure ChromLine | pour le g\u00e9nie m\u00e9canique, la m\u00e9tallurgie et les applications industrielles. Qualit\u00e9 et fiabilit\u00e9 garanties par dk Fixiersysteme, votre partenaire expert.\" \/>\n<meta name=\"robots\" content=\"index, follow, max-snippet:-1, max-image-preview:large, max-video-preview:-1\" \/>\n<link rel=\"canonical\" href=\"https:\/\/dk-fixiersysteme.de\/fr\/product\/dk\/noix-de-serrage-supports-de-mesure-controle-de-la-concentricite\/supports-de-mesure-dk\/kits\/trepieds-de-mesure-chromline\/\" \/>\n<meta property=\"og:locale\" content=\"fr_FR\" \/>\n<meta property=\"og:type\" content=\"article\" \/>\n<meta property=\"og:title\" content=\"Tr\u00e9pieds de mesure ChromLine | dk Fixiersysteme\" \/>\n<meta property=\"og:description\" content=\"Tr\u00e9pieds de mesure ChromLine | pour le g\u00e9nie m\u00e9canique, la m\u00e9tallurgie et les applications industrielles. Qualit\u00e9 et fiabilit\u00e9 garanties par dk Fixiersysteme, votre partenaire expert.\" \/>\n<meta property=\"og:url\" content=\"https:\/\/dk-fixiersysteme.de\/fr\/product\/dk\/noix-de-serrage-supports-de-mesure-controle-de-la-concentricite\/supports-de-mesure-dk\/kits\/trepieds-de-mesure-chromline\/\" \/>\n<meta property=\"og:site_name\" content=\"dk Fixiersysteme\" \/>\n<meta property=\"article:modified_time\" content=\"2025-11-13T07:04:55+00:00\" \/>\n<meta property=\"og:image\" content=\"https:\/\/dk-fixiersysteme.de\/wp-content\/uploads\/2025\/09\/dk-34893-PP_Messstative_ChromLine.jpg\" \/>\n\t<meta property=\"og:image:width\" content=\"472\" \/>\n\t<meta property=\"og:image:height\" content=\"500\" \/>\n\t<meta property=\"og:image:type\" content=\"image\/jpeg\" \/>\n<meta name=\"twitter:card\" content=\"summary_large_image\" \/>\n<meta name=\"twitter:label1\" content=\"Dur\u00e9e de lecture estim\u00e9e\" \/>\n\t<meta name=\"twitter:data1\" content=\"1 minute\" \/>\n<script type=\"application\/ld+json\" class=\"yoast-schema-graph\">{\"@context\":\"https:\/\/schema.org\",\"@graph\":[{\"@type\":\"WebPage\",\"@id\":\"https:\/\/dk-fixiersysteme.de\/fr\/product\/dk\/noix-de-serrage-supports-de-mesure-controle-de-la-concentricite\/supports-de-mesure-dk\/kits\/trepieds-de-mesure-chromline\/\",\"url\":\"https:\/\/dk-fixiersysteme.de\/fr\/product\/dk\/noix-de-serrage-supports-de-mesure-controle-de-la-concentricite\/supports-de-mesure-dk\/kits\/trepieds-de-mesure-chromline\/\",\"name\":\"Tr\u00e9pieds de mesure ChromLine | dk Fixiersysteme\",\"isPartOf\":{\"@id\":\"https:\/\/dk-fixiersysteme.de\/fr\/#website\"},\"primaryImageOfPage\":{\"@id\":\"https:\/\/dk-fixiersysteme.de\/fr\/product\/dk\/noix-de-serrage-supports-de-mesure-controle-de-la-concentricite\/supports-de-mesure-dk\/kits\/trepieds-de-mesure-chromline\/#primaryimage\"},\"image\":{\"@id\":\"https:\/\/dk-fixiersysteme.de\/fr\/product\/dk\/noix-de-serrage-supports-de-mesure-controle-de-la-concentricite\/supports-de-mesure-dk\/kits\/trepieds-de-mesure-chromline\/#primaryimage\"},\"thumbnailUrl\":\"https:\/\/dk-fixiersysteme.de\/wp-content\/uploads\/2025\/09\/dk-34893-PP_Messstative_ChromLine.jpg\",\"datePublished\":\"2025-04-15T08:32:15+00:00\",\"dateModified\":\"2025-11-13T07:04:55+00:00\",\"description\":\"Tr\u00e9pieds de mesure ChromLine | pour le g\u00e9nie m\u00e9canique, la m\u00e9tallurgie et les applications industrielles. Qualit\u00e9 et fiabilit\u00e9 garanties par dk Fixiersysteme, votre partenaire expert.\",\"breadcrumb\":{\"@id\":\"https:\/\/dk-fixiersysteme.de\/fr\/product\/dk\/noix-de-serrage-supports-de-mesure-controle-de-la-concentricite\/supports-de-mesure-dk\/kits\/trepieds-de-mesure-chromline\/#breadcrumb\"},\"inLanguage\":\"fr-FR\",\"potentialAction\":[{\"@type\":\"ReadAction\",\"target\":[\"https:\/\/dk-fixiersysteme.de\/fr\/product\/dk\/noix-de-serrage-supports-de-mesure-controle-de-la-concentricite\/supports-de-mesure-dk\/kits\/trepieds-de-mesure-chromline\/\"]}]},{\"@type\":\"ImageObject\",\"inLanguage\":\"fr-FR\",\"@id\":\"https:\/\/dk-fixiersysteme.de\/fr\/product\/dk\/noix-de-serrage-supports-de-mesure-controle-de-la-concentricite\/supports-de-mesure-dk\/kits\/trepieds-de-mesure-chromline\/#primaryimage\",\"url\":\"https:\/\/dk-fixiersysteme.de\/wp-content\/uploads\/2025\/09\/dk-34893-PP_Messstative_ChromLine.jpg\",\"contentUrl\":\"https:\/\/dk-fixiersysteme.de\/wp-content\/uploads\/2025\/09\/dk-34893-PP_Messstative_ChromLine.jpg\",\"width\":472,\"height\":500},{\"@type\":\"BreadcrumbList\",\"@id\":\"https:\/\/dk-fixiersysteme.de\/fr\/product\/dk\/noix-de-serrage-supports-de-mesure-controle-de-la-concentricite\/supports-de-mesure-dk\/kits\/trepieds-de-mesure-chromline\/#breadcrumb\",\"itemListElement\":[{\"@type\":\"ListItem\",\"position\":1,\"name\":\"Boutique\",\"item\":\"https:\/\/dk-fixiersysteme.de\/fr\/boutique\/\"},{\"@type\":\"ListItem\",\"position\":2,\"name\":\"dk\",\"item\":\"https:\/\/dk-fixiersysteme.de\/fr\/produits\/dk\/\"},{\"@type\":\"ListItem\",\"position\":3,\"name\":\"Noix de serrage, supports de mesure, contr\u00f4le de la concentricit\u00e9\",\"item\":\"https:\/\/dk-fixiersysteme.de\/fr\/produits\/dk\/noix-de-serrage-supports-de-mesure-controle-de-la-concentricite\/\"},{\"@type\":\"ListItem\",\"position\":4,\"name\":\"Supports de mesure dk\",\"item\":\"https:\/\/dk-fixiersysteme.de\/fr\/produits\/dk\/noix-de-serrage-supports-de-mesure-controle-de-la-concentricite\/supports-de-mesure-dk\/\"},{\"@type\":\"ListItem\",\"position\":5,\"name\":\"Kits\",\"item\":\"https:\/\/dk-fixiersysteme.de\/fr\/produits\/dk\/noix-de-serrage-supports-de-mesure-controle-de-la-concentricite\/supports-de-mesure-dk\/kits\/\"},{\"@type\":\"ListItem\",\"position\":6,\"name\":\"Tr\u00e9pieds de mesure ChromLine\"}]},{\"@type\":\"WebSite\",\"@id\":\"https:\/\/dk-fixiersysteme.de\/fr\/#website\",\"url\":\"https:\/\/dk-fixiersysteme.de\/fr\/\",\"name\":\"dk FIXIERSYSTEME\",\"description\":\"\",\"publisher\":{\"@id\":\"https:\/\/dk-fixiersysteme.de\/fr\/#organization\"},\"potentialAction\":[{\"@type\":\"SearchAction\",\"target\":{\"@type\":\"EntryPoint\",\"urlTemplate\":\"https:\/\/dk-fixiersysteme.de\/fr\/?s={search_term_string}\"},\"query-input\":{\"@type\":\"PropertyValueSpecification\",\"valueRequired\":true,\"valueName\":\"search_term_string\"}}],\"inLanguage\":\"fr-FR\"},{\"@type\":\"Organization\",\"@id\":\"https:\/\/dk-fixiersysteme.de\/fr\/#organization\",\"name\":\"dk Fixiersysteme\",\"url\":\"https:\/\/dk-fixiersysteme.de\/fr\/\",\"logo\":{\"@type\":\"ImageObject\",\"inLanguage\":\"fr-FR\",\"@id\":\"https:\/\/dk-fixiersysteme.de\/fr\/#\/schema\/logo\/image\/\",\"url\":\"https:\/\/dk-fixiersysteme.de\/wp-content\/uploads\/2024\/07\/dk-logo-kreis-blau.svg\",\"contentUrl\":\"https:\/\/dk-fixiersysteme.de\/wp-content\/uploads\/2024\/07\/dk-logo-kreis-blau.svg\",\"caption\":\"dk Fixiersysteme\"},\"image\":{\"@id\":\"https:\/\/dk-fixiersysteme.de\/fr\/#\/schema\/logo\/image\/\"}}]}<\/script>\n<!-- \/ Yoast SEO plugin. -->","yoast_head_json":{"title":"Tr\u00e9pieds de mesure ChromLine | dk Fixiersysteme","description":"Tr\u00e9pieds de mesure ChromLine | pour le g\u00e9nie m\u00e9canique, la m\u00e9tallurgie et les applications industrielles. Qualit\u00e9 et fiabilit\u00e9 garanties par dk Fixiersysteme, votre partenaire expert.","robots":{"index":"index","follow":"follow","max-snippet":"max-snippet:-1","max-image-preview":"max-image-preview:large","max-video-preview":"max-video-preview:-1"},"canonical":"https:\/\/dk-fixiersysteme.de\/fr\/product\/dk\/noix-de-serrage-supports-de-mesure-controle-de-la-concentricite\/supports-de-mesure-dk\/kits\/trepieds-de-mesure-chromline\/","og_locale":"fr_FR","og_type":"article","og_title":"Tr\u00e9pieds de mesure ChromLine | dk Fixiersysteme","og_description":"Tr\u00e9pieds de mesure ChromLine | pour le g\u00e9nie m\u00e9canique, la m\u00e9tallurgie et les applications industrielles. Qualit\u00e9 et fiabilit\u00e9 garanties par dk Fixiersysteme, votre partenaire expert.","og_url":"https:\/\/dk-fixiersysteme.de\/fr\/product\/dk\/noix-de-serrage-supports-de-mesure-controle-de-la-concentricite\/supports-de-mesure-dk\/kits\/trepieds-de-mesure-chromline\/","og_site_name":"dk Fixiersysteme","article_modified_time":"2025-11-13T07:04:55+00:00","og_image":[{"width":472,"height":500,"url":"https:\/\/dk-fixiersysteme.de\/wp-content\/uploads\/2025\/09\/dk-34893-PP_Messstative_ChromLine.jpg","type":"image\/jpeg"}],"twitter_card":"summary_large_image","twitter_misc":{"Dur\u00e9e de lecture estim\u00e9e":"1 minute"},"schema":{"@context":"https:\/\/schema.org","@graph":[{"@type":"WebPage","@id":"https:\/\/dk-fixiersysteme.de\/fr\/product\/dk\/noix-de-serrage-supports-de-mesure-controle-de-la-concentricite\/supports-de-mesure-dk\/kits\/trepieds-de-mesure-chromline\/","url":"https:\/\/dk-fixiersysteme.de\/fr\/product\/dk\/noix-de-serrage-supports-de-mesure-controle-de-la-concentricite\/supports-de-mesure-dk\/kits\/trepieds-de-mesure-chromline\/","name":"Tr\u00e9pieds de mesure ChromLine | dk Fixiersysteme","isPartOf":{"@id":"https:\/\/dk-fixiersysteme.de\/fr\/#website"},"primaryImageOfPage":{"@id":"https:\/\/dk-fixiersysteme.de\/fr\/product\/dk\/noix-de-serrage-supports-de-mesure-controle-de-la-concentricite\/supports-de-mesure-dk\/kits\/trepieds-de-mesure-chromline\/#primaryimage"},"image":{"@id":"https:\/\/dk-fixiersysteme.de\/fr\/product\/dk\/noix-de-serrage-supports-de-mesure-controle-de-la-concentricite\/supports-de-mesure-dk\/kits\/trepieds-de-mesure-chromline\/#primaryimage"},"thumbnailUrl":"https:\/\/dk-fixiersysteme.de\/wp-content\/uploads\/2025\/09\/dk-34893-PP_Messstative_ChromLine.jpg","datePublished":"2025-04-15T08:32:15+00:00","dateModified":"2025-11-13T07:04:55+00:00","description":"Tr\u00e9pieds de mesure ChromLine | pour le g\u00e9nie m\u00e9canique, la m\u00e9tallurgie et les applications industrielles. Qualit\u00e9 et fiabilit\u00e9 garanties par dk Fixiersysteme, votre partenaire expert.","breadcrumb":{"@id":"https:\/\/dk-fixiersysteme.de\/fr\/product\/dk\/noix-de-serrage-supports-de-mesure-controle-de-la-concentricite\/supports-de-mesure-dk\/kits\/trepieds-de-mesure-chromline\/#breadcrumb"},"inLanguage":"fr-FR","potentialAction":[{"@type":"ReadAction","target":["https:\/\/dk-fixiersysteme.de\/fr\/product\/dk\/noix-de-serrage-supports-de-mesure-controle-de-la-concentricite\/supports-de-mesure-dk\/kits\/trepieds-de-mesure-chromline\/"]}]},{"@type":"ImageObject","inLanguage":"fr-FR","@id":"https:\/\/dk-fixiersysteme.de\/fr\/product\/dk\/noix-de-serrage-supports-de-mesure-controle-de-la-concentricite\/supports-de-mesure-dk\/kits\/trepieds-de-mesure-chromline\/#primaryimage","url":"https:\/\/dk-fixiersysteme.de\/wp-content\/uploads\/2025\/09\/dk-34893-PP_Messstative_ChromLine.jpg","contentUrl":"https:\/\/dk-fixiersysteme.de\/wp-content\/uploads\/2025\/09\/dk-34893-PP_Messstative_ChromLine.jpg","width":472,"height":500},{"@type":"BreadcrumbList","@id":"https:\/\/dk-fixiersysteme.de\/fr\/product\/dk\/noix-de-serrage-supports-de-mesure-controle-de-la-concentricite\/supports-de-mesure-dk\/kits\/trepieds-de-mesure-chromline\/#breadcrumb","itemListElement":[{"@type":"ListItem","position":1,"name":"Boutique","item":"https:\/\/dk-fixiersysteme.de\/fr\/boutique\/"},{"@type":"ListItem","position":2,"name":"dk","item":"https:\/\/dk-fixiersysteme.de\/fr\/produits\/dk\/"},{"@type":"ListItem","position":3,"name":"Noix de serrage, supports de mesure, contr\u00f4le de la concentricit\u00e9","item":"https:\/\/dk-fixiersysteme.de\/fr\/produits\/dk\/noix-de-serrage-supports-de-mesure-controle-de-la-concentricite\/"},{"@type":"ListItem","position":4,"name":"Supports de mesure dk","item":"https:\/\/dk-fixiersysteme.de\/fr\/produits\/dk\/noix-de-serrage-supports-de-mesure-controle-de-la-concentricite\/supports-de-mesure-dk\/"},{"@type":"ListItem","position":5,"name":"Kits","item":"https:\/\/dk-fixiersysteme.de\/fr\/produits\/dk\/noix-de-serrage-supports-de-mesure-controle-de-la-concentricite\/supports-de-mesure-dk\/kits\/"},{"@type":"ListItem","position":6,"name":"Tr\u00e9pieds de mesure ChromLine"}]},{"@type":"WebSite","@id":"https:\/\/dk-fixiersysteme.de\/fr\/#website","url":"https:\/\/dk-fixiersysteme.de\/fr\/","name":"dk FIXIERSYSTEME","description":"","publisher":{"@id":"https:\/\/dk-fixiersysteme.de\/fr\/#organization"},"potentialAction":[{"@type":"SearchAction","target":{"@type":"EntryPoint","urlTemplate":"https:\/\/dk-fixiersysteme.de\/fr\/?s={search_term_string}"},"query-input":{"@type":"PropertyValueSpecification","valueRequired":true,"valueName":"search_term_string"}}],"inLanguage":"fr-FR"},{"@type":"Organization","@id":"https:\/\/dk-fixiersysteme.de\/fr\/#organization","name":"dk Fixiersysteme","url":"https:\/\/dk-fixiersysteme.de\/fr\/","logo":{"@type":"ImageObject","inLanguage":"fr-FR","@id":"https:\/\/dk-fixiersysteme.de\/fr\/#\/schema\/logo\/image\/","url":"https:\/\/dk-fixiersysteme.de\/wp-content\/uploads\/2024\/07\/dk-logo-kreis-blau.svg","contentUrl":"https:\/\/dk-fixiersysteme.de\/wp-content\/uploads\/2024\/07\/dk-logo-kreis-blau.svg","caption":"dk Fixiersysteme"},"image":{"@id":"https:\/\/dk-fixiersysteme.de\/fr\/#\/schema\/logo\/image\/"}}]}},"_links":{"self":[{"href":"https:\/\/dk-fixiersysteme.de\/fr\/wp-json\/wp\/v2\/product\/56127","targetHints":{"allow":["GET"]}}],"collection":[{"href":"https:\/\/dk-fixiersysteme.de\/fr\/wp-json\/wp\/v2\/product"}],"about":[{"href":"https:\/\/dk-fixiersysteme.de\/fr\/wp-json\/wp\/v2\/types\/product"}],"replies":[{"embeddable":true,"href":"https:\/\/dk-fixiersysteme.de\/fr\/wp-json\/wp\/v2\/comments?post=56127"}],"version-history":[{"count":0,"href":"https:\/\/dk-fixiersysteme.de\/fr\/wp-json\/wp\/v2\/product\/56127\/revisions"}],"wp:featuredmedia":[{"embeddable":true,"href":"https:\/\/dk-fixiersysteme.de\/fr\/wp-json\/wp\/v2\/media\/40426"}],"wp:attachment":[{"href":"https:\/\/dk-fixiersysteme.de\/fr\/wp-json\/wp\/v2\/media?parent=56127"}],"wp:term":[{"taxonomy":"product_brand","embeddable":true,"href":"https:\/\/dk-fixiersysteme.de\/fr\/wp-json\/wp\/v2\/product_brand?post=56127"},{"taxonomy":"product_cat","embeddable":true,"href":"https:\/\/dk-fixiersysteme.de\/fr\/wp-json\/wp\/v2\/product_cat?post=56127"},{"taxonomy":"product_tag","embeddable":true,"href":"https:\/\/dk-fixiersysteme.de\/fr\/wp-json\/wp\/v2\/product_tag?post=56127"}],"curies":[{"name":"wp","href":"https:\/\/api.w.org\/{rel}","templated":true}]}}