{"id":56138,"date":"2025-04-15T08:32:20","date_gmt":"2025-04-15T08:32:20","guid":{"rendered":"https:\/\/dk-fixiersysteme.de\/product\/uncategorized\/adaptateurs-filetes\/"},"modified":"2025-11-13T07:08:01","modified_gmt":"2025-11-13T07:08:01","slug":"adaptateurs-filetes","status":"publish","type":"product","link":"https:\/\/dk-fixiersysteme.de\/fr\/product\/dk\/noix-de-serrage-supports-de-mesure-controle-de-la-concentricite\/supports-de-mesure-dk\/elements-de-bridage\/adaptateurs-filetes-en-haut\/adaptateurs-filetes\/","title":{"rendered":"Adaptateurs filet\u00e9s"},"content":{"rendered":"<p>Adaptateur filet\u00e9 permettant de relier diff\u00e9rentes tailles de filetage, par exemple des colonnes rondes, des colonnes hexagonales, des noix de serrage, des supports, etc.<br \/>\n Mati\u00e8re : inox<\/p>\n","protected":false},"excerpt":{"rendered":"<p>Adaptateur filet\u00e9 permettant de relier diff\u00e9rentes tailles de filetage, par exemple des colonnes rondes, des colonnes hexagonales, des noix de serrage, des supports, etc. Mati\u00e8re : inox<\/p>\n","protected":false},"featured_media":32886,"comment_status":"open","ping_status":"closed","template":"","meta":{"_acf_changed":false},"product_brand":[],"product_cat":[4605,4612,4601,4599],"product_tag":[],"class_list":{"0":"post-56138","1":"product","2":"type-product","3":"status-publish","4":"has-post-thumbnail","6":"product_cat-fixation-des-articulations-fonctionnelles-par-le-bas","7":"product_cat-adaptateurs-filetes-en-haut","8":"product_cat-elements-de-montage-spannfix-eco-systemes-de-fixation","9":"product_cat-elements-de-montage-spannfix-pro-systemes-de-fixation","11":"first","12":"instock","13":"taxable","14":"shipping-taxable","15":"purchasable","16":"product-type-variable"},"acf":[],"yoast_head":"<!-- This site is optimized with the Yoast SEO plugin v27.2 - https:\/\/yoast.com\/product\/yoast-seo-wordpress\/ -->\n<title>Adaptateurs filet\u00e9s | dk Fixiersysteme<\/title>\n<meta name=\"description\" content=\"Adaptateurs filet\u00e9s | pour le g\u00e9nie m\u00e9canique, la m\u00e9tallurgie et les applications industrielles. Qualit\u00e9 et fiabilit\u00e9 garanties par dk Fixiersysteme, votre partenaire expert.\" \/>\n<meta name=\"robots\" content=\"index, follow, max-snippet:-1, max-image-preview:large, max-video-preview:-1\" \/>\n<link rel=\"canonical\" href=\"https:\/\/dk-fixiersysteme.de\/fr\/product\/dk\/noix-de-serrage-supports-de-mesure-controle-de-la-concentricite\/supports-de-mesure-dk\/elements-de-bridage\/adaptateurs-filetes-en-haut\/adaptateurs-filetes\/\" \/>\n<meta property=\"og:locale\" content=\"fr_FR\" \/>\n<meta property=\"og:type\" content=\"article\" \/>\n<meta property=\"og:title\" content=\"Adaptateurs filet\u00e9s | dk Fixiersysteme\" \/>\n<meta property=\"og:description\" content=\"Adaptateurs filet\u00e9s | pour le g\u00e9nie m\u00e9canique, la m\u00e9tallurgie et les applications industrielles. Qualit\u00e9 et fiabilit\u00e9 garanties par dk Fixiersysteme, votre partenaire expert.\" \/>\n<meta property=\"og:url\" content=\"https:\/\/dk-fixiersysteme.de\/fr\/product\/dk\/noix-de-serrage-supports-de-mesure-controle-de-la-concentricite\/supports-de-mesure-dk\/elements-de-bridage\/adaptateurs-filetes-en-haut\/adaptateurs-filetes\/\" \/>\n<meta property=\"og:site_name\" content=\"dk Fixiersysteme\" \/>\n<meta property=\"article:modified_time\" content=\"2025-11-13T07:08:01+00:00\" \/>\n<meta property=\"og:image\" content=\"https:\/\/dk-fixiersysteme.de\/wp-content\/uploads\/2025\/04\/DK-297800.jpg\" \/>\n\t<meta property=\"og:image:width\" content=\"1200\" \/>\n\t<meta property=\"og:image:height\" content=\"800\" \/>\n\t<meta property=\"og:image:type\" content=\"image\/jpeg\" \/>\n<meta name=\"twitter:card\" content=\"summary_large_image\" \/>\n<script type=\"application\/ld+json\" class=\"yoast-schema-graph\">{\"@context\":\"https:\/\/schema.org\",\"@graph\":[{\"@type\":\"WebPage\",\"@id\":\"https:\/\/dk-fixiersysteme.de\/fr\/product\/dk\/noix-de-serrage-supports-de-mesure-controle-de-la-concentricite\/supports-de-mesure-dk\/elements-de-bridage\/adaptateurs-filetes-en-haut\/adaptateurs-filetes\/\",\"url\":\"https:\/\/dk-fixiersysteme.de\/fr\/product\/dk\/noix-de-serrage-supports-de-mesure-controle-de-la-concentricite\/supports-de-mesure-dk\/elements-de-bridage\/adaptateurs-filetes-en-haut\/adaptateurs-filetes\/\",\"name\":\"Adaptateurs filet\u00e9s | dk Fixiersysteme\",\"isPartOf\":{\"@id\":\"https:\/\/dk-fixiersysteme.de\/fr\/#website\"},\"primaryImageOfPage\":{\"@id\":\"https:\/\/dk-fixiersysteme.de\/fr\/product\/dk\/noix-de-serrage-supports-de-mesure-controle-de-la-concentricite\/supports-de-mesure-dk\/elements-de-bridage\/adaptateurs-filetes-en-haut\/adaptateurs-filetes\/#primaryimage\"},\"image\":{\"@id\":\"https:\/\/dk-fixiersysteme.de\/fr\/product\/dk\/noix-de-serrage-supports-de-mesure-controle-de-la-concentricite\/supports-de-mesure-dk\/elements-de-bridage\/adaptateurs-filetes-en-haut\/adaptateurs-filetes\/#primaryimage\"},\"thumbnailUrl\":\"https:\/\/dk-fixiersysteme.de\/wp-content\/uploads\/2025\/04\/DK-297800.jpg\",\"datePublished\":\"2025-04-15T08:32:20+00:00\",\"dateModified\":\"2025-11-13T07:08:01+00:00\",\"description\":\"Adaptateurs filet\u00e9s | pour le g\u00e9nie m\u00e9canique, la m\u00e9tallurgie et les applications industrielles. Qualit\u00e9 et fiabilit\u00e9 garanties par dk Fixiersysteme, votre partenaire expert.\",\"breadcrumb\":{\"@id\":\"https:\/\/dk-fixiersysteme.de\/fr\/product\/dk\/noix-de-serrage-supports-de-mesure-controle-de-la-concentricite\/supports-de-mesure-dk\/elements-de-bridage\/adaptateurs-filetes-en-haut\/adaptateurs-filetes\/#breadcrumb\"},\"inLanguage\":\"fr-FR\",\"potentialAction\":[{\"@type\":\"ReadAction\",\"target\":[\"https:\/\/dk-fixiersysteme.de\/fr\/product\/dk\/noix-de-serrage-supports-de-mesure-controle-de-la-concentricite\/supports-de-mesure-dk\/elements-de-bridage\/adaptateurs-filetes-en-haut\/adaptateurs-filetes\/\"]}]},{\"@type\":\"ImageObject\",\"inLanguage\":\"fr-FR\",\"@id\":\"https:\/\/dk-fixiersysteme.de\/fr\/product\/dk\/noix-de-serrage-supports-de-mesure-controle-de-la-concentricite\/supports-de-mesure-dk\/elements-de-bridage\/adaptateurs-filetes-en-haut\/adaptateurs-filetes\/#primaryimage\",\"url\":\"https:\/\/dk-fixiersysteme.de\/wp-content\/uploads\/2025\/04\/DK-297800.jpg\",\"contentUrl\":\"https:\/\/dk-fixiersysteme.de\/wp-content\/uploads\/2025\/04\/DK-297800.jpg\",\"width\":1200,\"height\":800},{\"@type\":\"BreadcrumbList\",\"@id\":\"https:\/\/dk-fixiersysteme.de\/fr\/product\/dk\/noix-de-serrage-supports-de-mesure-controle-de-la-concentricite\/supports-de-mesure-dk\/elements-de-bridage\/adaptateurs-filetes-en-haut\/adaptateurs-filetes\/#breadcrumb\",\"itemListElement\":[{\"@type\":\"ListItem\",\"position\":1,\"name\":\"Boutique\",\"item\":\"https:\/\/dk-fixiersysteme.de\/fr\/boutique\/\"},{\"@type\":\"ListItem\",\"position\":2,\"name\":\"dk\",\"item\":\"https:\/\/dk-fixiersysteme.de\/fr\/produits\/dk\/\"},{\"@type\":\"ListItem\",\"position\":3,\"name\":\"Syst\u00e8mes de fixation\",\"item\":\"https:\/\/dk-fixiersysteme.de\/fr\/produits\/dk\/systemes-de-fixation\/\"},{\"@type\":\"ListItem\",\"position\":4,\"name\":\"SPANNFIX ECO\",\"item\":\"https:\/\/dk-fixiersysteme.de\/fr\/produits\/dk\/systemes-de-fixation\/spannfix-eco-systemes-de-fixation\/\"},{\"@type\":\"ListItem\",\"position\":5,\"name\":\"\u00c9l\u00e9ments de montage\",\"item\":\"https:\/\/dk-fixiersysteme.de\/fr\/produits\/dk\/systemes-de-fixation\/spannfix-eco-systemes-de-fixation\/elements-de-montage-spannfix-eco-systemes-de-fixation\/\"},{\"@type\":\"ListItem\",\"position\":6,\"name\":\"Adaptateurs filet\u00e9s\"}]},{\"@type\":\"WebSite\",\"@id\":\"https:\/\/dk-fixiersysteme.de\/fr\/#website\",\"url\":\"https:\/\/dk-fixiersysteme.de\/fr\/\",\"name\":\"dk FIXIERSYSTEME\",\"description\":\"\",\"publisher\":{\"@id\":\"https:\/\/dk-fixiersysteme.de\/fr\/#organization\"},\"potentialAction\":[{\"@type\":\"SearchAction\",\"target\":{\"@type\":\"EntryPoint\",\"urlTemplate\":\"https:\/\/dk-fixiersysteme.de\/fr\/?s={search_term_string}\"},\"query-input\":{\"@type\":\"PropertyValueSpecification\",\"valueRequired\":true,\"valueName\":\"search_term_string\"}}],\"inLanguage\":\"fr-FR\"},{\"@type\":\"Organization\",\"@id\":\"https:\/\/dk-fixiersysteme.de\/fr\/#organization\",\"name\":\"dk Fixiersysteme\",\"url\":\"https:\/\/dk-fixiersysteme.de\/fr\/\",\"logo\":{\"@type\":\"ImageObject\",\"inLanguage\":\"fr-FR\",\"@id\":\"https:\/\/dk-fixiersysteme.de\/fr\/#\/schema\/logo\/image\/\",\"url\":\"https:\/\/dk-fixiersysteme.de\/wp-content\/uploads\/2024\/07\/dk-logo-kreis-blau.svg\",\"contentUrl\":\"https:\/\/dk-fixiersysteme.de\/wp-content\/uploads\/2024\/07\/dk-logo-kreis-blau.svg\",\"caption\":\"dk Fixiersysteme\"},\"image\":{\"@id\":\"https:\/\/dk-fixiersysteme.de\/fr\/#\/schema\/logo\/image\/\"}}]}<\/script>\n<!-- \/ Yoast SEO plugin. -->","yoast_head_json":{"title":"Adaptateurs filet\u00e9s | dk Fixiersysteme","description":"Adaptateurs filet\u00e9s | pour le g\u00e9nie m\u00e9canique, la m\u00e9tallurgie et les applications industrielles. Qualit\u00e9 et fiabilit\u00e9 garanties par dk Fixiersysteme, votre partenaire expert.","robots":{"index":"index","follow":"follow","max-snippet":"max-snippet:-1","max-image-preview":"max-image-preview:large","max-video-preview":"max-video-preview:-1"},"canonical":"https:\/\/dk-fixiersysteme.de\/fr\/product\/dk\/noix-de-serrage-supports-de-mesure-controle-de-la-concentricite\/supports-de-mesure-dk\/elements-de-bridage\/adaptateurs-filetes-en-haut\/adaptateurs-filetes\/","og_locale":"fr_FR","og_type":"article","og_title":"Adaptateurs filet\u00e9s | dk Fixiersysteme","og_description":"Adaptateurs filet\u00e9s | pour le g\u00e9nie m\u00e9canique, la m\u00e9tallurgie et les applications industrielles. Qualit\u00e9 et fiabilit\u00e9 garanties par dk Fixiersysteme, votre partenaire expert.","og_url":"https:\/\/dk-fixiersysteme.de\/fr\/product\/dk\/noix-de-serrage-supports-de-mesure-controle-de-la-concentricite\/supports-de-mesure-dk\/elements-de-bridage\/adaptateurs-filetes-en-haut\/adaptateurs-filetes\/","og_site_name":"dk Fixiersysteme","article_modified_time":"2025-11-13T07:08:01+00:00","og_image":[{"width":1200,"height":800,"url":"https:\/\/dk-fixiersysteme.de\/wp-content\/uploads\/2025\/04\/DK-297800.jpg","type":"image\/jpeg"}],"twitter_card":"summary_large_image","schema":{"@context":"https:\/\/schema.org","@graph":[{"@type":"WebPage","@id":"https:\/\/dk-fixiersysteme.de\/fr\/product\/dk\/noix-de-serrage-supports-de-mesure-controle-de-la-concentricite\/supports-de-mesure-dk\/elements-de-bridage\/adaptateurs-filetes-en-haut\/adaptateurs-filetes\/","url":"https:\/\/dk-fixiersysteme.de\/fr\/product\/dk\/noix-de-serrage-supports-de-mesure-controle-de-la-concentricite\/supports-de-mesure-dk\/elements-de-bridage\/adaptateurs-filetes-en-haut\/adaptateurs-filetes\/","name":"Adaptateurs filet\u00e9s | dk Fixiersysteme","isPartOf":{"@id":"https:\/\/dk-fixiersysteme.de\/fr\/#website"},"primaryImageOfPage":{"@id":"https:\/\/dk-fixiersysteme.de\/fr\/product\/dk\/noix-de-serrage-supports-de-mesure-controle-de-la-concentricite\/supports-de-mesure-dk\/elements-de-bridage\/adaptateurs-filetes-en-haut\/adaptateurs-filetes\/#primaryimage"},"image":{"@id":"https:\/\/dk-fixiersysteme.de\/fr\/product\/dk\/noix-de-serrage-supports-de-mesure-controle-de-la-concentricite\/supports-de-mesure-dk\/elements-de-bridage\/adaptateurs-filetes-en-haut\/adaptateurs-filetes\/#primaryimage"},"thumbnailUrl":"https:\/\/dk-fixiersysteme.de\/wp-content\/uploads\/2025\/04\/DK-297800.jpg","datePublished":"2025-04-15T08:32:20+00:00","dateModified":"2025-11-13T07:08:01+00:00","description":"Adaptateurs filet\u00e9s | pour le g\u00e9nie m\u00e9canique, la m\u00e9tallurgie et les applications industrielles. Qualit\u00e9 et fiabilit\u00e9 garanties par dk Fixiersysteme, votre partenaire expert.","breadcrumb":{"@id":"https:\/\/dk-fixiersysteme.de\/fr\/product\/dk\/noix-de-serrage-supports-de-mesure-controle-de-la-concentricite\/supports-de-mesure-dk\/elements-de-bridage\/adaptateurs-filetes-en-haut\/adaptateurs-filetes\/#breadcrumb"},"inLanguage":"fr-FR","potentialAction":[{"@type":"ReadAction","target":["https:\/\/dk-fixiersysteme.de\/fr\/product\/dk\/noix-de-serrage-supports-de-mesure-controle-de-la-concentricite\/supports-de-mesure-dk\/elements-de-bridage\/adaptateurs-filetes-en-haut\/adaptateurs-filetes\/"]}]},{"@type":"ImageObject","inLanguage":"fr-FR","@id":"https:\/\/dk-fixiersysteme.de\/fr\/product\/dk\/noix-de-serrage-supports-de-mesure-controle-de-la-concentricite\/supports-de-mesure-dk\/elements-de-bridage\/adaptateurs-filetes-en-haut\/adaptateurs-filetes\/#primaryimage","url":"https:\/\/dk-fixiersysteme.de\/wp-content\/uploads\/2025\/04\/DK-297800.jpg","contentUrl":"https:\/\/dk-fixiersysteme.de\/wp-content\/uploads\/2025\/04\/DK-297800.jpg","width":1200,"height":800},{"@type":"BreadcrumbList","@id":"https:\/\/dk-fixiersysteme.de\/fr\/product\/dk\/noix-de-serrage-supports-de-mesure-controle-de-la-concentricite\/supports-de-mesure-dk\/elements-de-bridage\/adaptateurs-filetes-en-haut\/adaptateurs-filetes\/#breadcrumb","itemListElement":[{"@type":"ListItem","position":1,"name":"Boutique","item":"https:\/\/dk-fixiersysteme.de\/fr\/boutique\/"},{"@type":"ListItem","position":2,"name":"dk","item":"https:\/\/dk-fixiersysteme.de\/fr\/produits\/dk\/"},{"@type":"ListItem","position":3,"name":"Syst\u00e8mes de fixation","item":"https:\/\/dk-fixiersysteme.de\/fr\/produits\/dk\/systemes-de-fixation\/"},{"@type":"ListItem","position":4,"name":"SPANNFIX ECO","item":"https:\/\/dk-fixiersysteme.de\/fr\/produits\/dk\/systemes-de-fixation\/spannfix-eco-systemes-de-fixation\/"},{"@type":"ListItem","position":5,"name":"\u00c9l\u00e9ments de montage","item":"https:\/\/dk-fixiersysteme.de\/fr\/produits\/dk\/systemes-de-fixation\/spannfix-eco-systemes-de-fixation\/elements-de-montage-spannfix-eco-systemes-de-fixation\/"},{"@type":"ListItem","position":6,"name":"Adaptateurs filet\u00e9s"}]},{"@type":"WebSite","@id":"https:\/\/dk-fixiersysteme.de\/fr\/#website","url":"https:\/\/dk-fixiersysteme.de\/fr\/","name":"dk FIXIERSYSTEME","description":"","publisher":{"@id":"https:\/\/dk-fixiersysteme.de\/fr\/#organization"},"potentialAction":[{"@type":"SearchAction","target":{"@type":"EntryPoint","urlTemplate":"https:\/\/dk-fixiersysteme.de\/fr\/?s={search_term_string}"},"query-input":{"@type":"PropertyValueSpecification","valueRequired":true,"valueName":"search_term_string"}}],"inLanguage":"fr-FR"},{"@type":"Organization","@id":"https:\/\/dk-fixiersysteme.de\/fr\/#organization","name":"dk Fixiersysteme","url":"https:\/\/dk-fixiersysteme.de\/fr\/","logo":{"@type":"ImageObject","inLanguage":"fr-FR","@id":"https:\/\/dk-fixiersysteme.de\/fr\/#\/schema\/logo\/image\/","url":"https:\/\/dk-fixiersysteme.de\/wp-content\/uploads\/2024\/07\/dk-logo-kreis-blau.svg","contentUrl":"https:\/\/dk-fixiersysteme.de\/wp-content\/uploads\/2024\/07\/dk-logo-kreis-blau.svg","caption":"dk Fixiersysteme"},"image":{"@id":"https:\/\/dk-fixiersysteme.de\/fr\/#\/schema\/logo\/image\/"}}]}},"_links":{"self":[{"href":"https:\/\/dk-fixiersysteme.de\/fr\/wp-json\/wp\/v2\/product\/56138","targetHints":{"allow":["GET"]}}],"collection":[{"href":"https:\/\/dk-fixiersysteme.de\/fr\/wp-json\/wp\/v2\/product"}],"about":[{"href":"https:\/\/dk-fixiersysteme.de\/fr\/wp-json\/wp\/v2\/types\/product"}],"replies":[{"embeddable":true,"href":"https:\/\/dk-fixiersysteme.de\/fr\/wp-json\/wp\/v2\/comments?post=56138"}],"version-history":[{"count":0,"href":"https:\/\/dk-fixiersysteme.de\/fr\/wp-json\/wp\/v2\/product\/56138\/revisions"}],"wp:featuredmedia":[{"embeddable":true,"href":"https:\/\/dk-fixiersysteme.de\/fr\/wp-json\/wp\/v2\/media\/32886"}],"wp:attachment":[{"href":"https:\/\/dk-fixiersysteme.de\/fr\/wp-json\/wp\/v2\/media?parent=56138"}],"wp:term":[{"taxonomy":"product_brand","embeddable":true,"href":"https:\/\/dk-fixiersysteme.de\/fr\/wp-json\/wp\/v2\/product_brand?post=56138"},{"taxonomy":"product_cat","embeddable":true,"href":"https:\/\/dk-fixiersysteme.de\/fr\/wp-json\/wp\/v2\/product_cat?post=56138"},{"taxonomy":"product_tag","embeddable":true,"href":"https:\/\/dk-fixiersysteme.de\/fr\/wp-json\/wp\/v2\/product_tag?post=56138"}],"curies":[{"name":"wp","href":"https:\/\/api.w.org\/{rel}","templated":true}]}}