{"id":56142,"date":"2025-04-15T08:32:22","date_gmt":"2025-04-15T08:32:22","guid":{"rendered":"https:\/\/dk-fixiersysteme.de\/product\/uncategorized\/rallonge-moduline-ml-20-50\/"},"modified":"2025-11-13T07:05:10","modified_gmt":"2025-11-13T07:05:10","slug":"rallonge-moduline-ml-20-50","status":"publish","type":"product","link":"https:\/\/dk-fixiersysteme.de\/fr\/product\/dk\/systemes-de-fixation\/systemes-de-montage-pour-la-vision-industrielle-systemes-de-fixation\/elements-de-montage-systemes-de-montage-pour-la-vision-industrielle-systemes-de-fixation\/moduline-elements-de-montage-systemes-de-montage-pour-la-vision-industrielle-systemes-de-fixation\/rallonge-moduline-ml-20-50\/","title":{"rendered":"Rallonge ModuLine ML 20-50"},"content":{"rendered":"<p>Rallonge de \u00d8 25\u00b0mm et de longueur 50\u00b0mm. \u00c0 visser sur l\u2019articulation sph\u00e9rique 20\u00b0mm, l\u2019articulation sph\u00e9rique 40\u00b0mm ou l\u2019articulation rotative de la gamme ModuLine. Possibilit\u00e9 de monter autant de rallonges que souhait\u00e9 les unes sur les autres\u00b0; avec taraudage pour le vissage de la t\u00eate sph\u00e9rique, du coussinet sph\u00e9rique et de la t\u00eate fonctionnelle. Peut \u00e9galement \u00eatre mont\u00e9e \u00e0 partir de la t\u00eate fonctionnelle pour permettre des configurations ramifi\u00e9es\u00b0; vis incluses<\/p>\n","protected":false},"excerpt":{"rendered":"<p>Rallonge de \u00d8 25\u00b0mm et de longueur 50\u00b0mm. \u00c0 visser sur l\u2019articulation sph\u00e9rique 20\u00b0mm, l\u2019articulation sph\u00e9rique 40\u00b0mm ou l\u2019articulation rotative de la gamme ModuLine. Possibilit\u00e9 de monter autant de rallonges que souhait\u00e9 les unes sur les autres\u00b0; avec taraudage pour le vissage de la t\u00eate sph\u00e9rique, du coussinet sph\u00e9rique et de la t\u00eate fonctionnelle. Peut [&hellip;]<\/p>\n","protected":false},"featured_media":22234,"comment_status":"open","ping_status":"closed","template":"","meta":{"_acf_changed":false},"product_brand":[],"product_cat":[4592,4593],"product_tag":[],"class_list":{"0":"post-56142","1":"product","2":"type-product","3":"status-publish","4":"has-post-thumbnail","6":"product_cat-moduline-elements-de-montage-systemes-de-montage-pour-la-vision-industrielle","7":"product_cat-moduline-elements-de-montage-systemes-de-montage-pour-la-vision-industrielle-systemes-de-fixation","9":"first","10":"instock","11":"taxable","12":"shipping-taxable","13":"purchasable","14":"product-type-variable"},"acf":[],"yoast_head":"<!-- This site is optimized with the Yoast SEO plugin v27.2 - https:\/\/yoast.com\/product\/yoast-seo-wordpress\/ -->\n<title>Rallonge ModuLine ML 20-50 | dk Fixiersysteme<\/title>\n<meta name=\"description\" content=\"Rallonge ModuLine ML 20-50 | pour le g\u00e9nie m\u00e9canique, la m\u00e9tallurgie et les applications industrielles. Qualit\u00e9 et fiabilit\u00e9 garanties par dk Fixiersysteme, votre partenaire expert.\" \/>\n<meta name=\"robots\" content=\"index, follow, max-snippet:-1, max-image-preview:large, max-video-preview:-1\" \/>\n<link rel=\"canonical\" href=\"https:\/\/dk-fixiersysteme.de\/fr\/product\/dk\/systemes-de-fixation\/systemes-de-montage-pour-la-vision-industrielle-systemes-de-fixation\/elements-de-montage-systemes-de-montage-pour-la-vision-industrielle-systemes-de-fixation\/moduline-elements-de-montage-systemes-de-montage-pour-la-vision-industrielle-systemes-de-fixation\/rallonge-moduline-ml-20-50\/\" \/>\n<meta property=\"og:locale\" content=\"fr_FR\" \/>\n<meta property=\"og:type\" content=\"article\" \/>\n<meta property=\"og:title\" content=\"Rallonge ModuLine ML 20-50 | dk Fixiersysteme\" \/>\n<meta property=\"og:description\" content=\"Rallonge ModuLine ML 20-50 | pour le g\u00e9nie m\u00e9canique, la m\u00e9tallurgie et les applications industrielles. Qualit\u00e9 et fiabilit\u00e9 garanties par dk Fixiersysteme, votre partenaire expert.\" \/>\n<meta property=\"og:url\" content=\"https:\/\/dk-fixiersysteme.de\/fr\/product\/dk\/systemes-de-fixation\/systemes-de-montage-pour-la-vision-industrielle-systemes-de-fixation\/elements-de-montage-systemes-de-montage-pour-la-vision-industrielle-systemes-de-fixation\/moduline-elements-de-montage-systemes-de-montage-pour-la-vision-industrielle-systemes-de-fixation\/rallonge-moduline-ml-20-50\/\" \/>\n<meta property=\"og:site_name\" content=\"dk Fixiersysteme\" \/>\n<meta property=\"article:modified_time\" content=\"2025-11-13T07:05:10+00:00\" \/>\n<meta property=\"og:image\" content=\"https:\/\/dk-fixiersysteme.de\/wp-content\/uploads\/2025\/03\/245800.jpg\" \/>\n\t<meta property=\"og:image:width\" content=\"500\" \/>\n\t<meta property=\"og:image:height\" content=\"333\" \/>\n\t<meta property=\"og:image:type\" content=\"image\/jpeg\" \/>\n<meta name=\"twitter:card\" content=\"summary_large_image\" \/>\n<script type=\"application\/ld+json\" class=\"yoast-schema-graph\">{\"@context\":\"https:\/\/schema.org\",\"@graph\":[{\"@type\":\"WebPage\",\"@id\":\"https:\/\/dk-fixiersysteme.de\/fr\/product\/dk\/systemes-de-fixation\/systemes-de-montage-pour-la-vision-industrielle-systemes-de-fixation\/elements-de-montage-systemes-de-montage-pour-la-vision-industrielle-systemes-de-fixation\/moduline-elements-de-montage-systemes-de-montage-pour-la-vision-industrielle-systemes-de-fixation\/rallonge-moduline-ml-20-50\/\",\"url\":\"https:\/\/dk-fixiersysteme.de\/fr\/product\/dk\/systemes-de-fixation\/systemes-de-montage-pour-la-vision-industrielle-systemes-de-fixation\/elements-de-montage-systemes-de-montage-pour-la-vision-industrielle-systemes-de-fixation\/moduline-elements-de-montage-systemes-de-montage-pour-la-vision-industrielle-systemes-de-fixation\/rallonge-moduline-ml-20-50\/\",\"name\":\"Rallonge ModuLine ML 20-50 | dk Fixiersysteme\",\"isPartOf\":{\"@id\":\"https:\/\/dk-fixiersysteme.de\/fr\/#website\"},\"primaryImageOfPage\":{\"@id\":\"https:\/\/dk-fixiersysteme.de\/fr\/product\/dk\/systemes-de-fixation\/systemes-de-montage-pour-la-vision-industrielle-systemes-de-fixation\/elements-de-montage-systemes-de-montage-pour-la-vision-industrielle-systemes-de-fixation\/moduline-elements-de-montage-systemes-de-montage-pour-la-vision-industrielle-systemes-de-fixation\/rallonge-moduline-ml-20-50\/#primaryimage\"},\"image\":{\"@id\":\"https:\/\/dk-fixiersysteme.de\/fr\/product\/dk\/systemes-de-fixation\/systemes-de-montage-pour-la-vision-industrielle-systemes-de-fixation\/elements-de-montage-systemes-de-montage-pour-la-vision-industrielle-systemes-de-fixation\/moduline-elements-de-montage-systemes-de-montage-pour-la-vision-industrielle-systemes-de-fixation\/rallonge-moduline-ml-20-50\/#primaryimage\"},\"thumbnailUrl\":\"https:\/\/dk-fixiersysteme.de\/wp-content\/uploads\/2025\/03\/245800.jpg\",\"datePublished\":\"2025-04-15T08:32:22+00:00\",\"dateModified\":\"2025-11-13T07:05:10+00:00\",\"description\":\"Rallonge ModuLine ML 20-50 | pour le g\u00e9nie m\u00e9canique, la m\u00e9tallurgie et les applications industrielles. Qualit\u00e9 et fiabilit\u00e9 garanties par dk Fixiersysteme, votre partenaire expert.\",\"breadcrumb\":{\"@id\":\"https:\/\/dk-fixiersysteme.de\/fr\/product\/dk\/systemes-de-fixation\/systemes-de-montage-pour-la-vision-industrielle-systemes-de-fixation\/elements-de-montage-systemes-de-montage-pour-la-vision-industrielle-systemes-de-fixation\/moduline-elements-de-montage-systemes-de-montage-pour-la-vision-industrielle-systemes-de-fixation\/rallonge-moduline-ml-20-50\/#breadcrumb\"},\"inLanguage\":\"fr-FR\",\"potentialAction\":[{\"@type\":\"ReadAction\",\"target\":[\"https:\/\/dk-fixiersysteme.de\/fr\/product\/dk\/systemes-de-fixation\/systemes-de-montage-pour-la-vision-industrielle-systemes-de-fixation\/elements-de-montage-systemes-de-montage-pour-la-vision-industrielle-systemes-de-fixation\/moduline-elements-de-montage-systemes-de-montage-pour-la-vision-industrielle-systemes-de-fixation\/rallonge-moduline-ml-20-50\/\"]}]},{\"@type\":\"ImageObject\",\"inLanguage\":\"fr-FR\",\"@id\":\"https:\/\/dk-fixiersysteme.de\/fr\/product\/dk\/systemes-de-fixation\/systemes-de-montage-pour-la-vision-industrielle-systemes-de-fixation\/elements-de-montage-systemes-de-montage-pour-la-vision-industrielle-systemes-de-fixation\/moduline-elements-de-montage-systemes-de-montage-pour-la-vision-industrielle-systemes-de-fixation\/rallonge-moduline-ml-20-50\/#primaryimage\",\"url\":\"https:\/\/dk-fixiersysteme.de\/wp-content\/uploads\/2025\/03\/245800.jpg\",\"contentUrl\":\"https:\/\/dk-fixiersysteme.de\/wp-content\/uploads\/2025\/03\/245800.jpg\",\"width\":500,\"height\":333},{\"@type\":\"BreadcrumbList\",\"@id\":\"https:\/\/dk-fixiersysteme.de\/fr\/product\/dk\/systemes-de-fixation\/systemes-de-montage-pour-la-vision-industrielle-systemes-de-fixation\/elements-de-montage-systemes-de-montage-pour-la-vision-industrielle-systemes-de-fixation\/moduline-elements-de-montage-systemes-de-montage-pour-la-vision-industrielle-systemes-de-fixation\/rallonge-moduline-ml-20-50\/#breadcrumb\",\"itemListElement\":[{\"@type\":\"ListItem\",\"position\":1,\"name\":\"Boutique\",\"item\":\"https:\/\/dk-fixiersysteme.de\/fr\/boutique\/\"},{\"@type\":\"ListItem\",\"position\":2,\"name\":\"dk\",\"item\":\"https:\/\/dk-fixiersysteme.de\/fr\/produits\/dk\/\"},{\"@type\":\"ListItem\",\"position\":3,\"name\":\"Noix de serrage, supports de mesure, contr\u00f4le de la concentricit\u00e9\",\"item\":\"https:\/\/dk-fixiersysteme.de\/fr\/produits\/dk\/noix-de-serrage-supports-de-mesure-controle-de-la-concentricite\/\"},{\"@type\":\"ListItem\",\"position\":4,\"name\":\"Syst\u00e8mes de montage pour la vision industrielle\",\"item\":\"https:\/\/dk-fixiersysteme.de\/fr\/produits\/dk\/noix-de-serrage-supports-de-mesure-controle-de-la-concentricite\/systemes-de-montage-pour-la-vision-industrielle\/\"},{\"@type\":\"ListItem\",\"position\":5,\"name\":\"\u00c9l\u00e9ments de montage\",\"item\":\"https:\/\/dk-fixiersysteme.de\/fr\/produits\/dk\/noix-de-serrage-supports-de-mesure-controle-de-la-concentricite\/systemes-de-montage-pour-la-vision-industrielle\/elements-de-montage-systemes-de-montage-pour-la-vision-industrielle\/\"},{\"@type\":\"ListItem\",\"position\":6,\"name\":\"ModuLine\",\"item\":\"https:\/\/dk-fixiersysteme.de\/fr\/produits\/dk\/noix-de-serrage-supports-de-mesure-controle-de-la-concentricite\/systemes-de-montage-pour-la-vision-industrielle\/elements-de-montage-systemes-de-montage-pour-la-vision-industrielle\/moduline-elements-de-montage-systemes-de-montage-pour-la-vision-industrielle\/\"},{\"@type\":\"ListItem\",\"position\":7,\"name\":\"Rallonge ModuLine ML 20-50\"}]},{\"@type\":\"WebSite\",\"@id\":\"https:\/\/dk-fixiersysteme.de\/fr\/#website\",\"url\":\"https:\/\/dk-fixiersysteme.de\/fr\/\",\"name\":\"dk FIXIERSYSTEME\",\"description\":\"\",\"publisher\":{\"@id\":\"https:\/\/dk-fixiersysteme.de\/fr\/#organization\"},\"potentialAction\":[{\"@type\":\"SearchAction\",\"target\":{\"@type\":\"EntryPoint\",\"urlTemplate\":\"https:\/\/dk-fixiersysteme.de\/fr\/?s={search_term_string}\"},\"query-input\":{\"@type\":\"PropertyValueSpecification\",\"valueRequired\":true,\"valueName\":\"search_term_string\"}}],\"inLanguage\":\"fr-FR\"},{\"@type\":\"Organization\",\"@id\":\"https:\/\/dk-fixiersysteme.de\/fr\/#organization\",\"name\":\"dk Fixiersysteme\",\"url\":\"https:\/\/dk-fixiersysteme.de\/fr\/\",\"logo\":{\"@type\":\"ImageObject\",\"inLanguage\":\"fr-FR\",\"@id\":\"https:\/\/dk-fixiersysteme.de\/fr\/#\/schema\/logo\/image\/\",\"url\":\"https:\/\/dk-fixiersysteme.de\/wp-content\/uploads\/2024\/07\/dk-logo-kreis-blau.svg\",\"contentUrl\":\"https:\/\/dk-fixiersysteme.de\/wp-content\/uploads\/2024\/07\/dk-logo-kreis-blau.svg\",\"caption\":\"dk Fixiersysteme\"},\"image\":{\"@id\":\"https:\/\/dk-fixiersysteme.de\/fr\/#\/schema\/logo\/image\/\"}}]}<\/script>\n<!-- \/ Yoast SEO plugin. -->","yoast_head_json":{"title":"Rallonge ModuLine ML 20-50 | dk Fixiersysteme","description":"Rallonge ModuLine ML 20-50 | pour le g\u00e9nie m\u00e9canique, la m\u00e9tallurgie et les applications industrielles. Qualit\u00e9 et fiabilit\u00e9 garanties par dk Fixiersysteme, votre partenaire expert.","robots":{"index":"index","follow":"follow","max-snippet":"max-snippet:-1","max-image-preview":"max-image-preview:large","max-video-preview":"max-video-preview:-1"},"canonical":"https:\/\/dk-fixiersysteme.de\/fr\/product\/dk\/systemes-de-fixation\/systemes-de-montage-pour-la-vision-industrielle-systemes-de-fixation\/elements-de-montage-systemes-de-montage-pour-la-vision-industrielle-systemes-de-fixation\/moduline-elements-de-montage-systemes-de-montage-pour-la-vision-industrielle-systemes-de-fixation\/rallonge-moduline-ml-20-50\/","og_locale":"fr_FR","og_type":"article","og_title":"Rallonge ModuLine ML 20-50 | dk Fixiersysteme","og_description":"Rallonge ModuLine ML 20-50 | pour le g\u00e9nie m\u00e9canique, la m\u00e9tallurgie et les applications industrielles. Qualit\u00e9 et fiabilit\u00e9 garanties par dk Fixiersysteme, votre partenaire expert.","og_url":"https:\/\/dk-fixiersysteme.de\/fr\/product\/dk\/systemes-de-fixation\/systemes-de-montage-pour-la-vision-industrielle-systemes-de-fixation\/elements-de-montage-systemes-de-montage-pour-la-vision-industrielle-systemes-de-fixation\/moduline-elements-de-montage-systemes-de-montage-pour-la-vision-industrielle-systemes-de-fixation\/rallonge-moduline-ml-20-50\/","og_site_name":"dk Fixiersysteme","article_modified_time":"2025-11-13T07:05:10+00:00","og_image":[{"width":500,"height":333,"url":"https:\/\/dk-fixiersysteme.de\/wp-content\/uploads\/2025\/03\/245800.jpg","type":"image\/jpeg"}],"twitter_card":"summary_large_image","schema":{"@context":"https:\/\/schema.org","@graph":[{"@type":"WebPage","@id":"https:\/\/dk-fixiersysteme.de\/fr\/product\/dk\/systemes-de-fixation\/systemes-de-montage-pour-la-vision-industrielle-systemes-de-fixation\/elements-de-montage-systemes-de-montage-pour-la-vision-industrielle-systemes-de-fixation\/moduline-elements-de-montage-systemes-de-montage-pour-la-vision-industrielle-systemes-de-fixation\/rallonge-moduline-ml-20-50\/","url":"https:\/\/dk-fixiersysteme.de\/fr\/product\/dk\/systemes-de-fixation\/systemes-de-montage-pour-la-vision-industrielle-systemes-de-fixation\/elements-de-montage-systemes-de-montage-pour-la-vision-industrielle-systemes-de-fixation\/moduline-elements-de-montage-systemes-de-montage-pour-la-vision-industrielle-systemes-de-fixation\/rallonge-moduline-ml-20-50\/","name":"Rallonge ModuLine ML 20-50 | dk Fixiersysteme","isPartOf":{"@id":"https:\/\/dk-fixiersysteme.de\/fr\/#website"},"primaryImageOfPage":{"@id":"https:\/\/dk-fixiersysteme.de\/fr\/product\/dk\/systemes-de-fixation\/systemes-de-montage-pour-la-vision-industrielle-systemes-de-fixation\/elements-de-montage-systemes-de-montage-pour-la-vision-industrielle-systemes-de-fixation\/moduline-elements-de-montage-systemes-de-montage-pour-la-vision-industrielle-systemes-de-fixation\/rallonge-moduline-ml-20-50\/#primaryimage"},"image":{"@id":"https:\/\/dk-fixiersysteme.de\/fr\/product\/dk\/systemes-de-fixation\/systemes-de-montage-pour-la-vision-industrielle-systemes-de-fixation\/elements-de-montage-systemes-de-montage-pour-la-vision-industrielle-systemes-de-fixation\/moduline-elements-de-montage-systemes-de-montage-pour-la-vision-industrielle-systemes-de-fixation\/rallonge-moduline-ml-20-50\/#primaryimage"},"thumbnailUrl":"https:\/\/dk-fixiersysteme.de\/wp-content\/uploads\/2025\/03\/245800.jpg","datePublished":"2025-04-15T08:32:22+00:00","dateModified":"2025-11-13T07:05:10+00:00","description":"Rallonge ModuLine ML 20-50 | pour le g\u00e9nie m\u00e9canique, la m\u00e9tallurgie et les applications industrielles. Qualit\u00e9 et fiabilit\u00e9 garanties par dk Fixiersysteme, votre partenaire expert.","breadcrumb":{"@id":"https:\/\/dk-fixiersysteme.de\/fr\/product\/dk\/systemes-de-fixation\/systemes-de-montage-pour-la-vision-industrielle-systemes-de-fixation\/elements-de-montage-systemes-de-montage-pour-la-vision-industrielle-systemes-de-fixation\/moduline-elements-de-montage-systemes-de-montage-pour-la-vision-industrielle-systemes-de-fixation\/rallonge-moduline-ml-20-50\/#breadcrumb"},"inLanguage":"fr-FR","potentialAction":[{"@type":"ReadAction","target":["https:\/\/dk-fixiersysteme.de\/fr\/product\/dk\/systemes-de-fixation\/systemes-de-montage-pour-la-vision-industrielle-systemes-de-fixation\/elements-de-montage-systemes-de-montage-pour-la-vision-industrielle-systemes-de-fixation\/moduline-elements-de-montage-systemes-de-montage-pour-la-vision-industrielle-systemes-de-fixation\/rallonge-moduline-ml-20-50\/"]}]},{"@type":"ImageObject","inLanguage":"fr-FR","@id":"https:\/\/dk-fixiersysteme.de\/fr\/product\/dk\/systemes-de-fixation\/systemes-de-montage-pour-la-vision-industrielle-systemes-de-fixation\/elements-de-montage-systemes-de-montage-pour-la-vision-industrielle-systemes-de-fixation\/moduline-elements-de-montage-systemes-de-montage-pour-la-vision-industrielle-systemes-de-fixation\/rallonge-moduline-ml-20-50\/#primaryimage","url":"https:\/\/dk-fixiersysteme.de\/wp-content\/uploads\/2025\/03\/245800.jpg","contentUrl":"https:\/\/dk-fixiersysteme.de\/wp-content\/uploads\/2025\/03\/245800.jpg","width":500,"height":333},{"@type":"BreadcrumbList","@id":"https:\/\/dk-fixiersysteme.de\/fr\/product\/dk\/systemes-de-fixation\/systemes-de-montage-pour-la-vision-industrielle-systemes-de-fixation\/elements-de-montage-systemes-de-montage-pour-la-vision-industrielle-systemes-de-fixation\/moduline-elements-de-montage-systemes-de-montage-pour-la-vision-industrielle-systemes-de-fixation\/rallonge-moduline-ml-20-50\/#breadcrumb","itemListElement":[{"@type":"ListItem","position":1,"name":"Boutique","item":"https:\/\/dk-fixiersysteme.de\/fr\/boutique\/"},{"@type":"ListItem","position":2,"name":"dk","item":"https:\/\/dk-fixiersysteme.de\/fr\/produits\/dk\/"},{"@type":"ListItem","position":3,"name":"Noix de serrage, supports de mesure, contr\u00f4le de la concentricit\u00e9","item":"https:\/\/dk-fixiersysteme.de\/fr\/produits\/dk\/noix-de-serrage-supports-de-mesure-controle-de-la-concentricite\/"},{"@type":"ListItem","position":4,"name":"Syst\u00e8mes de montage pour la vision industrielle","item":"https:\/\/dk-fixiersysteme.de\/fr\/produits\/dk\/noix-de-serrage-supports-de-mesure-controle-de-la-concentricite\/systemes-de-montage-pour-la-vision-industrielle\/"},{"@type":"ListItem","position":5,"name":"\u00c9l\u00e9ments de montage","item":"https:\/\/dk-fixiersysteme.de\/fr\/produits\/dk\/noix-de-serrage-supports-de-mesure-controle-de-la-concentricite\/systemes-de-montage-pour-la-vision-industrielle\/elements-de-montage-systemes-de-montage-pour-la-vision-industrielle\/"},{"@type":"ListItem","position":6,"name":"ModuLine","item":"https:\/\/dk-fixiersysteme.de\/fr\/produits\/dk\/noix-de-serrage-supports-de-mesure-controle-de-la-concentricite\/systemes-de-montage-pour-la-vision-industrielle\/elements-de-montage-systemes-de-montage-pour-la-vision-industrielle\/moduline-elements-de-montage-systemes-de-montage-pour-la-vision-industrielle\/"},{"@type":"ListItem","position":7,"name":"Rallonge ModuLine ML 20-50"}]},{"@type":"WebSite","@id":"https:\/\/dk-fixiersysteme.de\/fr\/#website","url":"https:\/\/dk-fixiersysteme.de\/fr\/","name":"dk FIXIERSYSTEME","description":"","publisher":{"@id":"https:\/\/dk-fixiersysteme.de\/fr\/#organization"},"potentialAction":[{"@type":"SearchAction","target":{"@type":"EntryPoint","urlTemplate":"https:\/\/dk-fixiersysteme.de\/fr\/?s={search_term_string}"},"query-input":{"@type":"PropertyValueSpecification","valueRequired":true,"valueName":"search_term_string"}}],"inLanguage":"fr-FR"},{"@type":"Organization","@id":"https:\/\/dk-fixiersysteme.de\/fr\/#organization","name":"dk Fixiersysteme","url":"https:\/\/dk-fixiersysteme.de\/fr\/","logo":{"@type":"ImageObject","inLanguage":"fr-FR","@id":"https:\/\/dk-fixiersysteme.de\/fr\/#\/schema\/logo\/image\/","url":"https:\/\/dk-fixiersysteme.de\/wp-content\/uploads\/2024\/07\/dk-logo-kreis-blau.svg","contentUrl":"https:\/\/dk-fixiersysteme.de\/wp-content\/uploads\/2024\/07\/dk-logo-kreis-blau.svg","caption":"dk Fixiersysteme"},"image":{"@id":"https:\/\/dk-fixiersysteme.de\/fr\/#\/schema\/logo\/image\/"}}]}},"_links":{"self":[{"href":"https:\/\/dk-fixiersysteme.de\/fr\/wp-json\/wp\/v2\/product\/56142","targetHints":{"allow":["GET"]}}],"collection":[{"href":"https:\/\/dk-fixiersysteme.de\/fr\/wp-json\/wp\/v2\/product"}],"about":[{"href":"https:\/\/dk-fixiersysteme.de\/fr\/wp-json\/wp\/v2\/types\/product"}],"replies":[{"embeddable":true,"href":"https:\/\/dk-fixiersysteme.de\/fr\/wp-json\/wp\/v2\/comments?post=56142"}],"version-history":[{"count":0,"href":"https:\/\/dk-fixiersysteme.de\/fr\/wp-json\/wp\/v2\/product\/56142\/revisions"}],"wp:featuredmedia":[{"embeddable":true,"href":"https:\/\/dk-fixiersysteme.de\/fr\/wp-json\/wp\/v2\/media\/22234"}],"wp:attachment":[{"href":"https:\/\/dk-fixiersysteme.de\/fr\/wp-json\/wp\/v2\/media?parent=56142"}],"wp:term":[{"taxonomy":"product_brand","embeddable":true,"href":"https:\/\/dk-fixiersysteme.de\/fr\/wp-json\/wp\/v2\/product_brand?post=56142"},{"taxonomy":"product_cat","embeddable":true,"href":"https:\/\/dk-fixiersysteme.de\/fr\/wp-json\/wp\/v2\/product_cat?post=56142"},{"taxonomy":"product_tag","embeddable":true,"href":"https:\/\/dk-fixiersysteme.de\/fr\/wp-json\/wp\/v2\/product_tag?post=56142"}],"curies":[{"name":"wp","href":"https:\/\/api.w.org\/{rel}","templated":true}]}}