{"id":56155,"date":"2025-04-15T08:32:33","date_gmt":"2025-04-15T08:32:33","guid":{"rendered":"https:\/\/dk-fixiersysteme.de\/product\/uncategorized\/colonnes-hexagonales-m-8-et-m-10\/"},"modified":"2025-11-13T07:08:48","modified_gmt":"2025-11-13T07:08:48","slug":"colonnes-hexagonales-m-8-et-m-10","status":"publish","type":"product","link":"https:\/\/dk-fixiersysteme.de\/fr\/product\/dk\/systemes-de-fixation\/quaderfix-systemes-de-fixation\/elements-de-montage-quaderfix-systemes-de-fixation\/colonnes-hexagonales-m-8-et-m-10\/","title":{"rendered":"Colonnes hexagonales M 8 et M 10"},"content":{"rendered":"<p>Colonnes hexagonales avec filetage sur la partie inf\u00e9rieure et taraudage sur la partie sup\u00e9rieure. \u00c0 visser sur des rails de base ou directement sur les plaques de base dk au moyen d\u2019un adaptateur filet\u00e9. R\u00e9haussement graduel par vissage. Largeur de cl\u00e9 17 mm.<br \/>\n Mati\u00e8re : inox<\/p>\n","protected":false},"excerpt":{"rendered":"<p>Colonnes hexagonales avec filetage sur la partie inf\u00e9rieure et taraudage sur la partie sup\u00e9rieure. \u00c0 visser sur des rails de base ou directement sur les plaques de base dk au moyen d\u2019un adaptateur filet\u00e9. R\u00e9haussement graduel par vissage. Largeur de cl\u00e9 17 mm. Mati\u00e8re : inox<\/p>\n","protected":false},"featured_media":3843,"comment_status":"open","ping_status":"closed","template":"","meta":{"_acf_changed":false},"product_brand":[],"product_cat":[4606,4607,4621,4601,4599],"product_tag":[],"class_list":{"0":"post-56155","1":"product","2":"type-product","3":"status-publish","4":"has-post-thumbnail","6":"product_cat-elements-de-base-systemes-de-montage-pour-la-vision-industrielle","7":"product_cat-elements-de-base-systemes-de-montage-pour-la-vision-industrielle-systemes-de-fixation","8":"product_cat-elements-de-montage-quaderfix-systemes-de-fixation","9":"product_cat-elements-de-montage-spannfix-eco-systemes-de-fixation","10":"product_cat-elements-de-montage-spannfix-pro-systemes-de-fixation","12":"first","13":"instock","14":"taxable","15":"shipping-taxable","16":"purchasable","17":"product-type-variable"},"acf":[],"yoast_head":"<!-- This site is optimized with the Yoast SEO plugin v27.2 - https:\/\/yoast.com\/product\/yoast-seo-wordpress\/ -->\n<title>Colonnes hexagonales M 8 et M 10 | dk Fixiersysteme<\/title>\n<meta name=\"description\" content=\"Colonnes hexagonales M 8 et M 10 | pour le g\u00e9nie m\u00e9canique, la m\u00e9tallurgie et les applications industrielles. Qualit\u00e9 et fiabilit\u00e9 garanties par dk Fixiersysteme, votre partenaire expert.\" \/>\n<meta name=\"robots\" content=\"index, follow, max-snippet:-1, max-image-preview:large, max-video-preview:-1\" \/>\n<link rel=\"canonical\" href=\"https:\/\/dk-fixiersysteme.de\/fr\/product\/dk\/systemes-de-fixation\/quaderfix-systemes-de-fixation\/elements-de-montage-quaderfix-systemes-de-fixation\/colonnes-hexagonales-m-8-et-m-10\/\" \/>\n<meta property=\"og:locale\" content=\"fr_FR\" \/>\n<meta property=\"og:type\" content=\"article\" \/>\n<meta property=\"og:title\" content=\"Colonnes hexagonales M 8 et M 10 | dk Fixiersysteme\" \/>\n<meta property=\"og:description\" content=\"Colonnes hexagonales M 8 et M 10 | pour le g\u00e9nie m\u00e9canique, la m\u00e9tallurgie et les applications industrielles. Qualit\u00e9 et fiabilit\u00e9 garanties par dk Fixiersysteme, votre partenaire expert.\" \/>\n<meta property=\"og:url\" content=\"https:\/\/dk-fixiersysteme.de\/fr\/product\/dk\/systemes-de-fixation\/quaderfix-systemes-de-fixation\/elements-de-montage-quaderfix-systemes-de-fixation\/colonnes-hexagonales-m-8-et-m-10\/\" \/>\n<meta property=\"og:site_name\" content=\"dk Fixiersysteme\" \/>\n<meta property=\"article:modified_time\" content=\"2025-11-13T07:08:48+00:00\" \/>\n<meta property=\"og:image\" content=\"https:\/\/dk-fixiersysteme.de\/wp-content\/uploads\/2024\/11\/DK-322300_322500_304400.jpg\" \/>\n\t<meta property=\"og:image:width\" content=\"500\" \/>\n\t<meta property=\"og:image:height\" content=\"333\" \/>\n\t<meta property=\"og:image:type\" content=\"image\/jpeg\" \/>\n<meta name=\"twitter:card\" content=\"summary_large_image\" \/>\n<script type=\"application\/ld+json\" class=\"yoast-schema-graph\">{\"@context\":\"https:\/\/schema.org\",\"@graph\":[{\"@type\":\"WebPage\",\"@id\":\"https:\/\/dk-fixiersysteme.de\/fr\/product\/dk\/systemes-de-fixation\/quaderfix-systemes-de-fixation\/elements-de-montage-quaderfix-systemes-de-fixation\/colonnes-hexagonales-m-8-et-m-10\/\",\"url\":\"https:\/\/dk-fixiersysteme.de\/fr\/product\/dk\/systemes-de-fixation\/quaderfix-systemes-de-fixation\/elements-de-montage-quaderfix-systemes-de-fixation\/colonnes-hexagonales-m-8-et-m-10\/\",\"name\":\"Colonnes hexagonales M 8 et M 10 | dk Fixiersysteme\",\"isPartOf\":{\"@id\":\"https:\/\/dk-fixiersysteme.de\/fr\/#website\"},\"primaryImageOfPage\":{\"@id\":\"https:\/\/dk-fixiersysteme.de\/fr\/product\/dk\/systemes-de-fixation\/quaderfix-systemes-de-fixation\/elements-de-montage-quaderfix-systemes-de-fixation\/colonnes-hexagonales-m-8-et-m-10\/#primaryimage\"},\"image\":{\"@id\":\"https:\/\/dk-fixiersysteme.de\/fr\/product\/dk\/systemes-de-fixation\/quaderfix-systemes-de-fixation\/elements-de-montage-quaderfix-systemes-de-fixation\/colonnes-hexagonales-m-8-et-m-10\/#primaryimage\"},\"thumbnailUrl\":\"https:\/\/dk-fixiersysteme.de\/wp-content\/uploads\/2024\/11\/DK-322300_322500_304400.jpg\",\"datePublished\":\"2025-04-15T08:32:33+00:00\",\"dateModified\":\"2025-11-13T07:08:48+00:00\",\"description\":\"Colonnes hexagonales M 8 et M 10 | pour le g\u00e9nie m\u00e9canique, la m\u00e9tallurgie et les applications industrielles. Qualit\u00e9 et fiabilit\u00e9 garanties par dk Fixiersysteme, votre partenaire expert.\",\"breadcrumb\":{\"@id\":\"https:\/\/dk-fixiersysteme.de\/fr\/product\/dk\/systemes-de-fixation\/quaderfix-systemes-de-fixation\/elements-de-montage-quaderfix-systemes-de-fixation\/colonnes-hexagonales-m-8-et-m-10\/#breadcrumb\"},\"inLanguage\":\"fr-FR\",\"potentialAction\":[{\"@type\":\"ReadAction\",\"target\":[\"https:\/\/dk-fixiersysteme.de\/fr\/product\/dk\/systemes-de-fixation\/quaderfix-systemes-de-fixation\/elements-de-montage-quaderfix-systemes-de-fixation\/colonnes-hexagonales-m-8-et-m-10\/\"]}]},{\"@type\":\"ImageObject\",\"inLanguage\":\"fr-FR\",\"@id\":\"https:\/\/dk-fixiersysteme.de\/fr\/product\/dk\/systemes-de-fixation\/quaderfix-systemes-de-fixation\/elements-de-montage-quaderfix-systemes-de-fixation\/colonnes-hexagonales-m-8-et-m-10\/#primaryimage\",\"url\":\"https:\/\/dk-fixiersysteme.de\/wp-content\/uploads\/2024\/11\/DK-322300_322500_304400.jpg\",\"contentUrl\":\"https:\/\/dk-fixiersysteme.de\/wp-content\/uploads\/2024\/11\/DK-322300_322500_304400.jpg\",\"width\":500,\"height\":333},{\"@type\":\"BreadcrumbList\",\"@id\":\"https:\/\/dk-fixiersysteme.de\/fr\/product\/dk\/systemes-de-fixation\/quaderfix-systemes-de-fixation\/elements-de-montage-quaderfix-systemes-de-fixation\/colonnes-hexagonales-m-8-et-m-10\/#breadcrumb\",\"itemListElement\":[{\"@type\":\"ListItem\",\"position\":1,\"name\":\"Boutique\",\"item\":\"https:\/\/dk-fixiersysteme.de\/fr\/boutique\/\"},{\"@type\":\"ListItem\",\"position\":2,\"name\":\"dk\",\"item\":\"https:\/\/dk-fixiersysteme.de\/fr\/produits\/dk\/\"},{\"@type\":\"ListItem\",\"position\":3,\"name\":\"Noix de serrage, supports de mesure, contr\u00f4le de la concentricit\u00e9\",\"item\":\"https:\/\/dk-fixiersysteme.de\/fr\/produits\/dk\/noix-de-serrage-supports-de-mesure-controle-de-la-concentricite\/\"},{\"@type\":\"ListItem\",\"position\":4,\"name\":\"Syst\u00e8mes de montage pour la vision industrielle\",\"item\":\"https:\/\/dk-fixiersysteme.de\/fr\/produits\/dk\/noix-de-serrage-supports-de-mesure-controle-de-la-concentricite\/systemes-de-montage-pour-la-vision-industrielle\/\"},{\"@type\":\"ListItem\",\"position\":5,\"name\":\"\u00c9l\u00e9ments de base\",\"item\":\"https:\/\/dk-fixiersysteme.de\/fr\/produits\/dk\/noix-de-serrage-supports-de-mesure-controle-de-la-concentricite\/systemes-de-montage-pour-la-vision-industrielle\/elements-de-base-systemes-de-montage-pour-la-vision-industrielle\/\"},{\"@type\":\"ListItem\",\"position\":6,\"name\":\"Colonnes hexagonales M 8 et M 10\"}]},{\"@type\":\"WebSite\",\"@id\":\"https:\/\/dk-fixiersysteme.de\/fr\/#website\",\"url\":\"https:\/\/dk-fixiersysteme.de\/fr\/\",\"name\":\"dk FIXIERSYSTEME\",\"description\":\"\",\"publisher\":{\"@id\":\"https:\/\/dk-fixiersysteme.de\/fr\/#organization\"},\"potentialAction\":[{\"@type\":\"SearchAction\",\"target\":{\"@type\":\"EntryPoint\",\"urlTemplate\":\"https:\/\/dk-fixiersysteme.de\/fr\/?s={search_term_string}\"},\"query-input\":{\"@type\":\"PropertyValueSpecification\",\"valueRequired\":true,\"valueName\":\"search_term_string\"}}],\"inLanguage\":\"fr-FR\"},{\"@type\":\"Organization\",\"@id\":\"https:\/\/dk-fixiersysteme.de\/fr\/#organization\",\"name\":\"dk Fixiersysteme\",\"url\":\"https:\/\/dk-fixiersysteme.de\/fr\/\",\"logo\":{\"@type\":\"ImageObject\",\"inLanguage\":\"fr-FR\",\"@id\":\"https:\/\/dk-fixiersysteme.de\/fr\/#\/schema\/logo\/image\/\",\"url\":\"https:\/\/dk-fixiersysteme.de\/wp-content\/uploads\/2024\/07\/dk-logo-kreis-blau.svg\",\"contentUrl\":\"https:\/\/dk-fixiersysteme.de\/wp-content\/uploads\/2024\/07\/dk-logo-kreis-blau.svg\",\"caption\":\"dk Fixiersysteme\"},\"image\":{\"@id\":\"https:\/\/dk-fixiersysteme.de\/fr\/#\/schema\/logo\/image\/\"}}]}<\/script>\n<!-- \/ Yoast SEO plugin. -->","yoast_head_json":{"title":"Colonnes hexagonales M 8 et M 10 | dk Fixiersysteme","description":"Colonnes hexagonales M 8 et M 10 | pour le g\u00e9nie m\u00e9canique, la m\u00e9tallurgie et les applications industrielles. Qualit\u00e9 et fiabilit\u00e9 garanties par dk Fixiersysteme, votre partenaire expert.","robots":{"index":"index","follow":"follow","max-snippet":"max-snippet:-1","max-image-preview":"max-image-preview:large","max-video-preview":"max-video-preview:-1"},"canonical":"https:\/\/dk-fixiersysteme.de\/fr\/product\/dk\/systemes-de-fixation\/quaderfix-systemes-de-fixation\/elements-de-montage-quaderfix-systemes-de-fixation\/colonnes-hexagonales-m-8-et-m-10\/","og_locale":"fr_FR","og_type":"article","og_title":"Colonnes hexagonales M 8 et M 10 | dk Fixiersysteme","og_description":"Colonnes hexagonales M 8 et M 10 | pour le g\u00e9nie m\u00e9canique, la m\u00e9tallurgie et les applications industrielles. Qualit\u00e9 et fiabilit\u00e9 garanties par dk Fixiersysteme, votre partenaire expert.","og_url":"https:\/\/dk-fixiersysteme.de\/fr\/product\/dk\/systemes-de-fixation\/quaderfix-systemes-de-fixation\/elements-de-montage-quaderfix-systemes-de-fixation\/colonnes-hexagonales-m-8-et-m-10\/","og_site_name":"dk Fixiersysteme","article_modified_time":"2025-11-13T07:08:48+00:00","og_image":[{"width":500,"height":333,"url":"https:\/\/dk-fixiersysteme.de\/wp-content\/uploads\/2024\/11\/DK-322300_322500_304400.jpg","type":"image\/jpeg"}],"twitter_card":"summary_large_image","schema":{"@context":"https:\/\/schema.org","@graph":[{"@type":"WebPage","@id":"https:\/\/dk-fixiersysteme.de\/fr\/product\/dk\/systemes-de-fixation\/quaderfix-systemes-de-fixation\/elements-de-montage-quaderfix-systemes-de-fixation\/colonnes-hexagonales-m-8-et-m-10\/","url":"https:\/\/dk-fixiersysteme.de\/fr\/product\/dk\/systemes-de-fixation\/quaderfix-systemes-de-fixation\/elements-de-montage-quaderfix-systemes-de-fixation\/colonnes-hexagonales-m-8-et-m-10\/","name":"Colonnes hexagonales M 8 et M 10 | dk Fixiersysteme","isPartOf":{"@id":"https:\/\/dk-fixiersysteme.de\/fr\/#website"},"primaryImageOfPage":{"@id":"https:\/\/dk-fixiersysteme.de\/fr\/product\/dk\/systemes-de-fixation\/quaderfix-systemes-de-fixation\/elements-de-montage-quaderfix-systemes-de-fixation\/colonnes-hexagonales-m-8-et-m-10\/#primaryimage"},"image":{"@id":"https:\/\/dk-fixiersysteme.de\/fr\/product\/dk\/systemes-de-fixation\/quaderfix-systemes-de-fixation\/elements-de-montage-quaderfix-systemes-de-fixation\/colonnes-hexagonales-m-8-et-m-10\/#primaryimage"},"thumbnailUrl":"https:\/\/dk-fixiersysteme.de\/wp-content\/uploads\/2024\/11\/DK-322300_322500_304400.jpg","datePublished":"2025-04-15T08:32:33+00:00","dateModified":"2025-11-13T07:08:48+00:00","description":"Colonnes hexagonales M 8 et M 10 | pour le g\u00e9nie m\u00e9canique, la m\u00e9tallurgie et les applications industrielles. Qualit\u00e9 et fiabilit\u00e9 garanties par dk Fixiersysteme, votre partenaire expert.","breadcrumb":{"@id":"https:\/\/dk-fixiersysteme.de\/fr\/product\/dk\/systemes-de-fixation\/quaderfix-systemes-de-fixation\/elements-de-montage-quaderfix-systemes-de-fixation\/colonnes-hexagonales-m-8-et-m-10\/#breadcrumb"},"inLanguage":"fr-FR","potentialAction":[{"@type":"ReadAction","target":["https:\/\/dk-fixiersysteme.de\/fr\/product\/dk\/systemes-de-fixation\/quaderfix-systemes-de-fixation\/elements-de-montage-quaderfix-systemes-de-fixation\/colonnes-hexagonales-m-8-et-m-10\/"]}]},{"@type":"ImageObject","inLanguage":"fr-FR","@id":"https:\/\/dk-fixiersysteme.de\/fr\/product\/dk\/systemes-de-fixation\/quaderfix-systemes-de-fixation\/elements-de-montage-quaderfix-systemes-de-fixation\/colonnes-hexagonales-m-8-et-m-10\/#primaryimage","url":"https:\/\/dk-fixiersysteme.de\/wp-content\/uploads\/2024\/11\/DK-322300_322500_304400.jpg","contentUrl":"https:\/\/dk-fixiersysteme.de\/wp-content\/uploads\/2024\/11\/DK-322300_322500_304400.jpg","width":500,"height":333},{"@type":"BreadcrumbList","@id":"https:\/\/dk-fixiersysteme.de\/fr\/product\/dk\/systemes-de-fixation\/quaderfix-systemes-de-fixation\/elements-de-montage-quaderfix-systemes-de-fixation\/colonnes-hexagonales-m-8-et-m-10\/#breadcrumb","itemListElement":[{"@type":"ListItem","position":1,"name":"Boutique","item":"https:\/\/dk-fixiersysteme.de\/fr\/boutique\/"},{"@type":"ListItem","position":2,"name":"dk","item":"https:\/\/dk-fixiersysteme.de\/fr\/produits\/dk\/"},{"@type":"ListItem","position":3,"name":"Noix de serrage, supports de mesure, contr\u00f4le de la concentricit\u00e9","item":"https:\/\/dk-fixiersysteme.de\/fr\/produits\/dk\/noix-de-serrage-supports-de-mesure-controle-de-la-concentricite\/"},{"@type":"ListItem","position":4,"name":"Syst\u00e8mes de montage pour la vision industrielle","item":"https:\/\/dk-fixiersysteme.de\/fr\/produits\/dk\/noix-de-serrage-supports-de-mesure-controle-de-la-concentricite\/systemes-de-montage-pour-la-vision-industrielle\/"},{"@type":"ListItem","position":5,"name":"\u00c9l\u00e9ments de base","item":"https:\/\/dk-fixiersysteme.de\/fr\/produits\/dk\/noix-de-serrage-supports-de-mesure-controle-de-la-concentricite\/systemes-de-montage-pour-la-vision-industrielle\/elements-de-base-systemes-de-montage-pour-la-vision-industrielle\/"},{"@type":"ListItem","position":6,"name":"Colonnes hexagonales M 8 et M 10"}]},{"@type":"WebSite","@id":"https:\/\/dk-fixiersysteme.de\/fr\/#website","url":"https:\/\/dk-fixiersysteme.de\/fr\/","name":"dk FIXIERSYSTEME","description":"","publisher":{"@id":"https:\/\/dk-fixiersysteme.de\/fr\/#organization"},"potentialAction":[{"@type":"SearchAction","target":{"@type":"EntryPoint","urlTemplate":"https:\/\/dk-fixiersysteme.de\/fr\/?s={search_term_string}"},"query-input":{"@type":"PropertyValueSpecification","valueRequired":true,"valueName":"search_term_string"}}],"inLanguage":"fr-FR"},{"@type":"Organization","@id":"https:\/\/dk-fixiersysteme.de\/fr\/#organization","name":"dk Fixiersysteme","url":"https:\/\/dk-fixiersysteme.de\/fr\/","logo":{"@type":"ImageObject","inLanguage":"fr-FR","@id":"https:\/\/dk-fixiersysteme.de\/fr\/#\/schema\/logo\/image\/","url":"https:\/\/dk-fixiersysteme.de\/wp-content\/uploads\/2024\/07\/dk-logo-kreis-blau.svg","contentUrl":"https:\/\/dk-fixiersysteme.de\/wp-content\/uploads\/2024\/07\/dk-logo-kreis-blau.svg","caption":"dk Fixiersysteme"},"image":{"@id":"https:\/\/dk-fixiersysteme.de\/fr\/#\/schema\/logo\/image\/"}}]}},"_links":{"self":[{"href":"https:\/\/dk-fixiersysteme.de\/fr\/wp-json\/wp\/v2\/product\/56155","targetHints":{"allow":["GET"]}}],"collection":[{"href":"https:\/\/dk-fixiersysteme.de\/fr\/wp-json\/wp\/v2\/product"}],"about":[{"href":"https:\/\/dk-fixiersysteme.de\/fr\/wp-json\/wp\/v2\/types\/product"}],"replies":[{"embeddable":true,"href":"https:\/\/dk-fixiersysteme.de\/fr\/wp-json\/wp\/v2\/comments?post=56155"}],"version-history":[{"count":1,"href":"https:\/\/dk-fixiersysteme.de\/fr\/wp-json\/wp\/v2\/product\/56155\/revisions"}],"predecessor-version":[{"id":58317,"href":"https:\/\/dk-fixiersysteme.de\/fr\/wp-json\/wp\/v2\/product\/56155\/revisions\/58317"}],"wp:featuredmedia":[{"embeddable":true,"href":"https:\/\/dk-fixiersysteme.de\/fr\/wp-json\/wp\/v2\/media\/3843"}],"wp:attachment":[{"href":"https:\/\/dk-fixiersysteme.de\/fr\/wp-json\/wp\/v2\/media?parent=56155"}],"wp:term":[{"taxonomy":"product_brand","embeddable":true,"href":"https:\/\/dk-fixiersysteme.de\/fr\/wp-json\/wp\/v2\/product_brand?post=56155"},{"taxonomy":"product_cat","embeddable":true,"href":"https:\/\/dk-fixiersysteme.de\/fr\/wp-json\/wp\/v2\/product_cat?post=56155"},{"taxonomy":"product_tag","embeddable":true,"href":"https:\/\/dk-fixiersysteme.de\/fr\/wp-json\/wp\/v2\/product_tag?post=56155"}],"curies":[{"name":"wp","href":"https:\/\/api.w.org\/{rel}","templated":true}]}}