{"id":56156,"date":"2025-04-15T08:32:33","date_gmt":"2025-04-15T08:32:33","guid":{"rendered":"https:\/\/dk-fixiersysteme.de\/product\/uncategorized\/manchettes-de-protection\/"},"modified":"2025-11-13T07:05:22","modified_gmt":"2025-11-13T07:05:22","slug":"manchettes-de-protection","status":"publish","type":"product","link":"https:\/\/dk-fixiersysteme.de\/fr\/product\/dk\/noix-de-serrage-supports-de-mesure-controle-de-la-concentricite\/supports-de-mesure-dk\/elements-de-base\/option-de-protection\/manchettes-de-protection\/","title":{"rendered":"Manchettes de protection"},"content":{"rendered":"","protected":false},"excerpt":{"rendered":"","protected":false},"featured_media":40512,"comment_status":"open","ping_status":"closed","template":"","meta":{"_acf_changed":false},"product_brand":[],"product_cat":[4622],"product_tag":[],"class_list":{"0":"post-56156","1":"product","2":"type-product","3":"status-publish","4":"has-post-thumbnail","6":"product_cat-option-de-protection","8":"first","9":"instock","10":"taxable","11":"shipping-taxable","12":"purchasable","13":"product-type-variable"},"acf":[],"yoast_head":"<!-- This site is optimized with the Yoast SEO plugin v27.2 - https:\/\/yoast.com\/product\/yoast-seo-wordpress\/ -->\n<title>Manchettes de protection | dk Fixiersysteme<\/title>\n<meta name=\"description\" content=\"Manchettes de protection | pour le g\u00e9nie m\u00e9canique, la m\u00e9tallurgie et les applications industrielles. Qualit\u00e9 et fiabilit\u00e9 garanties par dk Fixiersysteme, votre partenaire expert.\" \/>\n<meta name=\"robots\" content=\"index, follow, max-snippet:-1, max-image-preview:large, max-video-preview:-1\" \/>\n<link rel=\"canonical\" href=\"https:\/\/dk-fixiersysteme.de\/fr\/product\/dk\/noix-de-serrage-supports-de-mesure-controle-de-la-concentricite\/supports-de-mesure-dk\/elements-de-base\/option-de-protection\/manchettes-de-protection\/\" \/>\n<meta property=\"og:locale\" content=\"fr_FR\" \/>\n<meta property=\"og:type\" content=\"article\" \/>\n<meta property=\"og:title\" content=\"Manchettes de protection | dk Fixiersysteme\" \/>\n<meta property=\"og:description\" content=\"Manchettes de protection | pour le g\u00e9nie m\u00e9canique, la m\u00e9tallurgie et les applications industrielles. Qualit\u00e9 et fiabilit\u00e9 garanties par dk Fixiersysteme, votre partenaire expert.\" \/>\n<meta property=\"og:url\" content=\"https:\/\/dk-fixiersysteme.de\/fr\/product\/dk\/noix-de-serrage-supports-de-mesure-controle-de-la-concentricite\/supports-de-mesure-dk\/elements-de-base\/option-de-protection\/manchettes-de-protection\/\" \/>\n<meta property=\"og:site_name\" content=\"dk Fixiersysteme\" \/>\n<meta property=\"article:modified_time\" content=\"2025-11-13T07:05:22+00:00\" \/>\n<meta property=\"og:image\" content=\"https:\/\/dk-fixiersysteme.de\/wp-content\/uploads\/2025\/09\/dk-31507-PP_Schutzmanschetten.jpg\" \/>\n\t<meta property=\"og:image:width\" content=\"451\" \/>\n\t<meta property=\"og:image:height\" content=\"500\" \/>\n\t<meta property=\"og:image:type\" content=\"image\/jpeg\" \/>\n<meta name=\"twitter:card\" content=\"summary_large_image\" \/>\n<script type=\"application\/ld+json\" class=\"yoast-schema-graph\">{\"@context\":\"https:\/\/schema.org\",\"@graph\":[{\"@type\":\"WebPage\",\"@id\":\"https:\/\/dk-fixiersysteme.de\/fr\/product\/dk\/noix-de-serrage-supports-de-mesure-controle-de-la-concentricite\/supports-de-mesure-dk\/elements-de-base\/option-de-protection\/manchettes-de-protection\/\",\"url\":\"https:\/\/dk-fixiersysteme.de\/fr\/product\/dk\/noix-de-serrage-supports-de-mesure-controle-de-la-concentricite\/supports-de-mesure-dk\/elements-de-base\/option-de-protection\/manchettes-de-protection\/\",\"name\":\"Manchettes de protection | dk Fixiersysteme\",\"isPartOf\":{\"@id\":\"https:\/\/dk-fixiersysteme.de\/fr\/#website\"},\"primaryImageOfPage\":{\"@id\":\"https:\/\/dk-fixiersysteme.de\/fr\/product\/dk\/noix-de-serrage-supports-de-mesure-controle-de-la-concentricite\/supports-de-mesure-dk\/elements-de-base\/option-de-protection\/manchettes-de-protection\/#primaryimage\"},\"image\":{\"@id\":\"https:\/\/dk-fixiersysteme.de\/fr\/product\/dk\/noix-de-serrage-supports-de-mesure-controle-de-la-concentricite\/supports-de-mesure-dk\/elements-de-base\/option-de-protection\/manchettes-de-protection\/#primaryimage\"},\"thumbnailUrl\":\"https:\/\/dk-fixiersysteme.de\/wp-content\/uploads\/2025\/09\/dk-31507-PP_Schutzmanschetten.jpg\",\"datePublished\":\"2025-04-15T08:32:33+00:00\",\"dateModified\":\"2025-11-13T07:05:22+00:00\",\"description\":\"Manchettes de protection | pour le g\u00e9nie m\u00e9canique, la m\u00e9tallurgie et les applications industrielles. Qualit\u00e9 et fiabilit\u00e9 garanties par dk Fixiersysteme, votre partenaire expert.\",\"breadcrumb\":{\"@id\":\"https:\/\/dk-fixiersysteme.de\/fr\/product\/dk\/noix-de-serrage-supports-de-mesure-controle-de-la-concentricite\/supports-de-mesure-dk\/elements-de-base\/option-de-protection\/manchettes-de-protection\/#breadcrumb\"},\"inLanguage\":\"fr-FR\",\"potentialAction\":[{\"@type\":\"ReadAction\",\"target\":[\"https:\/\/dk-fixiersysteme.de\/fr\/product\/dk\/noix-de-serrage-supports-de-mesure-controle-de-la-concentricite\/supports-de-mesure-dk\/elements-de-base\/option-de-protection\/manchettes-de-protection\/\"]}]},{\"@type\":\"ImageObject\",\"inLanguage\":\"fr-FR\",\"@id\":\"https:\/\/dk-fixiersysteme.de\/fr\/product\/dk\/noix-de-serrage-supports-de-mesure-controle-de-la-concentricite\/supports-de-mesure-dk\/elements-de-base\/option-de-protection\/manchettes-de-protection\/#primaryimage\",\"url\":\"https:\/\/dk-fixiersysteme.de\/wp-content\/uploads\/2025\/09\/dk-31507-PP_Schutzmanschetten.jpg\",\"contentUrl\":\"https:\/\/dk-fixiersysteme.de\/wp-content\/uploads\/2025\/09\/dk-31507-PP_Schutzmanschetten.jpg\",\"width\":451,\"height\":500},{\"@type\":\"BreadcrumbList\",\"@id\":\"https:\/\/dk-fixiersysteme.de\/fr\/product\/dk\/noix-de-serrage-supports-de-mesure-controle-de-la-concentricite\/supports-de-mesure-dk\/elements-de-base\/option-de-protection\/manchettes-de-protection\/#breadcrumb\",\"itemListElement\":[{\"@type\":\"ListItem\",\"position\":1,\"name\":\"Boutique\",\"item\":\"https:\/\/dk-fixiersysteme.de\/fr\/boutique\/\"},{\"@type\":\"ListItem\",\"position\":2,\"name\":\"dk\",\"item\":\"https:\/\/dk-fixiersysteme.de\/fr\/produits\/dk\/\"},{\"@type\":\"ListItem\",\"position\":3,\"name\":\"Noix de serrage, supports de mesure, contr\u00f4le de la concentricit\u00e9\",\"item\":\"https:\/\/dk-fixiersysteme.de\/fr\/produits\/dk\/noix-de-serrage-supports-de-mesure-controle-de-la-concentricite\/\"},{\"@type\":\"ListItem\",\"position\":4,\"name\":\"Supports de mesure dk\",\"item\":\"https:\/\/dk-fixiersysteme.de\/fr\/produits\/dk\/noix-de-serrage-supports-de-mesure-controle-de-la-concentricite\/supports-de-mesure-dk\/\"},{\"@type\":\"ListItem\",\"position\":5,\"name\":\"\u00c9l\u00e9ments de base\",\"item\":\"https:\/\/dk-fixiersysteme.de\/fr\/produits\/dk\/noix-de-serrage-supports-de-mesure-controle-de-la-concentricite\/supports-de-mesure-dk\/elements-de-base\/\"},{\"@type\":\"ListItem\",\"position\":6,\"name\":\"Option de protection\",\"item\":\"https:\/\/dk-fixiersysteme.de\/fr\/produits\/dk\/noix-de-serrage-supports-de-mesure-controle-de-la-concentricite\/supports-de-mesure-dk\/elements-de-base\/option-de-protection\/\"},{\"@type\":\"ListItem\",\"position\":7,\"name\":\"Manchettes de protection\"}]},{\"@type\":\"WebSite\",\"@id\":\"https:\/\/dk-fixiersysteme.de\/fr\/#website\",\"url\":\"https:\/\/dk-fixiersysteme.de\/fr\/\",\"name\":\"dk FIXIERSYSTEME\",\"description\":\"\",\"publisher\":{\"@id\":\"https:\/\/dk-fixiersysteme.de\/fr\/#organization\"},\"potentialAction\":[{\"@type\":\"SearchAction\",\"target\":{\"@type\":\"EntryPoint\",\"urlTemplate\":\"https:\/\/dk-fixiersysteme.de\/fr\/?s={search_term_string}\"},\"query-input\":{\"@type\":\"PropertyValueSpecification\",\"valueRequired\":true,\"valueName\":\"search_term_string\"}}],\"inLanguage\":\"fr-FR\"},{\"@type\":\"Organization\",\"@id\":\"https:\/\/dk-fixiersysteme.de\/fr\/#organization\",\"name\":\"dk Fixiersysteme\",\"url\":\"https:\/\/dk-fixiersysteme.de\/fr\/\",\"logo\":{\"@type\":\"ImageObject\",\"inLanguage\":\"fr-FR\",\"@id\":\"https:\/\/dk-fixiersysteme.de\/fr\/#\/schema\/logo\/image\/\",\"url\":\"https:\/\/dk-fixiersysteme.de\/wp-content\/uploads\/2024\/07\/dk-logo-kreis-blau.svg\",\"contentUrl\":\"https:\/\/dk-fixiersysteme.de\/wp-content\/uploads\/2024\/07\/dk-logo-kreis-blau.svg\",\"caption\":\"dk Fixiersysteme\"},\"image\":{\"@id\":\"https:\/\/dk-fixiersysteme.de\/fr\/#\/schema\/logo\/image\/\"}}]}<\/script>\n<!-- \/ Yoast SEO plugin. -->","yoast_head_json":{"title":"Manchettes de protection | dk Fixiersysteme","description":"Manchettes de protection | pour le g\u00e9nie m\u00e9canique, la m\u00e9tallurgie et les applications industrielles. Qualit\u00e9 et fiabilit\u00e9 garanties par dk Fixiersysteme, votre partenaire expert.","robots":{"index":"index","follow":"follow","max-snippet":"max-snippet:-1","max-image-preview":"max-image-preview:large","max-video-preview":"max-video-preview:-1"},"canonical":"https:\/\/dk-fixiersysteme.de\/fr\/product\/dk\/noix-de-serrage-supports-de-mesure-controle-de-la-concentricite\/supports-de-mesure-dk\/elements-de-base\/option-de-protection\/manchettes-de-protection\/","og_locale":"fr_FR","og_type":"article","og_title":"Manchettes de protection | dk Fixiersysteme","og_description":"Manchettes de protection | pour le g\u00e9nie m\u00e9canique, la m\u00e9tallurgie et les applications industrielles. Qualit\u00e9 et fiabilit\u00e9 garanties par dk Fixiersysteme, votre partenaire expert.","og_url":"https:\/\/dk-fixiersysteme.de\/fr\/product\/dk\/noix-de-serrage-supports-de-mesure-controle-de-la-concentricite\/supports-de-mesure-dk\/elements-de-base\/option-de-protection\/manchettes-de-protection\/","og_site_name":"dk Fixiersysteme","article_modified_time":"2025-11-13T07:05:22+00:00","og_image":[{"width":451,"height":500,"url":"https:\/\/dk-fixiersysteme.de\/wp-content\/uploads\/2025\/09\/dk-31507-PP_Schutzmanschetten.jpg","type":"image\/jpeg"}],"twitter_card":"summary_large_image","schema":{"@context":"https:\/\/schema.org","@graph":[{"@type":"WebPage","@id":"https:\/\/dk-fixiersysteme.de\/fr\/product\/dk\/noix-de-serrage-supports-de-mesure-controle-de-la-concentricite\/supports-de-mesure-dk\/elements-de-base\/option-de-protection\/manchettes-de-protection\/","url":"https:\/\/dk-fixiersysteme.de\/fr\/product\/dk\/noix-de-serrage-supports-de-mesure-controle-de-la-concentricite\/supports-de-mesure-dk\/elements-de-base\/option-de-protection\/manchettes-de-protection\/","name":"Manchettes de protection | dk Fixiersysteme","isPartOf":{"@id":"https:\/\/dk-fixiersysteme.de\/fr\/#website"},"primaryImageOfPage":{"@id":"https:\/\/dk-fixiersysteme.de\/fr\/product\/dk\/noix-de-serrage-supports-de-mesure-controle-de-la-concentricite\/supports-de-mesure-dk\/elements-de-base\/option-de-protection\/manchettes-de-protection\/#primaryimage"},"image":{"@id":"https:\/\/dk-fixiersysteme.de\/fr\/product\/dk\/noix-de-serrage-supports-de-mesure-controle-de-la-concentricite\/supports-de-mesure-dk\/elements-de-base\/option-de-protection\/manchettes-de-protection\/#primaryimage"},"thumbnailUrl":"https:\/\/dk-fixiersysteme.de\/wp-content\/uploads\/2025\/09\/dk-31507-PP_Schutzmanschetten.jpg","datePublished":"2025-04-15T08:32:33+00:00","dateModified":"2025-11-13T07:05:22+00:00","description":"Manchettes de protection | pour le g\u00e9nie m\u00e9canique, la m\u00e9tallurgie et les applications industrielles. Qualit\u00e9 et fiabilit\u00e9 garanties par dk Fixiersysteme, votre partenaire expert.","breadcrumb":{"@id":"https:\/\/dk-fixiersysteme.de\/fr\/product\/dk\/noix-de-serrage-supports-de-mesure-controle-de-la-concentricite\/supports-de-mesure-dk\/elements-de-base\/option-de-protection\/manchettes-de-protection\/#breadcrumb"},"inLanguage":"fr-FR","potentialAction":[{"@type":"ReadAction","target":["https:\/\/dk-fixiersysteme.de\/fr\/product\/dk\/noix-de-serrage-supports-de-mesure-controle-de-la-concentricite\/supports-de-mesure-dk\/elements-de-base\/option-de-protection\/manchettes-de-protection\/"]}]},{"@type":"ImageObject","inLanguage":"fr-FR","@id":"https:\/\/dk-fixiersysteme.de\/fr\/product\/dk\/noix-de-serrage-supports-de-mesure-controle-de-la-concentricite\/supports-de-mesure-dk\/elements-de-base\/option-de-protection\/manchettes-de-protection\/#primaryimage","url":"https:\/\/dk-fixiersysteme.de\/wp-content\/uploads\/2025\/09\/dk-31507-PP_Schutzmanschetten.jpg","contentUrl":"https:\/\/dk-fixiersysteme.de\/wp-content\/uploads\/2025\/09\/dk-31507-PP_Schutzmanschetten.jpg","width":451,"height":500},{"@type":"BreadcrumbList","@id":"https:\/\/dk-fixiersysteme.de\/fr\/product\/dk\/noix-de-serrage-supports-de-mesure-controle-de-la-concentricite\/supports-de-mesure-dk\/elements-de-base\/option-de-protection\/manchettes-de-protection\/#breadcrumb","itemListElement":[{"@type":"ListItem","position":1,"name":"Boutique","item":"https:\/\/dk-fixiersysteme.de\/fr\/boutique\/"},{"@type":"ListItem","position":2,"name":"dk","item":"https:\/\/dk-fixiersysteme.de\/fr\/produits\/dk\/"},{"@type":"ListItem","position":3,"name":"Noix de serrage, supports de mesure, contr\u00f4le de la concentricit\u00e9","item":"https:\/\/dk-fixiersysteme.de\/fr\/produits\/dk\/noix-de-serrage-supports-de-mesure-controle-de-la-concentricite\/"},{"@type":"ListItem","position":4,"name":"Supports de mesure dk","item":"https:\/\/dk-fixiersysteme.de\/fr\/produits\/dk\/noix-de-serrage-supports-de-mesure-controle-de-la-concentricite\/supports-de-mesure-dk\/"},{"@type":"ListItem","position":5,"name":"\u00c9l\u00e9ments de base","item":"https:\/\/dk-fixiersysteme.de\/fr\/produits\/dk\/noix-de-serrage-supports-de-mesure-controle-de-la-concentricite\/supports-de-mesure-dk\/elements-de-base\/"},{"@type":"ListItem","position":6,"name":"Option de protection","item":"https:\/\/dk-fixiersysteme.de\/fr\/produits\/dk\/noix-de-serrage-supports-de-mesure-controle-de-la-concentricite\/supports-de-mesure-dk\/elements-de-base\/option-de-protection\/"},{"@type":"ListItem","position":7,"name":"Manchettes de protection"}]},{"@type":"WebSite","@id":"https:\/\/dk-fixiersysteme.de\/fr\/#website","url":"https:\/\/dk-fixiersysteme.de\/fr\/","name":"dk FIXIERSYSTEME","description":"","publisher":{"@id":"https:\/\/dk-fixiersysteme.de\/fr\/#organization"},"potentialAction":[{"@type":"SearchAction","target":{"@type":"EntryPoint","urlTemplate":"https:\/\/dk-fixiersysteme.de\/fr\/?s={search_term_string}"},"query-input":{"@type":"PropertyValueSpecification","valueRequired":true,"valueName":"search_term_string"}}],"inLanguage":"fr-FR"},{"@type":"Organization","@id":"https:\/\/dk-fixiersysteme.de\/fr\/#organization","name":"dk Fixiersysteme","url":"https:\/\/dk-fixiersysteme.de\/fr\/","logo":{"@type":"ImageObject","inLanguage":"fr-FR","@id":"https:\/\/dk-fixiersysteme.de\/fr\/#\/schema\/logo\/image\/","url":"https:\/\/dk-fixiersysteme.de\/wp-content\/uploads\/2024\/07\/dk-logo-kreis-blau.svg","contentUrl":"https:\/\/dk-fixiersysteme.de\/wp-content\/uploads\/2024\/07\/dk-logo-kreis-blau.svg","caption":"dk Fixiersysteme"},"image":{"@id":"https:\/\/dk-fixiersysteme.de\/fr\/#\/schema\/logo\/image\/"}}]}},"_links":{"self":[{"href":"https:\/\/dk-fixiersysteme.de\/fr\/wp-json\/wp\/v2\/product\/56156","targetHints":{"allow":["GET"]}}],"collection":[{"href":"https:\/\/dk-fixiersysteme.de\/fr\/wp-json\/wp\/v2\/product"}],"about":[{"href":"https:\/\/dk-fixiersysteme.de\/fr\/wp-json\/wp\/v2\/types\/product"}],"replies":[{"embeddable":true,"href":"https:\/\/dk-fixiersysteme.de\/fr\/wp-json\/wp\/v2\/comments?post=56156"}],"version-history":[{"count":0,"href":"https:\/\/dk-fixiersysteme.de\/fr\/wp-json\/wp\/v2\/product\/56156\/revisions"}],"wp:featuredmedia":[{"embeddable":true,"href":"https:\/\/dk-fixiersysteme.de\/fr\/wp-json\/wp\/v2\/media\/40512"}],"wp:attachment":[{"href":"https:\/\/dk-fixiersysteme.de\/fr\/wp-json\/wp\/v2\/media?parent=56156"}],"wp:term":[{"taxonomy":"product_brand","embeddable":true,"href":"https:\/\/dk-fixiersysteme.de\/fr\/wp-json\/wp\/v2\/product_brand?post=56156"},{"taxonomy":"product_cat","embeddable":true,"href":"https:\/\/dk-fixiersysteme.de\/fr\/wp-json\/wp\/v2\/product_cat?post=56156"},{"taxonomy":"product_tag","embeddable":true,"href":"https:\/\/dk-fixiersysteme.de\/fr\/wp-json\/wp\/v2\/product_tag?post=56156"}],"curies":[{"name":"wp","href":"https:\/\/api.w.org\/{rel}","templated":true}]}}