{"id":56196,"date":"2025-04-15T08:32:51","date_gmt":"2025-04-15T08:32:51","guid":{"rendered":"https:\/\/dk-fixiersysteme.de\/product\/uncategorized\/kits-pour-machine-de-mesure-par-analyse-dimage\/"},"modified":"2025-11-13T07:06:05","modified_gmt":"2025-11-13T07:06:05","slug":"kits-pour-machine-de-mesure-par-analyse-dimage","status":"publish","type":"product","link":"https:\/\/dk-fixiersysteme.de\/fr\/product\/dk\/systemes-de-fixation\/schienenfix-systemes-de-fixation\/kits-schienenfix-systemes-de-fixation\/kits-standard\/kits-pour-machine-de-mesure-par-analyse-dimage\/","title":{"rendered":"Kits pour machine de mesure par analyse d\u2019image"},"content":{"rendered":"<p>Pour les appareils de mesure optiques et les microscopes. Pour le serrage de pi\u00e8ces en plastique, de pi\u00e8ces d\u00e9coup\u00e9es ou de pi\u00e8ces tourn\u00e9es, par exemple. La base est constitu\u00e9e d\u2019une noix de serrage de qualit\u00e9 sur laquelle sont mont\u00e9s des \u00e9l\u00e9ments de serrage tels que des mandrins miniatures, des brides \u00e0 lame ressort ou des pinces de serrage.<\/p>\n","protected":false},"excerpt":{"rendered":"<p>Pour les appareils de mesure optiques et les microscopes. Pour le serrage de pi\u00e8ces en plastique, de pi\u00e8ces d\u00e9coup\u00e9es ou de pi\u00e8ces tourn\u00e9es, par exemple. La base est constitu\u00e9e d\u2019une noix de serrage de qualit\u00e9 sur laquelle sont mont\u00e9s des \u00e9l\u00e9ments de serrage tels que des mandrins miniatures, des brides \u00e0 lame ressort ou des [&hellip;]<\/p>\n","protected":false},"featured_media":32174,"comment_status":"open","ping_status":"closed","template":"","meta":{"_acf_changed":false},"product_brand":[],"product_cat":[4638],"product_tag":[],"class_list":{"0":"post-56196","1":"product","2":"type-product","3":"status-publish","4":"has-post-thumbnail","6":"product_cat-kits-standard","8":"first","9":"outofstock","10":"taxable","11":"shipping-taxable","12":"purchasable","13":"product-type-variable"},"acf":[],"yoast_head":"<!-- This site is optimized with the Yoast SEO plugin v27.2 - https:\/\/yoast.com\/product\/yoast-seo-wordpress\/ -->\n<title>Kits pour machine de mesure par analyse d\u2019image | dk Fixiersysteme<\/title>\n<meta name=\"description\" content=\"Kits pour machine de mesure par analyse d\u2019image | pour le g\u00e9nie m\u00e9canique, la m\u00e9tallurgie et les applications industrielles. Qualit\u00e9 et fiabilit\u00e9 garanties par dk Fixiersysteme, votre partenaire expert.\" \/>\n<meta name=\"robots\" content=\"index, follow, max-snippet:-1, max-image-preview:large, max-video-preview:-1\" \/>\n<link rel=\"canonical\" href=\"https:\/\/dk-fixiersysteme.de\/fr\/product\/dk\/systemes-de-fixation\/schienenfix-systemes-de-fixation\/kits-schienenfix-systemes-de-fixation\/kits-standard\/kits-pour-machine-de-mesure-par-analyse-dimage\/\" \/>\n<meta property=\"og:locale\" content=\"fr_FR\" \/>\n<meta property=\"og:type\" content=\"article\" \/>\n<meta property=\"og:title\" content=\"Kits pour machine de mesure par analyse d\u2019image | dk Fixiersysteme\" \/>\n<meta property=\"og:description\" content=\"Kits pour machine de mesure par analyse d\u2019image | pour le g\u00e9nie m\u00e9canique, la m\u00e9tallurgie et les applications industrielles. Qualit\u00e9 et fiabilit\u00e9 garanties par dk Fixiersysteme, votre partenaire expert.\" \/>\n<meta property=\"og:url\" content=\"https:\/\/dk-fixiersysteme.de\/fr\/product\/dk\/systemes-de-fixation\/schienenfix-systemes-de-fixation\/kits-schienenfix-systemes-de-fixation\/kits-standard\/kits-pour-machine-de-mesure-par-analyse-dimage\/\" \/>\n<meta property=\"og:site_name\" content=\"dk Fixiersysteme\" \/>\n<meta property=\"article:modified_time\" content=\"2025-11-13T07:06:05+00:00\" \/>\n<meta property=\"og:image\" content=\"https:\/\/dk-fixiersysteme.de\/wp-content\/uploads\/2025\/04\/DK-IMG_9992_39L.jpg\" \/>\n\t<meta property=\"og:image:width\" content=\"1200\" \/>\n\t<meta property=\"og:image:height\" content=\"800\" \/>\n\t<meta property=\"og:image:type\" content=\"image\/jpeg\" \/>\n<meta name=\"twitter:card\" content=\"summary_large_image\" \/>\n<script type=\"application\/ld+json\" class=\"yoast-schema-graph\">{\"@context\":\"https:\/\/schema.org\",\"@graph\":[{\"@type\":\"WebPage\",\"@id\":\"https:\/\/dk-fixiersysteme.de\/fr\/product\/dk\/systemes-de-fixation\/schienenfix-systemes-de-fixation\/kits-schienenfix-systemes-de-fixation\/kits-standard\/kits-pour-machine-de-mesure-par-analyse-dimage\/\",\"url\":\"https:\/\/dk-fixiersysteme.de\/fr\/product\/dk\/systemes-de-fixation\/schienenfix-systemes-de-fixation\/kits-schienenfix-systemes-de-fixation\/kits-standard\/kits-pour-machine-de-mesure-par-analyse-dimage\/\",\"name\":\"Kits pour machine de mesure par analyse d\u2019image | dk Fixiersysteme\",\"isPartOf\":{\"@id\":\"https:\/\/dk-fixiersysteme.de\/fr\/#website\"},\"primaryImageOfPage\":{\"@id\":\"https:\/\/dk-fixiersysteme.de\/fr\/product\/dk\/systemes-de-fixation\/schienenfix-systemes-de-fixation\/kits-schienenfix-systemes-de-fixation\/kits-standard\/kits-pour-machine-de-mesure-par-analyse-dimage\/#primaryimage\"},\"image\":{\"@id\":\"https:\/\/dk-fixiersysteme.de\/fr\/product\/dk\/systemes-de-fixation\/schienenfix-systemes-de-fixation\/kits-schienenfix-systemes-de-fixation\/kits-standard\/kits-pour-machine-de-mesure-par-analyse-dimage\/#primaryimage\"},\"thumbnailUrl\":\"https:\/\/dk-fixiersysteme.de\/wp-content\/uploads\/2025\/04\/DK-IMG_9992_39L.jpg\",\"datePublished\":\"2025-04-15T08:32:51+00:00\",\"dateModified\":\"2025-11-13T07:06:05+00:00\",\"description\":\"Kits pour machine de mesure par analyse d\u2019image | pour le g\u00e9nie m\u00e9canique, la m\u00e9tallurgie et les applications industrielles. Qualit\u00e9 et fiabilit\u00e9 garanties par dk Fixiersysteme, votre partenaire expert.\",\"breadcrumb\":{\"@id\":\"https:\/\/dk-fixiersysteme.de\/fr\/product\/dk\/systemes-de-fixation\/schienenfix-systemes-de-fixation\/kits-schienenfix-systemes-de-fixation\/kits-standard\/kits-pour-machine-de-mesure-par-analyse-dimage\/#breadcrumb\"},\"inLanguage\":\"fr-FR\",\"potentialAction\":[{\"@type\":\"ReadAction\",\"target\":[\"https:\/\/dk-fixiersysteme.de\/fr\/product\/dk\/systemes-de-fixation\/schienenfix-systemes-de-fixation\/kits-schienenfix-systemes-de-fixation\/kits-standard\/kits-pour-machine-de-mesure-par-analyse-dimage\/\"]}]},{\"@type\":\"ImageObject\",\"inLanguage\":\"fr-FR\",\"@id\":\"https:\/\/dk-fixiersysteme.de\/fr\/product\/dk\/systemes-de-fixation\/schienenfix-systemes-de-fixation\/kits-schienenfix-systemes-de-fixation\/kits-standard\/kits-pour-machine-de-mesure-par-analyse-dimage\/#primaryimage\",\"url\":\"https:\/\/dk-fixiersysteme.de\/wp-content\/uploads\/2025\/04\/DK-IMG_9992_39L.jpg\",\"contentUrl\":\"https:\/\/dk-fixiersysteme.de\/wp-content\/uploads\/2025\/04\/DK-IMG_9992_39L.jpg\",\"width\":1200,\"height\":800},{\"@type\":\"BreadcrumbList\",\"@id\":\"https:\/\/dk-fixiersysteme.de\/fr\/product\/dk\/systemes-de-fixation\/schienenfix-systemes-de-fixation\/kits-schienenfix-systemes-de-fixation\/kits-standard\/kits-pour-machine-de-mesure-par-analyse-dimage\/#breadcrumb\",\"itemListElement\":[{\"@type\":\"ListItem\",\"position\":1,\"name\":\"Boutique\",\"item\":\"https:\/\/dk-fixiersysteme.de\/fr\/boutique\/\"},{\"@type\":\"ListItem\",\"position\":2,\"name\":\"dk\",\"item\":\"https:\/\/dk-fixiersysteme.de\/fr\/produits\/dk\/\"},{\"@type\":\"ListItem\",\"position\":3,\"name\":\"Syst\u00e8mes de fixation\",\"item\":\"https:\/\/dk-fixiersysteme.de\/fr\/produits\/dk\/systemes-de-fixation\/\"},{\"@type\":\"ListItem\",\"position\":4,\"name\":\"SCHIENENFIX\",\"item\":\"https:\/\/dk-fixiersysteme.de\/fr\/produits\/dk\/systemes-de-fixation\/schienenfix-systemes-de-fixation\/\"},{\"@type\":\"ListItem\",\"position\":5,\"name\":\"Kits\",\"item\":\"https:\/\/dk-fixiersysteme.de\/fr\/produits\/dk\/systemes-de-fixation\/schienenfix-systemes-de-fixation\/kits-schienenfix-systemes-de-fixation\/\"},{\"@type\":\"ListItem\",\"position\":6,\"name\":\"Kits standard\",\"item\":\"https:\/\/dk-fixiersysteme.de\/fr\/produits\/dk\/systemes-de-fixation\/schienenfix-systemes-de-fixation\/kits-schienenfix-systemes-de-fixation\/kits-standard\/\"},{\"@type\":\"ListItem\",\"position\":7,\"name\":\"Kits pour machine de mesure par analyse d\u2019image\"}]},{\"@type\":\"WebSite\",\"@id\":\"https:\/\/dk-fixiersysteme.de\/fr\/#website\",\"url\":\"https:\/\/dk-fixiersysteme.de\/fr\/\",\"name\":\"dk FIXIERSYSTEME\",\"description\":\"\",\"publisher\":{\"@id\":\"https:\/\/dk-fixiersysteme.de\/fr\/#organization\"},\"potentialAction\":[{\"@type\":\"SearchAction\",\"target\":{\"@type\":\"EntryPoint\",\"urlTemplate\":\"https:\/\/dk-fixiersysteme.de\/fr\/?s={search_term_string}\"},\"query-input\":{\"@type\":\"PropertyValueSpecification\",\"valueRequired\":true,\"valueName\":\"search_term_string\"}}],\"inLanguage\":\"fr-FR\"},{\"@type\":\"Organization\",\"@id\":\"https:\/\/dk-fixiersysteme.de\/fr\/#organization\",\"name\":\"dk Fixiersysteme\",\"url\":\"https:\/\/dk-fixiersysteme.de\/fr\/\",\"logo\":{\"@type\":\"ImageObject\",\"inLanguage\":\"fr-FR\",\"@id\":\"https:\/\/dk-fixiersysteme.de\/fr\/#\/schema\/logo\/image\/\",\"url\":\"https:\/\/dk-fixiersysteme.de\/wp-content\/uploads\/2024\/07\/dk-logo-kreis-blau.svg\",\"contentUrl\":\"https:\/\/dk-fixiersysteme.de\/wp-content\/uploads\/2024\/07\/dk-logo-kreis-blau.svg\",\"caption\":\"dk Fixiersysteme\"},\"image\":{\"@id\":\"https:\/\/dk-fixiersysteme.de\/fr\/#\/schema\/logo\/image\/\"}}]}<\/script>\n<!-- \/ Yoast SEO plugin. -->","yoast_head_json":{"title":"Kits pour machine de mesure par analyse d\u2019image | dk Fixiersysteme","description":"Kits pour machine de mesure par analyse d\u2019image | pour le g\u00e9nie m\u00e9canique, la m\u00e9tallurgie et les applications industrielles. Qualit\u00e9 et fiabilit\u00e9 garanties par dk Fixiersysteme, votre partenaire expert.","robots":{"index":"index","follow":"follow","max-snippet":"max-snippet:-1","max-image-preview":"max-image-preview:large","max-video-preview":"max-video-preview:-1"},"canonical":"https:\/\/dk-fixiersysteme.de\/fr\/product\/dk\/systemes-de-fixation\/schienenfix-systemes-de-fixation\/kits-schienenfix-systemes-de-fixation\/kits-standard\/kits-pour-machine-de-mesure-par-analyse-dimage\/","og_locale":"fr_FR","og_type":"article","og_title":"Kits pour machine de mesure par analyse d\u2019image | dk Fixiersysteme","og_description":"Kits pour machine de mesure par analyse d\u2019image | pour le g\u00e9nie m\u00e9canique, la m\u00e9tallurgie et les applications industrielles. Qualit\u00e9 et fiabilit\u00e9 garanties par dk Fixiersysteme, votre partenaire expert.","og_url":"https:\/\/dk-fixiersysteme.de\/fr\/product\/dk\/systemes-de-fixation\/schienenfix-systemes-de-fixation\/kits-schienenfix-systemes-de-fixation\/kits-standard\/kits-pour-machine-de-mesure-par-analyse-dimage\/","og_site_name":"dk Fixiersysteme","article_modified_time":"2025-11-13T07:06:05+00:00","og_image":[{"width":1200,"height":800,"url":"https:\/\/dk-fixiersysteme.de\/wp-content\/uploads\/2025\/04\/DK-IMG_9992_39L.jpg","type":"image\/jpeg"}],"twitter_card":"summary_large_image","schema":{"@context":"https:\/\/schema.org","@graph":[{"@type":"WebPage","@id":"https:\/\/dk-fixiersysteme.de\/fr\/product\/dk\/systemes-de-fixation\/schienenfix-systemes-de-fixation\/kits-schienenfix-systemes-de-fixation\/kits-standard\/kits-pour-machine-de-mesure-par-analyse-dimage\/","url":"https:\/\/dk-fixiersysteme.de\/fr\/product\/dk\/systemes-de-fixation\/schienenfix-systemes-de-fixation\/kits-schienenfix-systemes-de-fixation\/kits-standard\/kits-pour-machine-de-mesure-par-analyse-dimage\/","name":"Kits pour machine de mesure par analyse d\u2019image | dk Fixiersysteme","isPartOf":{"@id":"https:\/\/dk-fixiersysteme.de\/fr\/#website"},"primaryImageOfPage":{"@id":"https:\/\/dk-fixiersysteme.de\/fr\/product\/dk\/systemes-de-fixation\/schienenfix-systemes-de-fixation\/kits-schienenfix-systemes-de-fixation\/kits-standard\/kits-pour-machine-de-mesure-par-analyse-dimage\/#primaryimage"},"image":{"@id":"https:\/\/dk-fixiersysteme.de\/fr\/product\/dk\/systemes-de-fixation\/schienenfix-systemes-de-fixation\/kits-schienenfix-systemes-de-fixation\/kits-standard\/kits-pour-machine-de-mesure-par-analyse-dimage\/#primaryimage"},"thumbnailUrl":"https:\/\/dk-fixiersysteme.de\/wp-content\/uploads\/2025\/04\/DK-IMG_9992_39L.jpg","datePublished":"2025-04-15T08:32:51+00:00","dateModified":"2025-11-13T07:06:05+00:00","description":"Kits pour machine de mesure par analyse d\u2019image | pour le g\u00e9nie m\u00e9canique, la m\u00e9tallurgie et les applications industrielles. Qualit\u00e9 et fiabilit\u00e9 garanties par dk Fixiersysteme, votre partenaire expert.","breadcrumb":{"@id":"https:\/\/dk-fixiersysteme.de\/fr\/product\/dk\/systemes-de-fixation\/schienenfix-systemes-de-fixation\/kits-schienenfix-systemes-de-fixation\/kits-standard\/kits-pour-machine-de-mesure-par-analyse-dimage\/#breadcrumb"},"inLanguage":"fr-FR","potentialAction":[{"@type":"ReadAction","target":["https:\/\/dk-fixiersysteme.de\/fr\/product\/dk\/systemes-de-fixation\/schienenfix-systemes-de-fixation\/kits-schienenfix-systemes-de-fixation\/kits-standard\/kits-pour-machine-de-mesure-par-analyse-dimage\/"]}]},{"@type":"ImageObject","inLanguage":"fr-FR","@id":"https:\/\/dk-fixiersysteme.de\/fr\/product\/dk\/systemes-de-fixation\/schienenfix-systemes-de-fixation\/kits-schienenfix-systemes-de-fixation\/kits-standard\/kits-pour-machine-de-mesure-par-analyse-dimage\/#primaryimage","url":"https:\/\/dk-fixiersysteme.de\/wp-content\/uploads\/2025\/04\/DK-IMG_9992_39L.jpg","contentUrl":"https:\/\/dk-fixiersysteme.de\/wp-content\/uploads\/2025\/04\/DK-IMG_9992_39L.jpg","width":1200,"height":800},{"@type":"BreadcrumbList","@id":"https:\/\/dk-fixiersysteme.de\/fr\/product\/dk\/systemes-de-fixation\/schienenfix-systemes-de-fixation\/kits-schienenfix-systemes-de-fixation\/kits-standard\/kits-pour-machine-de-mesure-par-analyse-dimage\/#breadcrumb","itemListElement":[{"@type":"ListItem","position":1,"name":"Boutique","item":"https:\/\/dk-fixiersysteme.de\/fr\/boutique\/"},{"@type":"ListItem","position":2,"name":"dk","item":"https:\/\/dk-fixiersysteme.de\/fr\/produits\/dk\/"},{"@type":"ListItem","position":3,"name":"Syst\u00e8mes de fixation","item":"https:\/\/dk-fixiersysteme.de\/fr\/produits\/dk\/systemes-de-fixation\/"},{"@type":"ListItem","position":4,"name":"SCHIENENFIX","item":"https:\/\/dk-fixiersysteme.de\/fr\/produits\/dk\/systemes-de-fixation\/schienenfix-systemes-de-fixation\/"},{"@type":"ListItem","position":5,"name":"Kits","item":"https:\/\/dk-fixiersysteme.de\/fr\/produits\/dk\/systemes-de-fixation\/schienenfix-systemes-de-fixation\/kits-schienenfix-systemes-de-fixation\/"},{"@type":"ListItem","position":6,"name":"Kits standard","item":"https:\/\/dk-fixiersysteme.de\/fr\/produits\/dk\/systemes-de-fixation\/schienenfix-systemes-de-fixation\/kits-schienenfix-systemes-de-fixation\/kits-standard\/"},{"@type":"ListItem","position":7,"name":"Kits pour machine de mesure par analyse d\u2019image"}]},{"@type":"WebSite","@id":"https:\/\/dk-fixiersysteme.de\/fr\/#website","url":"https:\/\/dk-fixiersysteme.de\/fr\/","name":"dk FIXIERSYSTEME","description":"","publisher":{"@id":"https:\/\/dk-fixiersysteme.de\/fr\/#organization"},"potentialAction":[{"@type":"SearchAction","target":{"@type":"EntryPoint","urlTemplate":"https:\/\/dk-fixiersysteme.de\/fr\/?s={search_term_string}"},"query-input":{"@type":"PropertyValueSpecification","valueRequired":true,"valueName":"search_term_string"}}],"inLanguage":"fr-FR"},{"@type":"Organization","@id":"https:\/\/dk-fixiersysteme.de\/fr\/#organization","name":"dk Fixiersysteme","url":"https:\/\/dk-fixiersysteme.de\/fr\/","logo":{"@type":"ImageObject","inLanguage":"fr-FR","@id":"https:\/\/dk-fixiersysteme.de\/fr\/#\/schema\/logo\/image\/","url":"https:\/\/dk-fixiersysteme.de\/wp-content\/uploads\/2024\/07\/dk-logo-kreis-blau.svg","contentUrl":"https:\/\/dk-fixiersysteme.de\/wp-content\/uploads\/2024\/07\/dk-logo-kreis-blau.svg","caption":"dk Fixiersysteme"},"image":{"@id":"https:\/\/dk-fixiersysteme.de\/fr\/#\/schema\/logo\/image\/"}}]}},"_links":{"self":[{"href":"https:\/\/dk-fixiersysteme.de\/fr\/wp-json\/wp\/v2\/product\/56196","targetHints":{"allow":["GET"]}}],"collection":[{"href":"https:\/\/dk-fixiersysteme.de\/fr\/wp-json\/wp\/v2\/product"}],"about":[{"href":"https:\/\/dk-fixiersysteme.de\/fr\/wp-json\/wp\/v2\/types\/product"}],"replies":[{"embeddable":true,"href":"https:\/\/dk-fixiersysteme.de\/fr\/wp-json\/wp\/v2\/comments?post=56196"}],"version-history":[{"count":0,"href":"https:\/\/dk-fixiersysteme.de\/fr\/wp-json\/wp\/v2\/product\/56196\/revisions"}],"wp:featuredmedia":[{"embeddable":true,"href":"https:\/\/dk-fixiersysteme.de\/fr\/wp-json\/wp\/v2\/media\/32174"}],"wp:attachment":[{"href":"https:\/\/dk-fixiersysteme.de\/fr\/wp-json\/wp\/v2\/media?parent=56196"}],"wp:term":[{"taxonomy":"product_brand","embeddable":true,"href":"https:\/\/dk-fixiersysteme.de\/fr\/wp-json\/wp\/v2\/product_brand?post=56196"},{"taxonomy":"product_cat","embeddable":true,"href":"https:\/\/dk-fixiersysteme.de\/fr\/wp-json\/wp\/v2\/product_cat?post=56196"},{"taxonomy":"product_tag","embeddable":true,"href":"https:\/\/dk-fixiersysteme.de\/fr\/wp-json\/wp\/v2\/product_tag?post=56196"}],"curies":[{"name":"wp","href":"https:\/\/api.w.org\/{rel}","templated":true}]}}