{"id":56197,"date":"2025-04-15T08:32:51","date_gmt":"2025-04-15T08:32:51","guid":{"rendered":"https:\/\/dk-fixiersysteme.de\/product\/uncategorized\/kits-de-serrage-universels\/"},"modified":"2025-11-13T07:06:05","modified_gmt":"2025-11-13T07:06:05","slug":"kits-de-serrage-universels","status":"publish","type":"product","link":"https:\/\/dk-fixiersysteme.de\/fr\/product\/dk\/systemes-de-fixation\/schienenfix-systemes-de-fixation\/kits-schienenfix-systemes-de-fixation\/kits-standard\/kits-de-serrage-universels\/","title":{"rendered":"Kits de serrage universels"},"content":{"rendered":"<p>Kit de serrage pour un serrage rapide et flexible de pi\u00e8ces rondes et cubiques, comme par exemple les pi\u00e8ces en plastique, les pi\u00e8ces d\u00e9coup\u00e9es et les pi\u00e8ces tourn\u00e9es. Les \u00e9l\u00e9ments de serrage peuvent \u00eatre plac\u00e9s directement sur la table de machine ou, en cas de montage de l\u2019adaptateur \u00e0 remplacement rapide SWA39, \u00eatre positionn\u00e9s via l\u2019unit\u00e9 pivotante.<\/p>\n","protected":false},"excerpt":{"rendered":"<p>Kit de serrage pour un serrage rapide et flexible de pi\u00e8ces rondes et cubiques, comme par exemple les pi\u00e8ces en plastique, les pi\u00e8ces d\u00e9coup\u00e9es et les pi\u00e8ces tourn\u00e9es. Les \u00e9l\u00e9ments de serrage peuvent \u00eatre plac\u00e9s directement sur la table de machine ou, en cas de montage de l\u2019adaptateur \u00e0 remplacement rapide SWA39, \u00eatre positionn\u00e9s via [&hellip;]<\/p>\n","protected":false},"featured_media":4044,"comment_status":"open","ping_status":"closed","template":"","meta":{"_acf_changed":false},"product_brand":[],"product_cat":[4638],"product_tag":[],"class_list":{"0":"post-56197","1":"product","2":"type-product","3":"status-publish","4":"has-post-thumbnail","6":"product_cat-kits-standard","8":"first","9":"outofstock","10":"taxable","11":"shipping-taxable","12":"purchasable","13":"product-type-variable"},"acf":[],"yoast_head":"<!-- This site is optimized with the Yoast SEO plugin v27.2 - https:\/\/yoast.com\/product\/yoast-seo-wordpress\/ -->\n<title>Kits de serrage universels | dk Fixiersysteme<\/title>\n<meta name=\"description\" content=\"Kits de serrage universels | pour le g\u00e9nie m\u00e9canique, la m\u00e9tallurgie et les applications industrielles. Qualit\u00e9 et fiabilit\u00e9 garanties par dk Fixiersysteme, votre partenaire expert.\" \/>\n<meta name=\"robots\" content=\"index, follow, max-snippet:-1, max-image-preview:large, max-video-preview:-1\" \/>\n<link rel=\"canonical\" href=\"https:\/\/dk-fixiersysteme.de\/fr\/product\/dk\/systemes-de-fixation\/schienenfix-systemes-de-fixation\/kits-schienenfix-systemes-de-fixation\/kits-standard\/kits-de-serrage-universels\/\" \/>\n<meta property=\"og:locale\" content=\"fr_FR\" \/>\n<meta property=\"og:type\" content=\"article\" \/>\n<meta property=\"og:title\" content=\"Kits de serrage universels | dk Fixiersysteme\" \/>\n<meta property=\"og:description\" content=\"Kits de serrage universels | pour le g\u00e9nie m\u00e9canique, la m\u00e9tallurgie et les applications industrielles. Qualit\u00e9 et fiabilit\u00e9 garanties par dk Fixiersysteme, votre partenaire expert.\" \/>\n<meta property=\"og:url\" content=\"https:\/\/dk-fixiersysteme.de\/fr\/product\/dk\/systemes-de-fixation\/schienenfix-systemes-de-fixation\/kits-schienenfix-systemes-de-fixation\/kits-standard\/kits-de-serrage-universels\/\" \/>\n<meta property=\"og:site_name\" content=\"dk Fixiersysteme\" \/>\n<meta property=\"article:modified_time\" content=\"2025-11-13T07:06:05+00:00\" \/>\n<meta property=\"og:image\" content=\"https:\/\/dk-fixiersysteme.de\/wp-content\/uploads\/2024\/11\/DK-IMG_9981_39L.jpg\" \/>\n\t<meta property=\"og:image:width\" content=\"500\" \/>\n\t<meta property=\"og:image:height\" content=\"333\" \/>\n\t<meta property=\"og:image:type\" content=\"image\/jpeg\" \/>\n<meta name=\"twitter:card\" content=\"summary_large_image\" \/>\n<script type=\"application\/ld+json\" class=\"yoast-schema-graph\">{\"@context\":\"https:\/\/schema.org\",\"@graph\":[{\"@type\":\"WebPage\",\"@id\":\"https:\/\/dk-fixiersysteme.de\/fr\/product\/dk\/systemes-de-fixation\/schienenfix-systemes-de-fixation\/kits-schienenfix-systemes-de-fixation\/kits-standard\/kits-de-serrage-universels\/\",\"url\":\"https:\/\/dk-fixiersysteme.de\/fr\/product\/dk\/systemes-de-fixation\/schienenfix-systemes-de-fixation\/kits-schienenfix-systemes-de-fixation\/kits-standard\/kits-de-serrage-universels\/\",\"name\":\"Kits de serrage universels | dk Fixiersysteme\",\"isPartOf\":{\"@id\":\"https:\/\/dk-fixiersysteme.de\/fr\/#website\"},\"primaryImageOfPage\":{\"@id\":\"https:\/\/dk-fixiersysteme.de\/fr\/product\/dk\/systemes-de-fixation\/schienenfix-systemes-de-fixation\/kits-schienenfix-systemes-de-fixation\/kits-standard\/kits-de-serrage-universels\/#primaryimage\"},\"image\":{\"@id\":\"https:\/\/dk-fixiersysteme.de\/fr\/product\/dk\/systemes-de-fixation\/schienenfix-systemes-de-fixation\/kits-schienenfix-systemes-de-fixation\/kits-standard\/kits-de-serrage-universels\/#primaryimage\"},\"thumbnailUrl\":\"https:\/\/dk-fixiersysteme.de\/wp-content\/uploads\/2024\/11\/DK-IMG_9981_39L.jpg\",\"datePublished\":\"2025-04-15T08:32:51+00:00\",\"dateModified\":\"2025-11-13T07:06:05+00:00\",\"description\":\"Kits de serrage universels | pour le g\u00e9nie m\u00e9canique, la m\u00e9tallurgie et les applications industrielles. Qualit\u00e9 et fiabilit\u00e9 garanties par dk Fixiersysteme, votre partenaire expert.\",\"breadcrumb\":{\"@id\":\"https:\/\/dk-fixiersysteme.de\/fr\/product\/dk\/systemes-de-fixation\/schienenfix-systemes-de-fixation\/kits-schienenfix-systemes-de-fixation\/kits-standard\/kits-de-serrage-universels\/#breadcrumb\"},\"inLanguage\":\"fr-FR\",\"potentialAction\":[{\"@type\":\"ReadAction\",\"target\":[\"https:\/\/dk-fixiersysteme.de\/fr\/product\/dk\/systemes-de-fixation\/schienenfix-systemes-de-fixation\/kits-schienenfix-systemes-de-fixation\/kits-standard\/kits-de-serrage-universels\/\"]}]},{\"@type\":\"ImageObject\",\"inLanguage\":\"fr-FR\",\"@id\":\"https:\/\/dk-fixiersysteme.de\/fr\/product\/dk\/systemes-de-fixation\/schienenfix-systemes-de-fixation\/kits-schienenfix-systemes-de-fixation\/kits-standard\/kits-de-serrage-universels\/#primaryimage\",\"url\":\"https:\/\/dk-fixiersysteme.de\/wp-content\/uploads\/2024\/11\/DK-IMG_9981_39L.jpg\",\"contentUrl\":\"https:\/\/dk-fixiersysteme.de\/wp-content\/uploads\/2024\/11\/DK-IMG_9981_39L.jpg\",\"width\":500,\"height\":333},{\"@type\":\"BreadcrumbList\",\"@id\":\"https:\/\/dk-fixiersysteme.de\/fr\/product\/dk\/systemes-de-fixation\/schienenfix-systemes-de-fixation\/kits-schienenfix-systemes-de-fixation\/kits-standard\/kits-de-serrage-universels\/#breadcrumb\",\"itemListElement\":[{\"@type\":\"ListItem\",\"position\":1,\"name\":\"Boutique\",\"item\":\"https:\/\/dk-fixiersysteme.de\/fr\/boutique\/\"},{\"@type\":\"ListItem\",\"position\":2,\"name\":\"dk\",\"item\":\"https:\/\/dk-fixiersysteme.de\/fr\/produits\/dk\/\"},{\"@type\":\"ListItem\",\"position\":3,\"name\":\"Syst\u00e8mes de fixation\",\"item\":\"https:\/\/dk-fixiersysteme.de\/fr\/produits\/dk\/systemes-de-fixation\/\"},{\"@type\":\"ListItem\",\"position\":4,\"name\":\"SCHIENENFIX\",\"item\":\"https:\/\/dk-fixiersysteme.de\/fr\/produits\/dk\/systemes-de-fixation\/schienenfix-systemes-de-fixation\/\"},{\"@type\":\"ListItem\",\"position\":5,\"name\":\"Kits\",\"item\":\"https:\/\/dk-fixiersysteme.de\/fr\/produits\/dk\/systemes-de-fixation\/schienenfix-systemes-de-fixation\/kits-schienenfix-systemes-de-fixation\/\"},{\"@type\":\"ListItem\",\"position\":6,\"name\":\"Kits standard\",\"item\":\"https:\/\/dk-fixiersysteme.de\/fr\/produits\/dk\/systemes-de-fixation\/schienenfix-systemes-de-fixation\/kits-schienenfix-systemes-de-fixation\/kits-standard\/\"},{\"@type\":\"ListItem\",\"position\":7,\"name\":\"Kits de serrage universels\"}]},{\"@type\":\"WebSite\",\"@id\":\"https:\/\/dk-fixiersysteme.de\/fr\/#website\",\"url\":\"https:\/\/dk-fixiersysteme.de\/fr\/\",\"name\":\"dk FIXIERSYSTEME\",\"description\":\"\",\"publisher\":{\"@id\":\"https:\/\/dk-fixiersysteme.de\/fr\/#organization\"},\"potentialAction\":[{\"@type\":\"SearchAction\",\"target\":{\"@type\":\"EntryPoint\",\"urlTemplate\":\"https:\/\/dk-fixiersysteme.de\/fr\/?s={search_term_string}\"},\"query-input\":{\"@type\":\"PropertyValueSpecification\",\"valueRequired\":true,\"valueName\":\"search_term_string\"}}],\"inLanguage\":\"fr-FR\"},{\"@type\":\"Organization\",\"@id\":\"https:\/\/dk-fixiersysteme.de\/fr\/#organization\",\"name\":\"dk Fixiersysteme\",\"url\":\"https:\/\/dk-fixiersysteme.de\/fr\/\",\"logo\":{\"@type\":\"ImageObject\",\"inLanguage\":\"fr-FR\",\"@id\":\"https:\/\/dk-fixiersysteme.de\/fr\/#\/schema\/logo\/image\/\",\"url\":\"https:\/\/dk-fixiersysteme.de\/wp-content\/uploads\/2024\/07\/dk-logo-kreis-blau.svg\",\"contentUrl\":\"https:\/\/dk-fixiersysteme.de\/wp-content\/uploads\/2024\/07\/dk-logo-kreis-blau.svg\",\"caption\":\"dk Fixiersysteme\"},\"image\":{\"@id\":\"https:\/\/dk-fixiersysteme.de\/fr\/#\/schema\/logo\/image\/\"}}]}<\/script>\n<!-- \/ Yoast SEO plugin. -->","yoast_head_json":{"title":"Kits de serrage universels | dk Fixiersysteme","description":"Kits de serrage universels | pour le g\u00e9nie m\u00e9canique, la m\u00e9tallurgie et les applications industrielles. Qualit\u00e9 et fiabilit\u00e9 garanties par dk Fixiersysteme, votre partenaire expert.","robots":{"index":"index","follow":"follow","max-snippet":"max-snippet:-1","max-image-preview":"max-image-preview:large","max-video-preview":"max-video-preview:-1"},"canonical":"https:\/\/dk-fixiersysteme.de\/fr\/product\/dk\/systemes-de-fixation\/schienenfix-systemes-de-fixation\/kits-schienenfix-systemes-de-fixation\/kits-standard\/kits-de-serrage-universels\/","og_locale":"fr_FR","og_type":"article","og_title":"Kits de serrage universels | dk Fixiersysteme","og_description":"Kits de serrage universels | pour le g\u00e9nie m\u00e9canique, la m\u00e9tallurgie et les applications industrielles. Qualit\u00e9 et fiabilit\u00e9 garanties par dk Fixiersysteme, votre partenaire expert.","og_url":"https:\/\/dk-fixiersysteme.de\/fr\/product\/dk\/systemes-de-fixation\/schienenfix-systemes-de-fixation\/kits-schienenfix-systemes-de-fixation\/kits-standard\/kits-de-serrage-universels\/","og_site_name":"dk Fixiersysteme","article_modified_time":"2025-11-13T07:06:05+00:00","og_image":[{"width":500,"height":333,"url":"https:\/\/dk-fixiersysteme.de\/wp-content\/uploads\/2024\/11\/DK-IMG_9981_39L.jpg","type":"image\/jpeg"}],"twitter_card":"summary_large_image","schema":{"@context":"https:\/\/schema.org","@graph":[{"@type":"WebPage","@id":"https:\/\/dk-fixiersysteme.de\/fr\/product\/dk\/systemes-de-fixation\/schienenfix-systemes-de-fixation\/kits-schienenfix-systemes-de-fixation\/kits-standard\/kits-de-serrage-universels\/","url":"https:\/\/dk-fixiersysteme.de\/fr\/product\/dk\/systemes-de-fixation\/schienenfix-systemes-de-fixation\/kits-schienenfix-systemes-de-fixation\/kits-standard\/kits-de-serrage-universels\/","name":"Kits de serrage universels | dk Fixiersysteme","isPartOf":{"@id":"https:\/\/dk-fixiersysteme.de\/fr\/#website"},"primaryImageOfPage":{"@id":"https:\/\/dk-fixiersysteme.de\/fr\/product\/dk\/systemes-de-fixation\/schienenfix-systemes-de-fixation\/kits-schienenfix-systemes-de-fixation\/kits-standard\/kits-de-serrage-universels\/#primaryimage"},"image":{"@id":"https:\/\/dk-fixiersysteme.de\/fr\/product\/dk\/systemes-de-fixation\/schienenfix-systemes-de-fixation\/kits-schienenfix-systemes-de-fixation\/kits-standard\/kits-de-serrage-universels\/#primaryimage"},"thumbnailUrl":"https:\/\/dk-fixiersysteme.de\/wp-content\/uploads\/2024\/11\/DK-IMG_9981_39L.jpg","datePublished":"2025-04-15T08:32:51+00:00","dateModified":"2025-11-13T07:06:05+00:00","description":"Kits de serrage universels | pour le g\u00e9nie m\u00e9canique, la m\u00e9tallurgie et les applications industrielles. Qualit\u00e9 et fiabilit\u00e9 garanties par dk Fixiersysteme, votre partenaire expert.","breadcrumb":{"@id":"https:\/\/dk-fixiersysteme.de\/fr\/product\/dk\/systemes-de-fixation\/schienenfix-systemes-de-fixation\/kits-schienenfix-systemes-de-fixation\/kits-standard\/kits-de-serrage-universels\/#breadcrumb"},"inLanguage":"fr-FR","potentialAction":[{"@type":"ReadAction","target":["https:\/\/dk-fixiersysteme.de\/fr\/product\/dk\/systemes-de-fixation\/schienenfix-systemes-de-fixation\/kits-schienenfix-systemes-de-fixation\/kits-standard\/kits-de-serrage-universels\/"]}]},{"@type":"ImageObject","inLanguage":"fr-FR","@id":"https:\/\/dk-fixiersysteme.de\/fr\/product\/dk\/systemes-de-fixation\/schienenfix-systemes-de-fixation\/kits-schienenfix-systemes-de-fixation\/kits-standard\/kits-de-serrage-universels\/#primaryimage","url":"https:\/\/dk-fixiersysteme.de\/wp-content\/uploads\/2024\/11\/DK-IMG_9981_39L.jpg","contentUrl":"https:\/\/dk-fixiersysteme.de\/wp-content\/uploads\/2024\/11\/DK-IMG_9981_39L.jpg","width":500,"height":333},{"@type":"BreadcrumbList","@id":"https:\/\/dk-fixiersysteme.de\/fr\/product\/dk\/systemes-de-fixation\/schienenfix-systemes-de-fixation\/kits-schienenfix-systemes-de-fixation\/kits-standard\/kits-de-serrage-universels\/#breadcrumb","itemListElement":[{"@type":"ListItem","position":1,"name":"Boutique","item":"https:\/\/dk-fixiersysteme.de\/fr\/boutique\/"},{"@type":"ListItem","position":2,"name":"dk","item":"https:\/\/dk-fixiersysteme.de\/fr\/produits\/dk\/"},{"@type":"ListItem","position":3,"name":"Syst\u00e8mes de fixation","item":"https:\/\/dk-fixiersysteme.de\/fr\/produits\/dk\/systemes-de-fixation\/"},{"@type":"ListItem","position":4,"name":"SCHIENENFIX","item":"https:\/\/dk-fixiersysteme.de\/fr\/produits\/dk\/systemes-de-fixation\/schienenfix-systemes-de-fixation\/"},{"@type":"ListItem","position":5,"name":"Kits","item":"https:\/\/dk-fixiersysteme.de\/fr\/produits\/dk\/systemes-de-fixation\/schienenfix-systemes-de-fixation\/kits-schienenfix-systemes-de-fixation\/"},{"@type":"ListItem","position":6,"name":"Kits standard","item":"https:\/\/dk-fixiersysteme.de\/fr\/produits\/dk\/systemes-de-fixation\/schienenfix-systemes-de-fixation\/kits-schienenfix-systemes-de-fixation\/kits-standard\/"},{"@type":"ListItem","position":7,"name":"Kits de serrage universels"}]},{"@type":"WebSite","@id":"https:\/\/dk-fixiersysteme.de\/fr\/#website","url":"https:\/\/dk-fixiersysteme.de\/fr\/","name":"dk FIXIERSYSTEME","description":"","publisher":{"@id":"https:\/\/dk-fixiersysteme.de\/fr\/#organization"},"potentialAction":[{"@type":"SearchAction","target":{"@type":"EntryPoint","urlTemplate":"https:\/\/dk-fixiersysteme.de\/fr\/?s={search_term_string}"},"query-input":{"@type":"PropertyValueSpecification","valueRequired":true,"valueName":"search_term_string"}}],"inLanguage":"fr-FR"},{"@type":"Organization","@id":"https:\/\/dk-fixiersysteme.de\/fr\/#organization","name":"dk Fixiersysteme","url":"https:\/\/dk-fixiersysteme.de\/fr\/","logo":{"@type":"ImageObject","inLanguage":"fr-FR","@id":"https:\/\/dk-fixiersysteme.de\/fr\/#\/schema\/logo\/image\/","url":"https:\/\/dk-fixiersysteme.de\/wp-content\/uploads\/2024\/07\/dk-logo-kreis-blau.svg","contentUrl":"https:\/\/dk-fixiersysteme.de\/wp-content\/uploads\/2024\/07\/dk-logo-kreis-blau.svg","caption":"dk Fixiersysteme"},"image":{"@id":"https:\/\/dk-fixiersysteme.de\/fr\/#\/schema\/logo\/image\/"}}]}},"_links":{"self":[{"href":"https:\/\/dk-fixiersysteme.de\/fr\/wp-json\/wp\/v2\/product\/56197","targetHints":{"allow":["GET"]}}],"collection":[{"href":"https:\/\/dk-fixiersysteme.de\/fr\/wp-json\/wp\/v2\/product"}],"about":[{"href":"https:\/\/dk-fixiersysteme.de\/fr\/wp-json\/wp\/v2\/types\/product"}],"replies":[{"embeddable":true,"href":"https:\/\/dk-fixiersysteme.de\/fr\/wp-json\/wp\/v2\/comments?post=56197"}],"version-history":[{"count":0,"href":"https:\/\/dk-fixiersysteme.de\/fr\/wp-json\/wp\/v2\/product\/56197\/revisions"}],"wp:featuredmedia":[{"embeddable":true,"href":"https:\/\/dk-fixiersysteme.de\/fr\/wp-json\/wp\/v2\/media\/4044"}],"wp:attachment":[{"href":"https:\/\/dk-fixiersysteme.de\/fr\/wp-json\/wp\/v2\/media?parent=56197"}],"wp:term":[{"taxonomy":"product_brand","embeddable":true,"href":"https:\/\/dk-fixiersysteme.de\/fr\/wp-json\/wp\/v2\/product_brand?post=56197"},{"taxonomy":"product_cat","embeddable":true,"href":"https:\/\/dk-fixiersysteme.de\/fr\/wp-json\/wp\/v2\/product_cat?post=56197"},{"taxonomy":"product_tag","embeddable":true,"href":"https:\/\/dk-fixiersysteme.de\/fr\/wp-json\/wp\/v2\/product_tag?post=56197"}],"curies":[{"name":"wp","href":"https:\/\/api.w.org\/{rel}","templated":true}]}}