{"id":56227,"date":"2025-04-15T08:33:04","date_gmt":"2025-04-15T08:33:04","guid":{"rendered":"https:\/\/dk-fixiersysteme.de\/product\/uncategorized\/unite-pivotante-avec-tete-a-engrenages\/"},"modified":"2025-11-13T07:06:33","modified_gmt":"2025-11-13T07:06:33","slug":"unite-pivotante-avec-tete-a-engrenages","status":"publish","type":"product","link":"https:\/\/dk-fixiersysteme.de\/fr\/product\/dk\/systemes-de-fixation\/swa39-surf-systemes-de-fixation\/elements-de-montage-swa39-surf-systemes-de-fixation\/unite-pivotante-avec-tete-a-engrenages\/","title":{"rendered":"Unit\u00e9 pivotante avec t\u00eate \u00e0 engrenages"},"content":{"rendered":"<p>T\u00eate \u00e0 engrenages 3D pour un positionnement rapide et flexible de pi\u00e8ces dans l\u2019espace. L\u2019ensemble de l\u2019unit\u00e9 pivotante ainsi que les griffes \u00e0 serrage rapide sup\u00e9rieures peuvent pivoter \u00e0 360\u00b0. Orientables jusqu\u2019\u00e0 90\u00b0 au moyen de deux goniom\u00e8tres s\u00e9par\u00e9s et d\u2019un dispositif de basculement. Mont\u00e9es sur adaptateur \u00e0 remplacement rapide SWA 39.Gr\u00e2ce \u00e0 la graduation de tous les axes, un serrage reproductible est tout \u00e0 fait possible.<br \/>\n Mati\u00e8re : Corps de base en aluminium \u00e0 rev\u00eatement dur. Guides et entra\u00eenement en laiton \/ acier.<\/p>\n","protected":false},"excerpt":{"rendered":"<p>T\u00eate \u00e0 engrenages 3D pour un positionnement rapide et flexible de pi\u00e8ces dans l\u2019espace. L\u2019ensemble de l\u2019unit\u00e9 pivotante ainsi que les griffes \u00e0 serrage rapide sup\u00e9rieures peuvent pivoter \u00e0 360\u00b0. Orientables jusqu\u2019\u00e0 90\u00b0 au moyen de deux goniom\u00e8tres s\u00e9par\u00e9s et d\u2019un dispositif de basculement. Mont\u00e9es sur adaptateur \u00e0 remplacement rapide SWA 39.Gr\u00e2ce \u00e0 la graduation [&hellip;]<\/p>\n","protected":false},"featured_media":22402,"comment_status":"open","ping_status":"closed","template":"","meta":{"_acf_changed":false},"product_brand":[],"product_cat":[4642,4644],"product_tag":[],"class_list":{"0":"post-56227","1":"product","2":"type-product","3":"status-publish","4":"has-post-thumbnail","6":"product_cat-elements-de-montage-swa39-systemes-de-fixation","7":"product_cat-elements-de-montage-swa39-surf-systemes-de-fixation","9":"first","10":"instock","11":"taxable","12":"shipping-taxable","13":"purchasable","14":"product-type-variable"},"acf":[],"yoast_head":"<!-- This site is optimized with the Yoast SEO plugin v27.2 - https:\/\/yoast.com\/product\/yoast-seo-wordpress\/ -->\n<title>Unit\u00e9 pivotante avec t\u00eate \u00e0 engrenages | dk Fixiersysteme<\/title>\n<meta name=\"description\" content=\"Unit\u00e9 pivotante avec t\u00eate \u00e0 engrenages | pour le g\u00e9nie m\u00e9canique, la m\u00e9tallurgie et les applications industrielles. Qualit\u00e9 et fiabilit\u00e9 garanties par dk Fixiersysteme, votre partenaire expert.\" \/>\n<meta name=\"robots\" content=\"index, follow, max-snippet:-1, max-image-preview:large, max-video-preview:-1\" \/>\n<link rel=\"canonical\" href=\"https:\/\/dk-fixiersysteme.de\/fr\/product\/dk\/systemes-de-fixation\/swa39-surf-systemes-de-fixation\/elements-de-montage-swa39-surf-systemes-de-fixation\/unite-pivotante-avec-tete-a-engrenages\/\" \/>\n<meta property=\"og:locale\" content=\"fr_FR\" \/>\n<meta property=\"og:type\" content=\"article\" \/>\n<meta property=\"og:title\" content=\"Unit\u00e9 pivotante avec t\u00eate \u00e0 engrenages | dk Fixiersysteme\" \/>\n<meta property=\"og:description\" content=\"Unit\u00e9 pivotante avec t\u00eate \u00e0 engrenages | pour le g\u00e9nie m\u00e9canique, la m\u00e9tallurgie et les applications industrielles. Qualit\u00e9 et fiabilit\u00e9 garanties par dk Fixiersysteme, votre partenaire expert.\" \/>\n<meta property=\"og:url\" content=\"https:\/\/dk-fixiersysteme.de\/fr\/product\/dk\/systemes-de-fixation\/swa39-surf-systemes-de-fixation\/elements-de-montage-swa39-surf-systemes-de-fixation\/unite-pivotante-avec-tete-a-engrenages\/\" \/>\n<meta property=\"og:site_name\" content=\"dk Fixiersysteme\" \/>\n<meta property=\"article:modified_time\" content=\"2025-11-13T07:06:33+00:00\" \/>\n<meta property=\"og:image\" content=\"https:\/\/dk-fixiersysteme.de\/wp-content\/uploads\/2025\/03\/270650.jpg\" \/>\n\t<meta property=\"og:image:width\" content=\"500\" \/>\n\t<meta property=\"og:image:height\" content=\"333\" \/>\n\t<meta property=\"og:image:type\" content=\"image\/jpeg\" \/>\n<meta name=\"twitter:card\" content=\"summary_large_image\" \/>\n<script type=\"application\/ld+json\" class=\"yoast-schema-graph\">{\"@context\":\"https:\/\/schema.org\",\"@graph\":[{\"@type\":\"WebPage\",\"@id\":\"https:\/\/dk-fixiersysteme.de\/fr\/product\/dk\/systemes-de-fixation\/swa39-surf-systemes-de-fixation\/elements-de-montage-swa39-surf-systemes-de-fixation\/unite-pivotante-avec-tete-a-engrenages\/\",\"url\":\"https:\/\/dk-fixiersysteme.de\/fr\/product\/dk\/systemes-de-fixation\/swa39-surf-systemes-de-fixation\/elements-de-montage-swa39-surf-systemes-de-fixation\/unite-pivotante-avec-tete-a-engrenages\/\",\"name\":\"Unit\u00e9 pivotante avec t\u00eate \u00e0 engrenages | dk Fixiersysteme\",\"isPartOf\":{\"@id\":\"https:\/\/dk-fixiersysteme.de\/fr\/#website\"},\"primaryImageOfPage\":{\"@id\":\"https:\/\/dk-fixiersysteme.de\/fr\/product\/dk\/systemes-de-fixation\/swa39-surf-systemes-de-fixation\/elements-de-montage-swa39-surf-systemes-de-fixation\/unite-pivotante-avec-tete-a-engrenages\/#primaryimage\"},\"image\":{\"@id\":\"https:\/\/dk-fixiersysteme.de\/fr\/product\/dk\/systemes-de-fixation\/swa39-surf-systemes-de-fixation\/elements-de-montage-swa39-surf-systemes-de-fixation\/unite-pivotante-avec-tete-a-engrenages\/#primaryimage\"},\"thumbnailUrl\":\"https:\/\/dk-fixiersysteme.de\/wp-content\/uploads\/2025\/03\/270650.jpg\",\"datePublished\":\"2025-04-15T08:33:04+00:00\",\"dateModified\":\"2025-11-13T07:06:33+00:00\",\"description\":\"Unit\u00e9 pivotante avec t\u00eate \u00e0 engrenages | pour le g\u00e9nie m\u00e9canique, la m\u00e9tallurgie et les applications industrielles. Qualit\u00e9 et fiabilit\u00e9 garanties par dk Fixiersysteme, votre partenaire expert.\",\"breadcrumb\":{\"@id\":\"https:\/\/dk-fixiersysteme.de\/fr\/product\/dk\/systemes-de-fixation\/swa39-surf-systemes-de-fixation\/elements-de-montage-swa39-surf-systemes-de-fixation\/unite-pivotante-avec-tete-a-engrenages\/#breadcrumb\"},\"inLanguage\":\"fr-FR\",\"potentialAction\":[{\"@type\":\"ReadAction\",\"target\":[\"https:\/\/dk-fixiersysteme.de\/fr\/product\/dk\/systemes-de-fixation\/swa39-surf-systemes-de-fixation\/elements-de-montage-swa39-surf-systemes-de-fixation\/unite-pivotante-avec-tete-a-engrenages\/\"]}]},{\"@type\":\"ImageObject\",\"inLanguage\":\"fr-FR\",\"@id\":\"https:\/\/dk-fixiersysteme.de\/fr\/product\/dk\/systemes-de-fixation\/swa39-surf-systemes-de-fixation\/elements-de-montage-swa39-surf-systemes-de-fixation\/unite-pivotante-avec-tete-a-engrenages\/#primaryimage\",\"url\":\"https:\/\/dk-fixiersysteme.de\/wp-content\/uploads\/2025\/03\/270650.jpg\",\"contentUrl\":\"https:\/\/dk-fixiersysteme.de\/wp-content\/uploads\/2025\/03\/270650.jpg\",\"width\":500,\"height\":333},{\"@type\":\"BreadcrumbList\",\"@id\":\"https:\/\/dk-fixiersysteme.de\/fr\/product\/dk\/systemes-de-fixation\/swa39-surf-systemes-de-fixation\/elements-de-montage-swa39-surf-systemes-de-fixation\/unite-pivotante-avec-tete-a-engrenages\/#breadcrumb\",\"itemListElement\":[{\"@type\":\"ListItem\",\"position\":1,\"name\":\"Boutique\",\"item\":\"https:\/\/dk-fixiersysteme.de\/fr\/boutique\/\"},{\"@type\":\"ListItem\",\"position\":2,\"name\":\"dk\",\"item\":\"https:\/\/dk-fixiersysteme.de\/fr\/produits\/dk\/\"},{\"@type\":\"ListItem\",\"position\":3,\"name\":\"Syst\u00e8mes de fixation\",\"item\":\"https:\/\/dk-fixiersysteme.de\/fr\/produits\/dk\/systemes-de-fixation\/\"},{\"@type\":\"ListItem\",\"position\":4,\"name\":\"SWA39\",\"item\":\"https:\/\/dk-fixiersysteme.de\/fr\/produits\/dk\/systemes-de-fixation\/swa39-systemes-de-fixation\/\"},{\"@type\":\"ListItem\",\"position\":5,\"name\":\"\u00c9l\u00e9ments de montage\",\"item\":\"https:\/\/dk-fixiersysteme.de\/fr\/produits\/dk\/systemes-de-fixation\/swa39-systemes-de-fixation\/elements-de-montage-swa39-systemes-de-fixation\/\"},{\"@type\":\"ListItem\",\"position\":6,\"name\":\"Unit\u00e9 pivotante avec t\u00eate \u00e0 engrenages\"}]},{\"@type\":\"WebSite\",\"@id\":\"https:\/\/dk-fixiersysteme.de\/fr\/#website\",\"url\":\"https:\/\/dk-fixiersysteme.de\/fr\/\",\"name\":\"dk FIXIERSYSTEME\",\"description\":\"\",\"publisher\":{\"@id\":\"https:\/\/dk-fixiersysteme.de\/fr\/#organization\"},\"potentialAction\":[{\"@type\":\"SearchAction\",\"target\":{\"@type\":\"EntryPoint\",\"urlTemplate\":\"https:\/\/dk-fixiersysteme.de\/fr\/?s={search_term_string}\"},\"query-input\":{\"@type\":\"PropertyValueSpecification\",\"valueRequired\":true,\"valueName\":\"search_term_string\"}}],\"inLanguage\":\"fr-FR\"},{\"@type\":\"Organization\",\"@id\":\"https:\/\/dk-fixiersysteme.de\/fr\/#organization\",\"name\":\"dk Fixiersysteme\",\"url\":\"https:\/\/dk-fixiersysteme.de\/fr\/\",\"logo\":{\"@type\":\"ImageObject\",\"inLanguage\":\"fr-FR\",\"@id\":\"https:\/\/dk-fixiersysteme.de\/fr\/#\/schema\/logo\/image\/\",\"url\":\"https:\/\/dk-fixiersysteme.de\/wp-content\/uploads\/2024\/07\/dk-logo-kreis-blau.svg\",\"contentUrl\":\"https:\/\/dk-fixiersysteme.de\/wp-content\/uploads\/2024\/07\/dk-logo-kreis-blau.svg\",\"caption\":\"dk Fixiersysteme\"},\"image\":{\"@id\":\"https:\/\/dk-fixiersysteme.de\/fr\/#\/schema\/logo\/image\/\"}}]}<\/script>\n<!-- \/ Yoast SEO plugin. -->","yoast_head_json":{"title":"Unit\u00e9 pivotante avec t\u00eate \u00e0 engrenages | dk Fixiersysteme","description":"Unit\u00e9 pivotante avec t\u00eate \u00e0 engrenages | pour le g\u00e9nie m\u00e9canique, la m\u00e9tallurgie et les applications industrielles. Qualit\u00e9 et fiabilit\u00e9 garanties par dk Fixiersysteme, votre partenaire expert.","robots":{"index":"index","follow":"follow","max-snippet":"max-snippet:-1","max-image-preview":"max-image-preview:large","max-video-preview":"max-video-preview:-1"},"canonical":"https:\/\/dk-fixiersysteme.de\/fr\/product\/dk\/systemes-de-fixation\/swa39-surf-systemes-de-fixation\/elements-de-montage-swa39-surf-systemes-de-fixation\/unite-pivotante-avec-tete-a-engrenages\/","og_locale":"fr_FR","og_type":"article","og_title":"Unit\u00e9 pivotante avec t\u00eate \u00e0 engrenages | dk Fixiersysteme","og_description":"Unit\u00e9 pivotante avec t\u00eate \u00e0 engrenages | pour le g\u00e9nie m\u00e9canique, la m\u00e9tallurgie et les applications industrielles. Qualit\u00e9 et fiabilit\u00e9 garanties par dk Fixiersysteme, votre partenaire expert.","og_url":"https:\/\/dk-fixiersysteme.de\/fr\/product\/dk\/systemes-de-fixation\/swa39-surf-systemes-de-fixation\/elements-de-montage-swa39-surf-systemes-de-fixation\/unite-pivotante-avec-tete-a-engrenages\/","og_site_name":"dk Fixiersysteme","article_modified_time":"2025-11-13T07:06:33+00:00","og_image":[{"width":500,"height":333,"url":"https:\/\/dk-fixiersysteme.de\/wp-content\/uploads\/2025\/03\/270650.jpg","type":"image\/jpeg"}],"twitter_card":"summary_large_image","schema":{"@context":"https:\/\/schema.org","@graph":[{"@type":"WebPage","@id":"https:\/\/dk-fixiersysteme.de\/fr\/product\/dk\/systemes-de-fixation\/swa39-surf-systemes-de-fixation\/elements-de-montage-swa39-surf-systemes-de-fixation\/unite-pivotante-avec-tete-a-engrenages\/","url":"https:\/\/dk-fixiersysteme.de\/fr\/product\/dk\/systemes-de-fixation\/swa39-surf-systemes-de-fixation\/elements-de-montage-swa39-surf-systemes-de-fixation\/unite-pivotante-avec-tete-a-engrenages\/","name":"Unit\u00e9 pivotante avec t\u00eate \u00e0 engrenages | dk Fixiersysteme","isPartOf":{"@id":"https:\/\/dk-fixiersysteme.de\/fr\/#website"},"primaryImageOfPage":{"@id":"https:\/\/dk-fixiersysteme.de\/fr\/product\/dk\/systemes-de-fixation\/swa39-surf-systemes-de-fixation\/elements-de-montage-swa39-surf-systemes-de-fixation\/unite-pivotante-avec-tete-a-engrenages\/#primaryimage"},"image":{"@id":"https:\/\/dk-fixiersysteme.de\/fr\/product\/dk\/systemes-de-fixation\/swa39-surf-systemes-de-fixation\/elements-de-montage-swa39-surf-systemes-de-fixation\/unite-pivotante-avec-tete-a-engrenages\/#primaryimage"},"thumbnailUrl":"https:\/\/dk-fixiersysteme.de\/wp-content\/uploads\/2025\/03\/270650.jpg","datePublished":"2025-04-15T08:33:04+00:00","dateModified":"2025-11-13T07:06:33+00:00","description":"Unit\u00e9 pivotante avec t\u00eate \u00e0 engrenages | pour le g\u00e9nie m\u00e9canique, la m\u00e9tallurgie et les applications industrielles. Qualit\u00e9 et fiabilit\u00e9 garanties par dk Fixiersysteme, votre partenaire expert.","breadcrumb":{"@id":"https:\/\/dk-fixiersysteme.de\/fr\/product\/dk\/systemes-de-fixation\/swa39-surf-systemes-de-fixation\/elements-de-montage-swa39-surf-systemes-de-fixation\/unite-pivotante-avec-tete-a-engrenages\/#breadcrumb"},"inLanguage":"fr-FR","potentialAction":[{"@type":"ReadAction","target":["https:\/\/dk-fixiersysteme.de\/fr\/product\/dk\/systemes-de-fixation\/swa39-surf-systemes-de-fixation\/elements-de-montage-swa39-surf-systemes-de-fixation\/unite-pivotante-avec-tete-a-engrenages\/"]}]},{"@type":"ImageObject","inLanguage":"fr-FR","@id":"https:\/\/dk-fixiersysteme.de\/fr\/product\/dk\/systemes-de-fixation\/swa39-surf-systemes-de-fixation\/elements-de-montage-swa39-surf-systemes-de-fixation\/unite-pivotante-avec-tete-a-engrenages\/#primaryimage","url":"https:\/\/dk-fixiersysteme.de\/wp-content\/uploads\/2025\/03\/270650.jpg","contentUrl":"https:\/\/dk-fixiersysteme.de\/wp-content\/uploads\/2025\/03\/270650.jpg","width":500,"height":333},{"@type":"BreadcrumbList","@id":"https:\/\/dk-fixiersysteme.de\/fr\/product\/dk\/systemes-de-fixation\/swa39-surf-systemes-de-fixation\/elements-de-montage-swa39-surf-systemes-de-fixation\/unite-pivotante-avec-tete-a-engrenages\/#breadcrumb","itemListElement":[{"@type":"ListItem","position":1,"name":"Boutique","item":"https:\/\/dk-fixiersysteme.de\/fr\/boutique\/"},{"@type":"ListItem","position":2,"name":"dk","item":"https:\/\/dk-fixiersysteme.de\/fr\/produits\/dk\/"},{"@type":"ListItem","position":3,"name":"Syst\u00e8mes de fixation","item":"https:\/\/dk-fixiersysteme.de\/fr\/produits\/dk\/systemes-de-fixation\/"},{"@type":"ListItem","position":4,"name":"SWA39","item":"https:\/\/dk-fixiersysteme.de\/fr\/produits\/dk\/systemes-de-fixation\/swa39-systemes-de-fixation\/"},{"@type":"ListItem","position":5,"name":"\u00c9l\u00e9ments de montage","item":"https:\/\/dk-fixiersysteme.de\/fr\/produits\/dk\/systemes-de-fixation\/swa39-systemes-de-fixation\/elements-de-montage-swa39-systemes-de-fixation\/"},{"@type":"ListItem","position":6,"name":"Unit\u00e9 pivotante avec t\u00eate \u00e0 engrenages"}]},{"@type":"WebSite","@id":"https:\/\/dk-fixiersysteme.de\/fr\/#website","url":"https:\/\/dk-fixiersysteme.de\/fr\/","name":"dk FIXIERSYSTEME","description":"","publisher":{"@id":"https:\/\/dk-fixiersysteme.de\/fr\/#organization"},"potentialAction":[{"@type":"SearchAction","target":{"@type":"EntryPoint","urlTemplate":"https:\/\/dk-fixiersysteme.de\/fr\/?s={search_term_string}"},"query-input":{"@type":"PropertyValueSpecification","valueRequired":true,"valueName":"search_term_string"}}],"inLanguage":"fr-FR"},{"@type":"Organization","@id":"https:\/\/dk-fixiersysteme.de\/fr\/#organization","name":"dk Fixiersysteme","url":"https:\/\/dk-fixiersysteme.de\/fr\/","logo":{"@type":"ImageObject","inLanguage":"fr-FR","@id":"https:\/\/dk-fixiersysteme.de\/fr\/#\/schema\/logo\/image\/","url":"https:\/\/dk-fixiersysteme.de\/wp-content\/uploads\/2024\/07\/dk-logo-kreis-blau.svg","contentUrl":"https:\/\/dk-fixiersysteme.de\/wp-content\/uploads\/2024\/07\/dk-logo-kreis-blau.svg","caption":"dk Fixiersysteme"},"image":{"@id":"https:\/\/dk-fixiersysteme.de\/fr\/#\/schema\/logo\/image\/"}}]}},"_links":{"self":[{"href":"https:\/\/dk-fixiersysteme.de\/fr\/wp-json\/wp\/v2\/product\/56227","targetHints":{"allow":["GET"]}}],"collection":[{"href":"https:\/\/dk-fixiersysteme.de\/fr\/wp-json\/wp\/v2\/product"}],"about":[{"href":"https:\/\/dk-fixiersysteme.de\/fr\/wp-json\/wp\/v2\/types\/product"}],"replies":[{"embeddable":true,"href":"https:\/\/dk-fixiersysteme.de\/fr\/wp-json\/wp\/v2\/comments?post=56227"}],"version-history":[{"count":0,"href":"https:\/\/dk-fixiersysteme.de\/fr\/wp-json\/wp\/v2\/product\/56227\/revisions"}],"wp:featuredmedia":[{"embeddable":true,"href":"https:\/\/dk-fixiersysteme.de\/fr\/wp-json\/wp\/v2\/media\/22402"}],"wp:attachment":[{"href":"https:\/\/dk-fixiersysteme.de\/fr\/wp-json\/wp\/v2\/media?parent=56227"}],"wp:term":[{"taxonomy":"product_brand","embeddable":true,"href":"https:\/\/dk-fixiersysteme.de\/fr\/wp-json\/wp\/v2\/product_brand?post=56227"},{"taxonomy":"product_cat","embeddable":true,"href":"https:\/\/dk-fixiersysteme.de\/fr\/wp-json\/wp\/v2\/product_cat?post=56227"},{"taxonomy":"product_tag","embeddable":true,"href":"https:\/\/dk-fixiersysteme.de\/fr\/wp-json\/wp\/v2\/product_tag?post=56227"}],"curies":[{"name":"wp","href":"https:\/\/api.w.org\/{rel}","templated":true}]}}