{"id":56273,"date":"2025-04-15T08:33:29","date_gmt":"2025-04-15T08:33:29","guid":{"rendered":"https:\/\/dk-fixiersysteme.de\/product\/uncategorized\/mandrin-de-precision-a-trois-mors-100-mm\/"},"modified":"2025-11-13T07:07:30","modified_gmt":"2025-11-13T07:07:30","slug":"mandrin-de-precision-a-trois-mors-100-mm","status":"publish","type":"product","link":"https:\/\/dk-fixiersysteme.de\/fr\/product\/dk\/systemes-de-fixation\/swa39-surf-systemes-de-fixation\/elements-de-bridage-swa39-surf-systemes-de-fixation\/mandrin-de-precision-a-trois-mors-100-mm\/","title":{"rendered":"Mandrin de pr\u00e9cision \u00e0 trois mors 100 mm"},"content":{"rendered":"<p>Mandrin \u00e0 couronne \u00e0 trois mors actionnable \u00e0 la main avec mors r\u00e9versibles sans outil pour le bridage int\u00e9rieur et ext\u00e9rieur de pi\u00e8ces \u00e0 sym\u00e9trie de rotation. Avec trous pour broches \u00d8 3, profondeur 8 mm et 3 kits de broches de diff\u00e9rentes hauteurs permettant une fixation sur\u00e9lev\u00e9e des pi\u00e8ces afin qu\u2019elles soient accessibles de tous les c\u00f4t\u00e9s.Pr\u00e9cision du mandrin \u00e0 mors sans autres extensions :Concentricit\u00e9 &lt; 0,03 mmPlan\u00e9it\u00e9 &lt; 0,01 mmR\u00e9p\u00e9tabilit\u00e9 &lt; 0,01 mmCorps en aluminium pour r\u00e9duire le poids.Avec adaptateur \u00e0 remplacement rapide SWA 39.\u00c9galement disponible avec al\u00e9sage de fixation.<br \/>\n Mati\u00e8re : Aluminium \u00e0 rev\u00eatement dur. Mors en acier, tremp\u00e9s.<br \/>\n Contenu de la livraison : Avec outil de r\u00e9glage et 3 kits de 3 broches de longueurs 12, 18 et 24 mm.<\/p>\n","protected":false},"excerpt":{"rendered":"<p>Mandrin \u00e0 couronne \u00e0 trois mors actionnable \u00e0 la main avec mors r\u00e9versibles sans outil pour le bridage int\u00e9rieur et ext\u00e9rieur de pi\u00e8ces \u00e0 sym\u00e9trie de rotation. Avec trous pour broches \u00d8 3, profondeur 8 mm et 3 kits de broches de diff\u00e9rentes hauteurs permettant une fixation sur\u00e9lev\u00e9e des pi\u00e8ces afin qu\u2019elles soient accessibles de [&hellip;]<\/p>\n","protected":false},"featured_media":32296,"comment_status":"open","ping_status":"closed","template":"","meta":{"_acf_changed":false},"product_brand":[],"product_cat":[4629,4647],"product_tag":[],"class_list":{"0":"post-56273","1":"product","2":"type-product","3":"status-publish","4":"has-post-thumbnail","6":"product_cat-mandrins-a-trois-mors","7":"product_cat-elements-de-bridage-swa39-surf-systemes-de-fixation","9":"first","10":"instock","11":"taxable","12":"shipping-taxable","13":"purchasable","14":"product-type-variable"},"acf":[],"yoast_head":"<!-- This site is optimized with the Yoast SEO plugin v27.2 - https:\/\/yoast.com\/product\/yoast-seo-wordpress\/ -->\n<title>Mandrin de pr\u00e9cision \u00e0 trois mors 100 mm | dk Fixiersysteme<\/title>\n<meta name=\"description\" content=\"Mandrin de pr\u00e9cision \u00e0 trois mors 100 mm | pour le g\u00e9nie m\u00e9canique, la m\u00e9tallurgie et les applications industrielles. Qualit\u00e9 et fiabilit\u00e9 garanties par dk Fixiersysteme, votre partenaire expert.\" \/>\n<meta name=\"robots\" content=\"index, follow, max-snippet:-1, max-image-preview:large, max-video-preview:-1\" \/>\n<link rel=\"canonical\" href=\"https:\/\/dk-fixiersysteme.de\/fr\/product\/dk\/systemes-de-fixation\/swa39-surf-systemes-de-fixation\/elements-de-bridage-swa39-surf-systemes-de-fixation\/mandrin-de-precision-a-trois-mors-100-mm\/\" \/>\n<meta property=\"og:locale\" content=\"fr_FR\" \/>\n<meta property=\"og:type\" content=\"article\" \/>\n<meta property=\"og:title\" content=\"Mandrin de pr\u00e9cision \u00e0 trois mors 100 mm | dk Fixiersysteme\" \/>\n<meta property=\"og:description\" content=\"Mandrin de pr\u00e9cision \u00e0 trois mors 100 mm | pour le g\u00e9nie m\u00e9canique, la m\u00e9tallurgie et les applications industrielles. Qualit\u00e9 et fiabilit\u00e9 garanties par dk Fixiersysteme, votre partenaire expert.\" \/>\n<meta property=\"og:url\" content=\"https:\/\/dk-fixiersysteme.de\/fr\/product\/dk\/systemes-de-fixation\/swa39-surf-systemes-de-fixation\/elements-de-bridage-swa39-surf-systemes-de-fixation\/mandrin-de-precision-a-trois-mors-100-mm\/\" \/>\n<meta property=\"og:site_name\" content=\"dk Fixiersysteme\" \/>\n<meta property=\"article:modified_time\" content=\"2025-11-13T07:07:30+00:00\" \/>\n<meta property=\"og:image\" content=\"https:\/\/dk-fixiersysteme.de\/wp-content\/uploads\/2025\/04\/DK-283220.jpg\" \/>\n\t<meta property=\"og:image:width\" content=\"1200\" \/>\n\t<meta property=\"og:image:height\" content=\"800\" \/>\n\t<meta property=\"og:image:type\" content=\"image\/jpeg\" \/>\n<meta name=\"twitter:card\" content=\"summary_large_image\" \/>\n<meta name=\"twitter:label1\" content=\"Dur\u00e9e de lecture estim\u00e9e\" \/>\n\t<meta name=\"twitter:data1\" content=\"1 minute\" \/>\n<script type=\"application\/ld+json\" class=\"yoast-schema-graph\">{\"@context\":\"https:\/\/schema.org\",\"@graph\":[{\"@type\":\"WebPage\",\"@id\":\"https:\/\/dk-fixiersysteme.de\/fr\/product\/dk\/systemes-de-fixation\/swa39-surf-systemes-de-fixation\/elements-de-bridage-swa39-surf-systemes-de-fixation\/mandrin-de-precision-a-trois-mors-100-mm\/\",\"url\":\"https:\/\/dk-fixiersysteme.de\/fr\/product\/dk\/systemes-de-fixation\/swa39-surf-systemes-de-fixation\/elements-de-bridage-swa39-surf-systemes-de-fixation\/mandrin-de-precision-a-trois-mors-100-mm\/\",\"name\":\"Mandrin de pr\u00e9cision \u00e0 trois mors 100 mm | dk Fixiersysteme\",\"isPartOf\":{\"@id\":\"https:\/\/dk-fixiersysteme.de\/fr\/#website\"},\"primaryImageOfPage\":{\"@id\":\"https:\/\/dk-fixiersysteme.de\/fr\/product\/dk\/systemes-de-fixation\/swa39-surf-systemes-de-fixation\/elements-de-bridage-swa39-surf-systemes-de-fixation\/mandrin-de-precision-a-trois-mors-100-mm\/#primaryimage\"},\"image\":{\"@id\":\"https:\/\/dk-fixiersysteme.de\/fr\/product\/dk\/systemes-de-fixation\/swa39-surf-systemes-de-fixation\/elements-de-bridage-swa39-surf-systemes-de-fixation\/mandrin-de-precision-a-trois-mors-100-mm\/#primaryimage\"},\"thumbnailUrl\":\"https:\/\/dk-fixiersysteme.de\/wp-content\/uploads\/2025\/04\/DK-283220.jpg\",\"datePublished\":\"2025-04-15T08:33:29+00:00\",\"dateModified\":\"2025-11-13T07:07:30+00:00\",\"description\":\"Mandrin de pr\u00e9cision \u00e0 trois mors 100 mm | pour le g\u00e9nie m\u00e9canique, la m\u00e9tallurgie et les applications industrielles. Qualit\u00e9 et fiabilit\u00e9 garanties par dk Fixiersysteme, votre partenaire expert.\",\"breadcrumb\":{\"@id\":\"https:\/\/dk-fixiersysteme.de\/fr\/product\/dk\/systemes-de-fixation\/swa39-surf-systemes-de-fixation\/elements-de-bridage-swa39-surf-systemes-de-fixation\/mandrin-de-precision-a-trois-mors-100-mm\/#breadcrumb\"},\"inLanguage\":\"fr-FR\",\"potentialAction\":[{\"@type\":\"ReadAction\",\"target\":[\"https:\/\/dk-fixiersysteme.de\/fr\/product\/dk\/systemes-de-fixation\/swa39-surf-systemes-de-fixation\/elements-de-bridage-swa39-surf-systemes-de-fixation\/mandrin-de-precision-a-trois-mors-100-mm\/\"]}]},{\"@type\":\"ImageObject\",\"inLanguage\":\"fr-FR\",\"@id\":\"https:\/\/dk-fixiersysteme.de\/fr\/product\/dk\/systemes-de-fixation\/swa39-surf-systemes-de-fixation\/elements-de-bridage-swa39-surf-systemes-de-fixation\/mandrin-de-precision-a-trois-mors-100-mm\/#primaryimage\",\"url\":\"https:\/\/dk-fixiersysteme.de\/wp-content\/uploads\/2025\/04\/DK-283220.jpg\",\"contentUrl\":\"https:\/\/dk-fixiersysteme.de\/wp-content\/uploads\/2025\/04\/DK-283220.jpg\",\"width\":1200,\"height\":800},{\"@type\":\"BreadcrumbList\",\"@id\":\"https:\/\/dk-fixiersysteme.de\/fr\/product\/dk\/systemes-de-fixation\/swa39-surf-systemes-de-fixation\/elements-de-bridage-swa39-surf-systemes-de-fixation\/mandrin-de-precision-a-trois-mors-100-mm\/#breadcrumb\",\"itemListElement\":[{\"@type\":\"ListItem\",\"position\":1,\"name\":\"Boutique\",\"item\":\"https:\/\/dk-fixiersysteme.de\/fr\/boutique\/\"},{\"@type\":\"ListItem\",\"position\":2,\"name\":\"dk\",\"item\":\"https:\/\/dk-fixiersysteme.de\/fr\/produits\/dk\/\"},{\"@type\":\"ListItem\",\"position\":3,\"name\":\"Syst\u00e8mes de fixation\",\"item\":\"https:\/\/dk-fixiersysteme.de\/fr\/produits\/dk\/systemes-de-fixation\/\"},{\"@type\":\"ListItem\",\"position\":4,\"name\":\"SWA39\",\"item\":\"https:\/\/dk-fixiersysteme.de\/fr\/produits\/dk\/systemes-de-fixation\/swa39-systemes-de-fixation\/\"},{\"@type\":\"ListItem\",\"position\":5,\"name\":\"\u00c9l\u00e9ments de bridage\",\"item\":\"https:\/\/dk-fixiersysteme.de\/fr\/produits\/dk\/systemes-de-fixation\/swa39-systemes-de-fixation\/elements-de-bridage-swa39-systemes-de-fixation\/\"},{\"@type\":\"ListItem\",\"position\":6,\"name\":\"Mandrins \u00e0 trois mors\",\"item\":\"https:\/\/dk-fixiersysteme.de\/fr\/produits\/dk\/systemes-de-fixation\/swa39-systemes-de-fixation\/elements-de-bridage-swa39-systemes-de-fixation\/mandrins-a-trois-mors\/\"},{\"@type\":\"ListItem\",\"position\":7,\"name\":\"Mandrin de pr\u00e9cision \u00e0 trois mors 100 mm\"}]},{\"@type\":\"WebSite\",\"@id\":\"https:\/\/dk-fixiersysteme.de\/fr\/#website\",\"url\":\"https:\/\/dk-fixiersysteme.de\/fr\/\",\"name\":\"dk FIXIERSYSTEME\",\"description\":\"\",\"publisher\":{\"@id\":\"https:\/\/dk-fixiersysteme.de\/fr\/#organization\"},\"potentialAction\":[{\"@type\":\"SearchAction\",\"target\":{\"@type\":\"EntryPoint\",\"urlTemplate\":\"https:\/\/dk-fixiersysteme.de\/fr\/?s={search_term_string}\"},\"query-input\":{\"@type\":\"PropertyValueSpecification\",\"valueRequired\":true,\"valueName\":\"search_term_string\"}}],\"inLanguage\":\"fr-FR\"},{\"@type\":\"Organization\",\"@id\":\"https:\/\/dk-fixiersysteme.de\/fr\/#organization\",\"name\":\"dk Fixiersysteme\",\"url\":\"https:\/\/dk-fixiersysteme.de\/fr\/\",\"logo\":{\"@type\":\"ImageObject\",\"inLanguage\":\"fr-FR\",\"@id\":\"https:\/\/dk-fixiersysteme.de\/fr\/#\/schema\/logo\/image\/\",\"url\":\"https:\/\/dk-fixiersysteme.de\/wp-content\/uploads\/2024\/07\/dk-logo-kreis-blau.svg\",\"contentUrl\":\"https:\/\/dk-fixiersysteme.de\/wp-content\/uploads\/2024\/07\/dk-logo-kreis-blau.svg\",\"caption\":\"dk Fixiersysteme\"},\"image\":{\"@id\":\"https:\/\/dk-fixiersysteme.de\/fr\/#\/schema\/logo\/image\/\"}}]}<\/script>\n<!-- \/ Yoast SEO plugin. -->","yoast_head_json":{"title":"Mandrin de pr\u00e9cision \u00e0 trois mors 100 mm | dk Fixiersysteme","description":"Mandrin de pr\u00e9cision \u00e0 trois mors 100 mm | pour le g\u00e9nie m\u00e9canique, la m\u00e9tallurgie et les applications industrielles. Qualit\u00e9 et fiabilit\u00e9 garanties par dk Fixiersysteme, votre partenaire expert.","robots":{"index":"index","follow":"follow","max-snippet":"max-snippet:-1","max-image-preview":"max-image-preview:large","max-video-preview":"max-video-preview:-1"},"canonical":"https:\/\/dk-fixiersysteme.de\/fr\/product\/dk\/systemes-de-fixation\/swa39-surf-systemes-de-fixation\/elements-de-bridage-swa39-surf-systemes-de-fixation\/mandrin-de-precision-a-trois-mors-100-mm\/","og_locale":"fr_FR","og_type":"article","og_title":"Mandrin de pr\u00e9cision \u00e0 trois mors 100 mm | dk Fixiersysteme","og_description":"Mandrin de pr\u00e9cision \u00e0 trois mors 100 mm | pour le g\u00e9nie m\u00e9canique, la m\u00e9tallurgie et les applications industrielles. Qualit\u00e9 et fiabilit\u00e9 garanties par dk Fixiersysteme, votre partenaire expert.","og_url":"https:\/\/dk-fixiersysteme.de\/fr\/product\/dk\/systemes-de-fixation\/swa39-surf-systemes-de-fixation\/elements-de-bridage-swa39-surf-systemes-de-fixation\/mandrin-de-precision-a-trois-mors-100-mm\/","og_site_name":"dk Fixiersysteme","article_modified_time":"2025-11-13T07:07:30+00:00","og_image":[{"width":1200,"height":800,"url":"https:\/\/dk-fixiersysteme.de\/wp-content\/uploads\/2025\/04\/DK-283220.jpg","type":"image\/jpeg"}],"twitter_card":"summary_large_image","twitter_misc":{"Dur\u00e9e de lecture estim\u00e9e":"1 minute"},"schema":{"@context":"https:\/\/schema.org","@graph":[{"@type":"WebPage","@id":"https:\/\/dk-fixiersysteme.de\/fr\/product\/dk\/systemes-de-fixation\/swa39-surf-systemes-de-fixation\/elements-de-bridage-swa39-surf-systemes-de-fixation\/mandrin-de-precision-a-trois-mors-100-mm\/","url":"https:\/\/dk-fixiersysteme.de\/fr\/product\/dk\/systemes-de-fixation\/swa39-surf-systemes-de-fixation\/elements-de-bridage-swa39-surf-systemes-de-fixation\/mandrin-de-precision-a-trois-mors-100-mm\/","name":"Mandrin de pr\u00e9cision \u00e0 trois mors 100 mm | dk Fixiersysteme","isPartOf":{"@id":"https:\/\/dk-fixiersysteme.de\/fr\/#website"},"primaryImageOfPage":{"@id":"https:\/\/dk-fixiersysteme.de\/fr\/product\/dk\/systemes-de-fixation\/swa39-surf-systemes-de-fixation\/elements-de-bridage-swa39-surf-systemes-de-fixation\/mandrin-de-precision-a-trois-mors-100-mm\/#primaryimage"},"image":{"@id":"https:\/\/dk-fixiersysteme.de\/fr\/product\/dk\/systemes-de-fixation\/swa39-surf-systemes-de-fixation\/elements-de-bridage-swa39-surf-systemes-de-fixation\/mandrin-de-precision-a-trois-mors-100-mm\/#primaryimage"},"thumbnailUrl":"https:\/\/dk-fixiersysteme.de\/wp-content\/uploads\/2025\/04\/DK-283220.jpg","datePublished":"2025-04-15T08:33:29+00:00","dateModified":"2025-11-13T07:07:30+00:00","description":"Mandrin de pr\u00e9cision \u00e0 trois mors 100 mm | pour le g\u00e9nie m\u00e9canique, la m\u00e9tallurgie et les applications industrielles. Qualit\u00e9 et fiabilit\u00e9 garanties par dk Fixiersysteme, votre partenaire expert.","breadcrumb":{"@id":"https:\/\/dk-fixiersysteme.de\/fr\/product\/dk\/systemes-de-fixation\/swa39-surf-systemes-de-fixation\/elements-de-bridage-swa39-surf-systemes-de-fixation\/mandrin-de-precision-a-trois-mors-100-mm\/#breadcrumb"},"inLanguage":"fr-FR","potentialAction":[{"@type":"ReadAction","target":["https:\/\/dk-fixiersysteme.de\/fr\/product\/dk\/systemes-de-fixation\/swa39-surf-systemes-de-fixation\/elements-de-bridage-swa39-surf-systemes-de-fixation\/mandrin-de-precision-a-trois-mors-100-mm\/"]}]},{"@type":"ImageObject","inLanguage":"fr-FR","@id":"https:\/\/dk-fixiersysteme.de\/fr\/product\/dk\/systemes-de-fixation\/swa39-surf-systemes-de-fixation\/elements-de-bridage-swa39-surf-systemes-de-fixation\/mandrin-de-precision-a-trois-mors-100-mm\/#primaryimage","url":"https:\/\/dk-fixiersysteme.de\/wp-content\/uploads\/2025\/04\/DK-283220.jpg","contentUrl":"https:\/\/dk-fixiersysteme.de\/wp-content\/uploads\/2025\/04\/DK-283220.jpg","width":1200,"height":800},{"@type":"BreadcrumbList","@id":"https:\/\/dk-fixiersysteme.de\/fr\/product\/dk\/systemes-de-fixation\/swa39-surf-systemes-de-fixation\/elements-de-bridage-swa39-surf-systemes-de-fixation\/mandrin-de-precision-a-trois-mors-100-mm\/#breadcrumb","itemListElement":[{"@type":"ListItem","position":1,"name":"Boutique","item":"https:\/\/dk-fixiersysteme.de\/fr\/boutique\/"},{"@type":"ListItem","position":2,"name":"dk","item":"https:\/\/dk-fixiersysteme.de\/fr\/produits\/dk\/"},{"@type":"ListItem","position":3,"name":"Syst\u00e8mes de fixation","item":"https:\/\/dk-fixiersysteme.de\/fr\/produits\/dk\/systemes-de-fixation\/"},{"@type":"ListItem","position":4,"name":"SWA39","item":"https:\/\/dk-fixiersysteme.de\/fr\/produits\/dk\/systemes-de-fixation\/swa39-systemes-de-fixation\/"},{"@type":"ListItem","position":5,"name":"\u00c9l\u00e9ments de bridage","item":"https:\/\/dk-fixiersysteme.de\/fr\/produits\/dk\/systemes-de-fixation\/swa39-systemes-de-fixation\/elements-de-bridage-swa39-systemes-de-fixation\/"},{"@type":"ListItem","position":6,"name":"Mandrins \u00e0 trois mors","item":"https:\/\/dk-fixiersysteme.de\/fr\/produits\/dk\/systemes-de-fixation\/swa39-systemes-de-fixation\/elements-de-bridage-swa39-systemes-de-fixation\/mandrins-a-trois-mors\/"},{"@type":"ListItem","position":7,"name":"Mandrin de pr\u00e9cision \u00e0 trois mors 100 mm"}]},{"@type":"WebSite","@id":"https:\/\/dk-fixiersysteme.de\/fr\/#website","url":"https:\/\/dk-fixiersysteme.de\/fr\/","name":"dk FIXIERSYSTEME","description":"","publisher":{"@id":"https:\/\/dk-fixiersysteme.de\/fr\/#organization"},"potentialAction":[{"@type":"SearchAction","target":{"@type":"EntryPoint","urlTemplate":"https:\/\/dk-fixiersysteme.de\/fr\/?s={search_term_string}"},"query-input":{"@type":"PropertyValueSpecification","valueRequired":true,"valueName":"search_term_string"}}],"inLanguage":"fr-FR"},{"@type":"Organization","@id":"https:\/\/dk-fixiersysteme.de\/fr\/#organization","name":"dk Fixiersysteme","url":"https:\/\/dk-fixiersysteme.de\/fr\/","logo":{"@type":"ImageObject","inLanguage":"fr-FR","@id":"https:\/\/dk-fixiersysteme.de\/fr\/#\/schema\/logo\/image\/","url":"https:\/\/dk-fixiersysteme.de\/wp-content\/uploads\/2024\/07\/dk-logo-kreis-blau.svg","contentUrl":"https:\/\/dk-fixiersysteme.de\/wp-content\/uploads\/2024\/07\/dk-logo-kreis-blau.svg","caption":"dk Fixiersysteme"},"image":{"@id":"https:\/\/dk-fixiersysteme.de\/fr\/#\/schema\/logo\/image\/"}}]}},"_links":{"self":[{"href":"https:\/\/dk-fixiersysteme.de\/fr\/wp-json\/wp\/v2\/product\/56273","targetHints":{"allow":["GET"]}}],"collection":[{"href":"https:\/\/dk-fixiersysteme.de\/fr\/wp-json\/wp\/v2\/product"}],"about":[{"href":"https:\/\/dk-fixiersysteme.de\/fr\/wp-json\/wp\/v2\/types\/product"}],"replies":[{"embeddable":true,"href":"https:\/\/dk-fixiersysteme.de\/fr\/wp-json\/wp\/v2\/comments?post=56273"}],"version-history":[{"count":0,"href":"https:\/\/dk-fixiersysteme.de\/fr\/wp-json\/wp\/v2\/product\/56273\/revisions"}],"wp:featuredmedia":[{"embeddable":true,"href":"https:\/\/dk-fixiersysteme.de\/fr\/wp-json\/wp\/v2\/media\/32296"}],"wp:attachment":[{"href":"https:\/\/dk-fixiersysteme.de\/fr\/wp-json\/wp\/v2\/media?parent=56273"}],"wp:term":[{"taxonomy":"product_brand","embeddable":true,"href":"https:\/\/dk-fixiersysteme.de\/fr\/wp-json\/wp\/v2\/product_brand?post=56273"},{"taxonomy":"product_cat","embeddable":true,"href":"https:\/\/dk-fixiersysteme.de\/fr\/wp-json\/wp\/v2\/product_cat?post=56273"},{"taxonomy":"product_tag","embeddable":true,"href":"https:\/\/dk-fixiersysteme.de\/fr\/wp-json\/wp\/v2\/product_tag?post=56273"}],"curies":[{"name":"wp","href":"https:\/\/api.w.org\/{rel}","templated":true}]}}