{"id":56277,"date":"2025-04-15T08:33:31","date_gmt":"2025-04-15T08:33:31","guid":{"rendered":"https:\/\/dk-fixiersysteme.de\/product\/uncategorized\/griffes-a-serrage-rapide-pivotant-a-360\/"},"modified":"2025-11-13T07:07:30","modified_gmt":"2025-11-13T07:07:30","slug":"griffes-a-serrage-rapide-pivotant-a-360","status":"publish","type":"product","link":"https:\/\/dk-fixiersysteme.de\/fr\/product\/dk\/systemes-de-fixation\/swa39-surf-systemes-de-fixation\/elements-de-montage-swa39-surf-systemes-de-fixation\/griffes-a-serrage-rapide-pivotant-a-360\/","title":{"rendered":"Griffes \u00e0 serrage rapide pivotant \u00e0 360\u00b0"},"content":{"rendered":"<p>Griffes \u00e0 serrage rapide orientables en continu et par crans de 90\u00b0. La fonction de verrouillage peut \u00eatre supprim\u00e9e. R\u00e9glage de l\u2019angle avec graduation \u00e0 2\u00b0 pr\u00e8s. Serrage par vis \u00e0 t\u00eate molet\u00e9e. \u00c9galement disponibles avec r\u00e9glage fin. Mont\u00e9es sur adaptateur \u00e0 remplacement rapide SWA 39.<br \/>\n Mati\u00e8re : Aluminium \u00e0 rev\u00eatement dur, arbre en inox.<\/p>\n","protected":false},"excerpt":{"rendered":"<p>Griffes \u00e0 serrage rapide orientables en continu et par crans de 90\u00b0. La fonction de verrouillage peut \u00eatre supprim\u00e9e. R\u00e9glage de l\u2019angle avec graduation \u00e0 2\u00b0 pr\u00e8s. Serrage par vis \u00e0 t\u00eate molet\u00e9e. \u00c9galement disponibles avec r\u00e9glage fin. Mont\u00e9es sur adaptateur \u00e0 remplacement rapide SWA 39. Mati\u00e8re : Aluminium \u00e0 rev\u00eatement dur, arbre en inox.<\/p>\n","protected":false},"featured_media":4378,"comment_status":"open","ping_status":"closed","template":"","meta":{"_acf_changed":false},"product_brand":[],"product_cat":[4642,4644],"product_tag":[],"class_list":{"0":"post-56277","1":"product","2":"type-product","3":"status-publish","4":"has-post-thumbnail","6":"product_cat-elements-de-montage-swa39-systemes-de-fixation","7":"product_cat-elements-de-montage-swa39-surf-systemes-de-fixation","9":"first","10":"instock","11":"taxable","12":"shipping-taxable","13":"purchasable","14":"product-type-variable"},"acf":[],"yoast_head":"<!-- This site is optimized with the Yoast SEO plugin v27.2 - https:\/\/yoast.com\/product\/yoast-seo-wordpress\/ -->\n<title>Griffes \u00e0 serrage rapide pivotant \u00e0 360\u00b0 | dk Fixiersysteme<\/title>\n<meta name=\"description\" content=\"Griffes \u00e0 serrage rapide pivotant \u00e0 360\u00b0 | pour le g\u00e9nie m\u00e9canique, la m\u00e9tallurgie et les applications industrielles. Qualit\u00e9 et fiabilit\u00e9 garanties par dk Fixiersysteme, votre partenaire expert.\" \/>\n<meta name=\"robots\" content=\"index, follow, max-snippet:-1, max-image-preview:large, max-video-preview:-1\" \/>\n<link rel=\"canonical\" href=\"https:\/\/dk-fixiersysteme.de\/fr\/product\/dk\/systemes-de-fixation\/swa39-surf-systemes-de-fixation\/elements-de-montage-swa39-surf-systemes-de-fixation\/griffes-a-serrage-rapide-pivotant-a-360\/\" \/>\n<meta property=\"og:locale\" content=\"fr_FR\" \/>\n<meta property=\"og:type\" content=\"article\" \/>\n<meta property=\"og:title\" content=\"Griffes \u00e0 serrage rapide pivotant \u00e0 360\u00b0 | dk Fixiersysteme\" \/>\n<meta property=\"og:description\" content=\"Griffes \u00e0 serrage rapide pivotant \u00e0 360\u00b0 | pour le g\u00e9nie m\u00e9canique, la m\u00e9tallurgie et les applications industrielles. Qualit\u00e9 et fiabilit\u00e9 garanties par dk Fixiersysteme, votre partenaire expert.\" \/>\n<meta property=\"og:url\" content=\"https:\/\/dk-fixiersysteme.de\/fr\/product\/dk\/systemes-de-fixation\/swa39-surf-systemes-de-fixation\/elements-de-montage-swa39-surf-systemes-de-fixation\/griffes-a-serrage-rapide-pivotant-a-360\/\" \/>\n<meta property=\"og:site_name\" content=\"dk Fixiersysteme\" \/>\n<meta property=\"article:modified_time\" content=\"2025-11-13T07:07:30+00:00\" \/>\n<meta property=\"og:image\" content=\"https:\/\/dk-fixiersysteme.de\/wp-content\/uploads\/2024\/11\/DK-283450.jpg\" \/>\n\t<meta property=\"og:image:width\" content=\"500\" \/>\n\t<meta property=\"og:image:height\" content=\"333\" \/>\n\t<meta property=\"og:image:type\" content=\"image\/jpeg\" \/>\n<meta name=\"twitter:card\" content=\"summary_large_image\" \/>\n<script type=\"application\/ld+json\" class=\"yoast-schema-graph\">{\"@context\":\"https:\/\/schema.org\",\"@graph\":[{\"@type\":\"WebPage\",\"@id\":\"https:\/\/dk-fixiersysteme.de\/fr\/product\/dk\/systemes-de-fixation\/swa39-surf-systemes-de-fixation\/elements-de-montage-swa39-surf-systemes-de-fixation\/griffes-a-serrage-rapide-pivotant-a-360\/\",\"url\":\"https:\/\/dk-fixiersysteme.de\/fr\/product\/dk\/systemes-de-fixation\/swa39-surf-systemes-de-fixation\/elements-de-montage-swa39-surf-systemes-de-fixation\/griffes-a-serrage-rapide-pivotant-a-360\/\",\"name\":\"Griffes \u00e0 serrage rapide pivotant \u00e0 360\u00b0 | dk Fixiersysteme\",\"isPartOf\":{\"@id\":\"https:\/\/dk-fixiersysteme.de\/fr\/#website\"},\"primaryImageOfPage\":{\"@id\":\"https:\/\/dk-fixiersysteme.de\/fr\/product\/dk\/systemes-de-fixation\/swa39-surf-systemes-de-fixation\/elements-de-montage-swa39-surf-systemes-de-fixation\/griffes-a-serrage-rapide-pivotant-a-360\/#primaryimage\"},\"image\":{\"@id\":\"https:\/\/dk-fixiersysteme.de\/fr\/product\/dk\/systemes-de-fixation\/swa39-surf-systemes-de-fixation\/elements-de-montage-swa39-surf-systemes-de-fixation\/griffes-a-serrage-rapide-pivotant-a-360\/#primaryimage\"},\"thumbnailUrl\":\"https:\/\/dk-fixiersysteme.de\/wp-content\/uploads\/2024\/11\/DK-283450.jpg\",\"datePublished\":\"2025-04-15T08:33:31+00:00\",\"dateModified\":\"2025-11-13T07:07:30+00:00\",\"description\":\"Griffes \u00e0 serrage rapide pivotant \u00e0 360\u00b0 | pour le g\u00e9nie m\u00e9canique, la m\u00e9tallurgie et les applications industrielles. Qualit\u00e9 et fiabilit\u00e9 garanties par dk Fixiersysteme, votre partenaire expert.\",\"breadcrumb\":{\"@id\":\"https:\/\/dk-fixiersysteme.de\/fr\/product\/dk\/systemes-de-fixation\/swa39-surf-systemes-de-fixation\/elements-de-montage-swa39-surf-systemes-de-fixation\/griffes-a-serrage-rapide-pivotant-a-360\/#breadcrumb\"},\"inLanguage\":\"fr-FR\",\"potentialAction\":[{\"@type\":\"ReadAction\",\"target\":[\"https:\/\/dk-fixiersysteme.de\/fr\/product\/dk\/systemes-de-fixation\/swa39-surf-systemes-de-fixation\/elements-de-montage-swa39-surf-systemes-de-fixation\/griffes-a-serrage-rapide-pivotant-a-360\/\"]}]},{\"@type\":\"ImageObject\",\"inLanguage\":\"fr-FR\",\"@id\":\"https:\/\/dk-fixiersysteme.de\/fr\/product\/dk\/systemes-de-fixation\/swa39-surf-systemes-de-fixation\/elements-de-montage-swa39-surf-systemes-de-fixation\/griffes-a-serrage-rapide-pivotant-a-360\/#primaryimage\",\"url\":\"https:\/\/dk-fixiersysteme.de\/wp-content\/uploads\/2024\/11\/DK-283450.jpg\",\"contentUrl\":\"https:\/\/dk-fixiersysteme.de\/wp-content\/uploads\/2024\/11\/DK-283450.jpg\",\"width\":500,\"height\":333},{\"@type\":\"BreadcrumbList\",\"@id\":\"https:\/\/dk-fixiersysteme.de\/fr\/product\/dk\/systemes-de-fixation\/swa39-surf-systemes-de-fixation\/elements-de-montage-swa39-surf-systemes-de-fixation\/griffes-a-serrage-rapide-pivotant-a-360\/#breadcrumb\",\"itemListElement\":[{\"@type\":\"ListItem\",\"position\":1,\"name\":\"Boutique\",\"item\":\"https:\/\/dk-fixiersysteme.de\/fr\/boutique\/\"},{\"@type\":\"ListItem\",\"position\":2,\"name\":\"dk\",\"item\":\"https:\/\/dk-fixiersysteme.de\/fr\/produits\/dk\/\"},{\"@type\":\"ListItem\",\"position\":3,\"name\":\"Syst\u00e8mes de fixation\",\"item\":\"https:\/\/dk-fixiersysteme.de\/fr\/produits\/dk\/systemes-de-fixation\/\"},{\"@type\":\"ListItem\",\"position\":4,\"name\":\"SWA39\",\"item\":\"https:\/\/dk-fixiersysteme.de\/fr\/produits\/dk\/systemes-de-fixation\/swa39-systemes-de-fixation\/\"},{\"@type\":\"ListItem\",\"position\":5,\"name\":\"\u00c9l\u00e9ments de montage\",\"item\":\"https:\/\/dk-fixiersysteme.de\/fr\/produits\/dk\/systemes-de-fixation\/swa39-systemes-de-fixation\/elements-de-montage-swa39-systemes-de-fixation\/\"},{\"@type\":\"ListItem\",\"position\":6,\"name\":\"Griffes \u00e0 serrage rapide pivotant \u00e0 360\u00b0\"}]},{\"@type\":\"WebSite\",\"@id\":\"https:\/\/dk-fixiersysteme.de\/fr\/#website\",\"url\":\"https:\/\/dk-fixiersysteme.de\/fr\/\",\"name\":\"dk FIXIERSYSTEME\",\"description\":\"\",\"publisher\":{\"@id\":\"https:\/\/dk-fixiersysteme.de\/fr\/#organization\"},\"potentialAction\":[{\"@type\":\"SearchAction\",\"target\":{\"@type\":\"EntryPoint\",\"urlTemplate\":\"https:\/\/dk-fixiersysteme.de\/fr\/?s={search_term_string}\"},\"query-input\":{\"@type\":\"PropertyValueSpecification\",\"valueRequired\":true,\"valueName\":\"search_term_string\"}}],\"inLanguage\":\"fr-FR\"},{\"@type\":\"Organization\",\"@id\":\"https:\/\/dk-fixiersysteme.de\/fr\/#organization\",\"name\":\"dk Fixiersysteme\",\"url\":\"https:\/\/dk-fixiersysteme.de\/fr\/\",\"logo\":{\"@type\":\"ImageObject\",\"inLanguage\":\"fr-FR\",\"@id\":\"https:\/\/dk-fixiersysteme.de\/fr\/#\/schema\/logo\/image\/\",\"url\":\"https:\/\/dk-fixiersysteme.de\/wp-content\/uploads\/2024\/07\/dk-logo-kreis-blau.svg\",\"contentUrl\":\"https:\/\/dk-fixiersysteme.de\/wp-content\/uploads\/2024\/07\/dk-logo-kreis-blau.svg\",\"caption\":\"dk Fixiersysteme\"},\"image\":{\"@id\":\"https:\/\/dk-fixiersysteme.de\/fr\/#\/schema\/logo\/image\/\"}}]}<\/script>\n<!-- \/ Yoast SEO plugin. -->","yoast_head_json":{"title":"Griffes \u00e0 serrage rapide pivotant \u00e0 360\u00b0 | dk Fixiersysteme","description":"Griffes \u00e0 serrage rapide pivotant \u00e0 360\u00b0 | pour le g\u00e9nie m\u00e9canique, la m\u00e9tallurgie et les applications industrielles. Qualit\u00e9 et fiabilit\u00e9 garanties par dk Fixiersysteme, votre partenaire expert.","robots":{"index":"index","follow":"follow","max-snippet":"max-snippet:-1","max-image-preview":"max-image-preview:large","max-video-preview":"max-video-preview:-1"},"canonical":"https:\/\/dk-fixiersysteme.de\/fr\/product\/dk\/systemes-de-fixation\/swa39-surf-systemes-de-fixation\/elements-de-montage-swa39-surf-systemes-de-fixation\/griffes-a-serrage-rapide-pivotant-a-360\/","og_locale":"fr_FR","og_type":"article","og_title":"Griffes \u00e0 serrage rapide pivotant \u00e0 360\u00b0 | dk Fixiersysteme","og_description":"Griffes \u00e0 serrage rapide pivotant \u00e0 360\u00b0 | pour le g\u00e9nie m\u00e9canique, la m\u00e9tallurgie et les applications industrielles. Qualit\u00e9 et fiabilit\u00e9 garanties par dk Fixiersysteme, votre partenaire expert.","og_url":"https:\/\/dk-fixiersysteme.de\/fr\/product\/dk\/systemes-de-fixation\/swa39-surf-systemes-de-fixation\/elements-de-montage-swa39-surf-systemes-de-fixation\/griffes-a-serrage-rapide-pivotant-a-360\/","og_site_name":"dk Fixiersysteme","article_modified_time":"2025-11-13T07:07:30+00:00","og_image":[{"width":500,"height":333,"url":"https:\/\/dk-fixiersysteme.de\/wp-content\/uploads\/2024\/11\/DK-283450.jpg","type":"image\/jpeg"}],"twitter_card":"summary_large_image","schema":{"@context":"https:\/\/schema.org","@graph":[{"@type":"WebPage","@id":"https:\/\/dk-fixiersysteme.de\/fr\/product\/dk\/systemes-de-fixation\/swa39-surf-systemes-de-fixation\/elements-de-montage-swa39-surf-systemes-de-fixation\/griffes-a-serrage-rapide-pivotant-a-360\/","url":"https:\/\/dk-fixiersysteme.de\/fr\/product\/dk\/systemes-de-fixation\/swa39-surf-systemes-de-fixation\/elements-de-montage-swa39-surf-systemes-de-fixation\/griffes-a-serrage-rapide-pivotant-a-360\/","name":"Griffes \u00e0 serrage rapide pivotant \u00e0 360\u00b0 | dk Fixiersysteme","isPartOf":{"@id":"https:\/\/dk-fixiersysteme.de\/fr\/#website"},"primaryImageOfPage":{"@id":"https:\/\/dk-fixiersysteme.de\/fr\/product\/dk\/systemes-de-fixation\/swa39-surf-systemes-de-fixation\/elements-de-montage-swa39-surf-systemes-de-fixation\/griffes-a-serrage-rapide-pivotant-a-360\/#primaryimage"},"image":{"@id":"https:\/\/dk-fixiersysteme.de\/fr\/product\/dk\/systemes-de-fixation\/swa39-surf-systemes-de-fixation\/elements-de-montage-swa39-surf-systemes-de-fixation\/griffes-a-serrage-rapide-pivotant-a-360\/#primaryimage"},"thumbnailUrl":"https:\/\/dk-fixiersysteme.de\/wp-content\/uploads\/2024\/11\/DK-283450.jpg","datePublished":"2025-04-15T08:33:31+00:00","dateModified":"2025-11-13T07:07:30+00:00","description":"Griffes \u00e0 serrage rapide pivotant \u00e0 360\u00b0 | pour le g\u00e9nie m\u00e9canique, la m\u00e9tallurgie et les applications industrielles. Qualit\u00e9 et fiabilit\u00e9 garanties par dk Fixiersysteme, votre partenaire expert.","breadcrumb":{"@id":"https:\/\/dk-fixiersysteme.de\/fr\/product\/dk\/systemes-de-fixation\/swa39-surf-systemes-de-fixation\/elements-de-montage-swa39-surf-systemes-de-fixation\/griffes-a-serrage-rapide-pivotant-a-360\/#breadcrumb"},"inLanguage":"fr-FR","potentialAction":[{"@type":"ReadAction","target":["https:\/\/dk-fixiersysteme.de\/fr\/product\/dk\/systemes-de-fixation\/swa39-surf-systemes-de-fixation\/elements-de-montage-swa39-surf-systemes-de-fixation\/griffes-a-serrage-rapide-pivotant-a-360\/"]}]},{"@type":"ImageObject","inLanguage":"fr-FR","@id":"https:\/\/dk-fixiersysteme.de\/fr\/product\/dk\/systemes-de-fixation\/swa39-surf-systemes-de-fixation\/elements-de-montage-swa39-surf-systemes-de-fixation\/griffes-a-serrage-rapide-pivotant-a-360\/#primaryimage","url":"https:\/\/dk-fixiersysteme.de\/wp-content\/uploads\/2024\/11\/DK-283450.jpg","contentUrl":"https:\/\/dk-fixiersysteme.de\/wp-content\/uploads\/2024\/11\/DK-283450.jpg","width":500,"height":333},{"@type":"BreadcrumbList","@id":"https:\/\/dk-fixiersysteme.de\/fr\/product\/dk\/systemes-de-fixation\/swa39-surf-systemes-de-fixation\/elements-de-montage-swa39-surf-systemes-de-fixation\/griffes-a-serrage-rapide-pivotant-a-360\/#breadcrumb","itemListElement":[{"@type":"ListItem","position":1,"name":"Boutique","item":"https:\/\/dk-fixiersysteme.de\/fr\/boutique\/"},{"@type":"ListItem","position":2,"name":"dk","item":"https:\/\/dk-fixiersysteme.de\/fr\/produits\/dk\/"},{"@type":"ListItem","position":3,"name":"Syst\u00e8mes de fixation","item":"https:\/\/dk-fixiersysteme.de\/fr\/produits\/dk\/systemes-de-fixation\/"},{"@type":"ListItem","position":4,"name":"SWA39","item":"https:\/\/dk-fixiersysteme.de\/fr\/produits\/dk\/systemes-de-fixation\/swa39-systemes-de-fixation\/"},{"@type":"ListItem","position":5,"name":"\u00c9l\u00e9ments de montage","item":"https:\/\/dk-fixiersysteme.de\/fr\/produits\/dk\/systemes-de-fixation\/swa39-systemes-de-fixation\/elements-de-montage-swa39-systemes-de-fixation\/"},{"@type":"ListItem","position":6,"name":"Griffes \u00e0 serrage rapide pivotant \u00e0 360\u00b0"}]},{"@type":"WebSite","@id":"https:\/\/dk-fixiersysteme.de\/fr\/#website","url":"https:\/\/dk-fixiersysteme.de\/fr\/","name":"dk FIXIERSYSTEME","description":"","publisher":{"@id":"https:\/\/dk-fixiersysteme.de\/fr\/#organization"},"potentialAction":[{"@type":"SearchAction","target":{"@type":"EntryPoint","urlTemplate":"https:\/\/dk-fixiersysteme.de\/fr\/?s={search_term_string}"},"query-input":{"@type":"PropertyValueSpecification","valueRequired":true,"valueName":"search_term_string"}}],"inLanguage":"fr-FR"},{"@type":"Organization","@id":"https:\/\/dk-fixiersysteme.de\/fr\/#organization","name":"dk Fixiersysteme","url":"https:\/\/dk-fixiersysteme.de\/fr\/","logo":{"@type":"ImageObject","inLanguage":"fr-FR","@id":"https:\/\/dk-fixiersysteme.de\/fr\/#\/schema\/logo\/image\/","url":"https:\/\/dk-fixiersysteme.de\/wp-content\/uploads\/2024\/07\/dk-logo-kreis-blau.svg","contentUrl":"https:\/\/dk-fixiersysteme.de\/wp-content\/uploads\/2024\/07\/dk-logo-kreis-blau.svg","caption":"dk Fixiersysteme"},"image":{"@id":"https:\/\/dk-fixiersysteme.de\/fr\/#\/schema\/logo\/image\/"}}]}},"_links":{"self":[{"href":"https:\/\/dk-fixiersysteme.de\/fr\/wp-json\/wp\/v2\/product\/56277","targetHints":{"allow":["GET"]}}],"collection":[{"href":"https:\/\/dk-fixiersysteme.de\/fr\/wp-json\/wp\/v2\/product"}],"about":[{"href":"https:\/\/dk-fixiersysteme.de\/fr\/wp-json\/wp\/v2\/types\/product"}],"replies":[{"embeddable":true,"href":"https:\/\/dk-fixiersysteme.de\/fr\/wp-json\/wp\/v2\/comments?post=56277"}],"version-history":[{"count":0,"href":"https:\/\/dk-fixiersysteme.de\/fr\/wp-json\/wp\/v2\/product\/56277\/revisions"}],"wp:featuredmedia":[{"embeddable":true,"href":"https:\/\/dk-fixiersysteme.de\/fr\/wp-json\/wp\/v2\/media\/4378"}],"wp:attachment":[{"href":"https:\/\/dk-fixiersysteme.de\/fr\/wp-json\/wp\/v2\/media?parent=56277"}],"wp:term":[{"taxonomy":"product_brand","embeddable":true,"href":"https:\/\/dk-fixiersysteme.de\/fr\/wp-json\/wp\/v2\/product_brand?post=56277"},{"taxonomy":"product_cat","embeddable":true,"href":"https:\/\/dk-fixiersysteme.de\/fr\/wp-json\/wp\/v2\/product_cat?post=56277"},{"taxonomy":"product_tag","embeddable":true,"href":"https:\/\/dk-fixiersysteme.de\/fr\/wp-json\/wp\/v2\/product_tag?post=56277"}],"curies":[{"name":"wp","href":"https:\/\/api.w.org\/{rel}","templated":true}]}}