{"id":56290,"date":"2025-04-15T08:33:36","date_gmt":"2025-04-15T08:33:36","guid":{"rendered":"https:\/\/dk-fixiersysteme.de\/product\/uncategorized\/colonnes-a-rainure-en-t-6-pour-structure-en-porte-a-faux-avec-support\/"},"modified":"2025-11-13T07:08:00","modified_gmt":"2025-11-13T07:08:00","slug":"colonnes-a-rainure-en-t-6-pour-structure-en-porte-a-faux-avec-support","status":"publish","type":"product","link":"https:\/\/dk-fixiersysteme.de\/fr\/product\/dk\/systemes-de-fixation\/spannfix-pro-systemes-de-fixation\/elements-de-montage-spannfix-pro-systemes-de-fixation\/colonnes-a-rainure-en-t-6-pour-structure-en-porte-a-faux-avec-support\/","title":{"rendered":"Colonnes \u00e0 rainure en T 6 pour structure en porte-\u00e0-faux avec support"},"content":{"rendered":"<p>Colonne avec support et tasseau. C\u00f4t\u00e9 aplati pour un alignement pr\u00e9cis des brides de fixation et des appuis de pont par rapport \u00e0 l\u2019orientation des rainures de la plaque de base. Des positions angulaires libres sont \u00e9galement possibles en \u00f4tant la broche de guidage de la semelle du support.<br \/>\n Mati\u00e8re : Aluminium et inox.<br \/>\n Contenu de la livraison : Avec goupille de but\u00e9e \u00d85 mm et but\u00e9e de hauteur r\u00e9glable.<\/p>\n","protected":false},"excerpt":{"rendered":"<p>Colonne avec support et tasseau. C\u00f4t\u00e9 aplati pour un alignement pr\u00e9cis des brides de fixation et des appuis de pont par rapport \u00e0 l\u2019orientation des rainures de la plaque de base. Des positions angulaires libres sont \u00e9galement possibles en \u00f4tant la broche de guidage de la semelle du support. Mati\u00e8re : Aluminium et inox. Contenu [&hellip;]<\/p>\n","protected":false},"featured_media":32336,"comment_status":"open","ping_status":"closed","template":"","meta":{"_acf_changed":false},"product_brand":[],"product_cat":[4599],"product_tag":[],"class_list":{"0":"post-56290","1":"product","2":"type-product","3":"status-publish","4":"has-post-thumbnail","6":"product_cat-elements-de-montage-spannfix-pro-systemes-de-fixation","8":"first","9":"outofstock","10":"taxable","11":"shipping-taxable","12":"purchasable","13":"product-type-variable"},"acf":[],"yoast_head":"<!-- This site is optimized with the Yoast SEO plugin v27.2 - https:\/\/yoast.com\/product\/yoast-seo-wordpress\/ -->\n<title>Colonnes \u00e0 rainure en T 6 pour structure en porte-\u00e0-faux avec support | dk Fixiersysteme<\/title>\n<meta name=\"description\" content=\"Colonnes \u00e0 rainure en T 6 pour structure en porte-\u00e0-faux avec support | pour le g\u00e9nie m\u00e9canique, la m\u00e9tallurgie et les applications industrielles. Qualit\u00e9 et fiabilit\u00e9 garanties par dk Fixiersysteme, votre partenaire expert.\" \/>\n<meta name=\"robots\" content=\"index, follow, max-snippet:-1, max-image-preview:large, max-video-preview:-1\" \/>\n<link rel=\"canonical\" href=\"https:\/\/dk-fixiersysteme.de\/fr\/product\/dk\/systemes-de-fixation\/spannfix-pro-systemes-de-fixation\/elements-de-montage-spannfix-pro-systemes-de-fixation\/colonnes-a-rainure-en-t-6-pour-structure-en-porte-a-faux-avec-support\/\" \/>\n<meta property=\"og:locale\" content=\"fr_FR\" \/>\n<meta property=\"og:type\" content=\"article\" \/>\n<meta property=\"og:title\" content=\"Colonnes \u00e0 rainure en T 6 pour structure en porte-\u00e0-faux avec support | dk Fixiersysteme\" \/>\n<meta property=\"og:description\" content=\"Colonnes \u00e0 rainure en T 6 pour structure en porte-\u00e0-faux avec support | pour le g\u00e9nie m\u00e9canique, la m\u00e9tallurgie et les applications industrielles. Qualit\u00e9 et fiabilit\u00e9 garanties par dk Fixiersysteme, votre partenaire expert.\" \/>\n<meta property=\"og:url\" content=\"https:\/\/dk-fixiersysteme.de\/fr\/product\/dk\/systemes-de-fixation\/spannfix-pro-systemes-de-fixation\/elements-de-montage-spannfix-pro-systemes-de-fixation\/colonnes-a-rainure-en-t-6-pour-structure-en-porte-a-faux-avec-support\/\" \/>\n<meta property=\"og:site_name\" content=\"dk Fixiersysteme\" \/>\n<meta property=\"article:modified_time\" content=\"2025-11-13T07:08:00+00:00\" \/>\n<meta property=\"og:image\" content=\"https:\/\/dk-fixiersysteme.de\/wp-content\/uploads\/2025\/04\/DK-288605_gross.jpg\" \/>\n\t<meta property=\"og:image:width\" content=\"1200\" \/>\n\t<meta property=\"og:image:height\" content=\"800\" \/>\n\t<meta property=\"og:image:type\" content=\"image\/jpeg\" \/>\n<meta name=\"twitter:card\" content=\"summary_large_image\" \/>\n<script type=\"application\/ld+json\" class=\"yoast-schema-graph\">{\"@context\":\"https:\/\/schema.org\",\"@graph\":[{\"@type\":\"WebPage\",\"@id\":\"https:\/\/dk-fixiersysteme.de\/fr\/product\/dk\/systemes-de-fixation\/spannfix-pro-systemes-de-fixation\/elements-de-montage-spannfix-pro-systemes-de-fixation\/colonnes-a-rainure-en-t-6-pour-structure-en-porte-a-faux-avec-support\/\",\"url\":\"https:\/\/dk-fixiersysteme.de\/fr\/product\/dk\/systemes-de-fixation\/spannfix-pro-systemes-de-fixation\/elements-de-montage-spannfix-pro-systemes-de-fixation\/colonnes-a-rainure-en-t-6-pour-structure-en-porte-a-faux-avec-support\/\",\"name\":\"Colonnes \u00e0 rainure en T 6 pour structure en porte-\u00e0-faux avec support | dk Fixiersysteme\",\"isPartOf\":{\"@id\":\"https:\/\/dk-fixiersysteme.de\/fr\/#website\"},\"primaryImageOfPage\":{\"@id\":\"https:\/\/dk-fixiersysteme.de\/fr\/product\/dk\/systemes-de-fixation\/spannfix-pro-systemes-de-fixation\/elements-de-montage-spannfix-pro-systemes-de-fixation\/colonnes-a-rainure-en-t-6-pour-structure-en-porte-a-faux-avec-support\/#primaryimage\"},\"image\":{\"@id\":\"https:\/\/dk-fixiersysteme.de\/fr\/product\/dk\/systemes-de-fixation\/spannfix-pro-systemes-de-fixation\/elements-de-montage-spannfix-pro-systemes-de-fixation\/colonnes-a-rainure-en-t-6-pour-structure-en-porte-a-faux-avec-support\/#primaryimage\"},\"thumbnailUrl\":\"https:\/\/dk-fixiersysteme.de\/wp-content\/uploads\/2025\/04\/DK-288605_gross.jpg\",\"datePublished\":\"2025-04-15T08:33:36+00:00\",\"dateModified\":\"2025-11-13T07:08:00+00:00\",\"description\":\"Colonnes \u00e0 rainure en T 6 pour structure en porte-\u00e0-faux avec support | pour le g\u00e9nie m\u00e9canique, la m\u00e9tallurgie et les applications industrielles. Qualit\u00e9 et fiabilit\u00e9 garanties par dk Fixiersysteme, votre partenaire expert.\",\"breadcrumb\":{\"@id\":\"https:\/\/dk-fixiersysteme.de\/fr\/product\/dk\/systemes-de-fixation\/spannfix-pro-systemes-de-fixation\/elements-de-montage-spannfix-pro-systemes-de-fixation\/colonnes-a-rainure-en-t-6-pour-structure-en-porte-a-faux-avec-support\/#breadcrumb\"},\"inLanguage\":\"fr-FR\",\"potentialAction\":[{\"@type\":\"ReadAction\",\"target\":[\"https:\/\/dk-fixiersysteme.de\/fr\/product\/dk\/systemes-de-fixation\/spannfix-pro-systemes-de-fixation\/elements-de-montage-spannfix-pro-systemes-de-fixation\/colonnes-a-rainure-en-t-6-pour-structure-en-porte-a-faux-avec-support\/\"]}]},{\"@type\":\"ImageObject\",\"inLanguage\":\"fr-FR\",\"@id\":\"https:\/\/dk-fixiersysteme.de\/fr\/product\/dk\/systemes-de-fixation\/spannfix-pro-systemes-de-fixation\/elements-de-montage-spannfix-pro-systemes-de-fixation\/colonnes-a-rainure-en-t-6-pour-structure-en-porte-a-faux-avec-support\/#primaryimage\",\"url\":\"https:\/\/dk-fixiersysteme.de\/wp-content\/uploads\/2025\/04\/DK-288605_gross.jpg\",\"contentUrl\":\"https:\/\/dk-fixiersysteme.de\/wp-content\/uploads\/2025\/04\/DK-288605_gross.jpg\",\"width\":1200,\"height\":800},{\"@type\":\"BreadcrumbList\",\"@id\":\"https:\/\/dk-fixiersysteme.de\/fr\/product\/dk\/systemes-de-fixation\/spannfix-pro-systemes-de-fixation\/elements-de-montage-spannfix-pro-systemes-de-fixation\/colonnes-a-rainure-en-t-6-pour-structure-en-porte-a-faux-avec-support\/#breadcrumb\",\"itemListElement\":[{\"@type\":\"ListItem\",\"position\":1,\"name\":\"Boutique\",\"item\":\"https:\/\/dk-fixiersysteme.de\/fr\/boutique\/\"},{\"@type\":\"ListItem\",\"position\":2,\"name\":\"dk\",\"item\":\"https:\/\/dk-fixiersysteme.de\/fr\/produits\/dk\/\"},{\"@type\":\"ListItem\",\"position\":3,\"name\":\"Syst\u00e8mes de fixation\",\"item\":\"https:\/\/dk-fixiersysteme.de\/fr\/produits\/dk\/systemes-de-fixation\/\"},{\"@type\":\"ListItem\",\"position\":4,\"name\":\"SPANNFIX PRO\",\"item\":\"https:\/\/dk-fixiersysteme.de\/fr\/produits\/dk\/systemes-de-fixation\/spannfix-pro-systemes-de-fixation\/\"},{\"@type\":\"ListItem\",\"position\":5,\"name\":\"\u00c9l\u00e9ments de montage\",\"item\":\"https:\/\/dk-fixiersysteme.de\/fr\/produits\/dk\/systemes-de-fixation\/spannfix-pro-systemes-de-fixation\/elements-de-montage-spannfix-pro-systemes-de-fixation\/\"},{\"@type\":\"ListItem\",\"position\":6,\"name\":\"Colonnes \u00e0 rainure en T 6 pour structure en porte-\u00e0-faux avec support\"}]},{\"@type\":\"WebSite\",\"@id\":\"https:\/\/dk-fixiersysteme.de\/fr\/#website\",\"url\":\"https:\/\/dk-fixiersysteme.de\/fr\/\",\"name\":\"dk FIXIERSYSTEME\",\"description\":\"\",\"publisher\":{\"@id\":\"https:\/\/dk-fixiersysteme.de\/fr\/#organization\"},\"potentialAction\":[{\"@type\":\"SearchAction\",\"target\":{\"@type\":\"EntryPoint\",\"urlTemplate\":\"https:\/\/dk-fixiersysteme.de\/fr\/?s={search_term_string}\"},\"query-input\":{\"@type\":\"PropertyValueSpecification\",\"valueRequired\":true,\"valueName\":\"search_term_string\"}}],\"inLanguage\":\"fr-FR\"},{\"@type\":\"Organization\",\"@id\":\"https:\/\/dk-fixiersysteme.de\/fr\/#organization\",\"name\":\"dk Fixiersysteme\",\"url\":\"https:\/\/dk-fixiersysteme.de\/fr\/\",\"logo\":{\"@type\":\"ImageObject\",\"inLanguage\":\"fr-FR\",\"@id\":\"https:\/\/dk-fixiersysteme.de\/fr\/#\/schema\/logo\/image\/\",\"url\":\"https:\/\/dk-fixiersysteme.de\/wp-content\/uploads\/2024\/07\/dk-logo-kreis-blau.svg\",\"contentUrl\":\"https:\/\/dk-fixiersysteme.de\/wp-content\/uploads\/2024\/07\/dk-logo-kreis-blau.svg\",\"caption\":\"dk Fixiersysteme\"},\"image\":{\"@id\":\"https:\/\/dk-fixiersysteme.de\/fr\/#\/schema\/logo\/image\/\"}}]}<\/script>\n<!-- \/ Yoast SEO plugin. -->","yoast_head_json":{"title":"Colonnes \u00e0 rainure en T 6 pour structure en porte-\u00e0-faux avec support | dk Fixiersysteme","description":"Colonnes \u00e0 rainure en T 6 pour structure en porte-\u00e0-faux avec support | pour le g\u00e9nie m\u00e9canique, la m\u00e9tallurgie et les applications industrielles. Qualit\u00e9 et fiabilit\u00e9 garanties par dk Fixiersysteme, votre partenaire expert.","robots":{"index":"index","follow":"follow","max-snippet":"max-snippet:-1","max-image-preview":"max-image-preview:large","max-video-preview":"max-video-preview:-1"},"canonical":"https:\/\/dk-fixiersysteme.de\/fr\/product\/dk\/systemes-de-fixation\/spannfix-pro-systemes-de-fixation\/elements-de-montage-spannfix-pro-systemes-de-fixation\/colonnes-a-rainure-en-t-6-pour-structure-en-porte-a-faux-avec-support\/","og_locale":"fr_FR","og_type":"article","og_title":"Colonnes \u00e0 rainure en T 6 pour structure en porte-\u00e0-faux avec support | dk Fixiersysteme","og_description":"Colonnes \u00e0 rainure en T 6 pour structure en porte-\u00e0-faux avec support | pour le g\u00e9nie m\u00e9canique, la m\u00e9tallurgie et les applications industrielles. Qualit\u00e9 et fiabilit\u00e9 garanties par dk Fixiersysteme, votre partenaire expert.","og_url":"https:\/\/dk-fixiersysteme.de\/fr\/product\/dk\/systemes-de-fixation\/spannfix-pro-systemes-de-fixation\/elements-de-montage-spannfix-pro-systemes-de-fixation\/colonnes-a-rainure-en-t-6-pour-structure-en-porte-a-faux-avec-support\/","og_site_name":"dk Fixiersysteme","article_modified_time":"2025-11-13T07:08:00+00:00","og_image":[{"width":1200,"height":800,"url":"https:\/\/dk-fixiersysteme.de\/wp-content\/uploads\/2025\/04\/DK-288605_gross.jpg","type":"image\/jpeg"}],"twitter_card":"summary_large_image","schema":{"@context":"https:\/\/schema.org","@graph":[{"@type":"WebPage","@id":"https:\/\/dk-fixiersysteme.de\/fr\/product\/dk\/systemes-de-fixation\/spannfix-pro-systemes-de-fixation\/elements-de-montage-spannfix-pro-systemes-de-fixation\/colonnes-a-rainure-en-t-6-pour-structure-en-porte-a-faux-avec-support\/","url":"https:\/\/dk-fixiersysteme.de\/fr\/product\/dk\/systemes-de-fixation\/spannfix-pro-systemes-de-fixation\/elements-de-montage-spannfix-pro-systemes-de-fixation\/colonnes-a-rainure-en-t-6-pour-structure-en-porte-a-faux-avec-support\/","name":"Colonnes \u00e0 rainure en T 6 pour structure en porte-\u00e0-faux avec support | dk Fixiersysteme","isPartOf":{"@id":"https:\/\/dk-fixiersysteme.de\/fr\/#website"},"primaryImageOfPage":{"@id":"https:\/\/dk-fixiersysteme.de\/fr\/product\/dk\/systemes-de-fixation\/spannfix-pro-systemes-de-fixation\/elements-de-montage-spannfix-pro-systemes-de-fixation\/colonnes-a-rainure-en-t-6-pour-structure-en-porte-a-faux-avec-support\/#primaryimage"},"image":{"@id":"https:\/\/dk-fixiersysteme.de\/fr\/product\/dk\/systemes-de-fixation\/spannfix-pro-systemes-de-fixation\/elements-de-montage-spannfix-pro-systemes-de-fixation\/colonnes-a-rainure-en-t-6-pour-structure-en-porte-a-faux-avec-support\/#primaryimage"},"thumbnailUrl":"https:\/\/dk-fixiersysteme.de\/wp-content\/uploads\/2025\/04\/DK-288605_gross.jpg","datePublished":"2025-04-15T08:33:36+00:00","dateModified":"2025-11-13T07:08:00+00:00","description":"Colonnes \u00e0 rainure en T 6 pour structure en porte-\u00e0-faux avec support | pour le g\u00e9nie m\u00e9canique, la m\u00e9tallurgie et les applications industrielles. Qualit\u00e9 et fiabilit\u00e9 garanties par dk Fixiersysteme, votre partenaire expert.","breadcrumb":{"@id":"https:\/\/dk-fixiersysteme.de\/fr\/product\/dk\/systemes-de-fixation\/spannfix-pro-systemes-de-fixation\/elements-de-montage-spannfix-pro-systemes-de-fixation\/colonnes-a-rainure-en-t-6-pour-structure-en-porte-a-faux-avec-support\/#breadcrumb"},"inLanguage":"fr-FR","potentialAction":[{"@type":"ReadAction","target":["https:\/\/dk-fixiersysteme.de\/fr\/product\/dk\/systemes-de-fixation\/spannfix-pro-systemes-de-fixation\/elements-de-montage-spannfix-pro-systemes-de-fixation\/colonnes-a-rainure-en-t-6-pour-structure-en-porte-a-faux-avec-support\/"]}]},{"@type":"ImageObject","inLanguage":"fr-FR","@id":"https:\/\/dk-fixiersysteme.de\/fr\/product\/dk\/systemes-de-fixation\/spannfix-pro-systemes-de-fixation\/elements-de-montage-spannfix-pro-systemes-de-fixation\/colonnes-a-rainure-en-t-6-pour-structure-en-porte-a-faux-avec-support\/#primaryimage","url":"https:\/\/dk-fixiersysteme.de\/wp-content\/uploads\/2025\/04\/DK-288605_gross.jpg","contentUrl":"https:\/\/dk-fixiersysteme.de\/wp-content\/uploads\/2025\/04\/DK-288605_gross.jpg","width":1200,"height":800},{"@type":"BreadcrumbList","@id":"https:\/\/dk-fixiersysteme.de\/fr\/product\/dk\/systemes-de-fixation\/spannfix-pro-systemes-de-fixation\/elements-de-montage-spannfix-pro-systemes-de-fixation\/colonnes-a-rainure-en-t-6-pour-structure-en-porte-a-faux-avec-support\/#breadcrumb","itemListElement":[{"@type":"ListItem","position":1,"name":"Boutique","item":"https:\/\/dk-fixiersysteme.de\/fr\/boutique\/"},{"@type":"ListItem","position":2,"name":"dk","item":"https:\/\/dk-fixiersysteme.de\/fr\/produits\/dk\/"},{"@type":"ListItem","position":3,"name":"Syst\u00e8mes de fixation","item":"https:\/\/dk-fixiersysteme.de\/fr\/produits\/dk\/systemes-de-fixation\/"},{"@type":"ListItem","position":4,"name":"SPANNFIX PRO","item":"https:\/\/dk-fixiersysteme.de\/fr\/produits\/dk\/systemes-de-fixation\/spannfix-pro-systemes-de-fixation\/"},{"@type":"ListItem","position":5,"name":"\u00c9l\u00e9ments de montage","item":"https:\/\/dk-fixiersysteme.de\/fr\/produits\/dk\/systemes-de-fixation\/spannfix-pro-systemes-de-fixation\/elements-de-montage-spannfix-pro-systemes-de-fixation\/"},{"@type":"ListItem","position":6,"name":"Colonnes \u00e0 rainure en T 6 pour structure en porte-\u00e0-faux avec support"}]},{"@type":"WebSite","@id":"https:\/\/dk-fixiersysteme.de\/fr\/#website","url":"https:\/\/dk-fixiersysteme.de\/fr\/","name":"dk FIXIERSYSTEME","description":"","publisher":{"@id":"https:\/\/dk-fixiersysteme.de\/fr\/#organization"},"potentialAction":[{"@type":"SearchAction","target":{"@type":"EntryPoint","urlTemplate":"https:\/\/dk-fixiersysteme.de\/fr\/?s={search_term_string}"},"query-input":{"@type":"PropertyValueSpecification","valueRequired":true,"valueName":"search_term_string"}}],"inLanguage":"fr-FR"},{"@type":"Organization","@id":"https:\/\/dk-fixiersysteme.de\/fr\/#organization","name":"dk Fixiersysteme","url":"https:\/\/dk-fixiersysteme.de\/fr\/","logo":{"@type":"ImageObject","inLanguage":"fr-FR","@id":"https:\/\/dk-fixiersysteme.de\/fr\/#\/schema\/logo\/image\/","url":"https:\/\/dk-fixiersysteme.de\/wp-content\/uploads\/2024\/07\/dk-logo-kreis-blau.svg","contentUrl":"https:\/\/dk-fixiersysteme.de\/wp-content\/uploads\/2024\/07\/dk-logo-kreis-blau.svg","caption":"dk Fixiersysteme"},"image":{"@id":"https:\/\/dk-fixiersysteme.de\/fr\/#\/schema\/logo\/image\/"}}]}},"_links":{"self":[{"href":"https:\/\/dk-fixiersysteme.de\/fr\/wp-json\/wp\/v2\/product\/56290","targetHints":{"allow":["GET"]}}],"collection":[{"href":"https:\/\/dk-fixiersysteme.de\/fr\/wp-json\/wp\/v2\/product"}],"about":[{"href":"https:\/\/dk-fixiersysteme.de\/fr\/wp-json\/wp\/v2\/types\/product"}],"replies":[{"embeddable":true,"href":"https:\/\/dk-fixiersysteme.de\/fr\/wp-json\/wp\/v2\/comments?post=56290"}],"version-history":[{"count":0,"href":"https:\/\/dk-fixiersysteme.de\/fr\/wp-json\/wp\/v2\/product\/56290\/revisions"}],"wp:featuredmedia":[{"embeddable":true,"href":"https:\/\/dk-fixiersysteme.de\/fr\/wp-json\/wp\/v2\/media\/32336"}],"wp:attachment":[{"href":"https:\/\/dk-fixiersysteme.de\/fr\/wp-json\/wp\/v2\/media?parent=56290"}],"wp:term":[{"taxonomy":"product_brand","embeddable":true,"href":"https:\/\/dk-fixiersysteme.de\/fr\/wp-json\/wp\/v2\/product_brand?post=56290"},{"taxonomy":"product_cat","embeddable":true,"href":"https:\/\/dk-fixiersysteme.de\/fr\/wp-json\/wp\/v2\/product_cat?post=56290"},{"taxonomy":"product_tag","embeddable":true,"href":"https:\/\/dk-fixiersysteme.de\/fr\/wp-json\/wp\/v2\/product_tag?post=56290"}],"curies":[{"name":"wp","href":"https:\/\/api.w.org\/{rel}","templated":true}]}}