{"id":56306,"date":"2025-04-15T08:33:43","date_gmt":"2025-04-15T08:33:43","guid":{"rendered":"https:\/\/dk-fixiersysteme.de\/product\/uncategorized\/paires-de-ves-reglables-sur-rail-swa-39\/"},"modified":"2025-11-13T07:08:24","modified_gmt":"2025-11-13T07:08:24","slug":"paires-de-ves-reglables-sur-rail-swa-39","status":"publish","type":"product","link":"https:\/\/dk-fixiersysteme.de\/fr\/product\/dk\/systemes-de-fixation\/swa39-systemes-de-fixation\/elements-de-bridage-swa39-systemes-de-fixation\/ve\/paires-de-ves-reglables-sur-rail-swa-39\/","title":{"rendered":"Paires de v\u00e9s r\u00e9glables sur rail SWA 39"},"content":{"rendered":"<p>Paires de v\u00e9s pour rainure en T. La plage de serrage peut \u00eatre librement r\u00e9gl\u00e9e. Avec taraudage lat\u00e9ral pour la mise en place d\u2019un dispositif de serrage de bande ou d\u2019une bride \u00e0 lame ressort. Article 306500 avec al\u00e9sage de fixation pour but\u00e9es.<br \/>\n Mati\u00e8re : Aluminium \u00e0 rev\u00eatement dur \/ acier.<br \/>\n Contenu de la livraison : Avec vis et tasseaux.<\/p>\n","protected":false},"excerpt":{"rendered":"<p>Paires de v\u00e9s pour rainure en T. La plage de serrage peut \u00eatre librement r\u00e9gl\u00e9e. Avec taraudage lat\u00e9ral pour la mise en place d\u2019un dispositif de serrage de bande ou d\u2019une bride \u00e0 lame ressort. Article 306500 avec al\u00e9sage de fixation pour but\u00e9es. Mati\u00e8re : Aluminium \u00e0 rev\u00eatement dur \/ acier. Contenu de la livraison [&hellip;]<\/p>\n","protected":false},"featured_media":32372,"comment_status":"open","ping_status":"closed","template":"","meta":{"_acf_changed":false},"product_brand":[],"product_cat":[4599,4630],"product_tag":[],"class_list":{"0":"post-56306","1":"product","2":"type-product","3":"status-publish","4":"has-post-thumbnail","6":"product_cat-elements-de-montage-spannfix-pro-systemes-de-fixation","7":"product_cat-ve","9":"first","10":"instock","11":"taxable","12":"shipping-taxable","13":"purchasable","14":"product-type-variable"},"acf":[],"yoast_head":"<!-- This site is optimized with the Yoast SEO plugin v27.2 - https:\/\/yoast.com\/product\/yoast-seo-wordpress\/ -->\n<title>Paires de v\u00e9s r\u00e9glables sur rail SWA 39 | dk Fixiersysteme<\/title>\n<meta name=\"description\" content=\"Paires de v\u00e9s r\u00e9glables sur rail SWA 39 | pour le g\u00e9nie m\u00e9canique, la m\u00e9tallurgie et les applications industrielles. Qualit\u00e9 et fiabilit\u00e9 garanties par dk Fixiersysteme, votre partenaire expert.\" \/>\n<meta name=\"robots\" content=\"index, follow, max-snippet:-1, max-image-preview:large, max-video-preview:-1\" \/>\n<link rel=\"canonical\" href=\"https:\/\/dk-fixiersysteme.de\/fr\/product\/dk\/systemes-de-fixation\/swa39-systemes-de-fixation\/elements-de-bridage-swa39-systemes-de-fixation\/ve\/paires-de-ves-reglables-sur-rail-swa-39\/\" \/>\n<meta property=\"og:locale\" content=\"fr_FR\" \/>\n<meta property=\"og:type\" content=\"article\" \/>\n<meta property=\"og:title\" content=\"Paires de v\u00e9s r\u00e9glables sur rail SWA 39 | dk Fixiersysteme\" \/>\n<meta property=\"og:description\" content=\"Paires de v\u00e9s r\u00e9glables sur rail SWA 39 | pour le g\u00e9nie m\u00e9canique, la m\u00e9tallurgie et les applications industrielles. Qualit\u00e9 et fiabilit\u00e9 garanties par dk Fixiersysteme, votre partenaire expert.\" \/>\n<meta property=\"og:url\" content=\"https:\/\/dk-fixiersysteme.de\/fr\/product\/dk\/systemes-de-fixation\/swa39-systemes-de-fixation\/elements-de-bridage-swa39-systemes-de-fixation\/ve\/paires-de-ves-reglables-sur-rail-swa-39\/\" \/>\n<meta property=\"og:site_name\" content=\"dk Fixiersysteme\" \/>\n<meta property=\"article:modified_time\" content=\"2025-11-13T07:08:24+00:00\" \/>\n<meta property=\"og:image\" content=\"https:\/\/dk-fixiersysteme.de\/wp-content\/uploads\/2025\/04\/DK-305500_5600_5700.jpg\" \/>\n\t<meta property=\"og:image:width\" content=\"1200\" \/>\n\t<meta property=\"og:image:height\" content=\"800\" \/>\n\t<meta property=\"og:image:type\" content=\"image\/jpeg\" \/>\n<meta name=\"twitter:card\" content=\"summary_large_image\" \/>\n<script type=\"application\/ld+json\" class=\"yoast-schema-graph\">{\"@context\":\"https:\/\/schema.org\",\"@graph\":[{\"@type\":\"WebPage\",\"@id\":\"https:\/\/dk-fixiersysteme.de\/fr\/product\/dk\/systemes-de-fixation\/swa39-systemes-de-fixation\/elements-de-bridage-swa39-systemes-de-fixation\/ve\/paires-de-ves-reglables-sur-rail-swa-39\/\",\"url\":\"https:\/\/dk-fixiersysteme.de\/fr\/product\/dk\/systemes-de-fixation\/swa39-systemes-de-fixation\/elements-de-bridage-swa39-systemes-de-fixation\/ve\/paires-de-ves-reglables-sur-rail-swa-39\/\",\"name\":\"Paires de v\u00e9s r\u00e9glables sur rail SWA 39 | dk Fixiersysteme\",\"isPartOf\":{\"@id\":\"https:\/\/dk-fixiersysteme.de\/fr\/#website\"},\"primaryImageOfPage\":{\"@id\":\"https:\/\/dk-fixiersysteme.de\/fr\/product\/dk\/systemes-de-fixation\/swa39-systemes-de-fixation\/elements-de-bridage-swa39-systemes-de-fixation\/ve\/paires-de-ves-reglables-sur-rail-swa-39\/#primaryimage\"},\"image\":{\"@id\":\"https:\/\/dk-fixiersysteme.de\/fr\/product\/dk\/systemes-de-fixation\/swa39-systemes-de-fixation\/elements-de-bridage-swa39-systemes-de-fixation\/ve\/paires-de-ves-reglables-sur-rail-swa-39\/#primaryimage\"},\"thumbnailUrl\":\"https:\/\/dk-fixiersysteme.de\/wp-content\/uploads\/2025\/04\/DK-305500_5600_5700.jpg\",\"datePublished\":\"2025-04-15T08:33:43+00:00\",\"dateModified\":\"2025-11-13T07:08:24+00:00\",\"description\":\"Paires de v\u00e9s r\u00e9glables sur rail SWA 39 | pour le g\u00e9nie m\u00e9canique, la m\u00e9tallurgie et les applications industrielles. Qualit\u00e9 et fiabilit\u00e9 garanties par dk Fixiersysteme, votre partenaire expert.\",\"breadcrumb\":{\"@id\":\"https:\/\/dk-fixiersysteme.de\/fr\/product\/dk\/systemes-de-fixation\/swa39-systemes-de-fixation\/elements-de-bridage-swa39-systemes-de-fixation\/ve\/paires-de-ves-reglables-sur-rail-swa-39\/#breadcrumb\"},\"inLanguage\":\"fr-FR\",\"potentialAction\":[{\"@type\":\"ReadAction\",\"target\":[\"https:\/\/dk-fixiersysteme.de\/fr\/product\/dk\/systemes-de-fixation\/swa39-systemes-de-fixation\/elements-de-bridage-swa39-systemes-de-fixation\/ve\/paires-de-ves-reglables-sur-rail-swa-39\/\"]}]},{\"@type\":\"ImageObject\",\"inLanguage\":\"fr-FR\",\"@id\":\"https:\/\/dk-fixiersysteme.de\/fr\/product\/dk\/systemes-de-fixation\/swa39-systemes-de-fixation\/elements-de-bridage-swa39-systemes-de-fixation\/ve\/paires-de-ves-reglables-sur-rail-swa-39\/#primaryimage\",\"url\":\"https:\/\/dk-fixiersysteme.de\/wp-content\/uploads\/2025\/04\/DK-305500_5600_5700.jpg\",\"contentUrl\":\"https:\/\/dk-fixiersysteme.de\/wp-content\/uploads\/2025\/04\/DK-305500_5600_5700.jpg\",\"width\":1200,\"height\":800},{\"@type\":\"BreadcrumbList\",\"@id\":\"https:\/\/dk-fixiersysteme.de\/fr\/product\/dk\/systemes-de-fixation\/swa39-systemes-de-fixation\/elements-de-bridage-swa39-systemes-de-fixation\/ve\/paires-de-ves-reglables-sur-rail-swa-39\/#breadcrumb\",\"itemListElement\":[{\"@type\":\"ListItem\",\"position\":1,\"name\":\"Boutique\",\"item\":\"https:\/\/dk-fixiersysteme.de\/fr\/boutique\/\"},{\"@type\":\"ListItem\",\"position\":2,\"name\":\"dk\",\"item\":\"https:\/\/dk-fixiersysteme.de\/fr\/produits\/dk\/\"},{\"@type\":\"ListItem\",\"position\":3,\"name\":\"Syst\u00e8mes de fixation\",\"item\":\"https:\/\/dk-fixiersysteme.de\/fr\/produits\/dk\/systemes-de-fixation\/\"},{\"@type\":\"ListItem\",\"position\":4,\"name\":\"SWA39\",\"item\":\"https:\/\/dk-fixiersysteme.de\/fr\/produits\/dk\/systemes-de-fixation\/swa39-systemes-de-fixation\/\"},{\"@type\":\"ListItem\",\"position\":5,\"name\":\"\u00c9l\u00e9ments de bridage\",\"item\":\"https:\/\/dk-fixiersysteme.de\/fr\/produits\/dk\/systemes-de-fixation\/swa39-systemes-de-fixation\/elements-de-bridage-swa39-systemes-de-fixation\/\"},{\"@type\":\"ListItem\",\"position\":6,\"name\":\"V\u00e9\",\"item\":\"https:\/\/dk-fixiersysteme.de\/fr\/produits\/dk\/systemes-de-fixation\/swa39-systemes-de-fixation\/elements-de-bridage-swa39-systemes-de-fixation\/ve\/\"},{\"@type\":\"ListItem\",\"position\":7,\"name\":\"Paires de v\u00e9s r\u00e9glables sur rail SWA 39\"}]},{\"@type\":\"WebSite\",\"@id\":\"https:\/\/dk-fixiersysteme.de\/fr\/#website\",\"url\":\"https:\/\/dk-fixiersysteme.de\/fr\/\",\"name\":\"dk FIXIERSYSTEME\",\"description\":\"\",\"publisher\":{\"@id\":\"https:\/\/dk-fixiersysteme.de\/fr\/#organization\"},\"potentialAction\":[{\"@type\":\"SearchAction\",\"target\":{\"@type\":\"EntryPoint\",\"urlTemplate\":\"https:\/\/dk-fixiersysteme.de\/fr\/?s={search_term_string}\"},\"query-input\":{\"@type\":\"PropertyValueSpecification\",\"valueRequired\":true,\"valueName\":\"search_term_string\"}}],\"inLanguage\":\"fr-FR\"},{\"@type\":\"Organization\",\"@id\":\"https:\/\/dk-fixiersysteme.de\/fr\/#organization\",\"name\":\"dk Fixiersysteme\",\"url\":\"https:\/\/dk-fixiersysteme.de\/fr\/\",\"logo\":{\"@type\":\"ImageObject\",\"inLanguage\":\"fr-FR\",\"@id\":\"https:\/\/dk-fixiersysteme.de\/fr\/#\/schema\/logo\/image\/\",\"url\":\"https:\/\/dk-fixiersysteme.de\/wp-content\/uploads\/2024\/07\/dk-logo-kreis-blau.svg\",\"contentUrl\":\"https:\/\/dk-fixiersysteme.de\/wp-content\/uploads\/2024\/07\/dk-logo-kreis-blau.svg\",\"caption\":\"dk Fixiersysteme\"},\"image\":{\"@id\":\"https:\/\/dk-fixiersysteme.de\/fr\/#\/schema\/logo\/image\/\"}}]}<\/script>\n<!-- \/ Yoast SEO plugin. -->","yoast_head_json":{"title":"Paires de v\u00e9s r\u00e9glables sur rail SWA 39 | dk Fixiersysteme","description":"Paires de v\u00e9s r\u00e9glables sur rail SWA 39 | pour le g\u00e9nie m\u00e9canique, la m\u00e9tallurgie et les applications industrielles. Qualit\u00e9 et fiabilit\u00e9 garanties par dk Fixiersysteme, votre partenaire expert.","robots":{"index":"index","follow":"follow","max-snippet":"max-snippet:-1","max-image-preview":"max-image-preview:large","max-video-preview":"max-video-preview:-1"},"canonical":"https:\/\/dk-fixiersysteme.de\/fr\/product\/dk\/systemes-de-fixation\/swa39-systemes-de-fixation\/elements-de-bridage-swa39-systemes-de-fixation\/ve\/paires-de-ves-reglables-sur-rail-swa-39\/","og_locale":"fr_FR","og_type":"article","og_title":"Paires de v\u00e9s r\u00e9glables sur rail SWA 39 | dk Fixiersysteme","og_description":"Paires de v\u00e9s r\u00e9glables sur rail SWA 39 | pour le g\u00e9nie m\u00e9canique, la m\u00e9tallurgie et les applications industrielles. Qualit\u00e9 et fiabilit\u00e9 garanties par dk Fixiersysteme, votre partenaire expert.","og_url":"https:\/\/dk-fixiersysteme.de\/fr\/product\/dk\/systemes-de-fixation\/swa39-systemes-de-fixation\/elements-de-bridage-swa39-systemes-de-fixation\/ve\/paires-de-ves-reglables-sur-rail-swa-39\/","og_site_name":"dk Fixiersysteme","article_modified_time":"2025-11-13T07:08:24+00:00","og_image":[{"width":1200,"height":800,"url":"https:\/\/dk-fixiersysteme.de\/wp-content\/uploads\/2025\/04\/DK-305500_5600_5700.jpg","type":"image\/jpeg"}],"twitter_card":"summary_large_image","schema":{"@context":"https:\/\/schema.org","@graph":[{"@type":"WebPage","@id":"https:\/\/dk-fixiersysteme.de\/fr\/product\/dk\/systemes-de-fixation\/swa39-systemes-de-fixation\/elements-de-bridage-swa39-systemes-de-fixation\/ve\/paires-de-ves-reglables-sur-rail-swa-39\/","url":"https:\/\/dk-fixiersysteme.de\/fr\/product\/dk\/systemes-de-fixation\/swa39-systemes-de-fixation\/elements-de-bridage-swa39-systemes-de-fixation\/ve\/paires-de-ves-reglables-sur-rail-swa-39\/","name":"Paires de v\u00e9s r\u00e9glables sur rail SWA 39 | dk Fixiersysteme","isPartOf":{"@id":"https:\/\/dk-fixiersysteme.de\/fr\/#website"},"primaryImageOfPage":{"@id":"https:\/\/dk-fixiersysteme.de\/fr\/product\/dk\/systemes-de-fixation\/swa39-systemes-de-fixation\/elements-de-bridage-swa39-systemes-de-fixation\/ve\/paires-de-ves-reglables-sur-rail-swa-39\/#primaryimage"},"image":{"@id":"https:\/\/dk-fixiersysteme.de\/fr\/product\/dk\/systemes-de-fixation\/swa39-systemes-de-fixation\/elements-de-bridage-swa39-systemes-de-fixation\/ve\/paires-de-ves-reglables-sur-rail-swa-39\/#primaryimage"},"thumbnailUrl":"https:\/\/dk-fixiersysteme.de\/wp-content\/uploads\/2025\/04\/DK-305500_5600_5700.jpg","datePublished":"2025-04-15T08:33:43+00:00","dateModified":"2025-11-13T07:08:24+00:00","description":"Paires de v\u00e9s r\u00e9glables sur rail SWA 39 | pour le g\u00e9nie m\u00e9canique, la m\u00e9tallurgie et les applications industrielles. Qualit\u00e9 et fiabilit\u00e9 garanties par dk Fixiersysteme, votre partenaire expert.","breadcrumb":{"@id":"https:\/\/dk-fixiersysteme.de\/fr\/product\/dk\/systemes-de-fixation\/swa39-systemes-de-fixation\/elements-de-bridage-swa39-systemes-de-fixation\/ve\/paires-de-ves-reglables-sur-rail-swa-39\/#breadcrumb"},"inLanguage":"fr-FR","potentialAction":[{"@type":"ReadAction","target":["https:\/\/dk-fixiersysteme.de\/fr\/product\/dk\/systemes-de-fixation\/swa39-systemes-de-fixation\/elements-de-bridage-swa39-systemes-de-fixation\/ve\/paires-de-ves-reglables-sur-rail-swa-39\/"]}]},{"@type":"ImageObject","inLanguage":"fr-FR","@id":"https:\/\/dk-fixiersysteme.de\/fr\/product\/dk\/systemes-de-fixation\/swa39-systemes-de-fixation\/elements-de-bridage-swa39-systemes-de-fixation\/ve\/paires-de-ves-reglables-sur-rail-swa-39\/#primaryimage","url":"https:\/\/dk-fixiersysteme.de\/wp-content\/uploads\/2025\/04\/DK-305500_5600_5700.jpg","contentUrl":"https:\/\/dk-fixiersysteme.de\/wp-content\/uploads\/2025\/04\/DK-305500_5600_5700.jpg","width":1200,"height":800},{"@type":"BreadcrumbList","@id":"https:\/\/dk-fixiersysteme.de\/fr\/product\/dk\/systemes-de-fixation\/swa39-systemes-de-fixation\/elements-de-bridage-swa39-systemes-de-fixation\/ve\/paires-de-ves-reglables-sur-rail-swa-39\/#breadcrumb","itemListElement":[{"@type":"ListItem","position":1,"name":"Boutique","item":"https:\/\/dk-fixiersysteme.de\/fr\/boutique\/"},{"@type":"ListItem","position":2,"name":"dk","item":"https:\/\/dk-fixiersysteme.de\/fr\/produits\/dk\/"},{"@type":"ListItem","position":3,"name":"Syst\u00e8mes de fixation","item":"https:\/\/dk-fixiersysteme.de\/fr\/produits\/dk\/systemes-de-fixation\/"},{"@type":"ListItem","position":4,"name":"SWA39","item":"https:\/\/dk-fixiersysteme.de\/fr\/produits\/dk\/systemes-de-fixation\/swa39-systemes-de-fixation\/"},{"@type":"ListItem","position":5,"name":"\u00c9l\u00e9ments de bridage","item":"https:\/\/dk-fixiersysteme.de\/fr\/produits\/dk\/systemes-de-fixation\/swa39-systemes-de-fixation\/elements-de-bridage-swa39-systemes-de-fixation\/"},{"@type":"ListItem","position":6,"name":"V\u00e9","item":"https:\/\/dk-fixiersysteme.de\/fr\/produits\/dk\/systemes-de-fixation\/swa39-systemes-de-fixation\/elements-de-bridage-swa39-systemes-de-fixation\/ve\/"},{"@type":"ListItem","position":7,"name":"Paires de v\u00e9s r\u00e9glables sur rail SWA 39"}]},{"@type":"WebSite","@id":"https:\/\/dk-fixiersysteme.de\/fr\/#website","url":"https:\/\/dk-fixiersysteme.de\/fr\/","name":"dk FIXIERSYSTEME","description":"","publisher":{"@id":"https:\/\/dk-fixiersysteme.de\/fr\/#organization"},"potentialAction":[{"@type":"SearchAction","target":{"@type":"EntryPoint","urlTemplate":"https:\/\/dk-fixiersysteme.de\/fr\/?s={search_term_string}"},"query-input":{"@type":"PropertyValueSpecification","valueRequired":true,"valueName":"search_term_string"}}],"inLanguage":"fr-FR"},{"@type":"Organization","@id":"https:\/\/dk-fixiersysteme.de\/fr\/#organization","name":"dk Fixiersysteme","url":"https:\/\/dk-fixiersysteme.de\/fr\/","logo":{"@type":"ImageObject","inLanguage":"fr-FR","@id":"https:\/\/dk-fixiersysteme.de\/fr\/#\/schema\/logo\/image\/","url":"https:\/\/dk-fixiersysteme.de\/wp-content\/uploads\/2024\/07\/dk-logo-kreis-blau.svg","contentUrl":"https:\/\/dk-fixiersysteme.de\/wp-content\/uploads\/2024\/07\/dk-logo-kreis-blau.svg","caption":"dk Fixiersysteme"},"image":{"@id":"https:\/\/dk-fixiersysteme.de\/fr\/#\/schema\/logo\/image\/"}}]}},"_links":{"self":[{"href":"https:\/\/dk-fixiersysteme.de\/fr\/wp-json\/wp\/v2\/product\/56306","targetHints":{"allow":["GET"]}}],"collection":[{"href":"https:\/\/dk-fixiersysteme.de\/fr\/wp-json\/wp\/v2\/product"}],"about":[{"href":"https:\/\/dk-fixiersysteme.de\/fr\/wp-json\/wp\/v2\/types\/product"}],"replies":[{"embeddable":true,"href":"https:\/\/dk-fixiersysteme.de\/fr\/wp-json\/wp\/v2\/comments?post=56306"}],"version-history":[{"count":0,"href":"https:\/\/dk-fixiersysteme.de\/fr\/wp-json\/wp\/v2\/product\/56306\/revisions"}],"wp:featuredmedia":[{"embeddable":true,"href":"https:\/\/dk-fixiersysteme.de\/fr\/wp-json\/wp\/v2\/media\/32372"}],"wp:attachment":[{"href":"https:\/\/dk-fixiersysteme.de\/fr\/wp-json\/wp\/v2\/media?parent=56306"}],"wp:term":[{"taxonomy":"product_brand","embeddable":true,"href":"https:\/\/dk-fixiersysteme.de\/fr\/wp-json\/wp\/v2\/product_brand?post=56306"},{"taxonomy":"product_cat","embeddable":true,"href":"https:\/\/dk-fixiersysteme.de\/fr\/wp-json\/wp\/v2\/product_cat?post=56306"},{"taxonomy":"product_tag","embeddable":true,"href":"https:\/\/dk-fixiersysteme.de\/fr\/wp-json\/wp\/v2\/product_tag?post=56306"}],"curies":[{"name":"wp","href":"https:\/\/api.w.org\/{rel}","templated":true}]}}