{"id":56331,"date":"2025-04-15T08:33:54","date_gmt":"2025-04-15T08:33:54","guid":{"rendered":"https:\/\/dk-fixiersysteme.de\/product\/uncategorized\/table-rotative-manuelle-avec-indicateur-de-position-electronique\/"},"modified":"2025-11-13T07:08:37","modified_gmt":"2025-11-13T07:08:37","slug":"table-rotative-manuelle-avec-indicateur-de-position-electronique","status":"publish","type":"product","link":"https:\/\/dk-fixiersysteme.de\/fr\/product\/dk\/systemes-de-fixation\/systemes-de-montage-pour-la-vision-industrielle-systemes-de-fixation\/elements-de-montage-systemes-de-montage-pour-la-vision-industrielle-systemes-de-fixation\/microline-elements-de-montage-systemes-de-montage-pour-la-vision-industrielle-systemes-de-fixation\/table-rotative-manuelle-avec-indicateur-de-position-electronique\/","title":{"rendered":"Table rotative manuelle avec indicateur de position \u00e9lectronique"},"content":{"rendered":"<p>R\u00e9glable \u00e0 360\u00b0 par engrenage \u00e0 vis sans fin. Pr\u00e9cision d\u2019affichage 0,1\u00b0. Fonction de r\u00e9initialisation. Jeu d\u2019inversion max. de 0,15\u00b0 gr\u00e2ce au palier pr\u00e9contraint. Autobloquante. Reste en position m\u00eame en cas de vibrations.<\/p>\n","protected":false},"excerpt":{"rendered":"<p>R\u00e9glable \u00e0 360\u00b0 par engrenage \u00e0 vis sans fin. Pr\u00e9cision d\u2019affichage 0,1\u00b0. Fonction de r\u00e9initialisation. Jeu d\u2019inversion max. de 0,15\u00b0 gr\u00e2ce au palier pr\u00e9contraint. Autobloquante. Reste en position m\u00eame en cas de vibrations.<\/p>\n","protected":false},"featured_media":24154,"comment_status":"open","ping_status":"closed","template":"","meta":{"_acf_changed":false},"product_brand":[],"product_cat":[4657,4658],"product_tag":[],"class_list":{"0":"post-56331","1":"product","2":"type-product","3":"status-publish","4":"has-post-thumbnail","6":"product_cat-microline-elements-de-montage-systemes-de-montage-pour-la-vision-industrielle","7":"product_cat-microline-elements-de-montage-systemes-de-montage-pour-la-vision-industrielle-systemes-de-fixation","9":"first","10":"instock","11":"taxable","12":"shipping-taxable","13":"purchasable","14":"product-type-variable"},"acf":[],"yoast_head":"<!-- This site is optimized with the Yoast SEO plugin v27.2 - https:\/\/yoast.com\/product\/yoast-seo-wordpress\/ -->\n<title>Table rotative manuelle avec indicateur de position \u00e9lectronique | dk Fixiersysteme<\/title>\n<meta name=\"description\" content=\"Table rotative manuelle avec indicateur de position \u00e9lectronique | pour le g\u00e9nie m\u00e9canique, la m\u00e9tallurgie et les applications industrielles. Qualit\u00e9 et fiabilit\u00e9 garanties par dk Fixiersysteme, votre partenaire expert.\" \/>\n<meta name=\"robots\" content=\"index, follow, max-snippet:-1, max-image-preview:large, max-video-preview:-1\" \/>\n<link rel=\"canonical\" href=\"https:\/\/dk-fixiersysteme.de\/fr\/product\/dk\/systemes-de-fixation\/systemes-de-montage-pour-la-vision-industrielle-systemes-de-fixation\/elements-de-montage-systemes-de-montage-pour-la-vision-industrielle-systemes-de-fixation\/microline-elements-de-montage-systemes-de-montage-pour-la-vision-industrielle-systemes-de-fixation\/table-rotative-manuelle-avec-indicateur-de-position-electronique\/\" \/>\n<meta property=\"og:locale\" content=\"fr_FR\" \/>\n<meta property=\"og:type\" content=\"article\" \/>\n<meta property=\"og:title\" content=\"Table rotative manuelle avec indicateur de position \u00e9lectronique | dk Fixiersysteme\" \/>\n<meta property=\"og:description\" content=\"Table rotative manuelle avec indicateur de position \u00e9lectronique | pour le g\u00e9nie m\u00e9canique, la m\u00e9tallurgie et les applications industrielles. Qualit\u00e9 et fiabilit\u00e9 garanties par dk Fixiersysteme, votre partenaire expert.\" \/>\n<meta property=\"og:url\" content=\"https:\/\/dk-fixiersysteme.de\/fr\/product\/dk\/systemes-de-fixation\/systemes-de-montage-pour-la-vision-industrielle-systemes-de-fixation\/elements-de-montage-systemes-de-montage-pour-la-vision-industrielle-systemes-de-fixation\/microline-elements-de-montage-systemes-de-montage-pour-la-vision-industrielle-systemes-de-fixation\/table-rotative-manuelle-avec-indicateur-de-position-electronique\/\" \/>\n<meta property=\"og:site_name\" content=\"dk Fixiersysteme\" \/>\n<meta property=\"article:modified_time\" content=\"2025-11-13T07:08:37+00:00\" \/>\n<meta property=\"og:image\" content=\"https:\/\/dk-fixiersysteme.de\/wp-content\/uploads\/2025\/03\/314725-08-D.jpg\" \/>\n\t<meta property=\"og:image:width\" content=\"500\" \/>\n\t<meta property=\"og:image:height\" content=\"333\" \/>\n\t<meta property=\"og:image:type\" content=\"image\/jpeg\" \/>\n<meta name=\"twitter:card\" content=\"summary_large_image\" \/>\n<script type=\"application\/ld+json\" class=\"yoast-schema-graph\">{\"@context\":\"https:\/\/schema.org\",\"@graph\":[{\"@type\":\"WebPage\",\"@id\":\"https:\/\/dk-fixiersysteme.de\/fr\/product\/dk\/systemes-de-fixation\/systemes-de-montage-pour-la-vision-industrielle-systemes-de-fixation\/elements-de-montage-systemes-de-montage-pour-la-vision-industrielle-systemes-de-fixation\/microline-elements-de-montage-systemes-de-montage-pour-la-vision-industrielle-systemes-de-fixation\/table-rotative-manuelle-avec-indicateur-de-position-electronique\/\",\"url\":\"https:\/\/dk-fixiersysteme.de\/fr\/product\/dk\/systemes-de-fixation\/systemes-de-montage-pour-la-vision-industrielle-systemes-de-fixation\/elements-de-montage-systemes-de-montage-pour-la-vision-industrielle-systemes-de-fixation\/microline-elements-de-montage-systemes-de-montage-pour-la-vision-industrielle-systemes-de-fixation\/table-rotative-manuelle-avec-indicateur-de-position-electronique\/\",\"name\":\"Table rotative manuelle avec indicateur de position \u00e9lectronique | dk Fixiersysteme\",\"isPartOf\":{\"@id\":\"https:\/\/dk-fixiersysteme.de\/fr\/#website\"},\"primaryImageOfPage\":{\"@id\":\"https:\/\/dk-fixiersysteme.de\/fr\/product\/dk\/systemes-de-fixation\/systemes-de-montage-pour-la-vision-industrielle-systemes-de-fixation\/elements-de-montage-systemes-de-montage-pour-la-vision-industrielle-systemes-de-fixation\/microline-elements-de-montage-systemes-de-montage-pour-la-vision-industrielle-systemes-de-fixation\/table-rotative-manuelle-avec-indicateur-de-position-electronique\/#primaryimage\"},\"image\":{\"@id\":\"https:\/\/dk-fixiersysteme.de\/fr\/product\/dk\/systemes-de-fixation\/systemes-de-montage-pour-la-vision-industrielle-systemes-de-fixation\/elements-de-montage-systemes-de-montage-pour-la-vision-industrielle-systemes-de-fixation\/microline-elements-de-montage-systemes-de-montage-pour-la-vision-industrielle-systemes-de-fixation\/table-rotative-manuelle-avec-indicateur-de-position-electronique\/#primaryimage\"},\"thumbnailUrl\":\"https:\/\/dk-fixiersysteme.de\/wp-content\/uploads\/2025\/03\/314725-08-D.jpg\",\"datePublished\":\"2025-04-15T08:33:54+00:00\",\"dateModified\":\"2025-11-13T07:08:37+00:00\",\"description\":\"Table rotative manuelle avec indicateur de position \u00e9lectronique | pour le g\u00e9nie m\u00e9canique, la m\u00e9tallurgie et les applications industrielles. Qualit\u00e9 et fiabilit\u00e9 garanties par dk Fixiersysteme, votre partenaire expert.\",\"breadcrumb\":{\"@id\":\"https:\/\/dk-fixiersysteme.de\/fr\/product\/dk\/systemes-de-fixation\/systemes-de-montage-pour-la-vision-industrielle-systemes-de-fixation\/elements-de-montage-systemes-de-montage-pour-la-vision-industrielle-systemes-de-fixation\/microline-elements-de-montage-systemes-de-montage-pour-la-vision-industrielle-systemes-de-fixation\/table-rotative-manuelle-avec-indicateur-de-position-electronique\/#breadcrumb\"},\"inLanguage\":\"fr-FR\",\"potentialAction\":[{\"@type\":\"ReadAction\",\"target\":[\"https:\/\/dk-fixiersysteme.de\/fr\/product\/dk\/systemes-de-fixation\/systemes-de-montage-pour-la-vision-industrielle-systemes-de-fixation\/elements-de-montage-systemes-de-montage-pour-la-vision-industrielle-systemes-de-fixation\/microline-elements-de-montage-systemes-de-montage-pour-la-vision-industrielle-systemes-de-fixation\/table-rotative-manuelle-avec-indicateur-de-position-electronique\/\"]}]},{\"@type\":\"ImageObject\",\"inLanguage\":\"fr-FR\",\"@id\":\"https:\/\/dk-fixiersysteme.de\/fr\/product\/dk\/systemes-de-fixation\/systemes-de-montage-pour-la-vision-industrielle-systemes-de-fixation\/elements-de-montage-systemes-de-montage-pour-la-vision-industrielle-systemes-de-fixation\/microline-elements-de-montage-systemes-de-montage-pour-la-vision-industrielle-systemes-de-fixation\/table-rotative-manuelle-avec-indicateur-de-position-electronique\/#primaryimage\",\"url\":\"https:\/\/dk-fixiersysteme.de\/wp-content\/uploads\/2025\/03\/314725-08-D.jpg\",\"contentUrl\":\"https:\/\/dk-fixiersysteme.de\/wp-content\/uploads\/2025\/03\/314725-08-D.jpg\",\"width\":500,\"height\":333},{\"@type\":\"BreadcrumbList\",\"@id\":\"https:\/\/dk-fixiersysteme.de\/fr\/product\/dk\/systemes-de-fixation\/systemes-de-montage-pour-la-vision-industrielle-systemes-de-fixation\/elements-de-montage-systemes-de-montage-pour-la-vision-industrielle-systemes-de-fixation\/microline-elements-de-montage-systemes-de-montage-pour-la-vision-industrielle-systemes-de-fixation\/table-rotative-manuelle-avec-indicateur-de-position-electronique\/#breadcrumb\",\"itemListElement\":[{\"@type\":\"ListItem\",\"position\":1,\"name\":\"Boutique\",\"item\":\"https:\/\/dk-fixiersysteme.de\/fr\/boutique\/\"},{\"@type\":\"ListItem\",\"position\":2,\"name\":\"dk\",\"item\":\"https:\/\/dk-fixiersysteme.de\/fr\/produits\/dk\/\"},{\"@type\":\"ListItem\",\"position\":3,\"name\":\"Noix de serrage, supports de mesure, contr\u00f4le de la concentricit\u00e9\",\"item\":\"https:\/\/dk-fixiersysteme.de\/fr\/produits\/dk\/noix-de-serrage-supports-de-mesure-controle-de-la-concentricite\/\"},{\"@type\":\"ListItem\",\"position\":4,\"name\":\"Syst\u00e8mes de montage pour la vision industrielle\",\"item\":\"https:\/\/dk-fixiersysteme.de\/fr\/produits\/dk\/noix-de-serrage-supports-de-mesure-controle-de-la-concentricite\/systemes-de-montage-pour-la-vision-industrielle\/\"},{\"@type\":\"ListItem\",\"position\":5,\"name\":\"\u00c9l\u00e9ments de montage\",\"item\":\"https:\/\/dk-fixiersysteme.de\/fr\/produits\/dk\/noix-de-serrage-supports-de-mesure-controle-de-la-concentricite\/systemes-de-montage-pour-la-vision-industrielle\/elements-de-montage-systemes-de-montage-pour-la-vision-industrielle\/\"},{\"@type\":\"ListItem\",\"position\":6,\"name\":\"MicroLine\",\"item\":\"https:\/\/dk-fixiersysteme.de\/fr\/produits\/dk\/noix-de-serrage-supports-de-mesure-controle-de-la-concentricite\/systemes-de-montage-pour-la-vision-industrielle\/elements-de-montage-systemes-de-montage-pour-la-vision-industrielle\/microline-elements-de-montage-systemes-de-montage-pour-la-vision-industrielle\/\"},{\"@type\":\"ListItem\",\"position\":7,\"name\":\"Table rotative manuelle avec indicateur de position \u00e9lectronique\"}]},{\"@type\":\"WebSite\",\"@id\":\"https:\/\/dk-fixiersysteme.de\/fr\/#website\",\"url\":\"https:\/\/dk-fixiersysteme.de\/fr\/\",\"name\":\"dk FIXIERSYSTEME\",\"description\":\"\",\"publisher\":{\"@id\":\"https:\/\/dk-fixiersysteme.de\/fr\/#organization\"},\"potentialAction\":[{\"@type\":\"SearchAction\",\"target\":{\"@type\":\"EntryPoint\",\"urlTemplate\":\"https:\/\/dk-fixiersysteme.de\/fr\/?s={search_term_string}\"},\"query-input\":{\"@type\":\"PropertyValueSpecification\",\"valueRequired\":true,\"valueName\":\"search_term_string\"}}],\"inLanguage\":\"fr-FR\"},{\"@type\":\"Organization\",\"@id\":\"https:\/\/dk-fixiersysteme.de\/fr\/#organization\",\"name\":\"dk Fixiersysteme\",\"url\":\"https:\/\/dk-fixiersysteme.de\/fr\/\",\"logo\":{\"@type\":\"ImageObject\",\"inLanguage\":\"fr-FR\",\"@id\":\"https:\/\/dk-fixiersysteme.de\/fr\/#\/schema\/logo\/image\/\",\"url\":\"https:\/\/dk-fixiersysteme.de\/wp-content\/uploads\/2024\/07\/dk-logo-kreis-blau.svg\",\"contentUrl\":\"https:\/\/dk-fixiersysteme.de\/wp-content\/uploads\/2024\/07\/dk-logo-kreis-blau.svg\",\"caption\":\"dk Fixiersysteme\"},\"image\":{\"@id\":\"https:\/\/dk-fixiersysteme.de\/fr\/#\/schema\/logo\/image\/\"}}]}<\/script>\n<!-- \/ Yoast SEO plugin. -->","yoast_head_json":{"title":"Table rotative manuelle avec indicateur de position \u00e9lectronique | dk Fixiersysteme","description":"Table rotative manuelle avec indicateur de position \u00e9lectronique | pour le g\u00e9nie m\u00e9canique, la m\u00e9tallurgie et les applications industrielles. Qualit\u00e9 et fiabilit\u00e9 garanties par dk Fixiersysteme, votre partenaire expert.","robots":{"index":"index","follow":"follow","max-snippet":"max-snippet:-1","max-image-preview":"max-image-preview:large","max-video-preview":"max-video-preview:-1"},"canonical":"https:\/\/dk-fixiersysteme.de\/fr\/product\/dk\/systemes-de-fixation\/systemes-de-montage-pour-la-vision-industrielle-systemes-de-fixation\/elements-de-montage-systemes-de-montage-pour-la-vision-industrielle-systemes-de-fixation\/microline-elements-de-montage-systemes-de-montage-pour-la-vision-industrielle-systemes-de-fixation\/table-rotative-manuelle-avec-indicateur-de-position-electronique\/","og_locale":"fr_FR","og_type":"article","og_title":"Table rotative manuelle avec indicateur de position \u00e9lectronique | dk Fixiersysteme","og_description":"Table rotative manuelle avec indicateur de position \u00e9lectronique | pour le g\u00e9nie m\u00e9canique, la m\u00e9tallurgie et les applications industrielles. Qualit\u00e9 et fiabilit\u00e9 garanties par dk Fixiersysteme, votre partenaire expert.","og_url":"https:\/\/dk-fixiersysteme.de\/fr\/product\/dk\/systemes-de-fixation\/systemes-de-montage-pour-la-vision-industrielle-systemes-de-fixation\/elements-de-montage-systemes-de-montage-pour-la-vision-industrielle-systemes-de-fixation\/microline-elements-de-montage-systemes-de-montage-pour-la-vision-industrielle-systemes-de-fixation\/table-rotative-manuelle-avec-indicateur-de-position-electronique\/","og_site_name":"dk Fixiersysteme","article_modified_time":"2025-11-13T07:08:37+00:00","og_image":[{"width":500,"height":333,"url":"https:\/\/dk-fixiersysteme.de\/wp-content\/uploads\/2025\/03\/314725-08-D.jpg","type":"image\/jpeg"}],"twitter_card":"summary_large_image","schema":{"@context":"https:\/\/schema.org","@graph":[{"@type":"WebPage","@id":"https:\/\/dk-fixiersysteme.de\/fr\/product\/dk\/systemes-de-fixation\/systemes-de-montage-pour-la-vision-industrielle-systemes-de-fixation\/elements-de-montage-systemes-de-montage-pour-la-vision-industrielle-systemes-de-fixation\/microline-elements-de-montage-systemes-de-montage-pour-la-vision-industrielle-systemes-de-fixation\/table-rotative-manuelle-avec-indicateur-de-position-electronique\/","url":"https:\/\/dk-fixiersysteme.de\/fr\/product\/dk\/systemes-de-fixation\/systemes-de-montage-pour-la-vision-industrielle-systemes-de-fixation\/elements-de-montage-systemes-de-montage-pour-la-vision-industrielle-systemes-de-fixation\/microline-elements-de-montage-systemes-de-montage-pour-la-vision-industrielle-systemes-de-fixation\/table-rotative-manuelle-avec-indicateur-de-position-electronique\/","name":"Table rotative manuelle avec indicateur de position \u00e9lectronique | dk Fixiersysteme","isPartOf":{"@id":"https:\/\/dk-fixiersysteme.de\/fr\/#website"},"primaryImageOfPage":{"@id":"https:\/\/dk-fixiersysteme.de\/fr\/product\/dk\/systemes-de-fixation\/systemes-de-montage-pour-la-vision-industrielle-systemes-de-fixation\/elements-de-montage-systemes-de-montage-pour-la-vision-industrielle-systemes-de-fixation\/microline-elements-de-montage-systemes-de-montage-pour-la-vision-industrielle-systemes-de-fixation\/table-rotative-manuelle-avec-indicateur-de-position-electronique\/#primaryimage"},"image":{"@id":"https:\/\/dk-fixiersysteme.de\/fr\/product\/dk\/systemes-de-fixation\/systemes-de-montage-pour-la-vision-industrielle-systemes-de-fixation\/elements-de-montage-systemes-de-montage-pour-la-vision-industrielle-systemes-de-fixation\/microline-elements-de-montage-systemes-de-montage-pour-la-vision-industrielle-systemes-de-fixation\/table-rotative-manuelle-avec-indicateur-de-position-electronique\/#primaryimage"},"thumbnailUrl":"https:\/\/dk-fixiersysteme.de\/wp-content\/uploads\/2025\/03\/314725-08-D.jpg","datePublished":"2025-04-15T08:33:54+00:00","dateModified":"2025-11-13T07:08:37+00:00","description":"Table rotative manuelle avec indicateur de position \u00e9lectronique | pour le g\u00e9nie m\u00e9canique, la m\u00e9tallurgie et les applications industrielles. Qualit\u00e9 et fiabilit\u00e9 garanties par dk Fixiersysteme, votre partenaire expert.","breadcrumb":{"@id":"https:\/\/dk-fixiersysteme.de\/fr\/product\/dk\/systemes-de-fixation\/systemes-de-montage-pour-la-vision-industrielle-systemes-de-fixation\/elements-de-montage-systemes-de-montage-pour-la-vision-industrielle-systemes-de-fixation\/microline-elements-de-montage-systemes-de-montage-pour-la-vision-industrielle-systemes-de-fixation\/table-rotative-manuelle-avec-indicateur-de-position-electronique\/#breadcrumb"},"inLanguage":"fr-FR","potentialAction":[{"@type":"ReadAction","target":["https:\/\/dk-fixiersysteme.de\/fr\/product\/dk\/systemes-de-fixation\/systemes-de-montage-pour-la-vision-industrielle-systemes-de-fixation\/elements-de-montage-systemes-de-montage-pour-la-vision-industrielle-systemes-de-fixation\/microline-elements-de-montage-systemes-de-montage-pour-la-vision-industrielle-systemes-de-fixation\/table-rotative-manuelle-avec-indicateur-de-position-electronique\/"]}]},{"@type":"ImageObject","inLanguage":"fr-FR","@id":"https:\/\/dk-fixiersysteme.de\/fr\/product\/dk\/systemes-de-fixation\/systemes-de-montage-pour-la-vision-industrielle-systemes-de-fixation\/elements-de-montage-systemes-de-montage-pour-la-vision-industrielle-systemes-de-fixation\/microline-elements-de-montage-systemes-de-montage-pour-la-vision-industrielle-systemes-de-fixation\/table-rotative-manuelle-avec-indicateur-de-position-electronique\/#primaryimage","url":"https:\/\/dk-fixiersysteme.de\/wp-content\/uploads\/2025\/03\/314725-08-D.jpg","contentUrl":"https:\/\/dk-fixiersysteme.de\/wp-content\/uploads\/2025\/03\/314725-08-D.jpg","width":500,"height":333},{"@type":"BreadcrumbList","@id":"https:\/\/dk-fixiersysteme.de\/fr\/product\/dk\/systemes-de-fixation\/systemes-de-montage-pour-la-vision-industrielle-systemes-de-fixation\/elements-de-montage-systemes-de-montage-pour-la-vision-industrielle-systemes-de-fixation\/microline-elements-de-montage-systemes-de-montage-pour-la-vision-industrielle-systemes-de-fixation\/table-rotative-manuelle-avec-indicateur-de-position-electronique\/#breadcrumb","itemListElement":[{"@type":"ListItem","position":1,"name":"Boutique","item":"https:\/\/dk-fixiersysteme.de\/fr\/boutique\/"},{"@type":"ListItem","position":2,"name":"dk","item":"https:\/\/dk-fixiersysteme.de\/fr\/produits\/dk\/"},{"@type":"ListItem","position":3,"name":"Noix de serrage, supports de mesure, contr\u00f4le de la concentricit\u00e9","item":"https:\/\/dk-fixiersysteme.de\/fr\/produits\/dk\/noix-de-serrage-supports-de-mesure-controle-de-la-concentricite\/"},{"@type":"ListItem","position":4,"name":"Syst\u00e8mes de montage pour la vision industrielle","item":"https:\/\/dk-fixiersysteme.de\/fr\/produits\/dk\/noix-de-serrage-supports-de-mesure-controle-de-la-concentricite\/systemes-de-montage-pour-la-vision-industrielle\/"},{"@type":"ListItem","position":5,"name":"\u00c9l\u00e9ments de montage","item":"https:\/\/dk-fixiersysteme.de\/fr\/produits\/dk\/noix-de-serrage-supports-de-mesure-controle-de-la-concentricite\/systemes-de-montage-pour-la-vision-industrielle\/elements-de-montage-systemes-de-montage-pour-la-vision-industrielle\/"},{"@type":"ListItem","position":6,"name":"MicroLine","item":"https:\/\/dk-fixiersysteme.de\/fr\/produits\/dk\/noix-de-serrage-supports-de-mesure-controle-de-la-concentricite\/systemes-de-montage-pour-la-vision-industrielle\/elements-de-montage-systemes-de-montage-pour-la-vision-industrielle\/microline-elements-de-montage-systemes-de-montage-pour-la-vision-industrielle\/"},{"@type":"ListItem","position":7,"name":"Table rotative manuelle avec indicateur de position \u00e9lectronique"}]},{"@type":"WebSite","@id":"https:\/\/dk-fixiersysteme.de\/fr\/#website","url":"https:\/\/dk-fixiersysteme.de\/fr\/","name":"dk FIXIERSYSTEME","description":"","publisher":{"@id":"https:\/\/dk-fixiersysteme.de\/fr\/#organization"},"potentialAction":[{"@type":"SearchAction","target":{"@type":"EntryPoint","urlTemplate":"https:\/\/dk-fixiersysteme.de\/fr\/?s={search_term_string}"},"query-input":{"@type":"PropertyValueSpecification","valueRequired":true,"valueName":"search_term_string"}}],"inLanguage":"fr-FR"},{"@type":"Organization","@id":"https:\/\/dk-fixiersysteme.de\/fr\/#organization","name":"dk Fixiersysteme","url":"https:\/\/dk-fixiersysteme.de\/fr\/","logo":{"@type":"ImageObject","inLanguage":"fr-FR","@id":"https:\/\/dk-fixiersysteme.de\/fr\/#\/schema\/logo\/image\/","url":"https:\/\/dk-fixiersysteme.de\/wp-content\/uploads\/2024\/07\/dk-logo-kreis-blau.svg","contentUrl":"https:\/\/dk-fixiersysteme.de\/wp-content\/uploads\/2024\/07\/dk-logo-kreis-blau.svg","caption":"dk Fixiersysteme"},"image":{"@id":"https:\/\/dk-fixiersysteme.de\/fr\/#\/schema\/logo\/image\/"}}]}},"_links":{"self":[{"href":"https:\/\/dk-fixiersysteme.de\/fr\/wp-json\/wp\/v2\/product\/56331","targetHints":{"allow":["GET"]}}],"collection":[{"href":"https:\/\/dk-fixiersysteme.de\/fr\/wp-json\/wp\/v2\/product"}],"about":[{"href":"https:\/\/dk-fixiersysteme.de\/fr\/wp-json\/wp\/v2\/types\/product"}],"replies":[{"embeddable":true,"href":"https:\/\/dk-fixiersysteme.de\/fr\/wp-json\/wp\/v2\/comments?post=56331"}],"version-history":[{"count":0,"href":"https:\/\/dk-fixiersysteme.de\/fr\/wp-json\/wp\/v2\/product\/56331\/revisions"}],"wp:featuredmedia":[{"embeddable":true,"href":"https:\/\/dk-fixiersysteme.de\/fr\/wp-json\/wp\/v2\/media\/24154"}],"wp:attachment":[{"href":"https:\/\/dk-fixiersysteme.de\/fr\/wp-json\/wp\/v2\/media?parent=56331"}],"wp:term":[{"taxonomy":"product_brand","embeddable":true,"href":"https:\/\/dk-fixiersysteme.de\/fr\/wp-json\/wp\/v2\/product_brand?post=56331"},{"taxonomy":"product_cat","embeddable":true,"href":"https:\/\/dk-fixiersysteme.de\/fr\/wp-json\/wp\/v2\/product_cat?post=56331"},{"taxonomy":"product_tag","embeddable":true,"href":"https:\/\/dk-fixiersysteme.de\/fr\/wp-json\/wp\/v2\/product_tag?post=56331"}],"curies":[{"name":"wp","href":"https:\/\/api.w.org\/{rel}","templated":true}]}}