{"id":56352,"date":"2025-04-15T08:34:03","date_gmt":"2025-04-15T08:34:03","guid":{"rendered":"https:\/\/dk-fixiersysteme.de\/product\/uncategorized\/mandrin-de-precision-a-trois-mors-34-mm\/"},"modified":"2025-11-13T07:08:58","modified_gmt":"2025-11-13T07:08:58","slug":"mandrin-de-precision-a-trois-mors-34-mm","status":"publish","type":"product","link":"https:\/\/dk-fixiersysteme.de\/fr\/product\/dk\/systemes-de-fixation\/swa39-systemes-de-fixation\/elements-de-bridage-swa39-systemes-de-fixation\/mandrins-a-trois-mors\/mandrin-de-precision-a-trois-mors-34-mm\/","title":{"rendered":"Mandrin de pr\u00e9cision \u00e0 trois mors 34 mm"},"content":{"rendered":"<p>Mandrin \u00e0 couronne \u00e0 trois mors actionnable \u00e0 la main avec mors r\u00e9versibles sans outil pour le bridage int\u00e9rieur et ext\u00e9rieur de pi\u00e8ces \u00e0 sym\u00e9trie de rotation. Pr\u00e9cision du mandrin \u00e0 mors sans autres extensions : Concentricit\u00e9 &lt; 0,03 mm Plan\u00e9it\u00e9 &lt; 0,01 mm R\u00e9p\u00e9tabilit\u00e9 &lt; 0,01 mm Avec adaptateur \u00e0 remplacement rapide SWA39. \u00c9galement disponible avec adaptateur \u00e0 remplacement rapide SWA5, qui peut \u00eatre simultan\u00e9ment serr\u00e9 sur son diam\u00e8tre ext\u00e9rieur (14 mm).<br \/>\n Mati\u00e8re : enti\u00e8rement en inox.<\/p>\n","protected":false},"excerpt":{"rendered":"<p>Mandrin \u00e0 couronne \u00e0 trois mors actionnable \u00e0 la main avec mors r\u00e9versibles sans outil pour le bridage int\u00e9rieur et ext\u00e9rieur de pi\u00e8ces \u00e0 sym\u00e9trie de rotation. Pr\u00e9cision du mandrin \u00e0 mors sans autres extensions : Concentricit\u00e9 &lt; 0,03 mm Plan\u00e9it\u00e9 &lt; 0,01 mm R\u00e9p\u00e9tabilit\u00e9 &lt; 0,01 mm Avec adaptateur \u00e0 remplacement rapide SWA39. \u00c9galement [&hellip;]<\/p>\n","protected":false},"featured_media":32472,"comment_status":"open","ping_status":"closed","template":"","meta":{"_acf_changed":false},"product_brand":[],"product_cat":[4611,4623,4629],"product_tag":[],"class_list":{"0":"post-56352","1":"product","2":"type-product","3":"status-publish","4":"has-post-thumbnail","6":"product_cat-elements-de-maintien-de-fixation-et-de-serrage-en-haut","7":"product_cat-elements-de-bridage-schienenfix-systemes-de-fixation","8":"product_cat-mandrins-a-trois-mors","10":"first","11":"instock","12":"taxable","13":"shipping-taxable","14":"purchasable","15":"product-type-variable"},"acf":[],"yoast_head":"<!-- This site is optimized with the Yoast SEO plugin v27.2 - https:\/\/yoast.com\/product\/yoast-seo-wordpress\/ -->\n<title>Mandrin de pr\u00e9cision \u00e0 trois mors 34 mm | dk Fixiersysteme<\/title>\n<meta name=\"description\" content=\"Mandrin de pr\u00e9cision \u00e0 trois mors 34 mm | pour le g\u00e9nie m\u00e9canique, la m\u00e9tallurgie et les applications industrielles. Qualit\u00e9 et fiabilit\u00e9 garanties par dk Fixiersysteme, votre partenaire expert.\" \/>\n<meta name=\"robots\" content=\"index, follow, max-snippet:-1, max-image-preview:large, max-video-preview:-1\" \/>\n<link rel=\"canonical\" href=\"https:\/\/dk-fixiersysteme.de\/fr\/product\/dk\/systemes-de-fixation\/swa39-systemes-de-fixation\/elements-de-bridage-swa39-systemes-de-fixation\/mandrins-a-trois-mors\/mandrin-de-precision-a-trois-mors-34-mm\/\" \/>\n<meta property=\"og:locale\" content=\"fr_FR\" \/>\n<meta property=\"og:type\" content=\"article\" \/>\n<meta property=\"og:title\" content=\"Mandrin de pr\u00e9cision \u00e0 trois mors 34 mm | dk Fixiersysteme\" \/>\n<meta property=\"og:description\" content=\"Mandrin de pr\u00e9cision \u00e0 trois mors 34 mm | pour le g\u00e9nie m\u00e9canique, la m\u00e9tallurgie et les applications industrielles. Qualit\u00e9 et fiabilit\u00e9 garanties par dk Fixiersysteme, votre partenaire expert.\" \/>\n<meta property=\"og:url\" content=\"https:\/\/dk-fixiersysteme.de\/fr\/product\/dk\/systemes-de-fixation\/swa39-systemes-de-fixation\/elements-de-bridage-swa39-systemes-de-fixation\/mandrins-a-trois-mors\/mandrin-de-precision-a-trois-mors-34-mm\/\" \/>\n<meta property=\"og:site_name\" content=\"dk Fixiersysteme\" \/>\n<meta property=\"article:modified_time\" content=\"2025-11-13T07:08:58+00:00\" \/>\n<meta property=\"og:image\" content=\"https:\/\/dk-fixiersysteme.de\/wp-content\/uploads\/2025\/04\/DK-329010.jpg\" \/>\n\t<meta property=\"og:image:width\" content=\"1200\" \/>\n\t<meta property=\"og:image:height\" content=\"802\" \/>\n\t<meta property=\"og:image:type\" content=\"image\/jpeg\" \/>\n<meta name=\"twitter:card\" content=\"summary_large_image\" \/>\n<script type=\"application\/ld+json\" class=\"yoast-schema-graph\">{\"@context\":\"https:\/\/schema.org\",\"@graph\":[{\"@type\":\"WebPage\",\"@id\":\"https:\/\/dk-fixiersysteme.de\/fr\/product\/dk\/systemes-de-fixation\/swa39-systemes-de-fixation\/elements-de-bridage-swa39-systemes-de-fixation\/mandrins-a-trois-mors\/mandrin-de-precision-a-trois-mors-34-mm\/\",\"url\":\"https:\/\/dk-fixiersysteme.de\/fr\/product\/dk\/systemes-de-fixation\/swa39-systemes-de-fixation\/elements-de-bridage-swa39-systemes-de-fixation\/mandrins-a-trois-mors\/mandrin-de-precision-a-trois-mors-34-mm\/\",\"name\":\"Mandrin de pr\u00e9cision \u00e0 trois mors 34 mm | dk Fixiersysteme\",\"isPartOf\":{\"@id\":\"https:\/\/dk-fixiersysteme.de\/fr\/#website\"},\"primaryImageOfPage\":{\"@id\":\"https:\/\/dk-fixiersysteme.de\/fr\/product\/dk\/systemes-de-fixation\/swa39-systemes-de-fixation\/elements-de-bridage-swa39-systemes-de-fixation\/mandrins-a-trois-mors\/mandrin-de-precision-a-trois-mors-34-mm\/#primaryimage\"},\"image\":{\"@id\":\"https:\/\/dk-fixiersysteme.de\/fr\/product\/dk\/systemes-de-fixation\/swa39-systemes-de-fixation\/elements-de-bridage-swa39-systemes-de-fixation\/mandrins-a-trois-mors\/mandrin-de-precision-a-trois-mors-34-mm\/#primaryimage\"},\"thumbnailUrl\":\"https:\/\/dk-fixiersysteme.de\/wp-content\/uploads\/2025\/04\/DK-329010.jpg\",\"datePublished\":\"2025-04-15T08:34:03+00:00\",\"dateModified\":\"2025-11-13T07:08:58+00:00\",\"description\":\"Mandrin de pr\u00e9cision \u00e0 trois mors 34 mm | pour le g\u00e9nie m\u00e9canique, la m\u00e9tallurgie et les applications industrielles. Qualit\u00e9 et fiabilit\u00e9 garanties par dk Fixiersysteme, votre partenaire expert.\",\"breadcrumb\":{\"@id\":\"https:\/\/dk-fixiersysteme.de\/fr\/product\/dk\/systemes-de-fixation\/swa39-systemes-de-fixation\/elements-de-bridage-swa39-systemes-de-fixation\/mandrins-a-trois-mors\/mandrin-de-precision-a-trois-mors-34-mm\/#breadcrumb\"},\"inLanguage\":\"fr-FR\",\"potentialAction\":[{\"@type\":\"ReadAction\",\"target\":[\"https:\/\/dk-fixiersysteme.de\/fr\/product\/dk\/systemes-de-fixation\/swa39-systemes-de-fixation\/elements-de-bridage-swa39-systemes-de-fixation\/mandrins-a-trois-mors\/mandrin-de-precision-a-trois-mors-34-mm\/\"]}]},{\"@type\":\"ImageObject\",\"inLanguage\":\"fr-FR\",\"@id\":\"https:\/\/dk-fixiersysteme.de\/fr\/product\/dk\/systemes-de-fixation\/swa39-systemes-de-fixation\/elements-de-bridage-swa39-systemes-de-fixation\/mandrins-a-trois-mors\/mandrin-de-precision-a-trois-mors-34-mm\/#primaryimage\",\"url\":\"https:\/\/dk-fixiersysteme.de\/wp-content\/uploads\/2025\/04\/DK-329010.jpg\",\"contentUrl\":\"https:\/\/dk-fixiersysteme.de\/wp-content\/uploads\/2025\/04\/DK-329010.jpg\",\"width\":1200,\"height\":802},{\"@type\":\"BreadcrumbList\",\"@id\":\"https:\/\/dk-fixiersysteme.de\/fr\/product\/dk\/systemes-de-fixation\/swa39-systemes-de-fixation\/elements-de-bridage-swa39-systemes-de-fixation\/mandrins-a-trois-mors\/mandrin-de-precision-a-trois-mors-34-mm\/#breadcrumb\",\"itemListElement\":[{\"@type\":\"ListItem\",\"position\":1,\"name\":\"Boutique\",\"item\":\"https:\/\/dk-fixiersysteme.de\/fr\/boutique\/\"},{\"@type\":\"ListItem\",\"position\":2,\"name\":\"dk\",\"item\":\"https:\/\/dk-fixiersysteme.de\/fr\/produits\/dk\/\"},{\"@type\":\"ListItem\",\"position\":3,\"name\":\"Noix de serrage, supports de mesure, contr\u00f4le de la concentricit\u00e9\",\"item\":\"https:\/\/dk-fixiersysteme.de\/fr\/produits\/dk\/noix-de-serrage-supports-de-mesure-controle-de-la-concentricite\/\"},{\"@type\":\"ListItem\",\"position\":4,\"name\":\"Supports de mesure dk\",\"item\":\"https:\/\/dk-fixiersysteme.de\/fr\/produits\/dk\/noix-de-serrage-supports-de-mesure-controle-de-la-concentricite\/supports-de-mesure-dk\/\"},{\"@type\":\"ListItem\",\"position\":5,\"name\":\"\u00c9l\u00e9ments de bridage\",\"item\":\"https:\/\/dk-fixiersysteme.de\/fr\/produits\/dk\/noix-de-serrage-supports-de-mesure-controle-de-la-concentricite\/supports-de-mesure-dk\/elements-de-bridage\/\"},{\"@type\":\"ListItem\",\"position\":6,\"name\":\"\u00c9l\u00e9ments de maintien, de fixation et de serrage en haut\",\"item\":\"https:\/\/dk-fixiersysteme.de\/fr\/produits\/dk\/noix-de-serrage-supports-de-mesure-controle-de-la-concentricite\/supports-de-mesure-dk\/elements-de-bridage\/elements-de-maintien-de-fixation-et-de-serrage-en-haut\/\"},{\"@type\":\"ListItem\",\"position\":7,\"name\":\"Mandrin de pr\u00e9cision \u00e0 trois mors 34 mm\"}]},{\"@type\":\"WebSite\",\"@id\":\"https:\/\/dk-fixiersysteme.de\/fr\/#website\",\"url\":\"https:\/\/dk-fixiersysteme.de\/fr\/\",\"name\":\"dk FIXIERSYSTEME\",\"description\":\"\",\"publisher\":{\"@id\":\"https:\/\/dk-fixiersysteme.de\/fr\/#organization\"},\"potentialAction\":[{\"@type\":\"SearchAction\",\"target\":{\"@type\":\"EntryPoint\",\"urlTemplate\":\"https:\/\/dk-fixiersysteme.de\/fr\/?s={search_term_string}\"},\"query-input\":{\"@type\":\"PropertyValueSpecification\",\"valueRequired\":true,\"valueName\":\"search_term_string\"}}],\"inLanguage\":\"fr-FR\"},{\"@type\":\"Organization\",\"@id\":\"https:\/\/dk-fixiersysteme.de\/fr\/#organization\",\"name\":\"dk Fixiersysteme\",\"url\":\"https:\/\/dk-fixiersysteme.de\/fr\/\",\"logo\":{\"@type\":\"ImageObject\",\"inLanguage\":\"fr-FR\",\"@id\":\"https:\/\/dk-fixiersysteme.de\/fr\/#\/schema\/logo\/image\/\",\"url\":\"https:\/\/dk-fixiersysteme.de\/wp-content\/uploads\/2024\/07\/dk-logo-kreis-blau.svg\",\"contentUrl\":\"https:\/\/dk-fixiersysteme.de\/wp-content\/uploads\/2024\/07\/dk-logo-kreis-blau.svg\",\"caption\":\"dk Fixiersysteme\"},\"image\":{\"@id\":\"https:\/\/dk-fixiersysteme.de\/fr\/#\/schema\/logo\/image\/\"}}]}<\/script>\n<!-- \/ Yoast SEO plugin. -->","yoast_head_json":{"title":"Mandrin de pr\u00e9cision \u00e0 trois mors 34 mm | dk Fixiersysteme","description":"Mandrin de pr\u00e9cision \u00e0 trois mors 34 mm | pour le g\u00e9nie m\u00e9canique, la m\u00e9tallurgie et les applications industrielles. Qualit\u00e9 et fiabilit\u00e9 garanties par dk Fixiersysteme, votre partenaire expert.","robots":{"index":"index","follow":"follow","max-snippet":"max-snippet:-1","max-image-preview":"max-image-preview:large","max-video-preview":"max-video-preview:-1"},"canonical":"https:\/\/dk-fixiersysteme.de\/fr\/product\/dk\/systemes-de-fixation\/swa39-systemes-de-fixation\/elements-de-bridage-swa39-systemes-de-fixation\/mandrins-a-trois-mors\/mandrin-de-precision-a-trois-mors-34-mm\/","og_locale":"fr_FR","og_type":"article","og_title":"Mandrin de pr\u00e9cision \u00e0 trois mors 34 mm | dk Fixiersysteme","og_description":"Mandrin de pr\u00e9cision \u00e0 trois mors 34 mm | pour le g\u00e9nie m\u00e9canique, la m\u00e9tallurgie et les applications industrielles. Qualit\u00e9 et fiabilit\u00e9 garanties par dk Fixiersysteme, votre partenaire expert.","og_url":"https:\/\/dk-fixiersysteme.de\/fr\/product\/dk\/systemes-de-fixation\/swa39-systemes-de-fixation\/elements-de-bridage-swa39-systemes-de-fixation\/mandrins-a-trois-mors\/mandrin-de-precision-a-trois-mors-34-mm\/","og_site_name":"dk Fixiersysteme","article_modified_time":"2025-11-13T07:08:58+00:00","og_image":[{"width":1200,"height":802,"url":"https:\/\/dk-fixiersysteme.de\/wp-content\/uploads\/2025\/04\/DK-329010.jpg","type":"image\/jpeg"}],"twitter_card":"summary_large_image","schema":{"@context":"https:\/\/schema.org","@graph":[{"@type":"WebPage","@id":"https:\/\/dk-fixiersysteme.de\/fr\/product\/dk\/systemes-de-fixation\/swa39-systemes-de-fixation\/elements-de-bridage-swa39-systemes-de-fixation\/mandrins-a-trois-mors\/mandrin-de-precision-a-trois-mors-34-mm\/","url":"https:\/\/dk-fixiersysteme.de\/fr\/product\/dk\/systemes-de-fixation\/swa39-systemes-de-fixation\/elements-de-bridage-swa39-systemes-de-fixation\/mandrins-a-trois-mors\/mandrin-de-precision-a-trois-mors-34-mm\/","name":"Mandrin de pr\u00e9cision \u00e0 trois mors 34 mm | dk Fixiersysteme","isPartOf":{"@id":"https:\/\/dk-fixiersysteme.de\/fr\/#website"},"primaryImageOfPage":{"@id":"https:\/\/dk-fixiersysteme.de\/fr\/product\/dk\/systemes-de-fixation\/swa39-systemes-de-fixation\/elements-de-bridage-swa39-systemes-de-fixation\/mandrins-a-trois-mors\/mandrin-de-precision-a-trois-mors-34-mm\/#primaryimage"},"image":{"@id":"https:\/\/dk-fixiersysteme.de\/fr\/product\/dk\/systemes-de-fixation\/swa39-systemes-de-fixation\/elements-de-bridage-swa39-systemes-de-fixation\/mandrins-a-trois-mors\/mandrin-de-precision-a-trois-mors-34-mm\/#primaryimage"},"thumbnailUrl":"https:\/\/dk-fixiersysteme.de\/wp-content\/uploads\/2025\/04\/DK-329010.jpg","datePublished":"2025-04-15T08:34:03+00:00","dateModified":"2025-11-13T07:08:58+00:00","description":"Mandrin de pr\u00e9cision \u00e0 trois mors 34 mm | pour le g\u00e9nie m\u00e9canique, la m\u00e9tallurgie et les applications industrielles. Qualit\u00e9 et fiabilit\u00e9 garanties par dk Fixiersysteme, votre partenaire expert.","breadcrumb":{"@id":"https:\/\/dk-fixiersysteme.de\/fr\/product\/dk\/systemes-de-fixation\/swa39-systemes-de-fixation\/elements-de-bridage-swa39-systemes-de-fixation\/mandrins-a-trois-mors\/mandrin-de-precision-a-trois-mors-34-mm\/#breadcrumb"},"inLanguage":"fr-FR","potentialAction":[{"@type":"ReadAction","target":["https:\/\/dk-fixiersysteme.de\/fr\/product\/dk\/systemes-de-fixation\/swa39-systemes-de-fixation\/elements-de-bridage-swa39-systemes-de-fixation\/mandrins-a-trois-mors\/mandrin-de-precision-a-trois-mors-34-mm\/"]}]},{"@type":"ImageObject","inLanguage":"fr-FR","@id":"https:\/\/dk-fixiersysteme.de\/fr\/product\/dk\/systemes-de-fixation\/swa39-systemes-de-fixation\/elements-de-bridage-swa39-systemes-de-fixation\/mandrins-a-trois-mors\/mandrin-de-precision-a-trois-mors-34-mm\/#primaryimage","url":"https:\/\/dk-fixiersysteme.de\/wp-content\/uploads\/2025\/04\/DK-329010.jpg","contentUrl":"https:\/\/dk-fixiersysteme.de\/wp-content\/uploads\/2025\/04\/DK-329010.jpg","width":1200,"height":802},{"@type":"BreadcrumbList","@id":"https:\/\/dk-fixiersysteme.de\/fr\/product\/dk\/systemes-de-fixation\/swa39-systemes-de-fixation\/elements-de-bridage-swa39-systemes-de-fixation\/mandrins-a-trois-mors\/mandrin-de-precision-a-trois-mors-34-mm\/#breadcrumb","itemListElement":[{"@type":"ListItem","position":1,"name":"Boutique","item":"https:\/\/dk-fixiersysteme.de\/fr\/boutique\/"},{"@type":"ListItem","position":2,"name":"dk","item":"https:\/\/dk-fixiersysteme.de\/fr\/produits\/dk\/"},{"@type":"ListItem","position":3,"name":"Noix de serrage, supports de mesure, contr\u00f4le de la concentricit\u00e9","item":"https:\/\/dk-fixiersysteme.de\/fr\/produits\/dk\/noix-de-serrage-supports-de-mesure-controle-de-la-concentricite\/"},{"@type":"ListItem","position":4,"name":"Supports de mesure dk","item":"https:\/\/dk-fixiersysteme.de\/fr\/produits\/dk\/noix-de-serrage-supports-de-mesure-controle-de-la-concentricite\/supports-de-mesure-dk\/"},{"@type":"ListItem","position":5,"name":"\u00c9l\u00e9ments de bridage","item":"https:\/\/dk-fixiersysteme.de\/fr\/produits\/dk\/noix-de-serrage-supports-de-mesure-controle-de-la-concentricite\/supports-de-mesure-dk\/elements-de-bridage\/"},{"@type":"ListItem","position":6,"name":"\u00c9l\u00e9ments de maintien, de fixation et de serrage en haut","item":"https:\/\/dk-fixiersysteme.de\/fr\/produits\/dk\/noix-de-serrage-supports-de-mesure-controle-de-la-concentricite\/supports-de-mesure-dk\/elements-de-bridage\/elements-de-maintien-de-fixation-et-de-serrage-en-haut\/"},{"@type":"ListItem","position":7,"name":"Mandrin de pr\u00e9cision \u00e0 trois mors 34 mm"}]},{"@type":"WebSite","@id":"https:\/\/dk-fixiersysteme.de\/fr\/#website","url":"https:\/\/dk-fixiersysteme.de\/fr\/","name":"dk FIXIERSYSTEME","description":"","publisher":{"@id":"https:\/\/dk-fixiersysteme.de\/fr\/#organization"},"potentialAction":[{"@type":"SearchAction","target":{"@type":"EntryPoint","urlTemplate":"https:\/\/dk-fixiersysteme.de\/fr\/?s={search_term_string}"},"query-input":{"@type":"PropertyValueSpecification","valueRequired":true,"valueName":"search_term_string"}}],"inLanguage":"fr-FR"},{"@type":"Organization","@id":"https:\/\/dk-fixiersysteme.de\/fr\/#organization","name":"dk Fixiersysteme","url":"https:\/\/dk-fixiersysteme.de\/fr\/","logo":{"@type":"ImageObject","inLanguage":"fr-FR","@id":"https:\/\/dk-fixiersysteme.de\/fr\/#\/schema\/logo\/image\/","url":"https:\/\/dk-fixiersysteme.de\/wp-content\/uploads\/2024\/07\/dk-logo-kreis-blau.svg","contentUrl":"https:\/\/dk-fixiersysteme.de\/wp-content\/uploads\/2024\/07\/dk-logo-kreis-blau.svg","caption":"dk Fixiersysteme"},"image":{"@id":"https:\/\/dk-fixiersysteme.de\/fr\/#\/schema\/logo\/image\/"}}]}},"_links":{"self":[{"href":"https:\/\/dk-fixiersysteme.de\/fr\/wp-json\/wp\/v2\/product\/56352","targetHints":{"allow":["GET"]}}],"collection":[{"href":"https:\/\/dk-fixiersysteme.de\/fr\/wp-json\/wp\/v2\/product"}],"about":[{"href":"https:\/\/dk-fixiersysteme.de\/fr\/wp-json\/wp\/v2\/types\/product"}],"replies":[{"embeddable":true,"href":"https:\/\/dk-fixiersysteme.de\/fr\/wp-json\/wp\/v2\/comments?post=56352"}],"version-history":[{"count":0,"href":"https:\/\/dk-fixiersysteme.de\/fr\/wp-json\/wp\/v2\/product\/56352\/revisions"}],"wp:featuredmedia":[{"embeddable":true,"href":"https:\/\/dk-fixiersysteme.de\/fr\/wp-json\/wp\/v2\/media\/32472"}],"wp:attachment":[{"href":"https:\/\/dk-fixiersysteme.de\/fr\/wp-json\/wp\/v2\/media?parent=56352"}],"wp:term":[{"taxonomy":"product_brand","embeddable":true,"href":"https:\/\/dk-fixiersysteme.de\/fr\/wp-json\/wp\/v2\/product_brand?post=56352"},{"taxonomy":"product_cat","embeddable":true,"href":"https:\/\/dk-fixiersysteme.de\/fr\/wp-json\/wp\/v2\/product_cat?post=56352"},{"taxonomy":"product_tag","embeddable":true,"href":"https:\/\/dk-fixiersysteme.de\/fr\/wp-json\/wp\/v2\/product_tag?post=56352"}],"curies":[{"name":"wp","href":"https:\/\/api.w.org\/{rel}","templated":true}]}}