{"id":56372,"date":"2025-04-15T08:34:12","date_gmt":"2025-04-15T08:34:12","guid":{"rendered":"https:\/\/dk-fixiersysteme.de\/product\/uncategorized\/kit-de-butee\/"},"modified":"2025-11-13T07:09:30","modified_gmt":"2025-11-13T07:09:30","slug":"kit-de-butee","status":"publish","type":"product","link":"https:\/\/dk-fixiersysteme.de\/fr\/product\/dk\/systemes-de-fixation\/schienenfix-systemes-de-fixation\/elements-de-bridage-schienenfix-systemes-de-fixation\/kit-de-butee\/","title":{"rendered":"Kit de but\u00e9e"},"content":{"rendered":"<p>Les dents de but\u00e9e sont fix\u00e9es sur les rails dent\u00e9s et peuvent \u00eatre positionn\u00e9es librement le long de la rainure en T. Les pi\u00e8ces complexes peuvent \u00eatre positionn\u00e9es de mani\u00e8re s\u00fbre et reproductible \u00e0 l\u2019aide d\u2019un syst\u00e8me \u00e0 3 points. Les dents de but\u00e9e sont disponibles en deux longueurs.<br \/>\n Mati\u00e8re : Aluminium \u00e0 rev\u00eatement dur \/ inox<br \/>\n Contenu de la livraison : 3 x dents de but\u00e9e et 3 x raccords (348100).<\/p>\n","protected":false},"excerpt":{"rendered":"<p>Les dents de but\u00e9e sont fix\u00e9es sur les rails dent\u00e9s et peuvent \u00eatre positionn\u00e9es librement le long de la rainure en T. Les pi\u00e8ces complexes peuvent \u00eatre positionn\u00e9es de mani\u00e8re s\u00fbre et reproductible \u00e0 l\u2019aide d\u2019un syst\u00e8me \u00e0 3 points. Les dents de but\u00e9e sont disponibles en deux longueurs. Mati\u00e8re : Aluminium \u00e0 rev\u00eatement dur [&hellip;]<\/p>\n","protected":false},"featured_media":4875,"comment_status":"open","ping_status":"closed","template":"","meta":{"_acf_changed":false},"product_brand":[],"product_cat":[4623],"product_tag":[],"class_list":{"0":"post-56372","1":"product","2":"type-product","3":"status-publish","4":"has-post-thumbnail","6":"product_cat-elements-de-bridage-schienenfix-systemes-de-fixation","8":"first","9":"outofstock","10":"taxable","11":"shipping-taxable","12":"purchasable","13":"product-type-variable"},"acf":[],"yoast_head":"<!-- This site is optimized with the Yoast SEO plugin v27.2 - https:\/\/yoast.com\/product\/yoast-seo-wordpress\/ -->\n<title>Kit de but\u00e9e | dk Fixiersysteme<\/title>\n<meta name=\"description\" content=\"Kit de but\u00e9e | pour le g\u00e9nie m\u00e9canique, la m\u00e9tallurgie et les applications industrielles. Qualit\u00e9 et fiabilit\u00e9 garanties par dk Fixiersysteme, votre partenaire expert.\" \/>\n<meta name=\"robots\" content=\"index, follow, max-snippet:-1, max-image-preview:large, max-video-preview:-1\" \/>\n<link rel=\"canonical\" href=\"https:\/\/dk-fixiersysteme.de\/fr\/product\/dk\/systemes-de-fixation\/schienenfix-systemes-de-fixation\/elements-de-bridage-schienenfix-systemes-de-fixation\/kit-de-butee\/\" \/>\n<meta property=\"og:locale\" content=\"fr_FR\" \/>\n<meta property=\"og:type\" content=\"article\" \/>\n<meta property=\"og:title\" content=\"Kit de but\u00e9e | dk Fixiersysteme\" \/>\n<meta property=\"og:description\" content=\"Kit de but\u00e9e | pour le g\u00e9nie m\u00e9canique, la m\u00e9tallurgie et les applications industrielles. Qualit\u00e9 et fiabilit\u00e9 garanties par dk Fixiersysteme, votre partenaire expert.\" \/>\n<meta property=\"og:url\" content=\"https:\/\/dk-fixiersysteme.de\/fr\/product\/dk\/systemes-de-fixation\/schienenfix-systemes-de-fixation\/elements-de-bridage-schienenfix-systemes-de-fixation\/kit-de-butee\/\" \/>\n<meta property=\"og:site_name\" content=\"dk Fixiersysteme\" \/>\n<meta property=\"article:modified_time\" content=\"2025-11-13T07:09:30+00:00\" \/>\n<meta property=\"og:image\" content=\"https:\/\/dk-fixiersysteme.de\/wp-content\/uploads\/2024\/11\/DK-347500.jpg\" \/>\n\t<meta property=\"og:image:width\" content=\"500\" \/>\n\t<meta property=\"og:image:height\" content=\"333\" \/>\n\t<meta property=\"og:image:type\" content=\"image\/jpeg\" \/>\n<meta name=\"twitter:card\" content=\"summary_large_image\" \/>\n<script type=\"application\/ld+json\" class=\"yoast-schema-graph\">{\"@context\":\"https:\/\/schema.org\",\"@graph\":[{\"@type\":\"WebPage\",\"@id\":\"https:\/\/dk-fixiersysteme.de\/fr\/product\/dk\/systemes-de-fixation\/schienenfix-systemes-de-fixation\/elements-de-bridage-schienenfix-systemes-de-fixation\/kit-de-butee\/\",\"url\":\"https:\/\/dk-fixiersysteme.de\/fr\/product\/dk\/systemes-de-fixation\/schienenfix-systemes-de-fixation\/elements-de-bridage-schienenfix-systemes-de-fixation\/kit-de-butee\/\",\"name\":\"Kit de but\u00e9e | dk Fixiersysteme\",\"isPartOf\":{\"@id\":\"https:\/\/dk-fixiersysteme.de\/fr\/#website\"},\"primaryImageOfPage\":{\"@id\":\"https:\/\/dk-fixiersysteme.de\/fr\/product\/dk\/systemes-de-fixation\/schienenfix-systemes-de-fixation\/elements-de-bridage-schienenfix-systemes-de-fixation\/kit-de-butee\/#primaryimage\"},\"image\":{\"@id\":\"https:\/\/dk-fixiersysteme.de\/fr\/product\/dk\/systemes-de-fixation\/schienenfix-systemes-de-fixation\/elements-de-bridage-schienenfix-systemes-de-fixation\/kit-de-butee\/#primaryimage\"},\"thumbnailUrl\":\"https:\/\/dk-fixiersysteme.de\/wp-content\/uploads\/2024\/11\/DK-347500.jpg\",\"datePublished\":\"2025-04-15T08:34:12+00:00\",\"dateModified\":\"2025-11-13T07:09:30+00:00\",\"description\":\"Kit de but\u00e9e | pour le g\u00e9nie m\u00e9canique, la m\u00e9tallurgie et les applications industrielles. Qualit\u00e9 et fiabilit\u00e9 garanties par dk Fixiersysteme, votre partenaire expert.\",\"breadcrumb\":{\"@id\":\"https:\/\/dk-fixiersysteme.de\/fr\/product\/dk\/systemes-de-fixation\/schienenfix-systemes-de-fixation\/elements-de-bridage-schienenfix-systemes-de-fixation\/kit-de-butee\/#breadcrumb\"},\"inLanguage\":\"fr-FR\",\"potentialAction\":[{\"@type\":\"ReadAction\",\"target\":[\"https:\/\/dk-fixiersysteme.de\/fr\/product\/dk\/systemes-de-fixation\/schienenfix-systemes-de-fixation\/elements-de-bridage-schienenfix-systemes-de-fixation\/kit-de-butee\/\"]}]},{\"@type\":\"ImageObject\",\"inLanguage\":\"fr-FR\",\"@id\":\"https:\/\/dk-fixiersysteme.de\/fr\/product\/dk\/systemes-de-fixation\/schienenfix-systemes-de-fixation\/elements-de-bridage-schienenfix-systemes-de-fixation\/kit-de-butee\/#primaryimage\",\"url\":\"https:\/\/dk-fixiersysteme.de\/wp-content\/uploads\/2024\/11\/DK-347500.jpg\",\"contentUrl\":\"https:\/\/dk-fixiersysteme.de\/wp-content\/uploads\/2024\/11\/DK-347500.jpg\",\"width\":500,\"height\":333},{\"@type\":\"BreadcrumbList\",\"@id\":\"https:\/\/dk-fixiersysteme.de\/fr\/product\/dk\/systemes-de-fixation\/schienenfix-systemes-de-fixation\/elements-de-bridage-schienenfix-systemes-de-fixation\/kit-de-butee\/#breadcrumb\",\"itemListElement\":[{\"@type\":\"ListItem\",\"position\":1,\"name\":\"Boutique\",\"item\":\"https:\/\/dk-fixiersysteme.de\/fr\/boutique\/\"},{\"@type\":\"ListItem\",\"position\":2,\"name\":\"dk\",\"item\":\"https:\/\/dk-fixiersysteme.de\/fr\/produits\/dk\/\"},{\"@type\":\"ListItem\",\"position\":3,\"name\":\"Syst\u00e8mes de fixation\",\"item\":\"https:\/\/dk-fixiersysteme.de\/fr\/produits\/dk\/systemes-de-fixation\/\"},{\"@type\":\"ListItem\",\"position\":4,\"name\":\"SCHIENENFIX\",\"item\":\"https:\/\/dk-fixiersysteme.de\/fr\/produits\/dk\/systemes-de-fixation\/schienenfix-systemes-de-fixation\/\"},{\"@type\":\"ListItem\",\"position\":5,\"name\":\"\u00c9l\u00e9ments de bridage\",\"item\":\"https:\/\/dk-fixiersysteme.de\/fr\/produits\/dk\/systemes-de-fixation\/schienenfix-systemes-de-fixation\/elements-de-bridage-schienenfix-systemes-de-fixation\/\"},{\"@type\":\"ListItem\",\"position\":6,\"name\":\"Kit de but\u00e9e\"}]},{\"@type\":\"WebSite\",\"@id\":\"https:\/\/dk-fixiersysteme.de\/fr\/#website\",\"url\":\"https:\/\/dk-fixiersysteme.de\/fr\/\",\"name\":\"dk FIXIERSYSTEME\",\"description\":\"\",\"publisher\":{\"@id\":\"https:\/\/dk-fixiersysteme.de\/fr\/#organization\"},\"potentialAction\":[{\"@type\":\"SearchAction\",\"target\":{\"@type\":\"EntryPoint\",\"urlTemplate\":\"https:\/\/dk-fixiersysteme.de\/fr\/?s={search_term_string}\"},\"query-input\":{\"@type\":\"PropertyValueSpecification\",\"valueRequired\":true,\"valueName\":\"search_term_string\"}}],\"inLanguage\":\"fr-FR\"},{\"@type\":\"Organization\",\"@id\":\"https:\/\/dk-fixiersysteme.de\/fr\/#organization\",\"name\":\"dk Fixiersysteme\",\"url\":\"https:\/\/dk-fixiersysteme.de\/fr\/\",\"logo\":{\"@type\":\"ImageObject\",\"inLanguage\":\"fr-FR\",\"@id\":\"https:\/\/dk-fixiersysteme.de\/fr\/#\/schema\/logo\/image\/\",\"url\":\"https:\/\/dk-fixiersysteme.de\/wp-content\/uploads\/2024\/07\/dk-logo-kreis-blau.svg\",\"contentUrl\":\"https:\/\/dk-fixiersysteme.de\/wp-content\/uploads\/2024\/07\/dk-logo-kreis-blau.svg\",\"caption\":\"dk Fixiersysteme\"},\"image\":{\"@id\":\"https:\/\/dk-fixiersysteme.de\/fr\/#\/schema\/logo\/image\/\"}}]}<\/script>\n<!-- \/ Yoast SEO plugin. -->","yoast_head_json":{"title":"Kit de but\u00e9e | dk Fixiersysteme","description":"Kit de but\u00e9e | pour le g\u00e9nie m\u00e9canique, la m\u00e9tallurgie et les applications industrielles. Qualit\u00e9 et fiabilit\u00e9 garanties par dk Fixiersysteme, votre partenaire expert.","robots":{"index":"index","follow":"follow","max-snippet":"max-snippet:-1","max-image-preview":"max-image-preview:large","max-video-preview":"max-video-preview:-1"},"canonical":"https:\/\/dk-fixiersysteme.de\/fr\/product\/dk\/systemes-de-fixation\/schienenfix-systemes-de-fixation\/elements-de-bridage-schienenfix-systemes-de-fixation\/kit-de-butee\/","og_locale":"fr_FR","og_type":"article","og_title":"Kit de but\u00e9e | dk Fixiersysteme","og_description":"Kit de but\u00e9e | pour le g\u00e9nie m\u00e9canique, la m\u00e9tallurgie et les applications industrielles. Qualit\u00e9 et fiabilit\u00e9 garanties par dk Fixiersysteme, votre partenaire expert.","og_url":"https:\/\/dk-fixiersysteme.de\/fr\/product\/dk\/systemes-de-fixation\/schienenfix-systemes-de-fixation\/elements-de-bridage-schienenfix-systemes-de-fixation\/kit-de-butee\/","og_site_name":"dk Fixiersysteme","article_modified_time":"2025-11-13T07:09:30+00:00","og_image":[{"width":500,"height":333,"url":"https:\/\/dk-fixiersysteme.de\/wp-content\/uploads\/2024\/11\/DK-347500.jpg","type":"image\/jpeg"}],"twitter_card":"summary_large_image","schema":{"@context":"https:\/\/schema.org","@graph":[{"@type":"WebPage","@id":"https:\/\/dk-fixiersysteme.de\/fr\/product\/dk\/systemes-de-fixation\/schienenfix-systemes-de-fixation\/elements-de-bridage-schienenfix-systemes-de-fixation\/kit-de-butee\/","url":"https:\/\/dk-fixiersysteme.de\/fr\/product\/dk\/systemes-de-fixation\/schienenfix-systemes-de-fixation\/elements-de-bridage-schienenfix-systemes-de-fixation\/kit-de-butee\/","name":"Kit de but\u00e9e | dk Fixiersysteme","isPartOf":{"@id":"https:\/\/dk-fixiersysteme.de\/fr\/#website"},"primaryImageOfPage":{"@id":"https:\/\/dk-fixiersysteme.de\/fr\/product\/dk\/systemes-de-fixation\/schienenfix-systemes-de-fixation\/elements-de-bridage-schienenfix-systemes-de-fixation\/kit-de-butee\/#primaryimage"},"image":{"@id":"https:\/\/dk-fixiersysteme.de\/fr\/product\/dk\/systemes-de-fixation\/schienenfix-systemes-de-fixation\/elements-de-bridage-schienenfix-systemes-de-fixation\/kit-de-butee\/#primaryimage"},"thumbnailUrl":"https:\/\/dk-fixiersysteme.de\/wp-content\/uploads\/2024\/11\/DK-347500.jpg","datePublished":"2025-04-15T08:34:12+00:00","dateModified":"2025-11-13T07:09:30+00:00","description":"Kit de but\u00e9e | pour le g\u00e9nie m\u00e9canique, la m\u00e9tallurgie et les applications industrielles. Qualit\u00e9 et fiabilit\u00e9 garanties par dk Fixiersysteme, votre partenaire expert.","breadcrumb":{"@id":"https:\/\/dk-fixiersysteme.de\/fr\/product\/dk\/systemes-de-fixation\/schienenfix-systemes-de-fixation\/elements-de-bridage-schienenfix-systemes-de-fixation\/kit-de-butee\/#breadcrumb"},"inLanguage":"fr-FR","potentialAction":[{"@type":"ReadAction","target":["https:\/\/dk-fixiersysteme.de\/fr\/product\/dk\/systemes-de-fixation\/schienenfix-systemes-de-fixation\/elements-de-bridage-schienenfix-systemes-de-fixation\/kit-de-butee\/"]}]},{"@type":"ImageObject","inLanguage":"fr-FR","@id":"https:\/\/dk-fixiersysteme.de\/fr\/product\/dk\/systemes-de-fixation\/schienenfix-systemes-de-fixation\/elements-de-bridage-schienenfix-systemes-de-fixation\/kit-de-butee\/#primaryimage","url":"https:\/\/dk-fixiersysteme.de\/wp-content\/uploads\/2024\/11\/DK-347500.jpg","contentUrl":"https:\/\/dk-fixiersysteme.de\/wp-content\/uploads\/2024\/11\/DK-347500.jpg","width":500,"height":333},{"@type":"BreadcrumbList","@id":"https:\/\/dk-fixiersysteme.de\/fr\/product\/dk\/systemes-de-fixation\/schienenfix-systemes-de-fixation\/elements-de-bridage-schienenfix-systemes-de-fixation\/kit-de-butee\/#breadcrumb","itemListElement":[{"@type":"ListItem","position":1,"name":"Boutique","item":"https:\/\/dk-fixiersysteme.de\/fr\/boutique\/"},{"@type":"ListItem","position":2,"name":"dk","item":"https:\/\/dk-fixiersysteme.de\/fr\/produits\/dk\/"},{"@type":"ListItem","position":3,"name":"Syst\u00e8mes de fixation","item":"https:\/\/dk-fixiersysteme.de\/fr\/produits\/dk\/systemes-de-fixation\/"},{"@type":"ListItem","position":4,"name":"SCHIENENFIX","item":"https:\/\/dk-fixiersysteme.de\/fr\/produits\/dk\/systemes-de-fixation\/schienenfix-systemes-de-fixation\/"},{"@type":"ListItem","position":5,"name":"\u00c9l\u00e9ments de bridage","item":"https:\/\/dk-fixiersysteme.de\/fr\/produits\/dk\/systemes-de-fixation\/schienenfix-systemes-de-fixation\/elements-de-bridage-schienenfix-systemes-de-fixation\/"},{"@type":"ListItem","position":6,"name":"Kit de but\u00e9e"}]},{"@type":"WebSite","@id":"https:\/\/dk-fixiersysteme.de\/fr\/#website","url":"https:\/\/dk-fixiersysteme.de\/fr\/","name":"dk FIXIERSYSTEME","description":"","publisher":{"@id":"https:\/\/dk-fixiersysteme.de\/fr\/#organization"},"potentialAction":[{"@type":"SearchAction","target":{"@type":"EntryPoint","urlTemplate":"https:\/\/dk-fixiersysteme.de\/fr\/?s={search_term_string}"},"query-input":{"@type":"PropertyValueSpecification","valueRequired":true,"valueName":"search_term_string"}}],"inLanguage":"fr-FR"},{"@type":"Organization","@id":"https:\/\/dk-fixiersysteme.de\/fr\/#organization","name":"dk Fixiersysteme","url":"https:\/\/dk-fixiersysteme.de\/fr\/","logo":{"@type":"ImageObject","inLanguage":"fr-FR","@id":"https:\/\/dk-fixiersysteme.de\/fr\/#\/schema\/logo\/image\/","url":"https:\/\/dk-fixiersysteme.de\/wp-content\/uploads\/2024\/07\/dk-logo-kreis-blau.svg","contentUrl":"https:\/\/dk-fixiersysteme.de\/wp-content\/uploads\/2024\/07\/dk-logo-kreis-blau.svg","caption":"dk Fixiersysteme"},"image":{"@id":"https:\/\/dk-fixiersysteme.de\/fr\/#\/schema\/logo\/image\/"}}]}},"_links":{"self":[{"href":"https:\/\/dk-fixiersysteme.de\/fr\/wp-json\/wp\/v2\/product\/56372","targetHints":{"allow":["GET"]}}],"collection":[{"href":"https:\/\/dk-fixiersysteme.de\/fr\/wp-json\/wp\/v2\/product"}],"about":[{"href":"https:\/\/dk-fixiersysteme.de\/fr\/wp-json\/wp\/v2\/types\/product"}],"replies":[{"embeddable":true,"href":"https:\/\/dk-fixiersysteme.de\/fr\/wp-json\/wp\/v2\/comments?post=56372"}],"version-history":[{"count":0,"href":"https:\/\/dk-fixiersysteme.de\/fr\/wp-json\/wp\/v2\/product\/56372\/revisions"}],"wp:featuredmedia":[{"embeddable":true,"href":"https:\/\/dk-fixiersysteme.de\/fr\/wp-json\/wp\/v2\/media\/4875"}],"wp:attachment":[{"href":"https:\/\/dk-fixiersysteme.de\/fr\/wp-json\/wp\/v2\/media?parent=56372"}],"wp:term":[{"taxonomy":"product_brand","embeddable":true,"href":"https:\/\/dk-fixiersysteme.de\/fr\/wp-json\/wp\/v2\/product_brand?post=56372"},{"taxonomy":"product_cat","embeddable":true,"href":"https:\/\/dk-fixiersysteme.de\/fr\/wp-json\/wp\/v2\/product_cat?post=56372"},{"taxonomy":"product_tag","embeddable":true,"href":"https:\/\/dk-fixiersysteme.de\/fr\/wp-json\/wp\/v2\/product_tag?post=56372"}],"curies":[{"name":"wp","href":"https:\/\/api.w.org\/{rel}","templated":true}]}}