{"id":56380,"date":"2025-04-15T08:34:15","date_gmt":"2025-04-15T08:34:15","guid":{"rendered":"https:\/\/dk-fixiersysteme.de\/product\/uncategorized\/etau-de-serrage-de-precision-50-mm\/"},"modified":"2025-11-13T07:09:40","modified_gmt":"2025-11-13T07:09:40","slug":"etau-de-serrage-de-precision-50-mm","status":"publish","type":"product","link":"https:\/\/dk-fixiersysteme.de\/fr\/product\/dk\/systemes-de-fixation\/schienenfix-systemes-de-fixation\/elements-de-bridage-schienenfix-systemes-de-fixation\/etau-de-serrage-de-precision-50-mm\/","title":{"rendered":"\u00c9tau de serrage de pr\u00e9cision 50 mm"},"content":{"rendered":"<p>Syst\u00e8me de bridage \u00e0 ressort pour un positionnement rapide et r\u00e9p\u00e9titif avec une force de serrage limit\u00e9e. R\u00e9glable en traction et en compression. Pour montage horizontal ou vertical sur les rails \u00e0 rainures de la gamme SCHIENENFIX de dk ou sur des palettes \u00e0 remplacement rapide.<br \/>\n Mati\u00e8re : Aluminium \u00e0 rev\u00eatement dur.<br \/>\n Contenu de la livraison : vis, tasseaux et 3 ressorts de diff\u00e9rentes duret\u00e9s incl.<\/p>\n","protected":false},"excerpt":{"rendered":"<p>Syst\u00e8me de bridage \u00e0 ressort pour un positionnement rapide et r\u00e9p\u00e9titif avec une force de serrage limit\u00e9e. R\u00e9glable en traction et en compression. Pour montage horizontal ou vertical sur les rails \u00e0 rainures de la gamme SCHIENENFIX de dk ou sur des palettes \u00e0 remplacement rapide. Mati\u00e8re : Aluminium \u00e0 rev\u00eatement dur. Contenu de la [&hellip;]<\/p>\n","protected":false},"featured_media":32541,"comment_status":"open","ping_status":"closed","template":"","meta":{"_acf_changed":false},"product_brand":[],"product_cat":[4623],"product_tag":[],"class_list":{"0":"post-56380","1":"product","2":"type-product","3":"status-publish","4":"has-post-thumbnail","6":"product_cat-elements-de-bridage-schienenfix-systemes-de-fixation","8":"first","9":"outofstock","10":"taxable","11":"shipping-taxable","12":"purchasable","13":"product-type-variable"},"acf":[],"yoast_head":"<!-- This site is optimized with the Yoast SEO plugin v27.2 - https:\/\/yoast.com\/product\/yoast-seo-wordpress\/ -->\n<title>\u00c9tau de serrage de pr\u00e9cision 50 mm | dk Fixiersysteme<\/title>\n<meta name=\"description\" content=\"\u00c9tau de serrage de pr\u00e9cision 50 mm | pour le g\u00e9nie m\u00e9canique, la m\u00e9tallurgie et les applications industrielles. Qualit\u00e9 et fiabilit\u00e9 garanties par dk Fixiersysteme, votre partenaire expert.\" \/>\n<meta name=\"robots\" content=\"index, follow, max-snippet:-1, max-image-preview:large, max-video-preview:-1\" \/>\n<link rel=\"canonical\" href=\"https:\/\/dk-fixiersysteme.de\/fr\/product\/dk\/systemes-de-fixation\/schienenfix-systemes-de-fixation\/elements-de-bridage-schienenfix-systemes-de-fixation\/etau-de-serrage-de-precision-50-mm\/\" \/>\n<meta property=\"og:locale\" content=\"fr_FR\" \/>\n<meta property=\"og:type\" content=\"article\" \/>\n<meta property=\"og:title\" content=\"\u00c9tau de serrage de pr\u00e9cision 50 mm | dk Fixiersysteme\" \/>\n<meta property=\"og:description\" content=\"\u00c9tau de serrage de pr\u00e9cision 50 mm | pour le g\u00e9nie m\u00e9canique, la m\u00e9tallurgie et les applications industrielles. Qualit\u00e9 et fiabilit\u00e9 garanties par dk Fixiersysteme, votre partenaire expert.\" \/>\n<meta property=\"og:url\" content=\"https:\/\/dk-fixiersysteme.de\/fr\/product\/dk\/systemes-de-fixation\/schienenfix-systemes-de-fixation\/elements-de-bridage-schienenfix-systemes-de-fixation\/etau-de-serrage-de-precision-50-mm\/\" \/>\n<meta property=\"og:site_name\" content=\"dk Fixiersysteme\" \/>\n<meta property=\"article:modified_time\" content=\"2025-11-13T07:09:40+00:00\" \/>\n<meta property=\"og:image\" content=\"https:\/\/dk-fixiersysteme.de\/wp-content\/uploads\/2025\/04\/DK-IMG_9621.jpg\" \/>\n\t<meta property=\"og:image:width\" content=\"1200\" \/>\n\t<meta property=\"og:image:height\" content=\"800\" \/>\n\t<meta property=\"og:image:type\" content=\"image\/jpeg\" \/>\n<meta name=\"twitter:card\" content=\"summary_large_image\" \/>\n<script type=\"application\/ld+json\" class=\"yoast-schema-graph\">{\"@context\":\"https:\/\/schema.org\",\"@graph\":[{\"@type\":\"WebPage\",\"@id\":\"https:\/\/dk-fixiersysteme.de\/fr\/product\/dk\/systemes-de-fixation\/schienenfix-systemes-de-fixation\/elements-de-bridage-schienenfix-systemes-de-fixation\/etau-de-serrage-de-precision-50-mm\/\",\"url\":\"https:\/\/dk-fixiersysteme.de\/fr\/product\/dk\/systemes-de-fixation\/schienenfix-systemes-de-fixation\/elements-de-bridage-schienenfix-systemes-de-fixation\/etau-de-serrage-de-precision-50-mm\/\",\"name\":\"\u00c9tau de serrage de pr\u00e9cision 50 mm | dk Fixiersysteme\",\"isPartOf\":{\"@id\":\"https:\/\/dk-fixiersysteme.de\/fr\/#website\"},\"primaryImageOfPage\":{\"@id\":\"https:\/\/dk-fixiersysteme.de\/fr\/product\/dk\/systemes-de-fixation\/schienenfix-systemes-de-fixation\/elements-de-bridage-schienenfix-systemes-de-fixation\/etau-de-serrage-de-precision-50-mm\/#primaryimage\"},\"image\":{\"@id\":\"https:\/\/dk-fixiersysteme.de\/fr\/product\/dk\/systemes-de-fixation\/schienenfix-systemes-de-fixation\/elements-de-bridage-schienenfix-systemes-de-fixation\/etau-de-serrage-de-precision-50-mm\/#primaryimage\"},\"thumbnailUrl\":\"https:\/\/dk-fixiersysteme.de\/wp-content\/uploads\/2025\/04\/DK-IMG_9621.jpg\",\"datePublished\":\"2025-04-15T08:34:15+00:00\",\"dateModified\":\"2025-11-13T07:09:40+00:00\",\"description\":\"\u00c9tau de serrage de pr\u00e9cision 50 mm | pour le g\u00e9nie m\u00e9canique, la m\u00e9tallurgie et les applications industrielles. Qualit\u00e9 et fiabilit\u00e9 garanties par dk Fixiersysteme, votre partenaire expert.\",\"breadcrumb\":{\"@id\":\"https:\/\/dk-fixiersysteme.de\/fr\/product\/dk\/systemes-de-fixation\/schienenfix-systemes-de-fixation\/elements-de-bridage-schienenfix-systemes-de-fixation\/etau-de-serrage-de-precision-50-mm\/#breadcrumb\"},\"inLanguage\":\"fr-FR\",\"potentialAction\":[{\"@type\":\"ReadAction\",\"target\":[\"https:\/\/dk-fixiersysteme.de\/fr\/product\/dk\/systemes-de-fixation\/schienenfix-systemes-de-fixation\/elements-de-bridage-schienenfix-systemes-de-fixation\/etau-de-serrage-de-precision-50-mm\/\"]}]},{\"@type\":\"ImageObject\",\"inLanguage\":\"fr-FR\",\"@id\":\"https:\/\/dk-fixiersysteme.de\/fr\/product\/dk\/systemes-de-fixation\/schienenfix-systemes-de-fixation\/elements-de-bridage-schienenfix-systemes-de-fixation\/etau-de-serrage-de-precision-50-mm\/#primaryimage\",\"url\":\"https:\/\/dk-fixiersysteme.de\/wp-content\/uploads\/2025\/04\/DK-IMG_9621.jpg\",\"contentUrl\":\"https:\/\/dk-fixiersysteme.de\/wp-content\/uploads\/2025\/04\/DK-IMG_9621.jpg\",\"width\":1200,\"height\":800},{\"@type\":\"BreadcrumbList\",\"@id\":\"https:\/\/dk-fixiersysteme.de\/fr\/product\/dk\/systemes-de-fixation\/schienenfix-systemes-de-fixation\/elements-de-bridage-schienenfix-systemes-de-fixation\/etau-de-serrage-de-precision-50-mm\/#breadcrumb\",\"itemListElement\":[{\"@type\":\"ListItem\",\"position\":1,\"name\":\"Boutique\",\"item\":\"https:\/\/dk-fixiersysteme.de\/fr\/boutique\/\"},{\"@type\":\"ListItem\",\"position\":2,\"name\":\"dk\",\"item\":\"https:\/\/dk-fixiersysteme.de\/fr\/produits\/dk\/\"},{\"@type\":\"ListItem\",\"position\":3,\"name\":\"Syst\u00e8mes de fixation\",\"item\":\"https:\/\/dk-fixiersysteme.de\/fr\/produits\/dk\/systemes-de-fixation\/\"},{\"@type\":\"ListItem\",\"position\":4,\"name\":\"SCHIENENFIX\",\"item\":\"https:\/\/dk-fixiersysteme.de\/fr\/produits\/dk\/systemes-de-fixation\/schienenfix-systemes-de-fixation\/\"},{\"@type\":\"ListItem\",\"position\":5,\"name\":\"\u00c9l\u00e9ments de bridage\",\"item\":\"https:\/\/dk-fixiersysteme.de\/fr\/produits\/dk\/systemes-de-fixation\/schienenfix-systemes-de-fixation\/elements-de-bridage-schienenfix-systemes-de-fixation\/\"},{\"@type\":\"ListItem\",\"position\":6,\"name\":\"\u00c9tau de serrage de pr\u00e9cision 50 mm\"}]},{\"@type\":\"WebSite\",\"@id\":\"https:\/\/dk-fixiersysteme.de\/fr\/#website\",\"url\":\"https:\/\/dk-fixiersysteme.de\/fr\/\",\"name\":\"dk FIXIERSYSTEME\",\"description\":\"\",\"publisher\":{\"@id\":\"https:\/\/dk-fixiersysteme.de\/fr\/#organization\"},\"potentialAction\":[{\"@type\":\"SearchAction\",\"target\":{\"@type\":\"EntryPoint\",\"urlTemplate\":\"https:\/\/dk-fixiersysteme.de\/fr\/?s={search_term_string}\"},\"query-input\":{\"@type\":\"PropertyValueSpecification\",\"valueRequired\":true,\"valueName\":\"search_term_string\"}}],\"inLanguage\":\"fr-FR\"},{\"@type\":\"Organization\",\"@id\":\"https:\/\/dk-fixiersysteme.de\/fr\/#organization\",\"name\":\"dk Fixiersysteme\",\"url\":\"https:\/\/dk-fixiersysteme.de\/fr\/\",\"logo\":{\"@type\":\"ImageObject\",\"inLanguage\":\"fr-FR\",\"@id\":\"https:\/\/dk-fixiersysteme.de\/fr\/#\/schema\/logo\/image\/\",\"url\":\"https:\/\/dk-fixiersysteme.de\/wp-content\/uploads\/2024\/07\/dk-logo-kreis-blau.svg\",\"contentUrl\":\"https:\/\/dk-fixiersysteme.de\/wp-content\/uploads\/2024\/07\/dk-logo-kreis-blau.svg\",\"caption\":\"dk Fixiersysteme\"},\"image\":{\"@id\":\"https:\/\/dk-fixiersysteme.de\/fr\/#\/schema\/logo\/image\/\"}}]}<\/script>\n<!-- \/ Yoast SEO plugin. -->","yoast_head_json":{"title":"\u00c9tau de serrage de pr\u00e9cision 50 mm | dk Fixiersysteme","description":"\u00c9tau de serrage de pr\u00e9cision 50 mm | pour le g\u00e9nie m\u00e9canique, la m\u00e9tallurgie et les applications industrielles. Qualit\u00e9 et fiabilit\u00e9 garanties par dk Fixiersysteme, votre partenaire expert.","robots":{"index":"index","follow":"follow","max-snippet":"max-snippet:-1","max-image-preview":"max-image-preview:large","max-video-preview":"max-video-preview:-1"},"canonical":"https:\/\/dk-fixiersysteme.de\/fr\/product\/dk\/systemes-de-fixation\/schienenfix-systemes-de-fixation\/elements-de-bridage-schienenfix-systemes-de-fixation\/etau-de-serrage-de-precision-50-mm\/","og_locale":"fr_FR","og_type":"article","og_title":"\u00c9tau de serrage de pr\u00e9cision 50 mm | dk Fixiersysteme","og_description":"\u00c9tau de serrage de pr\u00e9cision 50 mm | pour le g\u00e9nie m\u00e9canique, la m\u00e9tallurgie et les applications industrielles. Qualit\u00e9 et fiabilit\u00e9 garanties par dk Fixiersysteme, votre partenaire expert.","og_url":"https:\/\/dk-fixiersysteme.de\/fr\/product\/dk\/systemes-de-fixation\/schienenfix-systemes-de-fixation\/elements-de-bridage-schienenfix-systemes-de-fixation\/etau-de-serrage-de-precision-50-mm\/","og_site_name":"dk Fixiersysteme","article_modified_time":"2025-11-13T07:09:40+00:00","og_image":[{"width":1200,"height":800,"url":"https:\/\/dk-fixiersysteme.de\/wp-content\/uploads\/2025\/04\/DK-IMG_9621.jpg","type":"image\/jpeg"}],"twitter_card":"summary_large_image","schema":{"@context":"https:\/\/schema.org","@graph":[{"@type":"WebPage","@id":"https:\/\/dk-fixiersysteme.de\/fr\/product\/dk\/systemes-de-fixation\/schienenfix-systemes-de-fixation\/elements-de-bridage-schienenfix-systemes-de-fixation\/etau-de-serrage-de-precision-50-mm\/","url":"https:\/\/dk-fixiersysteme.de\/fr\/product\/dk\/systemes-de-fixation\/schienenfix-systemes-de-fixation\/elements-de-bridage-schienenfix-systemes-de-fixation\/etau-de-serrage-de-precision-50-mm\/","name":"\u00c9tau de serrage de pr\u00e9cision 50 mm | dk Fixiersysteme","isPartOf":{"@id":"https:\/\/dk-fixiersysteme.de\/fr\/#website"},"primaryImageOfPage":{"@id":"https:\/\/dk-fixiersysteme.de\/fr\/product\/dk\/systemes-de-fixation\/schienenfix-systemes-de-fixation\/elements-de-bridage-schienenfix-systemes-de-fixation\/etau-de-serrage-de-precision-50-mm\/#primaryimage"},"image":{"@id":"https:\/\/dk-fixiersysteme.de\/fr\/product\/dk\/systemes-de-fixation\/schienenfix-systemes-de-fixation\/elements-de-bridage-schienenfix-systemes-de-fixation\/etau-de-serrage-de-precision-50-mm\/#primaryimage"},"thumbnailUrl":"https:\/\/dk-fixiersysteme.de\/wp-content\/uploads\/2025\/04\/DK-IMG_9621.jpg","datePublished":"2025-04-15T08:34:15+00:00","dateModified":"2025-11-13T07:09:40+00:00","description":"\u00c9tau de serrage de pr\u00e9cision 50 mm | pour le g\u00e9nie m\u00e9canique, la m\u00e9tallurgie et les applications industrielles. Qualit\u00e9 et fiabilit\u00e9 garanties par dk Fixiersysteme, votre partenaire expert.","breadcrumb":{"@id":"https:\/\/dk-fixiersysteme.de\/fr\/product\/dk\/systemes-de-fixation\/schienenfix-systemes-de-fixation\/elements-de-bridage-schienenfix-systemes-de-fixation\/etau-de-serrage-de-precision-50-mm\/#breadcrumb"},"inLanguage":"fr-FR","potentialAction":[{"@type":"ReadAction","target":["https:\/\/dk-fixiersysteme.de\/fr\/product\/dk\/systemes-de-fixation\/schienenfix-systemes-de-fixation\/elements-de-bridage-schienenfix-systemes-de-fixation\/etau-de-serrage-de-precision-50-mm\/"]}]},{"@type":"ImageObject","inLanguage":"fr-FR","@id":"https:\/\/dk-fixiersysteme.de\/fr\/product\/dk\/systemes-de-fixation\/schienenfix-systemes-de-fixation\/elements-de-bridage-schienenfix-systemes-de-fixation\/etau-de-serrage-de-precision-50-mm\/#primaryimage","url":"https:\/\/dk-fixiersysteme.de\/wp-content\/uploads\/2025\/04\/DK-IMG_9621.jpg","contentUrl":"https:\/\/dk-fixiersysteme.de\/wp-content\/uploads\/2025\/04\/DK-IMG_9621.jpg","width":1200,"height":800},{"@type":"BreadcrumbList","@id":"https:\/\/dk-fixiersysteme.de\/fr\/product\/dk\/systemes-de-fixation\/schienenfix-systemes-de-fixation\/elements-de-bridage-schienenfix-systemes-de-fixation\/etau-de-serrage-de-precision-50-mm\/#breadcrumb","itemListElement":[{"@type":"ListItem","position":1,"name":"Boutique","item":"https:\/\/dk-fixiersysteme.de\/fr\/boutique\/"},{"@type":"ListItem","position":2,"name":"dk","item":"https:\/\/dk-fixiersysteme.de\/fr\/produits\/dk\/"},{"@type":"ListItem","position":3,"name":"Syst\u00e8mes de fixation","item":"https:\/\/dk-fixiersysteme.de\/fr\/produits\/dk\/systemes-de-fixation\/"},{"@type":"ListItem","position":4,"name":"SCHIENENFIX","item":"https:\/\/dk-fixiersysteme.de\/fr\/produits\/dk\/systemes-de-fixation\/schienenfix-systemes-de-fixation\/"},{"@type":"ListItem","position":5,"name":"\u00c9l\u00e9ments de bridage","item":"https:\/\/dk-fixiersysteme.de\/fr\/produits\/dk\/systemes-de-fixation\/schienenfix-systemes-de-fixation\/elements-de-bridage-schienenfix-systemes-de-fixation\/"},{"@type":"ListItem","position":6,"name":"\u00c9tau de serrage de pr\u00e9cision 50 mm"}]},{"@type":"WebSite","@id":"https:\/\/dk-fixiersysteme.de\/fr\/#website","url":"https:\/\/dk-fixiersysteme.de\/fr\/","name":"dk FIXIERSYSTEME","description":"","publisher":{"@id":"https:\/\/dk-fixiersysteme.de\/fr\/#organization"},"potentialAction":[{"@type":"SearchAction","target":{"@type":"EntryPoint","urlTemplate":"https:\/\/dk-fixiersysteme.de\/fr\/?s={search_term_string}"},"query-input":{"@type":"PropertyValueSpecification","valueRequired":true,"valueName":"search_term_string"}}],"inLanguage":"fr-FR"},{"@type":"Organization","@id":"https:\/\/dk-fixiersysteme.de\/fr\/#organization","name":"dk Fixiersysteme","url":"https:\/\/dk-fixiersysteme.de\/fr\/","logo":{"@type":"ImageObject","inLanguage":"fr-FR","@id":"https:\/\/dk-fixiersysteme.de\/fr\/#\/schema\/logo\/image\/","url":"https:\/\/dk-fixiersysteme.de\/wp-content\/uploads\/2024\/07\/dk-logo-kreis-blau.svg","contentUrl":"https:\/\/dk-fixiersysteme.de\/wp-content\/uploads\/2024\/07\/dk-logo-kreis-blau.svg","caption":"dk Fixiersysteme"},"image":{"@id":"https:\/\/dk-fixiersysteme.de\/fr\/#\/schema\/logo\/image\/"}}]}},"_links":{"self":[{"href":"https:\/\/dk-fixiersysteme.de\/fr\/wp-json\/wp\/v2\/product\/56380","targetHints":{"allow":["GET"]}}],"collection":[{"href":"https:\/\/dk-fixiersysteme.de\/fr\/wp-json\/wp\/v2\/product"}],"about":[{"href":"https:\/\/dk-fixiersysteme.de\/fr\/wp-json\/wp\/v2\/types\/product"}],"replies":[{"embeddable":true,"href":"https:\/\/dk-fixiersysteme.de\/fr\/wp-json\/wp\/v2\/comments?post=56380"}],"version-history":[{"count":0,"href":"https:\/\/dk-fixiersysteme.de\/fr\/wp-json\/wp\/v2\/product\/56380\/revisions"}],"wp:featuredmedia":[{"embeddable":true,"href":"https:\/\/dk-fixiersysteme.de\/fr\/wp-json\/wp\/v2\/media\/32541"}],"wp:attachment":[{"href":"https:\/\/dk-fixiersysteme.de\/fr\/wp-json\/wp\/v2\/media?parent=56380"}],"wp:term":[{"taxonomy":"product_brand","embeddable":true,"href":"https:\/\/dk-fixiersysteme.de\/fr\/wp-json\/wp\/v2\/product_brand?post=56380"},{"taxonomy":"product_cat","embeddable":true,"href":"https:\/\/dk-fixiersysteme.de\/fr\/wp-json\/wp\/v2\/product_cat?post=56380"},{"taxonomy":"product_tag","embeddable":true,"href":"https:\/\/dk-fixiersysteme.de\/fr\/wp-json\/wp\/v2\/product_tag?post=56380"}],"curies":[{"name":"wp","href":"https:\/\/api.w.org\/{rel}","templated":true}]}}