{"id":56435,"date":"2025-04-15T08:34:42","date_gmt":"2025-04-15T08:34:42","guid":{"rendered":"https:\/\/dk-fixiersysteme.de\/product\/uncategorized\/ve-frontal-pikospanner-xray4-avec-swa39\/"},"modified":"2025-11-13T07:10:39","modified_gmt":"2025-11-13T07:10:39","slug":"ve-frontal-pikospanner-xray4-avec-swa39","status":"publish","type":"product","link":"https:\/\/dk-fixiersysteme.de\/fr\/product\/dk\/systemes-de-fixation\/swa39-ct-systemes-de-fixation\/elements-de-bridage-swa39-ct-systemes-de-fixation\/ve-frontal-pikospanner-xray4-avec-swa39\/","title":{"rendered":"V\u00e9 frontal Pikospanner XRAY4 avec SWA39"},"content":{"rendered":"<p>Pour le serrage de petites pi\u00e8ces m\u00e9talliques. Avec v\u00e9 vertical int\u00e9gr\u00e9. Pour les pi\u00e8ces lisses ou les petits diam\u00e8tres. Avec interface SWA39 pour le montage sur les \u00e9l\u00e9ments de base SWA39 et les \u00e9l\u00e9ments de montage.<\/p>\n","protected":false},"excerpt":{"rendered":"<p>Pour le serrage de petites pi\u00e8ces m\u00e9talliques. Avec v\u00e9 vertical int\u00e9gr\u00e9. Pour les pi\u00e8ces lisses ou les petits diam\u00e8tres. Avec interface SWA39 pour le montage sur les \u00e9l\u00e9ments de base SWA39 et les \u00e9l\u00e9ments de montage.<\/p>\n","protected":false},"featured_media":22793,"comment_status":"open","ping_status":"closed","template":"","meta":{"_acf_changed":false},"product_brand":[],"product_cat":[4665],"product_tag":[],"class_list":{"0":"post-56435","1":"product","2":"type-product","3":"status-publish","4":"has-post-thumbnail","6":"product_cat-elements-de-bridage-swa39-ct-systemes-de-fixation","8":"first","9":"outofstock","10":"taxable","11":"shipping-taxable","12":"purchasable","13":"product-type-variable"},"acf":[],"yoast_head":"<!-- This site is optimized with the Yoast SEO plugin v27.2 - https:\/\/yoast.com\/product\/yoast-seo-wordpress\/ -->\n<title>V\u00e9 frontal Pikospanner XRAY4 avec SWA39 | dk Fixiersysteme<\/title>\n<meta name=\"description\" content=\"V\u00e9 frontal Pikospanner XRAY4 avec SWA39 | pour le g\u00e9nie m\u00e9canique, la m\u00e9tallurgie et les applications industrielles. Qualit\u00e9 et fiabilit\u00e9 garanties par dk Fixiersysteme, votre partenaire expert.\" \/>\n<meta name=\"robots\" content=\"index, follow, max-snippet:-1, max-image-preview:large, max-video-preview:-1\" \/>\n<link rel=\"canonical\" href=\"https:\/\/dk-fixiersysteme.de\/fr\/product\/dk\/systemes-de-fixation\/swa39-ct-systemes-de-fixation\/elements-de-bridage-swa39-ct-systemes-de-fixation\/ve-frontal-pikospanner-xray4-avec-swa39\/\" \/>\n<meta property=\"og:locale\" content=\"fr_FR\" \/>\n<meta property=\"og:type\" content=\"article\" \/>\n<meta property=\"og:title\" content=\"V\u00e9 frontal Pikospanner XRAY4 avec SWA39 | dk Fixiersysteme\" \/>\n<meta property=\"og:description\" content=\"V\u00e9 frontal Pikospanner XRAY4 avec SWA39 | pour le g\u00e9nie m\u00e9canique, la m\u00e9tallurgie et les applications industrielles. Qualit\u00e9 et fiabilit\u00e9 garanties par dk Fixiersysteme, votre partenaire expert.\" \/>\n<meta property=\"og:url\" content=\"https:\/\/dk-fixiersysteme.de\/fr\/product\/dk\/systemes-de-fixation\/swa39-ct-systemes-de-fixation\/elements-de-bridage-swa39-ct-systemes-de-fixation\/ve-frontal-pikospanner-xray4-avec-swa39\/\" \/>\n<meta property=\"og:site_name\" content=\"dk Fixiersysteme\" \/>\n<meta property=\"article:modified_time\" content=\"2025-11-13T07:10:39+00:00\" \/>\n<meta property=\"og:image\" content=\"https:\/\/dk-fixiersysteme.de\/wp-content\/uploads\/2025\/03\/440085.jpg\" \/>\n\t<meta property=\"og:image:width\" content=\"500\" \/>\n\t<meta property=\"og:image:height\" content=\"333\" \/>\n\t<meta property=\"og:image:type\" content=\"image\/jpeg\" \/>\n<meta name=\"twitter:card\" content=\"summary_large_image\" \/>\n<script type=\"application\/ld+json\" class=\"yoast-schema-graph\">{\"@context\":\"https:\/\/schema.org\",\"@graph\":[{\"@type\":\"WebPage\",\"@id\":\"https:\/\/dk-fixiersysteme.de\/fr\/product\/dk\/systemes-de-fixation\/swa39-ct-systemes-de-fixation\/elements-de-bridage-swa39-ct-systemes-de-fixation\/ve-frontal-pikospanner-xray4-avec-swa39\/\",\"url\":\"https:\/\/dk-fixiersysteme.de\/fr\/product\/dk\/systemes-de-fixation\/swa39-ct-systemes-de-fixation\/elements-de-bridage-swa39-ct-systemes-de-fixation\/ve-frontal-pikospanner-xray4-avec-swa39\/\",\"name\":\"V\u00e9 frontal Pikospanner XRAY4 avec SWA39 | dk Fixiersysteme\",\"isPartOf\":{\"@id\":\"https:\/\/dk-fixiersysteme.de\/fr\/#website\"},\"primaryImageOfPage\":{\"@id\":\"https:\/\/dk-fixiersysteme.de\/fr\/product\/dk\/systemes-de-fixation\/swa39-ct-systemes-de-fixation\/elements-de-bridage-swa39-ct-systemes-de-fixation\/ve-frontal-pikospanner-xray4-avec-swa39\/#primaryimage\"},\"image\":{\"@id\":\"https:\/\/dk-fixiersysteme.de\/fr\/product\/dk\/systemes-de-fixation\/swa39-ct-systemes-de-fixation\/elements-de-bridage-swa39-ct-systemes-de-fixation\/ve-frontal-pikospanner-xray4-avec-swa39\/#primaryimage\"},\"thumbnailUrl\":\"https:\/\/dk-fixiersysteme.de\/wp-content\/uploads\/2025\/03\/440085.jpg\",\"datePublished\":\"2025-04-15T08:34:42+00:00\",\"dateModified\":\"2025-11-13T07:10:39+00:00\",\"description\":\"V\u00e9 frontal Pikospanner XRAY4 avec SWA39 | pour le g\u00e9nie m\u00e9canique, la m\u00e9tallurgie et les applications industrielles. Qualit\u00e9 et fiabilit\u00e9 garanties par dk Fixiersysteme, votre partenaire expert.\",\"breadcrumb\":{\"@id\":\"https:\/\/dk-fixiersysteme.de\/fr\/product\/dk\/systemes-de-fixation\/swa39-ct-systemes-de-fixation\/elements-de-bridage-swa39-ct-systemes-de-fixation\/ve-frontal-pikospanner-xray4-avec-swa39\/#breadcrumb\"},\"inLanguage\":\"fr-FR\",\"potentialAction\":[{\"@type\":\"ReadAction\",\"target\":[\"https:\/\/dk-fixiersysteme.de\/fr\/product\/dk\/systemes-de-fixation\/swa39-ct-systemes-de-fixation\/elements-de-bridage-swa39-ct-systemes-de-fixation\/ve-frontal-pikospanner-xray4-avec-swa39\/\"]}]},{\"@type\":\"ImageObject\",\"inLanguage\":\"fr-FR\",\"@id\":\"https:\/\/dk-fixiersysteme.de\/fr\/product\/dk\/systemes-de-fixation\/swa39-ct-systemes-de-fixation\/elements-de-bridage-swa39-ct-systemes-de-fixation\/ve-frontal-pikospanner-xray4-avec-swa39\/#primaryimage\",\"url\":\"https:\/\/dk-fixiersysteme.de\/wp-content\/uploads\/2025\/03\/440085.jpg\",\"contentUrl\":\"https:\/\/dk-fixiersysteme.de\/wp-content\/uploads\/2025\/03\/440085.jpg\",\"width\":500,\"height\":333},{\"@type\":\"BreadcrumbList\",\"@id\":\"https:\/\/dk-fixiersysteme.de\/fr\/product\/dk\/systemes-de-fixation\/swa39-ct-systemes-de-fixation\/elements-de-bridage-swa39-ct-systemes-de-fixation\/ve-frontal-pikospanner-xray4-avec-swa39\/#breadcrumb\",\"itemListElement\":[{\"@type\":\"ListItem\",\"position\":1,\"name\":\"Boutique\",\"item\":\"https:\/\/dk-fixiersysteme.de\/fr\/boutique\/\"},{\"@type\":\"ListItem\",\"position\":2,\"name\":\"dk\",\"item\":\"https:\/\/dk-fixiersysteme.de\/fr\/produits\/dk\/\"},{\"@type\":\"ListItem\",\"position\":3,\"name\":\"Syst\u00e8mes de fixation\",\"item\":\"https:\/\/dk-fixiersysteme.de\/fr\/produits\/dk\/systemes-de-fixation\/\"},{\"@type\":\"ListItem\",\"position\":4,\"name\":\"SWA39 CT\",\"item\":\"https:\/\/dk-fixiersysteme.de\/fr\/produits\/dk\/systemes-de-fixation\/swa39-ct-systemes-de-fixation\/\"},{\"@type\":\"ListItem\",\"position\":5,\"name\":\"\u00c9l\u00e9ments de bridage\",\"item\":\"https:\/\/dk-fixiersysteme.de\/fr\/produits\/dk\/systemes-de-fixation\/swa39-ct-systemes-de-fixation\/elements-de-bridage-swa39-ct-systemes-de-fixation\/\"},{\"@type\":\"ListItem\",\"position\":6,\"name\":\"V\u00e9 frontal Pikospanner XRAY4 avec SWA39\"}]},{\"@type\":\"WebSite\",\"@id\":\"https:\/\/dk-fixiersysteme.de\/fr\/#website\",\"url\":\"https:\/\/dk-fixiersysteme.de\/fr\/\",\"name\":\"dk FIXIERSYSTEME\",\"description\":\"\",\"publisher\":{\"@id\":\"https:\/\/dk-fixiersysteme.de\/fr\/#organization\"},\"potentialAction\":[{\"@type\":\"SearchAction\",\"target\":{\"@type\":\"EntryPoint\",\"urlTemplate\":\"https:\/\/dk-fixiersysteme.de\/fr\/?s={search_term_string}\"},\"query-input\":{\"@type\":\"PropertyValueSpecification\",\"valueRequired\":true,\"valueName\":\"search_term_string\"}}],\"inLanguage\":\"fr-FR\"},{\"@type\":\"Organization\",\"@id\":\"https:\/\/dk-fixiersysteme.de\/fr\/#organization\",\"name\":\"dk Fixiersysteme\",\"url\":\"https:\/\/dk-fixiersysteme.de\/fr\/\",\"logo\":{\"@type\":\"ImageObject\",\"inLanguage\":\"fr-FR\",\"@id\":\"https:\/\/dk-fixiersysteme.de\/fr\/#\/schema\/logo\/image\/\",\"url\":\"https:\/\/dk-fixiersysteme.de\/wp-content\/uploads\/2024\/07\/dk-logo-kreis-blau.svg\",\"contentUrl\":\"https:\/\/dk-fixiersysteme.de\/wp-content\/uploads\/2024\/07\/dk-logo-kreis-blau.svg\",\"caption\":\"dk Fixiersysteme\"},\"image\":{\"@id\":\"https:\/\/dk-fixiersysteme.de\/fr\/#\/schema\/logo\/image\/\"}}]}<\/script>\n<!-- \/ Yoast SEO plugin. -->","yoast_head_json":{"title":"V\u00e9 frontal Pikospanner XRAY4 avec SWA39 | dk Fixiersysteme","description":"V\u00e9 frontal Pikospanner XRAY4 avec SWA39 | pour le g\u00e9nie m\u00e9canique, la m\u00e9tallurgie et les applications industrielles. Qualit\u00e9 et fiabilit\u00e9 garanties par dk Fixiersysteme, votre partenaire expert.","robots":{"index":"index","follow":"follow","max-snippet":"max-snippet:-1","max-image-preview":"max-image-preview:large","max-video-preview":"max-video-preview:-1"},"canonical":"https:\/\/dk-fixiersysteme.de\/fr\/product\/dk\/systemes-de-fixation\/swa39-ct-systemes-de-fixation\/elements-de-bridage-swa39-ct-systemes-de-fixation\/ve-frontal-pikospanner-xray4-avec-swa39\/","og_locale":"fr_FR","og_type":"article","og_title":"V\u00e9 frontal Pikospanner XRAY4 avec SWA39 | dk Fixiersysteme","og_description":"V\u00e9 frontal Pikospanner XRAY4 avec SWA39 | pour le g\u00e9nie m\u00e9canique, la m\u00e9tallurgie et les applications industrielles. Qualit\u00e9 et fiabilit\u00e9 garanties par dk Fixiersysteme, votre partenaire expert.","og_url":"https:\/\/dk-fixiersysteme.de\/fr\/product\/dk\/systemes-de-fixation\/swa39-ct-systemes-de-fixation\/elements-de-bridage-swa39-ct-systemes-de-fixation\/ve-frontal-pikospanner-xray4-avec-swa39\/","og_site_name":"dk Fixiersysteme","article_modified_time":"2025-11-13T07:10:39+00:00","og_image":[{"width":500,"height":333,"url":"https:\/\/dk-fixiersysteme.de\/wp-content\/uploads\/2025\/03\/440085.jpg","type":"image\/jpeg"}],"twitter_card":"summary_large_image","schema":{"@context":"https:\/\/schema.org","@graph":[{"@type":"WebPage","@id":"https:\/\/dk-fixiersysteme.de\/fr\/product\/dk\/systemes-de-fixation\/swa39-ct-systemes-de-fixation\/elements-de-bridage-swa39-ct-systemes-de-fixation\/ve-frontal-pikospanner-xray4-avec-swa39\/","url":"https:\/\/dk-fixiersysteme.de\/fr\/product\/dk\/systemes-de-fixation\/swa39-ct-systemes-de-fixation\/elements-de-bridage-swa39-ct-systemes-de-fixation\/ve-frontal-pikospanner-xray4-avec-swa39\/","name":"V\u00e9 frontal Pikospanner XRAY4 avec SWA39 | dk Fixiersysteme","isPartOf":{"@id":"https:\/\/dk-fixiersysteme.de\/fr\/#website"},"primaryImageOfPage":{"@id":"https:\/\/dk-fixiersysteme.de\/fr\/product\/dk\/systemes-de-fixation\/swa39-ct-systemes-de-fixation\/elements-de-bridage-swa39-ct-systemes-de-fixation\/ve-frontal-pikospanner-xray4-avec-swa39\/#primaryimage"},"image":{"@id":"https:\/\/dk-fixiersysteme.de\/fr\/product\/dk\/systemes-de-fixation\/swa39-ct-systemes-de-fixation\/elements-de-bridage-swa39-ct-systemes-de-fixation\/ve-frontal-pikospanner-xray4-avec-swa39\/#primaryimage"},"thumbnailUrl":"https:\/\/dk-fixiersysteme.de\/wp-content\/uploads\/2025\/03\/440085.jpg","datePublished":"2025-04-15T08:34:42+00:00","dateModified":"2025-11-13T07:10:39+00:00","description":"V\u00e9 frontal Pikospanner XRAY4 avec SWA39 | pour le g\u00e9nie m\u00e9canique, la m\u00e9tallurgie et les applications industrielles. Qualit\u00e9 et fiabilit\u00e9 garanties par dk Fixiersysteme, votre partenaire expert.","breadcrumb":{"@id":"https:\/\/dk-fixiersysteme.de\/fr\/product\/dk\/systemes-de-fixation\/swa39-ct-systemes-de-fixation\/elements-de-bridage-swa39-ct-systemes-de-fixation\/ve-frontal-pikospanner-xray4-avec-swa39\/#breadcrumb"},"inLanguage":"fr-FR","potentialAction":[{"@type":"ReadAction","target":["https:\/\/dk-fixiersysteme.de\/fr\/product\/dk\/systemes-de-fixation\/swa39-ct-systemes-de-fixation\/elements-de-bridage-swa39-ct-systemes-de-fixation\/ve-frontal-pikospanner-xray4-avec-swa39\/"]}]},{"@type":"ImageObject","inLanguage":"fr-FR","@id":"https:\/\/dk-fixiersysteme.de\/fr\/product\/dk\/systemes-de-fixation\/swa39-ct-systemes-de-fixation\/elements-de-bridage-swa39-ct-systemes-de-fixation\/ve-frontal-pikospanner-xray4-avec-swa39\/#primaryimage","url":"https:\/\/dk-fixiersysteme.de\/wp-content\/uploads\/2025\/03\/440085.jpg","contentUrl":"https:\/\/dk-fixiersysteme.de\/wp-content\/uploads\/2025\/03\/440085.jpg","width":500,"height":333},{"@type":"BreadcrumbList","@id":"https:\/\/dk-fixiersysteme.de\/fr\/product\/dk\/systemes-de-fixation\/swa39-ct-systemes-de-fixation\/elements-de-bridage-swa39-ct-systemes-de-fixation\/ve-frontal-pikospanner-xray4-avec-swa39\/#breadcrumb","itemListElement":[{"@type":"ListItem","position":1,"name":"Boutique","item":"https:\/\/dk-fixiersysteme.de\/fr\/boutique\/"},{"@type":"ListItem","position":2,"name":"dk","item":"https:\/\/dk-fixiersysteme.de\/fr\/produits\/dk\/"},{"@type":"ListItem","position":3,"name":"Syst\u00e8mes de fixation","item":"https:\/\/dk-fixiersysteme.de\/fr\/produits\/dk\/systemes-de-fixation\/"},{"@type":"ListItem","position":4,"name":"SWA39 CT","item":"https:\/\/dk-fixiersysteme.de\/fr\/produits\/dk\/systemes-de-fixation\/swa39-ct-systemes-de-fixation\/"},{"@type":"ListItem","position":5,"name":"\u00c9l\u00e9ments de bridage","item":"https:\/\/dk-fixiersysteme.de\/fr\/produits\/dk\/systemes-de-fixation\/swa39-ct-systemes-de-fixation\/elements-de-bridage-swa39-ct-systemes-de-fixation\/"},{"@type":"ListItem","position":6,"name":"V\u00e9 frontal Pikospanner XRAY4 avec SWA39"}]},{"@type":"WebSite","@id":"https:\/\/dk-fixiersysteme.de\/fr\/#website","url":"https:\/\/dk-fixiersysteme.de\/fr\/","name":"dk FIXIERSYSTEME","description":"","publisher":{"@id":"https:\/\/dk-fixiersysteme.de\/fr\/#organization"},"potentialAction":[{"@type":"SearchAction","target":{"@type":"EntryPoint","urlTemplate":"https:\/\/dk-fixiersysteme.de\/fr\/?s={search_term_string}"},"query-input":{"@type":"PropertyValueSpecification","valueRequired":true,"valueName":"search_term_string"}}],"inLanguage":"fr-FR"},{"@type":"Organization","@id":"https:\/\/dk-fixiersysteme.de\/fr\/#organization","name":"dk Fixiersysteme","url":"https:\/\/dk-fixiersysteme.de\/fr\/","logo":{"@type":"ImageObject","inLanguage":"fr-FR","@id":"https:\/\/dk-fixiersysteme.de\/fr\/#\/schema\/logo\/image\/","url":"https:\/\/dk-fixiersysteme.de\/wp-content\/uploads\/2024\/07\/dk-logo-kreis-blau.svg","contentUrl":"https:\/\/dk-fixiersysteme.de\/wp-content\/uploads\/2024\/07\/dk-logo-kreis-blau.svg","caption":"dk Fixiersysteme"},"image":{"@id":"https:\/\/dk-fixiersysteme.de\/fr\/#\/schema\/logo\/image\/"}}]}},"_links":{"self":[{"href":"https:\/\/dk-fixiersysteme.de\/fr\/wp-json\/wp\/v2\/product\/56435","targetHints":{"allow":["GET"]}}],"collection":[{"href":"https:\/\/dk-fixiersysteme.de\/fr\/wp-json\/wp\/v2\/product"}],"about":[{"href":"https:\/\/dk-fixiersysteme.de\/fr\/wp-json\/wp\/v2\/types\/product"}],"replies":[{"embeddable":true,"href":"https:\/\/dk-fixiersysteme.de\/fr\/wp-json\/wp\/v2\/comments?post=56435"}],"version-history":[{"count":1,"href":"https:\/\/dk-fixiersysteme.de\/fr\/wp-json\/wp\/v2\/product\/56435\/revisions"}],"predecessor-version":[{"id":59386,"href":"https:\/\/dk-fixiersysteme.de\/fr\/wp-json\/wp\/v2\/product\/56435\/revisions\/59386"}],"wp:featuredmedia":[{"embeddable":true,"href":"https:\/\/dk-fixiersysteme.de\/fr\/wp-json\/wp\/v2\/media\/22793"}],"wp:attachment":[{"href":"https:\/\/dk-fixiersysteme.de\/fr\/wp-json\/wp\/v2\/media?parent=56435"}],"wp:term":[{"taxonomy":"product_brand","embeddable":true,"href":"https:\/\/dk-fixiersysteme.de\/fr\/wp-json\/wp\/v2\/product_brand?post=56435"},{"taxonomy":"product_cat","embeddable":true,"href":"https:\/\/dk-fixiersysteme.de\/fr\/wp-json\/wp\/v2\/product_cat?post=56435"},{"taxonomy":"product_tag","embeddable":true,"href":"https:\/\/dk-fixiersysteme.de\/fr\/wp-json\/wp\/v2\/product_tag?post=56435"}],"curies":[{"name":"wp","href":"https:\/\/api.w.org\/{rel}","templated":true}]}}