{"id":56441,"date":"2025-08-19T10:41:06","date_gmt":"2025-08-19T10:41:06","guid":{"rendered":"https:\/\/dk-fixiersysteme.de\/product\/uncategorized\/embout-en-mousse-xrs\/"},"modified":"2025-11-13T07:10:39","modified_gmt":"2025-11-13T07:10:39","slug":"embout-en-mousse-xrs","status":"publish","type":"product","link":"https:\/\/dk-fixiersysteme.de\/fr\/product\/dk\/accessoires\/embout-en-mousse-xrs\/","title":{"rendered":"Embout en mousse XRS"},"content":{"rendered":"<p>\u00c0 ins\u00e9rer sur le support Pikospanner 440090. Haute r\u00e9sistance et coefficient d\u2019affaiblissement bas. R\u00e9glable \u00e0 180\u00b0 par rotation de la partie asym\u00e9trique ouverte pour s\u2019adapter \u00e0 diff\u00e9rentes \u00e9paisseurs de pi\u00e8ces de 0 \u00e0 7,5 mm.<\/p>\n","protected":false},"excerpt":{"rendered":"<p>\u00c0 ins\u00e9rer sur le support Pikospanner 440090. Haute r\u00e9sistance et coefficient d\u2019affaiblissement bas. R\u00e9glable \u00e0 180\u00b0 par rotation de la partie asym\u00e9trique ouverte pour s\u2019adapter \u00e0 diff\u00e9rentes \u00e9paisseurs de pi\u00e8ces de 0 \u00e0 7,5 mm.<\/p>\n","protected":false},"featured_media":22821,"comment_status":"open","ping_status":"closed","template":"","meta":{"_acf_changed":false},"product_brand":[],"product_cat":[4624],"product_tag":[],"class_list":{"0":"post-56441","1":"product","2":"type-product","3":"status-publish","4":"has-post-thumbnail","6":"product_cat-accessoires","8":"first","9":"outofstock","10":"taxable","11":"shipping-taxable","12":"purchasable","13":"product-type-variable"},"acf":[],"yoast_head":"<!-- This site is optimized with the Yoast SEO plugin v27.2 - https:\/\/yoast.com\/product\/yoast-seo-wordpress\/ -->\n<title>Embout en mousse XRS | dk Fixiersysteme<\/title>\n<meta name=\"description\" content=\"Embout en mousse XRS | pour le g\u00e9nie m\u00e9canique, la m\u00e9tallurgie et les applications industrielles. Qualit\u00e9 et fiabilit\u00e9 garanties par dk Fixiersysteme, votre partenaire expert.\" \/>\n<meta name=\"robots\" content=\"index, follow, max-snippet:-1, max-image-preview:large, max-video-preview:-1\" \/>\n<link rel=\"canonical\" href=\"https:\/\/dk-fixiersysteme.de\/fr\/product\/dk\/accessoires\/embout-en-mousse-xrs\/\" \/>\n<meta property=\"og:locale\" content=\"fr_FR\" \/>\n<meta property=\"og:type\" content=\"article\" \/>\n<meta property=\"og:title\" content=\"Embout en mousse XRS | dk Fixiersysteme\" \/>\n<meta property=\"og:description\" content=\"Embout en mousse XRS | pour le g\u00e9nie m\u00e9canique, la m\u00e9tallurgie et les applications industrielles. Qualit\u00e9 et fiabilit\u00e9 garanties par dk Fixiersysteme, votre partenaire expert.\" \/>\n<meta property=\"og:url\" content=\"https:\/\/dk-fixiersysteme.de\/fr\/product\/dk\/accessoires\/embout-en-mousse-xrs\/\" \/>\n<meta property=\"og:site_name\" content=\"dk Fixiersysteme\" \/>\n<meta property=\"article:modified_time\" content=\"2025-11-13T07:10:39+00:00\" \/>\n<meta property=\"og:image\" content=\"https:\/\/dk-fixiersysteme.de\/wp-content\/uploads\/2025\/03\/440120.jpg\" \/>\n\t<meta property=\"og:image:width\" content=\"500\" \/>\n\t<meta property=\"og:image:height\" content=\"333\" \/>\n\t<meta property=\"og:image:type\" content=\"image\/jpeg\" \/>\n<meta name=\"twitter:card\" content=\"summary_large_image\" \/>\n<script type=\"application\/ld+json\" class=\"yoast-schema-graph\">{\"@context\":\"https:\/\/schema.org\",\"@graph\":[{\"@type\":\"WebPage\",\"@id\":\"https:\/\/dk-fixiersysteme.de\/fr\/product\/dk\/accessoires\/embout-en-mousse-xrs\/\",\"url\":\"https:\/\/dk-fixiersysteme.de\/fr\/product\/dk\/accessoires\/embout-en-mousse-xrs\/\",\"name\":\"Embout en mousse XRS | dk Fixiersysteme\",\"isPartOf\":{\"@id\":\"https:\/\/dk-fixiersysteme.de\/fr\/#website\"},\"primaryImageOfPage\":{\"@id\":\"https:\/\/dk-fixiersysteme.de\/fr\/product\/dk\/accessoires\/embout-en-mousse-xrs\/#primaryimage\"},\"image\":{\"@id\":\"https:\/\/dk-fixiersysteme.de\/fr\/product\/dk\/accessoires\/embout-en-mousse-xrs\/#primaryimage\"},\"thumbnailUrl\":\"https:\/\/dk-fixiersysteme.de\/wp-content\/uploads\/2025\/03\/440120.jpg\",\"datePublished\":\"2025-08-19T10:41:06+00:00\",\"dateModified\":\"2025-11-13T07:10:39+00:00\",\"description\":\"Embout en mousse XRS | pour le g\u00e9nie m\u00e9canique, la m\u00e9tallurgie et les applications industrielles. Qualit\u00e9 et fiabilit\u00e9 garanties par dk Fixiersysteme, votre partenaire expert.\",\"breadcrumb\":{\"@id\":\"https:\/\/dk-fixiersysteme.de\/fr\/product\/dk\/accessoires\/embout-en-mousse-xrs\/#breadcrumb\"},\"inLanguage\":\"fr-FR\",\"potentialAction\":[{\"@type\":\"ReadAction\",\"target\":[\"https:\/\/dk-fixiersysteme.de\/fr\/product\/dk\/accessoires\/embout-en-mousse-xrs\/\"]}]},{\"@type\":\"ImageObject\",\"inLanguage\":\"fr-FR\",\"@id\":\"https:\/\/dk-fixiersysteme.de\/fr\/product\/dk\/accessoires\/embout-en-mousse-xrs\/#primaryimage\",\"url\":\"https:\/\/dk-fixiersysteme.de\/wp-content\/uploads\/2025\/03\/440120.jpg\",\"contentUrl\":\"https:\/\/dk-fixiersysteme.de\/wp-content\/uploads\/2025\/03\/440120.jpg\",\"width\":500,\"height\":333},{\"@type\":\"BreadcrumbList\",\"@id\":\"https:\/\/dk-fixiersysteme.de\/fr\/product\/dk\/accessoires\/embout-en-mousse-xrs\/#breadcrumb\",\"itemListElement\":[{\"@type\":\"ListItem\",\"position\":1,\"name\":\"Boutique\",\"item\":\"https:\/\/dk-fixiersysteme.de\/fr\/boutique\/\"},{\"@type\":\"ListItem\",\"position\":2,\"name\":\"dk\",\"item\":\"https:\/\/dk-fixiersysteme.de\/fr\/produits\/dk\/\"},{\"@type\":\"ListItem\",\"position\":3,\"name\":\"Accessoires\",\"item\":\"https:\/\/dk-fixiersysteme.de\/fr\/produits\/dk\/accessoires\/\"},{\"@type\":\"ListItem\",\"position\":4,\"name\":\"Embout en mousse XRS\"}]},{\"@type\":\"WebSite\",\"@id\":\"https:\/\/dk-fixiersysteme.de\/fr\/#website\",\"url\":\"https:\/\/dk-fixiersysteme.de\/fr\/\",\"name\":\"dk FIXIERSYSTEME\",\"description\":\"\",\"publisher\":{\"@id\":\"https:\/\/dk-fixiersysteme.de\/fr\/#organization\"},\"potentialAction\":[{\"@type\":\"SearchAction\",\"target\":{\"@type\":\"EntryPoint\",\"urlTemplate\":\"https:\/\/dk-fixiersysteme.de\/fr\/?s={search_term_string}\"},\"query-input\":{\"@type\":\"PropertyValueSpecification\",\"valueRequired\":true,\"valueName\":\"search_term_string\"}}],\"inLanguage\":\"fr-FR\"},{\"@type\":\"Organization\",\"@id\":\"https:\/\/dk-fixiersysteme.de\/fr\/#organization\",\"name\":\"dk Fixiersysteme\",\"url\":\"https:\/\/dk-fixiersysteme.de\/fr\/\",\"logo\":{\"@type\":\"ImageObject\",\"inLanguage\":\"fr-FR\",\"@id\":\"https:\/\/dk-fixiersysteme.de\/fr\/#\/schema\/logo\/image\/\",\"url\":\"https:\/\/dk-fixiersysteme.de\/wp-content\/uploads\/2024\/07\/dk-logo-kreis-blau.svg\",\"contentUrl\":\"https:\/\/dk-fixiersysteme.de\/wp-content\/uploads\/2024\/07\/dk-logo-kreis-blau.svg\",\"caption\":\"dk Fixiersysteme\"},\"image\":{\"@id\":\"https:\/\/dk-fixiersysteme.de\/fr\/#\/schema\/logo\/image\/\"}}]}<\/script>\n<!-- \/ Yoast SEO plugin. -->","yoast_head_json":{"title":"Embout en mousse XRS | dk Fixiersysteme","description":"Embout en mousse XRS | pour le g\u00e9nie m\u00e9canique, la m\u00e9tallurgie et les applications industrielles. Qualit\u00e9 et fiabilit\u00e9 garanties par dk Fixiersysteme, votre partenaire expert.","robots":{"index":"index","follow":"follow","max-snippet":"max-snippet:-1","max-image-preview":"max-image-preview:large","max-video-preview":"max-video-preview:-1"},"canonical":"https:\/\/dk-fixiersysteme.de\/fr\/product\/dk\/accessoires\/embout-en-mousse-xrs\/","og_locale":"fr_FR","og_type":"article","og_title":"Embout en mousse XRS | dk Fixiersysteme","og_description":"Embout en mousse XRS | pour le g\u00e9nie m\u00e9canique, la m\u00e9tallurgie et les applications industrielles. Qualit\u00e9 et fiabilit\u00e9 garanties par dk Fixiersysteme, votre partenaire expert.","og_url":"https:\/\/dk-fixiersysteme.de\/fr\/product\/dk\/accessoires\/embout-en-mousse-xrs\/","og_site_name":"dk Fixiersysteme","article_modified_time":"2025-11-13T07:10:39+00:00","og_image":[{"width":500,"height":333,"url":"https:\/\/dk-fixiersysteme.de\/wp-content\/uploads\/2025\/03\/440120.jpg","type":"image\/jpeg"}],"twitter_card":"summary_large_image","schema":{"@context":"https:\/\/schema.org","@graph":[{"@type":"WebPage","@id":"https:\/\/dk-fixiersysteme.de\/fr\/product\/dk\/accessoires\/embout-en-mousse-xrs\/","url":"https:\/\/dk-fixiersysteme.de\/fr\/product\/dk\/accessoires\/embout-en-mousse-xrs\/","name":"Embout en mousse XRS | dk Fixiersysteme","isPartOf":{"@id":"https:\/\/dk-fixiersysteme.de\/fr\/#website"},"primaryImageOfPage":{"@id":"https:\/\/dk-fixiersysteme.de\/fr\/product\/dk\/accessoires\/embout-en-mousse-xrs\/#primaryimage"},"image":{"@id":"https:\/\/dk-fixiersysteme.de\/fr\/product\/dk\/accessoires\/embout-en-mousse-xrs\/#primaryimage"},"thumbnailUrl":"https:\/\/dk-fixiersysteme.de\/wp-content\/uploads\/2025\/03\/440120.jpg","datePublished":"2025-08-19T10:41:06+00:00","dateModified":"2025-11-13T07:10:39+00:00","description":"Embout en mousse XRS | pour le g\u00e9nie m\u00e9canique, la m\u00e9tallurgie et les applications industrielles. Qualit\u00e9 et fiabilit\u00e9 garanties par dk Fixiersysteme, votre partenaire expert.","breadcrumb":{"@id":"https:\/\/dk-fixiersysteme.de\/fr\/product\/dk\/accessoires\/embout-en-mousse-xrs\/#breadcrumb"},"inLanguage":"fr-FR","potentialAction":[{"@type":"ReadAction","target":["https:\/\/dk-fixiersysteme.de\/fr\/product\/dk\/accessoires\/embout-en-mousse-xrs\/"]}]},{"@type":"ImageObject","inLanguage":"fr-FR","@id":"https:\/\/dk-fixiersysteme.de\/fr\/product\/dk\/accessoires\/embout-en-mousse-xrs\/#primaryimage","url":"https:\/\/dk-fixiersysteme.de\/wp-content\/uploads\/2025\/03\/440120.jpg","contentUrl":"https:\/\/dk-fixiersysteme.de\/wp-content\/uploads\/2025\/03\/440120.jpg","width":500,"height":333},{"@type":"BreadcrumbList","@id":"https:\/\/dk-fixiersysteme.de\/fr\/product\/dk\/accessoires\/embout-en-mousse-xrs\/#breadcrumb","itemListElement":[{"@type":"ListItem","position":1,"name":"Boutique","item":"https:\/\/dk-fixiersysteme.de\/fr\/boutique\/"},{"@type":"ListItem","position":2,"name":"dk","item":"https:\/\/dk-fixiersysteme.de\/fr\/produits\/dk\/"},{"@type":"ListItem","position":3,"name":"Accessoires","item":"https:\/\/dk-fixiersysteme.de\/fr\/produits\/dk\/accessoires\/"},{"@type":"ListItem","position":4,"name":"Embout en mousse XRS"}]},{"@type":"WebSite","@id":"https:\/\/dk-fixiersysteme.de\/fr\/#website","url":"https:\/\/dk-fixiersysteme.de\/fr\/","name":"dk FIXIERSYSTEME","description":"","publisher":{"@id":"https:\/\/dk-fixiersysteme.de\/fr\/#organization"},"potentialAction":[{"@type":"SearchAction","target":{"@type":"EntryPoint","urlTemplate":"https:\/\/dk-fixiersysteme.de\/fr\/?s={search_term_string}"},"query-input":{"@type":"PropertyValueSpecification","valueRequired":true,"valueName":"search_term_string"}}],"inLanguage":"fr-FR"},{"@type":"Organization","@id":"https:\/\/dk-fixiersysteme.de\/fr\/#organization","name":"dk Fixiersysteme","url":"https:\/\/dk-fixiersysteme.de\/fr\/","logo":{"@type":"ImageObject","inLanguage":"fr-FR","@id":"https:\/\/dk-fixiersysteme.de\/fr\/#\/schema\/logo\/image\/","url":"https:\/\/dk-fixiersysteme.de\/wp-content\/uploads\/2024\/07\/dk-logo-kreis-blau.svg","contentUrl":"https:\/\/dk-fixiersysteme.de\/wp-content\/uploads\/2024\/07\/dk-logo-kreis-blau.svg","caption":"dk Fixiersysteme"},"image":{"@id":"https:\/\/dk-fixiersysteme.de\/fr\/#\/schema\/logo\/image\/"}}]}},"_links":{"self":[{"href":"https:\/\/dk-fixiersysteme.de\/fr\/wp-json\/wp\/v2\/product\/56441","targetHints":{"allow":["GET"]}}],"collection":[{"href":"https:\/\/dk-fixiersysteme.de\/fr\/wp-json\/wp\/v2\/product"}],"about":[{"href":"https:\/\/dk-fixiersysteme.de\/fr\/wp-json\/wp\/v2\/types\/product"}],"replies":[{"embeddable":true,"href":"https:\/\/dk-fixiersysteme.de\/fr\/wp-json\/wp\/v2\/comments?post=56441"}],"version-history":[{"count":0,"href":"https:\/\/dk-fixiersysteme.de\/fr\/wp-json\/wp\/v2\/product\/56441\/revisions"}],"wp:featuredmedia":[{"embeddable":true,"href":"https:\/\/dk-fixiersysteme.de\/fr\/wp-json\/wp\/v2\/media\/22821"}],"wp:attachment":[{"href":"https:\/\/dk-fixiersysteme.de\/fr\/wp-json\/wp\/v2\/media?parent=56441"}],"wp:term":[{"taxonomy":"product_brand","embeddable":true,"href":"https:\/\/dk-fixiersysteme.de\/fr\/wp-json\/wp\/v2\/product_brand?post=56441"},{"taxonomy":"product_cat","embeddable":true,"href":"https:\/\/dk-fixiersysteme.de\/fr\/wp-json\/wp\/v2\/product_cat?post=56441"},{"taxonomy":"product_tag","embeddable":true,"href":"https:\/\/dk-fixiersysteme.de\/fr\/wp-json\/wp\/v2\/product_tag?post=56441"}],"curies":[{"name":"wp","href":"https:\/\/api.w.org\/{rel}","templated":true}]}}