{"id":56497,"date":"2025-04-15T08:35:11","date_gmt":"2025-04-15T08:35:11","guid":{"rendered":"https:\/\/dk-fixiersysteme.de\/product\/uncategorized\/sprays-de-numerisation-3d-haute-performance-pour-la-metrologie-optique-3d\/"},"modified":"2025-11-13T07:13:22","modified_gmt":"2025-11-13T07:13:22","slug":"sprays-de-numerisation-3d-haute-performance-pour-la-metrologie-optique-3d","status":"publish","type":"product","link":"https:\/\/dk-fixiersysteme.de\/fr\/product\/dk\/systemes-de-fixation\/balayage-scanner\/sprays-de-numerisation-3d-haute-performance\/sprays-de-numerisation-3d-haute-performance-pour-la-metrologie-optique-3d\/","title":{"rendered":"Sprays de num\u00e9risation 3D haute performance pour la m\u00e9trologie optique 3D"},"content":{"rendered":"<p>Sprays matifiants optimis\u00e9s avec un cyclodod\u00e9cane de tr\u00e8s grande puret\u00e9. La gamme comprend trois produits diff\u00e9rents avec des temps de sublimation pouvant \u00eatre choisis en fonction du processus et allant jusqu&rsquo;\u00e0 l&rsquo;\u00e9vaporation sans r\u00e9sidus, ce qui rend le nettoyage des pi\u00e8ces superflu. Un spray de num\u00e9risation semi-permanent, \u00e0 base de mati\u00e8res premi\u00e8res naturelles, est par ailleurs disponible pour un contraste maximal et un nettoyage facile.<\/p>\n","protected":false},"excerpt":{"rendered":"<p>Sprays matifiants optimis\u00e9s avec un cyclodod\u00e9cane de tr\u00e8s grande puret\u00e9. La gamme comprend trois produits diff\u00e9rents avec des temps de sublimation pouvant \u00eatre choisis en fonction du processus et allant jusqu&rsquo;\u00e0 l&rsquo;\u00e9vaporation sans r\u00e9sidus, ce qui rend le nettoyage des pi\u00e8ces superflu. Un spray de num\u00e9risation semi-permanent, \u00e0 base de mati\u00e8res premi\u00e8res naturelles, est par [&hellip;]<\/p>\n","protected":false},"featured_media":23507,"comment_status":"open","ping_status":"closed","template":"","meta":{"_acf_changed":false},"product_brand":[],"product_cat":[4683],"product_tag":[],"class_list":{"0":"post-56497","1":"product","2":"type-product","3":"status-publish","4":"has-post-thumbnail","6":"product_cat-sprays-de-numerisation-3d-haute-performance","8":"first","9":"outofstock","10":"taxable","11":"shipping-taxable","12":"purchasable","13":"product-type-variable"},"acf":[],"yoast_head":"<!-- This site is optimized with the Yoast SEO plugin v27.2 - https:\/\/yoast.com\/product\/yoast-seo-wordpress\/ -->\n<title>Sprays de num\u00e9risation 3D haute performance pour la m\u00e9trologie optique 3D | dk Fixiersysteme<\/title>\n<meta name=\"description\" content=\"Sprays de num\u00e9risation 3D haute performance pour la m\u00e9trologie optique 3D | pour le g\u00e9nie m\u00e9canique, la m\u00e9tallurgie et les applications industrielles. Qualit\u00e9 et fiabilit\u00e9 garanties par dk Fixiersysteme, votre partenaire expert.\" \/>\n<meta name=\"robots\" content=\"index, follow, max-snippet:-1, max-image-preview:large, max-video-preview:-1\" \/>\n<link rel=\"canonical\" href=\"https:\/\/dk-fixiersysteme.de\/fr\/product\/dk\/systemes-de-fixation\/balayage-scanner\/sprays-de-numerisation-3d-haute-performance\/sprays-de-numerisation-3d-haute-performance-pour-la-metrologie-optique-3d\/\" \/>\n<meta property=\"og:locale\" content=\"fr_FR\" \/>\n<meta property=\"og:type\" content=\"article\" \/>\n<meta property=\"og:title\" content=\"Sprays de num\u00e9risation 3D haute performance pour la m\u00e9trologie optique 3D | dk Fixiersysteme\" \/>\n<meta property=\"og:description\" content=\"Sprays de num\u00e9risation 3D haute performance pour la m\u00e9trologie optique 3D | pour le g\u00e9nie m\u00e9canique, la m\u00e9tallurgie et les applications industrielles. Qualit\u00e9 et fiabilit\u00e9 garanties par dk Fixiersysteme, votre partenaire expert.\" \/>\n<meta property=\"og:url\" content=\"https:\/\/dk-fixiersysteme.de\/fr\/product\/dk\/systemes-de-fixation\/balayage-scanner\/sprays-de-numerisation-3d-haute-performance\/sprays-de-numerisation-3d-haute-performance-pour-la-metrologie-optique-3d\/\" \/>\n<meta property=\"og:site_name\" content=\"dk Fixiersysteme\" \/>\n<meta property=\"article:modified_time\" content=\"2025-11-13T07:13:22+00:00\" \/>\n<meta property=\"og:image\" content=\"https:\/\/dk-fixiersysteme.de\/wp-content\/uploads\/2025\/03\/56000401-56000404.jpg\" \/>\n\t<meta property=\"og:image:width\" content=\"500\" \/>\n\t<meta property=\"og:image:height\" content=\"333\" \/>\n\t<meta property=\"og:image:type\" content=\"image\/jpeg\" \/>\n<meta name=\"twitter:card\" content=\"summary_large_image\" \/>\n<script type=\"application\/ld+json\" class=\"yoast-schema-graph\">{\"@context\":\"https:\/\/schema.org\",\"@graph\":[{\"@type\":\"WebPage\",\"@id\":\"https:\/\/dk-fixiersysteme.de\/fr\/product\/dk\/systemes-de-fixation\/balayage-scanner\/sprays-de-numerisation-3d-haute-performance\/sprays-de-numerisation-3d-haute-performance-pour-la-metrologie-optique-3d\/\",\"url\":\"https:\/\/dk-fixiersysteme.de\/fr\/product\/dk\/systemes-de-fixation\/balayage-scanner\/sprays-de-numerisation-3d-haute-performance\/sprays-de-numerisation-3d-haute-performance-pour-la-metrologie-optique-3d\/\",\"name\":\"Sprays de num\u00e9risation 3D haute performance pour la m\u00e9trologie optique 3D | dk Fixiersysteme\",\"isPartOf\":{\"@id\":\"https:\/\/dk-fixiersysteme.de\/fr\/#website\"},\"primaryImageOfPage\":{\"@id\":\"https:\/\/dk-fixiersysteme.de\/fr\/product\/dk\/systemes-de-fixation\/balayage-scanner\/sprays-de-numerisation-3d-haute-performance\/sprays-de-numerisation-3d-haute-performance-pour-la-metrologie-optique-3d\/#primaryimage\"},\"image\":{\"@id\":\"https:\/\/dk-fixiersysteme.de\/fr\/product\/dk\/systemes-de-fixation\/balayage-scanner\/sprays-de-numerisation-3d-haute-performance\/sprays-de-numerisation-3d-haute-performance-pour-la-metrologie-optique-3d\/#primaryimage\"},\"thumbnailUrl\":\"https:\/\/dk-fixiersysteme.de\/wp-content\/uploads\/2025\/03\/56000401-56000404.jpg\",\"datePublished\":\"2025-04-15T08:35:11+00:00\",\"dateModified\":\"2025-11-13T07:13:22+00:00\",\"description\":\"Sprays de num\u00e9risation 3D haute performance pour la m\u00e9trologie optique 3D | pour le g\u00e9nie m\u00e9canique, la m\u00e9tallurgie et les applications industrielles. Qualit\u00e9 et fiabilit\u00e9 garanties par dk Fixiersysteme, votre partenaire expert.\",\"breadcrumb\":{\"@id\":\"https:\/\/dk-fixiersysteme.de\/fr\/product\/dk\/systemes-de-fixation\/balayage-scanner\/sprays-de-numerisation-3d-haute-performance\/sprays-de-numerisation-3d-haute-performance-pour-la-metrologie-optique-3d\/#breadcrumb\"},\"inLanguage\":\"fr-FR\",\"potentialAction\":[{\"@type\":\"ReadAction\",\"target\":[\"https:\/\/dk-fixiersysteme.de\/fr\/product\/dk\/systemes-de-fixation\/balayage-scanner\/sprays-de-numerisation-3d-haute-performance\/sprays-de-numerisation-3d-haute-performance-pour-la-metrologie-optique-3d\/\"]}]},{\"@type\":\"ImageObject\",\"inLanguage\":\"fr-FR\",\"@id\":\"https:\/\/dk-fixiersysteme.de\/fr\/product\/dk\/systemes-de-fixation\/balayage-scanner\/sprays-de-numerisation-3d-haute-performance\/sprays-de-numerisation-3d-haute-performance-pour-la-metrologie-optique-3d\/#primaryimage\",\"url\":\"https:\/\/dk-fixiersysteme.de\/wp-content\/uploads\/2025\/03\/56000401-56000404.jpg\",\"contentUrl\":\"https:\/\/dk-fixiersysteme.de\/wp-content\/uploads\/2025\/03\/56000401-56000404.jpg\",\"width\":500,\"height\":333},{\"@type\":\"BreadcrumbList\",\"@id\":\"https:\/\/dk-fixiersysteme.de\/fr\/product\/dk\/systemes-de-fixation\/balayage-scanner\/sprays-de-numerisation-3d-haute-performance\/sprays-de-numerisation-3d-haute-performance-pour-la-metrologie-optique-3d\/#breadcrumb\",\"itemListElement\":[{\"@type\":\"ListItem\",\"position\":1,\"name\":\"Boutique\",\"item\":\"https:\/\/dk-fixiersysteme.de\/fr\/boutique\/\"},{\"@type\":\"ListItem\",\"position\":2,\"name\":\"dk\",\"item\":\"https:\/\/dk-fixiersysteme.de\/fr\/produits\/dk\/\"},{\"@type\":\"ListItem\",\"position\":3,\"name\":\"Syst\u00e8mes de fixation\",\"item\":\"https:\/\/dk-fixiersysteme.de\/fr\/produits\/dk\/systemes-de-fixation\/\"},{\"@type\":\"ListItem\",\"position\":4,\"name\":\"BALAYAGE SCANNER\",\"item\":\"https:\/\/dk-fixiersysteme.de\/fr\/produits\/dk\/systemes-de-fixation\/balayage-scanner\/\"},{\"@type\":\"ListItem\",\"position\":5,\"name\":\"Sprays de num\u00e9risation 3D haute performance\",\"item\":\"https:\/\/dk-fixiersysteme.de\/fr\/produits\/dk\/systemes-de-fixation\/balayage-scanner\/sprays-de-numerisation-3d-haute-performance\/\"},{\"@type\":\"ListItem\",\"position\":6,\"name\":\"Sprays de num\u00e9risation 3D haute performance pour la m\u00e9trologie optique 3D\"}]},{\"@type\":\"WebSite\",\"@id\":\"https:\/\/dk-fixiersysteme.de\/fr\/#website\",\"url\":\"https:\/\/dk-fixiersysteme.de\/fr\/\",\"name\":\"dk FIXIERSYSTEME\",\"description\":\"\",\"publisher\":{\"@id\":\"https:\/\/dk-fixiersysteme.de\/fr\/#organization\"},\"potentialAction\":[{\"@type\":\"SearchAction\",\"target\":{\"@type\":\"EntryPoint\",\"urlTemplate\":\"https:\/\/dk-fixiersysteme.de\/fr\/?s={search_term_string}\"},\"query-input\":{\"@type\":\"PropertyValueSpecification\",\"valueRequired\":true,\"valueName\":\"search_term_string\"}}],\"inLanguage\":\"fr-FR\"},{\"@type\":\"Organization\",\"@id\":\"https:\/\/dk-fixiersysteme.de\/fr\/#organization\",\"name\":\"dk Fixiersysteme\",\"url\":\"https:\/\/dk-fixiersysteme.de\/fr\/\",\"logo\":{\"@type\":\"ImageObject\",\"inLanguage\":\"fr-FR\",\"@id\":\"https:\/\/dk-fixiersysteme.de\/fr\/#\/schema\/logo\/image\/\",\"url\":\"https:\/\/dk-fixiersysteme.de\/wp-content\/uploads\/2024\/07\/dk-logo-kreis-blau.svg\",\"contentUrl\":\"https:\/\/dk-fixiersysteme.de\/wp-content\/uploads\/2024\/07\/dk-logo-kreis-blau.svg\",\"caption\":\"dk Fixiersysteme\"},\"image\":{\"@id\":\"https:\/\/dk-fixiersysteme.de\/fr\/#\/schema\/logo\/image\/\"}}]}<\/script>\n<!-- \/ Yoast SEO plugin. -->","yoast_head_json":{"title":"Sprays de num\u00e9risation 3D haute performance pour la m\u00e9trologie optique 3D | dk Fixiersysteme","description":"Sprays de num\u00e9risation 3D haute performance pour la m\u00e9trologie optique 3D | pour le g\u00e9nie m\u00e9canique, la m\u00e9tallurgie et les applications industrielles. Qualit\u00e9 et fiabilit\u00e9 garanties par dk Fixiersysteme, votre partenaire expert.","robots":{"index":"index","follow":"follow","max-snippet":"max-snippet:-1","max-image-preview":"max-image-preview:large","max-video-preview":"max-video-preview:-1"},"canonical":"https:\/\/dk-fixiersysteme.de\/fr\/product\/dk\/systemes-de-fixation\/balayage-scanner\/sprays-de-numerisation-3d-haute-performance\/sprays-de-numerisation-3d-haute-performance-pour-la-metrologie-optique-3d\/","og_locale":"fr_FR","og_type":"article","og_title":"Sprays de num\u00e9risation 3D haute performance pour la m\u00e9trologie optique 3D | dk Fixiersysteme","og_description":"Sprays de num\u00e9risation 3D haute performance pour la m\u00e9trologie optique 3D | pour le g\u00e9nie m\u00e9canique, la m\u00e9tallurgie et les applications industrielles. Qualit\u00e9 et fiabilit\u00e9 garanties par dk Fixiersysteme, votre partenaire expert.","og_url":"https:\/\/dk-fixiersysteme.de\/fr\/product\/dk\/systemes-de-fixation\/balayage-scanner\/sprays-de-numerisation-3d-haute-performance\/sprays-de-numerisation-3d-haute-performance-pour-la-metrologie-optique-3d\/","og_site_name":"dk Fixiersysteme","article_modified_time":"2025-11-13T07:13:22+00:00","og_image":[{"width":500,"height":333,"url":"https:\/\/dk-fixiersysteme.de\/wp-content\/uploads\/2025\/03\/56000401-56000404.jpg","type":"image\/jpeg"}],"twitter_card":"summary_large_image","schema":{"@context":"https:\/\/schema.org","@graph":[{"@type":"WebPage","@id":"https:\/\/dk-fixiersysteme.de\/fr\/product\/dk\/systemes-de-fixation\/balayage-scanner\/sprays-de-numerisation-3d-haute-performance\/sprays-de-numerisation-3d-haute-performance-pour-la-metrologie-optique-3d\/","url":"https:\/\/dk-fixiersysteme.de\/fr\/product\/dk\/systemes-de-fixation\/balayage-scanner\/sprays-de-numerisation-3d-haute-performance\/sprays-de-numerisation-3d-haute-performance-pour-la-metrologie-optique-3d\/","name":"Sprays de num\u00e9risation 3D haute performance pour la m\u00e9trologie optique 3D | dk Fixiersysteme","isPartOf":{"@id":"https:\/\/dk-fixiersysteme.de\/fr\/#website"},"primaryImageOfPage":{"@id":"https:\/\/dk-fixiersysteme.de\/fr\/product\/dk\/systemes-de-fixation\/balayage-scanner\/sprays-de-numerisation-3d-haute-performance\/sprays-de-numerisation-3d-haute-performance-pour-la-metrologie-optique-3d\/#primaryimage"},"image":{"@id":"https:\/\/dk-fixiersysteme.de\/fr\/product\/dk\/systemes-de-fixation\/balayage-scanner\/sprays-de-numerisation-3d-haute-performance\/sprays-de-numerisation-3d-haute-performance-pour-la-metrologie-optique-3d\/#primaryimage"},"thumbnailUrl":"https:\/\/dk-fixiersysteme.de\/wp-content\/uploads\/2025\/03\/56000401-56000404.jpg","datePublished":"2025-04-15T08:35:11+00:00","dateModified":"2025-11-13T07:13:22+00:00","description":"Sprays de num\u00e9risation 3D haute performance pour la m\u00e9trologie optique 3D | pour le g\u00e9nie m\u00e9canique, la m\u00e9tallurgie et les applications industrielles. Qualit\u00e9 et fiabilit\u00e9 garanties par dk Fixiersysteme, votre partenaire expert.","breadcrumb":{"@id":"https:\/\/dk-fixiersysteme.de\/fr\/product\/dk\/systemes-de-fixation\/balayage-scanner\/sprays-de-numerisation-3d-haute-performance\/sprays-de-numerisation-3d-haute-performance-pour-la-metrologie-optique-3d\/#breadcrumb"},"inLanguage":"fr-FR","potentialAction":[{"@type":"ReadAction","target":["https:\/\/dk-fixiersysteme.de\/fr\/product\/dk\/systemes-de-fixation\/balayage-scanner\/sprays-de-numerisation-3d-haute-performance\/sprays-de-numerisation-3d-haute-performance-pour-la-metrologie-optique-3d\/"]}]},{"@type":"ImageObject","inLanguage":"fr-FR","@id":"https:\/\/dk-fixiersysteme.de\/fr\/product\/dk\/systemes-de-fixation\/balayage-scanner\/sprays-de-numerisation-3d-haute-performance\/sprays-de-numerisation-3d-haute-performance-pour-la-metrologie-optique-3d\/#primaryimage","url":"https:\/\/dk-fixiersysteme.de\/wp-content\/uploads\/2025\/03\/56000401-56000404.jpg","contentUrl":"https:\/\/dk-fixiersysteme.de\/wp-content\/uploads\/2025\/03\/56000401-56000404.jpg","width":500,"height":333},{"@type":"BreadcrumbList","@id":"https:\/\/dk-fixiersysteme.de\/fr\/product\/dk\/systemes-de-fixation\/balayage-scanner\/sprays-de-numerisation-3d-haute-performance\/sprays-de-numerisation-3d-haute-performance-pour-la-metrologie-optique-3d\/#breadcrumb","itemListElement":[{"@type":"ListItem","position":1,"name":"Boutique","item":"https:\/\/dk-fixiersysteme.de\/fr\/boutique\/"},{"@type":"ListItem","position":2,"name":"dk","item":"https:\/\/dk-fixiersysteme.de\/fr\/produits\/dk\/"},{"@type":"ListItem","position":3,"name":"Syst\u00e8mes de fixation","item":"https:\/\/dk-fixiersysteme.de\/fr\/produits\/dk\/systemes-de-fixation\/"},{"@type":"ListItem","position":4,"name":"BALAYAGE SCANNER","item":"https:\/\/dk-fixiersysteme.de\/fr\/produits\/dk\/systemes-de-fixation\/balayage-scanner\/"},{"@type":"ListItem","position":5,"name":"Sprays de num\u00e9risation 3D haute performance","item":"https:\/\/dk-fixiersysteme.de\/fr\/produits\/dk\/systemes-de-fixation\/balayage-scanner\/sprays-de-numerisation-3d-haute-performance\/"},{"@type":"ListItem","position":6,"name":"Sprays de num\u00e9risation 3D haute performance pour la m\u00e9trologie optique 3D"}]},{"@type":"WebSite","@id":"https:\/\/dk-fixiersysteme.de\/fr\/#website","url":"https:\/\/dk-fixiersysteme.de\/fr\/","name":"dk FIXIERSYSTEME","description":"","publisher":{"@id":"https:\/\/dk-fixiersysteme.de\/fr\/#organization"},"potentialAction":[{"@type":"SearchAction","target":{"@type":"EntryPoint","urlTemplate":"https:\/\/dk-fixiersysteme.de\/fr\/?s={search_term_string}"},"query-input":{"@type":"PropertyValueSpecification","valueRequired":true,"valueName":"search_term_string"}}],"inLanguage":"fr-FR"},{"@type":"Organization","@id":"https:\/\/dk-fixiersysteme.de\/fr\/#organization","name":"dk Fixiersysteme","url":"https:\/\/dk-fixiersysteme.de\/fr\/","logo":{"@type":"ImageObject","inLanguage":"fr-FR","@id":"https:\/\/dk-fixiersysteme.de\/fr\/#\/schema\/logo\/image\/","url":"https:\/\/dk-fixiersysteme.de\/wp-content\/uploads\/2024\/07\/dk-logo-kreis-blau.svg","contentUrl":"https:\/\/dk-fixiersysteme.de\/wp-content\/uploads\/2024\/07\/dk-logo-kreis-blau.svg","caption":"dk Fixiersysteme"},"image":{"@id":"https:\/\/dk-fixiersysteme.de\/fr\/#\/schema\/logo\/image\/"}}]}},"_links":{"self":[{"href":"https:\/\/dk-fixiersysteme.de\/fr\/wp-json\/wp\/v2\/product\/56497","targetHints":{"allow":["GET"]}}],"collection":[{"href":"https:\/\/dk-fixiersysteme.de\/fr\/wp-json\/wp\/v2\/product"}],"about":[{"href":"https:\/\/dk-fixiersysteme.de\/fr\/wp-json\/wp\/v2\/types\/product"}],"replies":[{"embeddable":true,"href":"https:\/\/dk-fixiersysteme.de\/fr\/wp-json\/wp\/v2\/comments?post=56497"}],"version-history":[{"count":0,"href":"https:\/\/dk-fixiersysteme.de\/fr\/wp-json\/wp\/v2\/product\/56497\/revisions"}],"wp:featuredmedia":[{"embeddable":true,"href":"https:\/\/dk-fixiersysteme.de\/fr\/wp-json\/wp\/v2\/media\/23507"}],"wp:attachment":[{"href":"https:\/\/dk-fixiersysteme.de\/fr\/wp-json\/wp\/v2\/media?parent=56497"}],"wp:term":[{"taxonomy":"product_brand","embeddable":true,"href":"https:\/\/dk-fixiersysteme.de\/fr\/wp-json\/wp\/v2\/product_brand?post=56497"},{"taxonomy":"product_cat","embeddable":true,"href":"https:\/\/dk-fixiersysteme.de\/fr\/wp-json\/wp\/v2\/product_cat?post=56497"},{"taxonomy":"product_tag","embeddable":true,"href":"https:\/\/dk-fixiersysteme.de\/fr\/wp-json\/wp\/v2\/product_tag?post=56497"}],"curies":[{"name":"wp","href":"https:\/\/api.w.org\/{rel}","templated":true}]}}